{"id":102,"date":"2022-08-22T17:47:58","date_gmt":"2022-08-22T17:47:05","guid":{"rendered":"https:\/\/alivio.dev\/diabetes-self-management-education-and-weight-management-program\/"},"modified":"2025-01-07T14:38:44","modified_gmt":"2025-01-07T20:38:44","slug":"diabetes","status":"publish","type":"page","link":"https:\/\/alivio.org\/es\/servicios\/diabetes\/","title":{"rendered":"Bienestar Nutricional"},"content":{"rendered":"\n<h2 class=\"wp-block-heading\">Mantenerse En Forma Y Luchar Contra La Diabetes, Juntos<\/h2>\n\n\n\n<p>Nuestro dietista registrado y entrenador en diabetes trabajan con pacientes para brindar consultas personalizadas que lo ayuden a alcanzar objetivos de estilo de vida que respalden una dieta bien balanceada y un bienestar general. Los pacientes son guiados sobre modificaciones en sus dietas con planes de alimentaci\u00f3n personalizados y recursos educativos.<\/p>\n\n\n\n<p>Nuestros expertos en bienestar brindan servicios que tratan y\/o previenen afecciones cr\u00f3nicas que incluyen, entre otras, diabetes, hipertensi\u00f3n, hiperlipidemia, trastornos alimentarios y enfermedad del h\u00edgado graso. La orientaci\u00f3n durante estas consultas puede incluir aprender a crear comidas equilibradas, desarrollar h\u00e1bitos alimentarios saludables, la importancia de la actividad f\u00edsica, recomendaciones de terapia nutricional m\u00e9dica para afecciones de salud, responder preguntas relacionadas con la nutrici\u00f3n y crear objetivos INTELIGENTES. La inscripci\u00f3n a las sesiones de educaci\u00f3n diab\u00e9tica y control de la obesidad se realiza en colaboraci\u00f3n con nuestra atenci\u00f3n primaria integral. Las derivaciones a nuestro programa las solicita el proveedor de atenci\u00f3n primaria del paciente desde cualquiera de los sitios de Alivio Medical Center.<\/p>\n\n\n\n<p>Lea m\u00e1s sobre el Programa de Prevenci\u00f3n de la Diabetes <a href=\"https:\/\/alivio.org\/programs\/dpp\/\">aqu\u00ed<\/a>.<\/p>\n\n\n\n<h3 class=\"wp-block-heading\">Educaci\u00f3n Para El Automenejo De La Diabetes<\/h3>\n\n\n\n<p>This program is deEste programa est\u00e1 dise\u00f1ado para capacitar a nuestros pacientes en sus esfuerzos por lograr resultados \u00f3ptimos relacionados con la salud. Ofrecemos educaci\u00f3n diab\u00e9tica integral y multidisciplinaria para prediabetes, diabetes tipo 1, tipo 2 y diabetes gestacional. Las sesiones individuales se adaptan a necesidades espec\u00edficas.<\/p>\n\n\n<div id=\"\" class=\"place side\">\n\n<header>Horas de operaci\u00f3n actuales:<\/header>\n\n<ul class=\"wp-block-list\">\n<li><a href=\"https:\/\/alivio.org\/locations\/western\/\">Cl\u00ednica de Weste<\/a><a href=\"\/es\/locations\/western\/\">rn<\/a>: lunes y viernes de 9:00 a. m. a 5:00 p. m. y los mi\u00e9rcoles de 12:00 p.m. a 8:00 p.m.<\/li>\n\n\n\n<li><a href=\"\/es\/locations\/morgan\/\">Cl\u00ednica Morgan<\/a>: martes y jueves de 9:00 a. m. a 5:00 p. m.<\/li>\n\n\n\n<li>No se requieren citas; sin embargo, se puede programar previamente a trav\u00e9s del <a href=\"tel:+17732541400\">(773) 254-1400<\/a>. Se recomienda encarecidamente la derivaci\u00f3n del proveedor.<\/li>\n<\/ul>\n<\/div>\n\n\n\n<p>Los participantes aprenden sobre:<\/p>\n\n\n\n<ul class=\"wp-block-list\">\n<li>Proceso de enfermedad<\/li>\n\n\n\n<li>Comer m\u00e1s sano<\/li>\n\n\n\n<li>Estar f\u00edsicamente activo<\/li>\n\n\n\n<li>Monitoreo de az\u00facar en sangre.<\/li>\n\n\n\n<li>Tomar los medicamentos seg\u00fan lo prescrito.<\/li>\n\n\n\n<li>Resolver problemas en situaciones inusuales.<\/li>\n\n\n\n<li>Reducir el riesgo de complicaciones.<\/li>\n\n\n\n<li>C\u00f3mo afrontar el estr\u00e9s y los problemas emocionales.<\/li>\n<\/ul>\n\n\n\n<h3 class=\"wp-block-heading\">Programa De Control De Peso<\/h3>\n\n\n\n<p>Nuestro dietista\/nutricionista registrado biling\u00fce tiene sesiones individuales sobre bajo peso, sobrepeso y obesidad para adultos, adolescentes y ni\u00f1os. Se anima a los ni\u00f1os y las familias a asistir a nuestra clase de nutrici\u00f3n y actividad f\u00edsica cada primer mi\u00e9rcoles de cada mes en la ubicaci\u00f3n de Western Avenue.<\/p>\n\n\n<p><iframe loading=\"lazy\" src=\"https:\/\/player.vimeo.com\/video\/119155165?dnt=1&amp;app_id=122963\" width=\"800\" height=\"450\" frameborder=\"0\" allow=\"autoplay; fullscreen; picture-in-picture; clipboard-write; encrypted-media\"><\/iframe><\/p>\n","protected":false},"excerpt":{"rendered":"<p>Los pacientes son guiados sobre modificaciones en sus dietas con planes de alimentaci\u00f3n personalizados y recursos educativos.<\/p>\n","protected":false},"author":1,"featured_media":2001,"parent":90,"menu_order":6,"comment_status":"closed","ping_status":"closed","template":"","meta":{"_relevanssi_hide_post":"","_relevanssi_hide_content":"","_relevanssi_pin_for_all":"","_relevanssi_pin_keywords":"","_relevanssi_unpin_keywords":"","_relevanssi_related_keywords":"","_relevanssi_related_include_ids":"","_relevanssi_related_exclude_ids":"","_relevanssi_related_no_append":"","_relevanssi_related_not_related":"","_relevanssi_related_posts":"726,678,669,638,628,748","_relevanssi_noindex_reason":"","footnotes":""},"categories":[],"class_list":["post-102","page","type-page","status-publish","has-post-thumbnail","hentry"],"translation":{"provider":"WPGlobus","version":"3.0.2","language":"es","enabled_languages":["en","es","zh"],"languages":{"en":{"title":true,"content":true,"excerpt":true},"es":{"title":true,"content":true,"excerpt":true},"zh":{"title":true,"content":true,"excerpt":false}}},"acf":[],"yoast_head":"<title>Bienestar Nutricional &#8226; Centro M\u00e9dico Alivio<\/title>\n<meta name=\"robots\" content=\"index, follow, max-snippet:-1, max-image-preview:large, max-video-preview:-1\" \/>\n<link rel=\"canonical\" href=\"https:\/\/alivio.org\/services\/diabetes\/\" \/>\n<meta property=\"og:locale\" content=\"es_ES\" \/>\n<meta property=\"og:type\" content=\"article\" \/>\n<meta property=\"og:title\" content=\"Bienestar Nutricional &#8226; Centro M\u00e9dico Alivio\" \/>\n<meta property=\"og:url\" content=\"https:\/\/alivio.org\/services\/diabetes\/\" \/>\n<meta property=\"og:site_name\" content=\"Centro M\u00e9dico Alivio\" \/>\n<meta property=\"article:publisher\" content=\"https:\/\/www.facebook.com\/AlivioChicago\/\" \/>\n<meta property=\"article:modified_time\" content=\"2025-01-07T20:38:44+00:00\" \/>\n<meta property=\"og:image\" content=\"https:\/\/alivio.imgix.net\/diabetes_healthy_food.jpg?fit=scale&h=1280&ixlib=php-3.3.1&w=851&wpsize=large\" \/>\n\t<meta property=\"og:image:width\" content=\"1280\" \/>\n\t<meta property=\"og:image:height\" content=\"1280\" \/>\n\t<meta property=\"og:image:type\" content=\"image\/jpeg\" \/>\n<meta name=\"twitter:card\" content=\"summary_large_image\" \/>\n<script type=\"application\/ld+json\" class=\"yoast-schema-graph\">{\"@context\":\"https:\/\/schema.org\",\"@graph\":[{\"@type\":\"WebPage\",\"@id\":\"https:\/\/alivio.org\/services\/diabetes\/\",\"url\":\"https:\/\/alivio.org\/services\/diabetes\/\",\"name\":\"Bienestar Nutricional &#8226; Centro M\u00e9dico Alivio\",\"isPartOf\":{\"@id\":\"https:\/\/alivio.org\/#website\"},\"primaryImageOfPage\":{\"@id\":\"https:\/\/alivio.org\/services\/diabetes\/#primaryimage\"},\"image\":{\"@id\":\"https:\/\/alivio.org\/services\/diabetes\/#primaryimage\"},\"thumbnailUrl\":\"https:\/\/alivio.imgix.net\/diabetes_healthy_food.jpg?ixlib=php-3.3.1\",\"datePublished\":\"2022-08-22T17:47:05+00:00\",\"dateModified\":\"2025-01-07T20:38:44+00:00\",\"description\":\"Los pacientes son guiados sobre modificaciones en sus dietas con planes de alimentaci\u00f3n personalizados y recursos educativos.\",\"breadcrumb\":{\"@id\":\"https:\/\/alivio.org\/services\/diabetes\/#breadcrumb\"},\"inLanguage\":\"es\",\"potentialAction\":[{\"@type\":\"ReadAction\",\"target\":[\"https:\/\/alivio.org\/services\/diabetes\/\"]}]},{\"@type\":\"ImageObject\",\"inLanguage\":\"es\",\"@id\":\"https:\/\/alivio.org\/services\/diabetes\/#primaryimage\",\"url\":\"https:\/\/alivio.imgix.net\/diabetes_healthy_food.jpg?ixlib=php-3.3.1\",\"contentUrl\":\"https:\/\/alivio.imgix.net\/diabetes_healthy_food.jpg?ixlib=php-3.3.1\",\"width\":4000,\"height\":6016,\"caption\":\"Healthy Food\"},{\"@type\":\"BreadcrumbList\",\"@id\":\"https:\/\/alivio.org\/services\/diabetes\/#breadcrumb\",\"itemListElement\":[{\"@type\":\"ListItem\",\"position\":1,\"name\":\"Home\",\"item\":\"https:\/\/alivio.org\/\"},{\"@type\":\"ListItem\",\"position\":2,\"name\":\"Services\",\"item\":\"https:\/\/alivio.org\/services\/\"},{\"@type\":\"ListItem\",\"position\":3,\"name\":\"Nutritional Wellness\"}]},{\"@type\":\"WebSite\",\"@id\":\"https:\/\/alivio.org\/#website\",\"url\":\"https:\/\/alivio.org\/\",\"name\":\"Centro M\u00e9dico Alivio\",\"description\":\"Una Presencia Activa para una Comunidad Fuerte\",\"publisher\":{\"@id\":\"https:\/\/alivio.org\/#organization\"},\"potentialAction\":[{\"@type\":\"SearchAction\",\"target\":{\"@type\":\"EntryPoint\",\"urlTemplate\":\"https:\/\/alivio.org\/?s={search_term_string}\"},\"query-input\":{\"@type\":\"PropertyValueSpecification\",\"valueRequired\":true,\"valueName\":\"search_term_string\"}}],\"inLanguage\":\"es\"},{\"@type\":\"Organization\",\"@id\":\"https:\/\/alivio.org\/#organization\",\"name\":\"Centro M\u00e9dico Alivio\",\"url\":\"https:\/\/alivio.org\/\",\"logo\":{\"@type\":\"ImageObject\",\"inLanguage\":\"es\",\"@id\":\"https:\/\/alivio.org\/#\/schema\/logo\/image\/\",\"url\":\"https:\/\/alivio.imgix.net\/logo_full.png?ixlib=php-3.3.1\",\"contentUrl\":\"https:\/\/alivio.imgix.net\/logo_full.png?ixlib=php-3.3.1\",\"width\":354,\"height\":78,\"caption\":\"Centro M\u00e9dico Alivio\"},\"image\":{\"@id\":\"https:\/\/alivio.org\/#\/schema\/logo\/image\/\"},\"sameAs\":[\"https:\/\/www.facebook.com\/AlivioChicago\/\",\"https:\/\/www.linkedin.com\/company\/alivio-medical-center-inc-\"]}]}<\/script>","yoast_head_json":{"title":"Bienestar Nutricional &#8226; Centro M\u00e9dico Alivio","robots":{"index":"index","follow":"follow","max-snippet":"max-snippet:-1","max-image-preview":"max-image-preview:large","max-video-preview":"max-video-preview:-1"},"canonical":"https:\/\/alivio.org\/services\/diabetes\/","og_locale":"es_ES","og_type":"article","og_title":"Bienestar Nutricional &#8226; Centro M\u00e9dico Alivio","og_url":"https:\/\/alivio.org\/services\/diabetes\/","og_site_name":"Centro M\u00e9dico Alivio","article_publisher":"https:\/\/www.facebook.com\/AlivioChicago\/","article_modified_time":"2025-01-07T20:38:44+00:00","og_image":[{"width":1280,"height":1280,"url":"https:\/\/alivio.imgix.net\/diabetes_healthy_food.jpg?fit=scale&h=1280&ixlib=php-3.3.1&w=851&wpsize=large","type":"image\/jpeg"}],"twitter_card":"summary_large_image","schema":{"@context":"https:\/\/schema.org","@graph":[{"@type":"WebPage","@id":"https:\/\/alivio.org\/services\/diabetes\/","url":"https:\/\/alivio.org\/services\/diabetes\/","name":"Bienestar Nutricional &#8226; Centro M\u00e9dico Alivio","isPartOf":{"@id":"https:\/\/alivio.org\/#website"},"primaryImageOfPage":{"@id":"https:\/\/alivio.org\/services\/diabetes\/#primaryimage"},"image":{"@id":"https:\/\/alivio.org\/services\/diabetes\/#primaryimage"},"thumbnailUrl":"https:\/\/alivio.imgix.net\/diabetes_healthy_food.jpg?ixlib=php-3.3.1","datePublished":"2022-08-22T17:47:05+00:00","dateModified":"2025-01-07T20:38:44+00:00","description":"Los pacientes son guiados sobre modificaciones en sus dietas con planes de alimentaci\u00f3n personalizados y recursos educativos.","breadcrumb":{"@id":"https:\/\/alivio.org\/services\/diabetes\/#breadcrumb"},"inLanguage":"es","potentialAction":[{"@type":"ReadAction","target":["https:\/\/alivio.org\/services\/diabetes\/"]}]},{"@type":"ImageObject","inLanguage":"es","@id":"https:\/\/alivio.org\/services\/diabetes\/#primaryimage","url":"https:\/\/alivio.imgix.net\/diabetes_healthy_food.jpg?ixlib=php-3.3.1","contentUrl":"https:\/\/alivio.imgix.net\/diabetes_healthy_food.jpg?ixlib=php-3.3.1","width":4000,"height":6016,"caption":"Healthy Food"},{"@type":"BreadcrumbList","@id":"https:\/\/alivio.org\/services\/diabetes\/#breadcrumb","itemListElement":[{"@type":"ListItem","position":1,"name":"Home","item":"https:\/\/alivio.org\/"},{"@type":"ListItem","position":2,"name":"Services","item":"https:\/\/alivio.org\/services\/"},{"@type":"ListItem","position":3,"name":"Nutritional Wellness"}]},{"@type":"WebSite","@id":"https:\/\/alivio.org\/#website","url":"https:\/\/alivio.org\/","name":"Centro M\u00e9dico Alivio","description":"Una Presencia Activa para una Comunidad Fuerte","publisher":{"@id":"https:\/\/alivio.org\/#organization"},"potentialAction":[{"@type":"SearchAction","target":{"@type":"EntryPoint","urlTemplate":"https:\/\/alivio.org\/?s={search_term_string}"},"query-input":{"@type":"PropertyValueSpecification","valueRequired":true,"valueName":"search_term_string"}}],"inLanguage":"es"},{"@type":"Organization","@id":"https:\/\/alivio.org\/#organization","name":"Centro M\u00e9dico Alivio","url":"https:\/\/alivio.org\/","logo":{"@type":"ImageObject","inLanguage":"es","@id":"https:\/\/alivio.org\/#\/schema\/logo\/image\/","url":"https:\/\/alivio.imgix.net\/logo_full.png?ixlib=php-3.3.1","contentUrl":"https:\/\/alivio.imgix.net\/logo_full.png?ixlib=php-3.3.1","width":354,"height":78,"caption":"Centro M\u00e9dico Alivio"},"image":{"@id":"https:\/\/alivio.org\/#\/schema\/logo\/image\/"},"sameAs":["https:\/\/www.facebook.com\/AlivioChicago\/","https:\/\/www.linkedin.com\/company\/alivio-medical-center-inc-"]}]}},"jetpack_sharing_enabled":true,"publishpress_future_workflow_manual_trigger":{"enabledWorkflows":[]},"_links":{"self":[{"href":"https:\/\/alivio.org\/es\/wp-json\/wp\/v2\/pages\/102","targetHints":{"allow":["GET"]}}],"collection":[{"href":"https:\/\/alivio.org\/es\/wp-json\/wp\/v2\/pages"}],"about":[{"href":"https:\/\/alivio.org\/es\/wp-json\/wp\/v2\/types\/page"}],"author":[{"embeddable":true,"href":"https:\/\/alivio.org\/es\/wp-json\/wp\/v2\/users\/1"}],"replies":[{"embeddable":true,"href":"https:\/\/alivio.org\/es\/wp-json\/wp\/v2\/comments?post=102"}],"version-history":[{"count":55,"href":"https:\/\/alivio.org\/es\/wp-json\/wp\/v2\/pages\/102\/revisions"}],"predecessor-version":[{"id":6164,"href":"https:\/\/alivio.org\/es\/wp-json\/wp\/v2\/pages\/102\/revisions\/6164"}],"up":[{"embeddable":true,"href":"https:\/\/alivio.org\/es\/wp-json\/wp\/v2\/pages\/90"}],"wp:featuredmedia":[{"embeddable":true,"href":"https:\/\/alivio.org\/es\/wp-json\/wp\/v2\/media\/2001"}],"wp:attachment":[{"href":"https:\/\/alivio.org\/es\/wp-json\/wp\/v2\/media?parent=102"}],"wp:term":[{"taxonomy":"category","embeddable":true,"href":"https:\/\/alivio.org\/es\/wp-json\/wp\/v2\/categories?post=102"}],"curies":[{"name":"wp","href":"https:\/\/api.w.org\/{rel}","templated":true}]}}