{"id":104,"date":"2022-08-22T17:47:05","date_gmt":"2022-08-22T17:47:05","guid":{"rendered":"https:\/\/alivio.dev\/family-planning\/"},"modified":"2026-01-27T16:41:17","modified_gmt":"2026-01-27T22:41:17","slug":"planning","status":"publish","type":"page","link":"https:\/\/alivio.org\/es\/servicios\/planificacion\/","title":{"rendered":"Planificaci\u00f3n Familiar"},"content":{"rendered":"\n<h2 class=\"wp-block-heading\">Toma El Control De Tu Salud Sexual<\/h2>\n\n\n\n<p>El Programa de Planificaci\u00f3n Familiar de Alivio ofrece servicios de salud sexual confidenciales y asequibles a todas las personas mayores de 12 a\u00f1os.<\/p>\n\n\n\n<h3 class=\"wp-block-heading\">\u00bfQu\u00e9 es El Programa de Planificaci\u00f3n Familiar?<\/h3>\n\n\n\n<p>El Programa de Planificaci\u00f3n Familiar combina diferentes opciones para el acceso a la anticoncepci\u00f3n, las pruebas y el tratamiento de las STI, y otros servicios relacionados con las pruebas de detecci\u00f3n patrocinados por el gobierno estatal. Nuestro programa nos permite proporcionar servicios y suministros dedicados y voluntarios de atenci\u00f3n m\u00e9dica de planificaci\u00f3n familiar mediante la evaluaci\u00f3n de personas a trav\u00e9s <a href=\"https:\/\/hfs.illinois.gov\/medicalclients\/familyplanning.html\">\u00a0del Programa Familiar HFS<\/a>, <a href=\"https:\/\/dph.illinois.gov\/topics-services\/life-stages-populations\/womens-health-services\/family-planning.html\">el Departamento de Salud P\u00fablica de Illinois <\/a>(T\u00edtulo X) y la <a href=\"https:\/\/hfs.illinois.gov\/medicalproviders\/providerprograms\/medicaidpresumptiveeligibility.html\">Elegibilidad Presuntiva de Planificaci\u00f3n Familiar (FPPE)<\/a>\u00a0<\/p>\n\n\n\n<h3 class=\"wp-block-heading\">\u00bfQui\u00e9n Pruede Recibir Los Servicios del Programa?<\/h3>\n\n\n\n<p>Cualquier persona mayor de 12 a\u00f1os que pueda concebir un embarazo es elegible para servicios, independientemente de la cobertura de seguro o el estado migratorio. Cobertura bajo el programa  depende del ingreso familiar y la cantidad de personas que sustentan los ingresos. <em>Vea si es elegible para alguno de estos programas <\/em><a href=\"https:\/\/ican4all.org\/free-birth-control-programs\/family-planning-programs\/hfs-family-planning-eligibility-quiz\/\"><em>aqu\u00ed<\/em><\/a><em>.<\/em><\/p>\n\n\n\n<h3 class=\"wp-block-heading\">\u00bfQu\u00e9 Servicios Est\u00e1n Disponibles a Trav\u00e9s del Programa?<\/h3>\n\n\n\n<p>El Programa paga un examen f\u00edsico completo, pruebas de rutina como el papanicolaou y pruebas de infecciones de transmisi\u00f3n sexual. Tambi\u00e9n cubre el asesoramiento sobre las opciones de planificaci\u00f3n familiar y todos los <a href=\"https:\/\/www.fda.gov\/media\/150300\/download?attachment\">m\u00e9todos anticonceptivos aprobados por la FDA<\/a>, como condones, p\u00edldoras, inyecciones, IUD, vasectom\u00edas o implantes.<\/p>\n\n\n\n<p>Al programar su cita, aseg\u00farese de mencionar que desea una cita de \u201cPlanificaci\u00f3n Familiar.\u201d<\/p>\n\n\n<div id=\"\" class=\"place side\">\n\n<header>Ubicaciones<\/header>\n\n<ul class=\"wp-block-list\">\n<li>Morgan: <strong>966 W. 21st St<\/strong>, Chicago<\/li>\n\n\n\n<li>Western: 2355 <strong>S. Western Ave<\/strong>, Chicago<\/li>\n\n\n\n<li>Berwyn: <strong>6447 West Cermak Rd<\/strong>, Berwyn<\/li>\n\n\n\n<li>Little Village High School: <strong>3120 South Kostner Avenue<\/strong>, Chicago<\/li>\n\n\n\n<li>Benito Juarez Community Academy: <strong>1430 West Cermak Rd<\/strong>, Chicago<\/li>\n<\/ul>\n\n<footer><a href=\"\/files\/titlex\/\">Haga clic aqu\u00ed<\/a> para obtener m\u00e1s informaci\u00f3n sobre los servicios de planificaci\u00f3n familiar de Alivio.<\/footer>\n<\/div>\n\n\n\n<h4 class=\"wp-block-heading\">Los Servicios Incluyen<\/h4>\n\n\n\n<ul class=\"array wp-block-list\">\n<li><strong>Ex\u00e1menes<\/strong> f\u00edsicos<\/li>\n\n\n\n<li>Servicios de <strong>ETS\/VIH<\/strong><\/li>\n\n\n\n<li>Referencias para <strong>PrEP<\/strong>, un m\u00e9todo de prevenci\u00f3n del VIH<\/li>\n\n\n\n<li><strong>Pruebas<\/strong> de <strong>embarazo<\/strong><\/li>\n\n\n\n<li>Anticonceptivos, anticonceptivos de emergencia y <strong>condones<\/strong><\/li>\n\n\n\n<li>Inserci\u00f3n del IUD el mismo d\u00eda<\/li>\n\n\n\n<li>Derivaciones para ex\u00e1menes de detecci\u00f3n de c\u00e1ncer del seno (mamograf\u00eda)<\/li>\n\n\n\n<li><strong>Ex\u00e1menes<\/strong> de salud<\/li>\n\n\n\n<li><strong>Educaci\u00f3n<\/strong> para la salud<\/li>\n<\/ul>\n\n\n\n<p><em>*Las pruebas de embarazo est\u00e1n disponibles en las 3 cl\u00ednicas principales.<\/em><\/p>\n\n\n\n<ul class=\"wp-block-list\">\n<li><em>Lunes, martes, jueves, viernes: 8:30am-4:00pm<\/em><\/li>\n\n\n\n<li><em>Mi\u00e9rcoles: 12:00-7:00pm<\/em><\/li>\n\n\n\n<li><em>S\u00e1bado: 9:00am-1:00pm<\/em><\/li>\n<\/ul>\n\n\n\n<p><a href=\"\/files\/titlex\">Obtenga m\u00e1s informaci\u00f3n sobre los servicios de planificaci\u00f3n familiar en Alivio (pdf)<\/a>.<\/p>\n\n\n\n<p class=\"big\">La planificaci\u00f3n familiar no discrimina por motivos de edad, sexo, raza, color, religi\u00f3n, origen nacional, preferencia sexual, ingresos y estado civil, n\u00famero de embarazos o elecci\u00f3n de anticonceptivos.<\/p>\n\n\n\n<p><em><em>El financiamiento del programa incluye una subvenci\u00f3n del Departamento de Salud P\u00fablica de Illinois.<\/em><\/em><\/p>\n","protected":false},"excerpt":{"rendered":"<p>El programa de Planificaci\u00f3n Familiar de Alivio ofrece servicios de salud sexual confidenciales y asequibles para todas las personas mayores de 12 a\u00f1os.<\/p>\n","protected":false},"author":1,"featured_media":3618,"parent":90,"menu_order":5,"comment_status":"closed","ping_status":"closed","template":"","meta":{"_relevanssi_hide_post":"","_relevanssi_hide_content":"","_relevanssi_pin_for_all":"","_relevanssi_pin_keywords":"","_relevanssi_unpin_keywords":"","_relevanssi_related_keywords":"","_relevanssi_related_include_ids":"","_relevanssi_related_exclude_ids":"","_relevanssi_related_no_append":"","_relevanssi_related_not_related":"","_relevanssi_related_posts":"669,688,635,771,644,738","_relevanssi_noindex_reason":"","footnotes":""},"categories":[34,33,37],"class_list":["post-104","page","type-page","status-publish","has-post-thumbnail","hentry","category-family","category-midwifery","category-ob"],"translation":{"provider":"WPGlobus","version":"3.0.2","language":"es","enabled_languages":["en","es","zh"],"languages":{"en":{"title":true,"content":true,"excerpt":true},"es":{"title":true,"content":true,"excerpt":true},"zh":{"title":true,"content":true,"excerpt":false}}},"acf":[],"yoast_head":"<title>Planificaci\u00f3n Familiar &#8226; Centro M\u00e9dico Alivio<\/title>\n<meta name=\"robots\" content=\"index, follow, max-snippet:-1, max-image-preview:large, max-video-preview:-1\" \/>\n<link rel=\"canonical\" href=\"https:\/\/alivio.org\/services\/planning\/\" \/>\n<meta property=\"og:locale\" content=\"es_ES\" \/>\n<meta property=\"og:type\" content=\"article\" \/>\n<meta property=\"og:title\" content=\"Planificaci\u00f3n Familiar &#8226; Centro M\u00e9dico Alivio\" \/>\n<meta property=\"og:url\" content=\"https:\/\/alivio.org\/services\/planning\/\" \/>\n<meta property=\"og:site_name\" content=\"Centro M\u00e9dico Alivio\" \/>\n<meta property=\"article:publisher\" content=\"https:\/\/www.facebook.com\/AlivioChicago\/\" \/>\n<meta property=\"article:modified_time\" content=\"2026-01-27T22:41:17+00:00\" \/>\n<meta property=\"og:image\" content=\"https:\/\/alivio.imgix.net\/LatinoYoung.jpg?ixlib=php-3.3.1\" \/>\n\t<meta property=\"og:image:width\" content=\"612\" \/>\n\t<meta property=\"og:image:height\" content=\"408\" \/>\n\t<meta property=\"og:image:type\" content=\"image\/jpeg\" \/>\n<meta name=\"twitter:card\" content=\"summary_large_image\" \/>\n<script type=\"application\/ld+json\" class=\"yoast-schema-graph\">{\"@context\":\"https:\/\/schema.org\",\"@graph\":[{\"@type\":\"WebPage\",\"@id\":\"https:\/\/alivio.org\/services\/planning\/\",\"url\":\"https:\/\/alivio.org\/services\/planning\/\",\"name\":\"Planificaci\u00f3n Familiar &#8226; Centro M\u00e9dico Alivio\",\"isPartOf\":{\"@id\":\"https:\/\/alivio.org\/#website\"},\"primaryImageOfPage\":{\"@id\":\"https:\/\/alivio.org\/services\/planning\/#primaryimage\"},\"image\":{\"@id\":\"https:\/\/alivio.org\/services\/planning\/#primaryimage\"},\"thumbnailUrl\":\"https:\/\/alivio.imgix.net\/LatinoYoung.jpg?ixlib=php-3.3.1\",\"datePublished\":\"2022-08-22T17:47:05+00:00\",\"dateModified\":\"2026-01-27T22:41:17+00:00\",\"description\":\"El programa de Planificaci\u00f3n Familiar de Alivio ofrece servicios de salud sexual confidenciales y asequibles para todas las personas mayores de 12 a\u00f1os.\",\"breadcrumb\":{\"@id\":\"https:\/\/alivio.org\/services\/planning\/#breadcrumb\"},\"inLanguage\":\"es\",\"potentialAction\":[{\"@type\":\"ReadAction\",\"target\":[\"https:\/\/alivio.org\/services\/planning\/\"]}]},{\"@type\":\"ImageObject\",\"inLanguage\":\"es\",\"@id\":\"https:\/\/alivio.org\/services\/planning\/#primaryimage\",\"url\":\"https:\/\/alivio.imgix.net\/LatinoYoung.jpg?ixlib=php-3.3.1\",\"contentUrl\":\"https:\/\/alivio.imgix.net\/LatinoYoung.jpg?ixlib=php-3.3.1\",\"width\":612,\"height\":408,\"caption\":\"Low angle view of group of teenagers standing in a huddle with their heads touching and looking at camera\"},{\"@type\":\"BreadcrumbList\",\"@id\":\"https:\/\/alivio.org\/services\/planning\/#breadcrumb\",\"itemListElement\":[{\"@type\":\"ListItem\",\"position\":1,\"name\":\"Home\",\"item\":\"https:\/\/alivio.org\/\"},{\"@type\":\"ListItem\",\"position\":2,\"name\":\"Services\",\"item\":\"https:\/\/alivio.org\/services\/\"},{\"@type\":\"ListItem\",\"position\":3,\"name\":\"Family Planning\"}]},{\"@type\":\"WebSite\",\"@id\":\"https:\/\/alivio.org\/#website\",\"url\":\"https:\/\/alivio.org\/\",\"name\":\"Centro M\u00e9dico Alivio\",\"description\":\"Una Presencia Activa para una Comunidad Fuerte\",\"publisher\":{\"@id\":\"https:\/\/alivio.org\/#organization\"},\"potentialAction\":[{\"@type\":\"SearchAction\",\"target\":{\"@type\":\"EntryPoint\",\"urlTemplate\":\"https:\/\/alivio.org\/?s={search_term_string}\"},\"query-input\":{\"@type\":\"PropertyValueSpecification\",\"valueRequired\":true,\"valueName\":\"search_term_string\"}}],\"inLanguage\":\"es\"},{\"@type\":\"Organization\",\"@id\":\"https:\/\/alivio.org\/#organization\",\"name\":\"Centro M\u00e9dico Alivio\",\"url\":\"https:\/\/alivio.org\/\",\"logo\":{\"@type\":\"ImageObject\",\"inLanguage\":\"es\",\"@id\":\"https:\/\/alivio.org\/#\/schema\/logo\/image\/\",\"url\":\"https:\/\/alivio.imgix.net\/logo_full.png?ixlib=php-3.3.1\",\"contentUrl\":\"https:\/\/alivio.imgix.net\/logo_full.png?ixlib=php-3.3.1\",\"width\":354,\"height\":78,\"caption\":\"Centro M\u00e9dico Alivio\"},\"image\":{\"@id\":\"https:\/\/alivio.org\/#\/schema\/logo\/image\/\"},\"sameAs\":[\"https:\/\/www.facebook.com\/AlivioChicago\/\",\"https:\/\/www.linkedin.com\/company\/alivio-medical-center-inc-\"]}]}<\/script>","yoast_head_json":{"title":"Planificaci\u00f3n Familiar &#8226; Centro M\u00e9dico Alivio","robots":{"index":"index","follow":"follow","max-snippet":"max-snippet:-1","max-image-preview":"max-image-preview:large","max-video-preview":"max-video-preview:-1"},"canonical":"https:\/\/alivio.org\/services\/planning\/","og_locale":"es_ES","og_type":"article","og_title":"Planificaci\u00f3n Familiar &#8226; Centro M\u00e9dico Alivio","og_url":"https:\/\/alivio.org\/services\/planning\/","og_site_name":"Centro M\u00e9dico Alivio","article_publisher":"https:\/\/www.facebook.com\/AlivioChicago\/","article_modified_time":"2026-01-27T22:41:17+00:00","og_image":[{"width":612,"height":408,"url":"https:\/\/alivio.imgix.net\/LatinoYoung.jpg?ixlib=php-3.3.1","type":"image\/jpeg"}],"twitter_card":"summary_large_image","schema":{"@context":"https:\/\/schema.org","@graph":[{"@type":"WebPage","@id":"https:\/\/alivio.org\/services\/planning\/","url":"https:\/\/alivio.org\/services\/planning\/","name":"Planificaci\u00f3n Familiar &#8226; Centro M\u00e9dico Alivio","isPartOf":{"@id":"https:\/\/alivio.org\/#website"},"primaryImageOfPage":{"@id":"https:\/\/alivio.org\/services\/planning\/#primaryimage"},"image":{"@id":"https:\/\/alivio.org\/services\/planning\/#primaryimage"},"thumbnailUrl":"https:\/\/alivio.imgix.net\/LatinoYoung.jpg?ixlib=php-3.3.1","datePublished":"2022-08-22T17:47:05+00:00","dateModified":"2026-01-27T22:41:17+00:00","description":"El programa de Planificaci\u00f3n Familiar de Alivio ofrece servicios de salud sexual confidenciales y asequibles para todas las personas mayores de 12 a\u00f1os.","breadcrumb":{"@id":"https:\/\/alivio.org\/services\/planning\/#breadcrumb"},"inLanguage":"es","potentialAction":[{"@type":"ReadAction","target":["https:\/\/alivio.org\/services\/planning\/"]}]},{"@type":"ImageObject","inLanguage":"es","@id":"https:\/\/alivio.org\/services\/planning\/#primaryimage","url":"https:\/\/alivio.imgix.net\/LatinoYoung.jpg?ixlib=php-3.3.1","contentUrl":"https:\/\/alivio.imgix.net\/LatinoYoung.jpg?ixlib=php-3.3.1","width":612,"height":408,"caption":"Low angle view of group of teenagers standing in a huddle with their heads touching and looking at camera"},{"@type":"BreadcrumbList","@id":"https:\/\/alivio.org\/services\/planning\/#breadcrumb","itemListElement":[{"@type":"ListItem","position":1,"name":"Home","item":"https:\/\/alivio.org\/"},{"@type":"ListItem","position":2,"name":"Services","item":"https:\/\/alivio.org\/services\/"},{"@type":"ListItem","position":3,"name":"Family Planning"}]},{"@type":"WebSite","@id":"https:\/\/alivio.org\/#website","url":"https:\/\/alivio.org\/","name":"Centro M\u00e9dico Alivio","description":"Una Presencia Activa para una Comunidad Fuerte","publisher":{"@id":"https:\/\/alivio.org\/#organization"},"potentialAction":[{"@type":"SearchAction","target":{"@type":"EntryPoint","urlTemplate":"https:\/\/alivio.org\/?s={search_term_string}"},"query-input":{"@type":"PropertyValueSpecification","valueRequired":true,"valueName":"search_term_string"}}],"inLanguage":"es"},{"@type":"Organization","@id":"https:\/\/alivio.org\/#organization","name":"Centro M\u00e9dico Alivio","url":"https:\/\/alivio.org\/","logo":{"@type":"ImageObject","inLanguage":"es","@id":"https:\/\/alivio.org\/#\/schema\/logo\/image\/","url":"https:\/\/alivio.imgix.net\/logo_full.png?ixlib=php-3.3.1","contentUrl":"https:\/\/alivio.imgix.net\/logo_full.png?ixlib=php-3.3.1","width":354,"height":78,"caption":"Centro M\u00e9dico Alivio"},"image":{"@id":"https:\/\/alivio.org\/#\/schema\/logo\/image\/"},"sameAs":["https:\/\/www.facebook.com\/AlivioChicago\/","https:\/\/www.linkedin.com\/company\/alivio-medical-center-inc-"]}]}},"jetpack_sharing_enabled":true,"publishpress_future_workflow_manual_trigger":{"enabledWorkflows":[]},"_links":{"self":[{"href":"https:\/\/alivio.org\/es\/wp-json\/wp\/v2\/pages\/104","targetHints":{"allow":["GET"]}}],"collection":[{"href":"https:\/\/alivio.org\/es\/wp-json\/wp\/v2\/pages"}],"about":[{"href":"https:\/\/alivio.org\/es\/wp-json\/wp\/v2\/types\/page"}],"author":[{"embeddable":true,"href":"https:\/\/alivio.org\/es\/wp-json\/wp\/v2\/users\/1"}],"replies":[{"embeddable":true,"href":"https:\/\/alivio.org\/es\/wp-json\/wp\/v2\/comments?post=104"}],"version-history":[{"count":59,"href":"https:\/\/alivio.org\/es\/wp-json\/wp\/v2\/pages\/104\/revisions"}],"predecessor-version":[{"id":7561,"href":"https:\/\/alivio.org\/es\/wp-json\/wp\/v2\/pages\/104\/revisions\/7561"}],"up":[{"embeddable":true,"href":"https:\/\/alivio.org\/es\/wp-json\/wp\/v2\/pages\/90"}],"wp:featuredmedia":[{"embeddable":true,"href":"https:\/\/alivio.org\/es\/wp-json\/wp\/v2\/media\/3618"}],"wp:attachment":[{"href":"https:\/\/alivio.org\/es\/wp-json\/wp\/v2\/media?parent=104"}],"wp:term":[{"taxonomy":"category","embeddable":true,"href":"https:\/\/alivio.org\/es\/wp-json\/wp\/v2\/categories?post=104"}],"curies":[{"name":"wp","href":"https:\/\/api.w.org\/{rel}","templated":true}]}}