{"id":106,"date":"2022-08-22T17:47:05","date_gmt":"2022-08-22T17:47:05","guid":{"rendered":"https:\/\/alivio.dev\/ob-gyn-midwifery\/"},"modified":"2025-06-19T20:54:09","modified_gmt":"2025-06-20T01:54:09","slug":"ob","status":"publish","type":"page","link":"https:\/\/alivio.org\/es\/servicios\/ob\/","title":{"rendered":"Ginecolog\u00eda &#8211; Obstetricia y Parteras"},"content":{"rendered":"\n<h2 class=\"wp-block-heading\">Atenci\u00f3n Personalizada Confort y Respeto<\/h2>\n\n\n\n<p>Alivio Medical Center ofrece servicios de cuidado de salud durante el embarazo, clases prenatales y ex\u00e1menes ginecol\u00f3gicos anuales. El equipo de Ginecolog\u00eda-Obstetricia y Parteras consta de Ginec\u00f3logos-Obstetras y Enfermeras Parteras biling\u00fces y biculturales.<\/p>\n\n\n\n<h3 class=\"wp-block-heading\">Servicios de Ginecolog\u00eda y Obstetricia<\/h3>\n\n\n\n<p>Nuestros proveedores de obstetricia y ginecolog\u00eda certificados creen en hacer que nuestros pacientes se sientan c\u00f3modos y respetados. Ya sea que est\u00e9 pensando en quedar embarazada, esperando un beb\u00e9 o necesite atenci\u00f3n ginecol\u00f3gica, nuestro equipo de m\u00e9dicos brinda una amplia gama de servicios en un ambiente c\u00f3modo y de apoyo. Contamos con asesoramiento sobre nutrici\u00f3n para diab\u00e9ticos, ultrasonido y servicios de laboratorio en el lugar.<\/p>\n\n\n\n<h3 class=\"wp-block-heading\">Servicio de Parteras<\/h3>\n\n\n<div id=\"\" class=\"place side\">\n\n<header>OB\/ Pertera Fuera De Horario<\/header>\n\n<p>Si tiene una emergencia m\u00e9dica, llame al 9-1-1.<\/p>\n\n<footer><\/a> Para asuntos urgentes relacionados con su atenci\u00f3n obst\u00e9trica\/de parter\u00eda, llame a nuestra l\u00ednea de emergencia de obstetricia <a href=\"tel:+18002160651\">(800) 216-0651<\/a> para que su proveedor pueda ser notificado de inmediato.<\/footer>\n<\/div>\n\n\n\n<p>Enfermeras Parteras Certificadas son profesionales de la salud que se enfocan en el bienestar f\u00edsico y psicol\u00f3gico de la madre al proporcionar educaci\u00f3n individual, consejer\u00eda, atenci\u00f3n prenatal y asistencia continua durante el embarazo, el trabajo de parto y el periodo de posparto. La educaci\u00f3n y la base de conocimientos que las madres reciben por parte de las parteras les permiten sentirse en control de sus cuerpos y de la salud de sus beb\u00e9s a trav\u00e9s del parto natural. El objetivo es que las madres experimentan un parto m\u00e1s pleno y hermoso. Las Parteras trabajan en conjunto con los m\u00e9dicos para ofrecer la mejor atenci\u00f3n personalizada.<\/p>\n\n\n\n<h3 class=\"wp-block-heading\">Nuestros Servicios De OB\/Ginec\u00eda Y Partera Incluyen:<\/h3>\n\n\n\n<ul class=\"points wp-block-list\">\n<li><strong>Pruebas De Embarazo Gratis<\/strong><br>Adem\u00e1s de ofrecer pruebas de embarazo gratuitas, Alivio ayuda a solicitar cobertura de seguro p\u00fablico bajo elegibilidad presunta materna.<\/li>\n\n\n\n<li><strong><strong>Atenci\u00f3n Prenatal<\/strong><\/strong> (Durante El Embarazo)<br>Los equipos de obstetricia, ginecolog\u00eda y parter\u00eda de Alivio dan a luz a beb\u00e9s en nuestro hospital asociado, Monte Sina\u00ed Chicago.<\/li>\n\n\n\n<li><strong><strong>Clases Prenatales<\/strong><\/strong><\/li>\n\n\n\n<li><strong>\u201c<strong>Case Management\u201d<\/strong><\/strong> | Asistencia Social<br>El programa \u201c<a href=\"\/es\/programs\/fcm\">Case management<\/a>\u201d apoya a mujeres embarazadas y beb\u00e9s (de hasta un a\u00f1o) de bajos ingresos para que obtengan los servicios necesarios para que tanto la madre como el ni\u00f1o se mantengan saludables.<\/li>\n<\/ul>\n","protected":false},"excerpt":{"rendered":"<p>Enfermeras Parteras Certificadas son profesionales de la salud que se enfocan en el bienestar f\u00edsico y psicol\u00f3gico de la madre.<\/p>\n","protected":false},"author":1,"featured_media":1392,"parent":90,"menu_order":2,"comment_status":"closed","ping_status":"closed","template":"","meta":{"_relevanssi_hide_post":"","_relevanssi_hide_content":"","_relevanssi_pin_for_all":"","_relevanssi_pin_keywords":"","_relevanssi_unpin_keywords":"","_relevanssi_related_keywords":"","_relevanssi_related_include_ids":"","_relevanssi_related_exclude_ids":"","_relevanssi_related_no_append":"","_relevanssi_related_not_related":"","_relevanssi_related_posts":"669,651,748,776,630,711","_relevanssi_noindex_reason":"","footnotes":""},"categories":[33,37],"class_list":["post-106","page","type-page","status-publish","has-post-thumbnail","hentry","category-midwifery","category-ob"],"translation":{"provider":"WPGlobus","version":"3.0.2","language":"es","enabled_languages":["en","es","zh"],"languages":{"en":{"title":true,"content":true,"excerpt":true},"es":{"title":true,"content":true,"excerpt":true},"zh":{"title":true,"content":true,"excerpt":false}}},"acf":[],"yoast_head":"<title>Ginecolog\u00eda - Obstetricia y Parteras &#8226; Centro M\u00e9dico Alivio<\/title>\n<meta name=\"robots\" content=\"index, follow, max-snippet:-1, max-image-preview:large, max-video-preview:-1\" \/>\n<link rel=\"canonical\" href=\"https:\/\/alivio.org\/services\/ob\/\" \/>\n<meta property=\"og:locale\" content=\"es_ES\" \/>\n<meta property=\"og:type\" content=\"article\" \/>\n<meta property=\"og:title\" content=\"Ginecolog\u00eda - Obstetricia y Parteras &#8226; Centro M\u00e9dico Alivio\" \/>\n<meta property=\"og:url\" content=\"https:\/\/alivio.org\/services\/ob\/\" \/>\n<meta property=\"og:site_name\" content=\"Centro M\u00e9dico Alivio\" \/>\n<meta property=\"article:publisher\" content=\"https:\/\/www.facebook.com\/AlivioChicago\/\" \/>\n<meta property=\"article:modified_time\" content=\"2025-06-20T01:54:09+00:00\" \/>\n<meta property=\"og:image\" content=\"https:\/\/alivio.imgix.net\/alivio_6831.jpg?ixlib=php-3.3.1\" \/>\n\t<meta property=\"og:image:width\" content=\"1920\" \/>\n\t<meta property=\"og:image:height\" content=\"1280\" \/>\n\t<meta property=\"og:image:type\" content=\"image\/jpeg\" \/>\n<meta name=\"twitter:card\" content=\"summary_large_image\" \/>\n<script type=\"application\/ld+json\" class=\"yoast-schema-graph\">{\"@context\":\"https:\/\/schema.org\",\"@graph\":[{\"@type\":\"WebPage\",\"@id\":\"https:\/\/alivio.org\/services\/ob\/\",\"url\":\"https:\/\/alivio.org\/services\/ob\/\",\"name\":\"Ginecolog\u00eda - Obstetricia y Parteras &#8226; Centro M\u00e9dico Alivio\",\"isPartOf\":{\"@id\":\"https:\/\/alivio.org\/#website\"},\"primaryImageOfPage\":{\"@id\":\"https:\/\/alivio.org\/services\/ob\/#primaryimage\"},\"image\":{\"@id\":\"https:\/\/alivio.org\/services\/ob\/#primaryimage\"},\"thumbnailUrl\":\"https:\/\/alivio.imgix.net\/alivio_6831.jpg?ixlib=php-3.3.1\",\"datePublished\":\"2022-08-22T17:47:05+00:00\",\"dateModified\":\"2025-06-20T01:54:09+00:00\",\"description\":\"Enfermeras Parteras Certificadas son profesionales de la salud que se enfocan en el bienestar f\u00edsico y psicol\u00f3gico de la madre.\",\"breadcrumb\":{\"@id\":\"https:\/\/alivio.org\/services\/ob\/#breadcrumb\"},\"inLanguage\":\"es\",\"potentialAction\":[{\"@type\":\"ReadAction\",\"target\":[\"https:\/\/alivio.org\/services\/ob\/\"]}]},{\"@type\":\"ImageObject\",\"inLanguage\":\"es\",\"@id\":\"https:\/\/alivio.org\/services\/ob\/#primaryimage\",\"url\":\"https:\/\/alivio.imgix.net\/alivio_6831.jpg?ixlib=php-3.3.1\",\"contentUrl\":\"https:\/\/alivio.imgix.net\/alivio_6831.jpg?ixlib=php-3.3.1\",\"width\":1920,\"height\":1280},{\"@type\":\"BreadcrumbList\",\"@id\":\"https:\/\/alivio.org\/services\/ob\/#breadcrumb\",\"itemListElement\":[{\"@type\":\"ListItem\",\"position\":1,\"name\":\"Home\",\"item\":\"https:\/\/alivio.org\/\"},{\"@type\":\"ListItem\",\"position\":2,\"name\":\"Services\",\"item\":\"https:\/\/alivio.org\/services\/\"},{\"@type\":\"ListItem\",\"position\":3,\"name\":\"OB\/GYN &amp; Midwifery\"}]},{\"@type\":\"WebSite\",\"@id\":\"https:\/\/alivio.org\/#website\",\"url\":\"https:\/\/alivio.org\/\",\"name\":\"Centro M\u00e9dico Alivio\",\"description\":\"Una Presencia Activa para una Comunidad Fuerte\",\"publisher\":{\"@id\":\"https:\/\/alivio.org\/#organization\"},\"potentialAction\":[{\"@type\":\"SearchAction\",\"target\":{\"@type\":\"EntryPoint\",\"urlTemplate\":\"https:\/\/alivio.org\/?s={search_term_string}\"},\"query-input\":{\"@type\":\"PropertyValueSpecification\",\"valueRequired\":true,\"valueName\":\"search_term_string\"}}],\"inLanguage\":\"es\"},{\"@type\":\"Organization\",\"@id\":\"https:\/\/alivio.org\/#organization\",\"name\":\"Centro M\u00e9dico Alivio\",\"url\":\"https:\/\/alivio.org\/\",\"logo\":{\"@type\":\"ImageObject\",\"inLanguage\":\"es\",\"@id\":\"https:\/\/alivio.org\/#\/schema\/logo\/image\/\",\"url\":\"https:\/\/alivio.imgix.net\/logo_full.png?ixlib=php-3.3.1\",\"contentUrl\":\"https:\/\/alivio.imgix.net\/logo_full.png?ixlib=php-3.3.1\",\"width\":354,\"height\":78,\"caption\":\"Centro M\u00e9dico Alivio\"},\"image\":{\"@id\":\"https:\/\/alivio.org\/#\/schema\/logo\/image\/\"},\"sameAs\":[\"https:\/\/www.facebook.com\/AlivioChicago\/\",\"https:\/\/www.linkedin.com\/company\/alivio-medical-center-inc-\"]}]}<\/script>","yoast_head_json":{"title":"Ginecolog\u00eda - Obstetricia y Parteras &#8226; Centro M\u00e9dico Alivio","robots":{"index":"index","follow":"follow","max-snippet":"max-snippet:-1","max-image-preview":"max-image-preview:large","max-video-preview":"max-video-preview:-1"},"canonical":"https:\/\/alivio.org\/services\/ob\/","og_locale":"es_ES","og_type":"article","og_title":"Ginecolog\u00eda - Obstetricia y Parteras &#8226; Centro M\u00e9dico Alivio","og_url":"https:\/\/alivio.org\/services\/ob\/","og_site_name":"Centro M\u00e9dico Alivio","article_publisher":"https:\/\/www.facebook.com\/AlivioChicago\/","article_modified_time":"2025-06-20T01:54:09+00:00","og_image":[{"width":1920,"height":1280,"url":"https:\/\/alivio.imgix.net\/alivio_6831.jpg?ixlib=php-3.3.1","type":"image\/jpeg"}],"twitter_card":"summary_large_image","schema":{"@context":"https:\/\/schema.org","@graph":[{"@type":"WebPage","@id":"https:\/\/alivio.org\/services\/ob\/","url":"https:\/\/alivio.org\/services\/ob\/","name":"Ginecolog\u00eda - Obstetricia y Parteras &#8226; Centro M\u00e9dico Alivio","isPartOf":{"@id":"https:\/\/alivio.org\/#website"},"primaryImageOfPage":{"@id":"https:\/\/alivio.org\/services\/ob\/#primaryimage"},"image":{"@id":"https:\/\/alivio.org\/services\/ob\/#primaryimage"},"thumbnailUrl":"https:\/\/alivio.imgix.net\/alivio_6831.jpg?ixlib=php-3.3.1","datePublished":"2022-08-22T17:47:05+00:00","dateModified":"2025-06-20T01:54:09+00:00","description":"Enfermeras Parteras Certificadas son profesionales de la salud que se enfocan en el bienestar f\u00edsico y psicol\u00f3gico de la madre.","breadcrumb":{"@id":"https:\/\/alivio.org\/services\/ob\/#breadcrumb"},"inLanguage":"es","potentialAction":[{"@type":"ReadAction","target":["https:\/\/alivio.org\/services\/ob\/"]}]},{"@type":"ImageObject","inLanguage":"es","@id":"https:\/\/alivio.org\/services\/ob\/#primaryimage","url":"https:\/\/alivio.imgix.net\/alivio_6831.jpg?ixlib=php-3.3.1","contentUrl":"https:\/\/alivio.imgix.net\/alivio_6831.jpg?ixlib=php-3.3.1","width":1920,"height":1280},{"@type":"BreadcrumbList","@id":"https:\/\/alivio.org\/services\/ob\/#breadcrumb","itemListElement":[{"@type":"ListItem","position":1,"name":"Home","item":"https:\/\/alivio.org\/"},{"@type":"ListItem","position":2,"name":"Services","item":"https:\/\/alivio.org\/services\/"},{"@type":"ListItem","position":3,"name":"OB\/GYN &amp; Midwifery"}]},{"@type":"WebSite","@id":"https:\/\/alivio.org\/#website","url":"https:\/\/alivio.org\/","name":"Centro M\u00e9dico Alivio","description":"Una Presencia Activa para una Comunidad Fuerte","publisher":{"@id":"https:\/\/alivio.org\/#organization"},"potentialAction":[{"@type":"SearchAction","target":{"@type":"EntryPoint","urlTemplate":"https:\/\/alivio.org\/?s={search_term_string}"},"query-input":{"@type":"PropertyValueSpecification","valueRequired":true,"valueName":"search_term_string"}}],"inLanguage":"es"},{"@type":"Organization","@id":"https:\/\/alivio.org\/#organization","name":"Centro M\u00e9dico Alivio","url":"https:\/\/alivio.org\/","logo":{"@type":"ImageObject","inLanguage":"es","@id":"https:\/\/alivio.org\/#\/schema\/logo\/image\/","url":"https:\/\/alivio.imgix.net\/logo_full.png?ixlib=php-3.3.1","contentUrl":"https:\/\/alivio.imgix.net\/logo_full.png?ixlib=php-3.3.1","width":354,"height":78,"caption":"Centro M\u00e9dico Alivio"},"image":{"@id":"https:\/\/alivio.org\/#\/schema\/logo\/image\/"},"sameAs":["https:\/\/www.facebook.com\/AlivioChicago\/","https:\/\/www.linkedin.com\/company\/alivio-medical-center-inc-"]}]}},"jetpack_sharing_enabled":true,"publishpress_future_workflow_manual_trigger":{"enabledWorkflows":[]},"_links":{"self":[{"href":"https:\/\/alivio.org\/es\/wp-json\/wp\/v2\/pages\/106","targetHints":{"allow":["GET"]}}],"collection":[{"href":"https:\/\/alivio.org\/es\/wp-json\/wp\/v2\/pages"}],"about":[{"href":"https:\/\/alivio.org\/es\/wp-json\/wp\/v2\/types\/page"}],"author":[{"embeddable":true,"href":"https:\/\/alivio.org\/es\/wp-json\/wp\/v2\/users\/1"}],"replies":[{"embeddable":true,"href":"https:\/\/alivio.org\/es\/wp-json\/wp\/v2\/comments?post=106"}],"version-history":[{"count":66,"href":"https:\/\/alivio.org\/es\/wp-json\/wp\/v2\/pages\/106\/revisions"}],"predecessor-version":[{"id":6580,"href":"https:\/\/alivio.org\/es\/wp-json\/wp\/v2\/pages\/106\/revisions\/6580"}],"up":[{"embeddable":true,"href":"https:\/\/alivio.org\/es\/wp-json\/wp\/v2\/pages\/90"}],"wp:featuredmedia":[{"embeddable":true,"href":"https:\/\/alivio.org\/es\/wp-json\/wp\/v2\/media\/1392"}],"wp:attachment":[{"href":"https:\/\/alivio.org\/es\/wp-json\/wp\/v2\/media?parent=106"}],"wp:term":[{"taxonomy":"category","embeddable":true,"href":"https:\/\/alivio.org\/es\/wp-json\/wp\/v2\/categories?post=106"}],"curies":[{"name":"wp","href":"https:\/\/api.w.org\/{rel}","templated":true}]}}