{"id":108,"date":"2022-08-22T17:47:05","date_gmt":"2022-08-22T17:47:05","guid":{"rendered":"https:\/\/alivio.dev\/pediatrics\/"},"modified":"2024-11-11T10:31:04","modified_gmt":"2024-11-11T16:31:04","slug":"pediatrics","status":"publish","type":"page","link":"https:\/\/alivio.org\/es\/servicios\/pediatria\/","title":{"rendered":"Pedi\u00e1tricos"},"content":{"rendered":"\n<h2 class=\"wp-block-heading\">Estamos comprometidos con la salud y la felicidad de su hijo<\/h2>\n\n\n\n<p>Pediatras Certificados y Enfermeras en pediatr\u00eda del Centro M\u00e9dico Alivio son individuos experimentados dedicados al bienestar de su hijo. El Centro M\u00e9dico Alivio tambi\u00e9n opera en tres Centros de Salud con base en Escuelas para proporcionar servicios de salud en el mismo sitio que los estudiantes y la comunidad lo requiera: estamos ubicados en&nbsp;<a href=\"\/es\/ubicaciones\/juarez\">Benito Ju\u00e1rez Community Academy<\/a>,&nbsp;<a href=\"\/es\/ubicaciones\/orozco\">Orozco Community Academy<\/a>, y&nbsp;<a href=\"\/es\/ubicaciones\/lawndale\">Little Village Lawndale High School<\/a>.<\/p>\n\n\n\n<h3 class=\"wp-block-heading\">Nuestros servicios de Pediatr\u00eda incluyen:<\/h3>\n\n\n\n<ul class=\"array wp-block-list\">\n<li><strong>Visitas<\/strong> de <strong>rutina<\/strong><\/li>\n\n\n\n<li><strong>Inmunizaciones<\/strong><\/li>\n\n\n\n<li><strong>Ex\u00e1menes F\u00edsicos<\/strong> para la <strong>Escuela<\/strong> y&nbsp;<strong>Deportes<\/strong><\/li>\n\n\n\n<li><a href=\"\/es\/services\/mental\">Consejer\u00eda en <strong>Salud Mental<\/strong> y de <strong>comportamiento<\/strong><\/a><\/li>\n\n\n\n<li><a href=\"\/es\/programs\/fcm\"><strong>Manejo<\/strong> de <strong>Casos<\/strong><\/a><\/li>\n\n\n\n<li><a href=\"\/es\/programas\/wic\"><strong>WIC<\/strong> (Mujeres, Infantes y Ni\u00f1os)<\/a><\/li>\n\n\n\n<li>Clases para <strong>Padres<\/strong> (Salud del Comportamiento)&nbsp;<\/li>\n<\/ul>\n","protected":false},"excerpt":{"rendered":"<p>Pediatras Certificados y Enfermeras en pediatr\u00eda del Centro M\u00e9dico Alivio son individuos experimentados dedicados al bienestar de su hijo.<\/p>\n","protected":false},"author":1,"featured_media":1666,"parent":90,"menu_order":1,"comment_status":"closed","ping_status":"closed","template":"","meta":{"_relevanssi_hide_post":"","_relevanssi_hide_content":"","_relevanssi_pin_for_all":"","_relevanssi_pin_keywords":"","_relevanssi_unpin_keywords":"","_relevanssi_related_keywords":"","_relevanssi_related_include_ids":"","_relevanssi_related_exclude_ids":"","_relevanssi_related_no_append":"","_relevanssi_related_not_related":"","_relevanssi_related_posts":"669,751,651,657,633,807","_relevanssi_noindex_reason":"","footnotes":""},"categories":[36],"class_list":["post-108","page","type-page","status-publish","has-post-thumbnail","hentry","category-pediatrics"],"translation":{"provider":"WPGlobus","version":"3.0.2","language":"es","enabled_languages":["en","es","zh"],"languages":{"en":{"title":true,"content":true,"excerpt":true},"es":{"title":true,"content":true,"excerpt":true},"zh":{"title":true,"content":true,"excerpt":false}}},"acf":[],"yoast_head":"<title>Pedi\u00e1tricos &#8226; Centro M\u00e9dico Alivio<\/title>\n<meta name=\"robots\" content=\"index, follow, max-snippet:-1, max-image-preview:large, max-video-preview:-1\" \/>\n<link rel=\"canonical\" href=\"https:\/\/alivio.org\/services\/pediatrics\/\" \/>\n<meta property=\"og:locale\" content=\"es_ES\" \/>\n<meta property=\"og:type\" content=\"article\" \/>\n<meta property=\"og:title\" content=\"Pedi\u00e1tricos &#8226; Centro M\u00e9dico Alivio\" \/>\n<meta property=\"og:url\" content=\"https:\/\/alivio.org\/services\/pediatrics\/\" \/>\n<meta property=\"og:site_name\" content=\"Centro M\u00e9dico Alivio\" \/>\n<meta property=\"article:publisher\" content=\"https:\/\/www.facebook.com\/AlivioChicago\/\" \/>\n<meta property=\"article:modified_time\" content=\"2024-11-11T16:31:04+00:00\" \/>\n<meta property=\"og:image\" content=\"https:\/\/alivio.imgix.net\/ALIVIO-3175.jpg?ixlib=php-3.3.1\" \/>\n\t<meta property=\"og:image:width\" content=\"1920\" \/>\n\t<meta property=\"og:image:height\" content=\"1280\" \/>\n\t<meta property=\"og:image:type\" content=\"image\/jpeg\" \/>\n<meta name=\"twitter:card\" content=\"summary_large_image\" \/>\n<script type=\"application\/ld+json\" class=\"yoast-schema-graph\">{\"@context\":\"https:\/\/schema.org\",\"@graph\":[{\"@type\":\"WebPage\",\"@id\":\"https:\/\/alivio.org\/services\/pediatrics\/\",\"url\":\"https:\/\/alivio.org\/services\/pediatrics\/\",\"name\":\"Pedi\u00e1tricos &#8226; Centro M\u00e9dico Alivio\",\"isPartOf\":{\"@id\":\"https:\/\/alivio.org\/#website\"},\"primaryImageOfPage\":{\"@id\":\"https:\/\/alivio.org\/services\/pediatrics\/#primaryimage\"},\"image\":{\"@id\":\"https:\/\/alivio.org\/services\/pediatrics\/#primaryimage\"},\"thumbnailUrl\":\"https:\/\/alivio.imgix.net\/ALIVIO-3175.jpg?ixlib=php-3.3.1\",\"datePublished\":\"2022-08-22T17:47:05+00:00\",\"dateModified\":\"2024-11-11T16:31:04+00:00\",\"description\":\"Pediatras Certificados y Enfermeras en pediatr\u00eda del Centro M\u00e9dico Alivio son individuos experimentados dedicados al bienestar de su hijo.\",\"breadcrumb\":{\"@id\":\"https:\/\/alivio.org\/services\/pediatrics\/#breadcrumb\"},\"inLanguage\":\"es\",\"potentialAction\":[{\"@type\":\"ReadAction\",\"target\":[\"https:\/\/alivio.org\/services\/pediatrics\/\"]}]},{\"@type\":\"ImageObject\",\"inLanguage\":\"es\",\"@id\":\"https:\/\/alivio.org\/services\/pediatrics\/#primaryimage\",\"url\":\"https:\/\/alivio.imgix.net\/ALIVIO-3175.jpg?ixlib=php-3.3.1\",\"contentUrl\":\"https:\/\/alivio.imgix.net\/ALIVIO-3175.jpg?ixlib=php-3.3.1\",\"width\":1920,\"height\":1280},{\"@type\":\"BreadcrumbList\",\"@id\":\"https:\/\/alivio.org\/services\/pediatrics\/#breadcrumb\",\"itemListElement\":[{\"@type\":\"ListItem\",\"position\":1,\"name\":\"Home\",\"item\":\"https:\/\/alivio.org\/\"},{\"@type\":\"ListItem\",\"position\":2,\"name\":\"Services\",\"item\":\"https:\/\/alivio.org\/services\/\"},{\"@type\":\"ListItem\",\"position\":3,\"name\":\"Pediatrics\"}]},{\"@type\":\"WebSite\",\"@id\":\"https:\/\/alivio.org\/#website\",\"url\":\"https:\/\/alivio.org\/\",\"name\":\"Centro M\u00e9dico Alivio\",\"description\":\"Una Presencia Activa para una Comunidad Fuerte\",\"publisher\":{\"@id\":\"https:\/\/alivio.org\/#organization\"},\"potentialAction\":[{\"@type\":\"SearchAction\",\"target\":{\"@type\":\"EntryPoint\",\"urlTemplate\":\"https:\/\/alivio.org\/?s={search_term_string}\"},\"query-input\":{\"@type\":\"PropertyValueSpecification\",\"valueRequired\":true,\"valueName\":\"search_term_string\"}}],\"inLanguage\":\"es\"},{\"@type\":\"Organization\",\"@id\":\"https:\/\/alivio.org\/#organization\",\"name\":\"Centro M\u00e9dico Alivio\",\"url\":\"https:\/\/alivio.org\/\",\"logo\":{\"@type\":\"ImageObject\",\"inLanguage\":\"es\",\"@id\":\"https:\/\/alivio.org\/#\/schema\/logo\/image\/\",\"url\":\"https:\/\/alivio.imgix.net\/logo_full.png?ixlib=php-3.3.1\",\"contentUrl\":\"https:\/\/alivio.imgix.net\/logo_full.png?ixlib=php-3.3.1\",\"width\":354,\"height\":78,\"caption\":\"Centro M\u00e9dico Alivio\"},\"image\":{\"@id\":\"https:\/\/alivio.org\/#\/schema\/logo\/image\/\"},\"sameAs\":[\"https:\/\/www.facebook.com\/AlivioChicago\/\",\"https:\/\/www.linkedin.com\/company\/alivio-medical-center-inc-\"]}]}<\/script>","yoast_head_json":{"title":"Pedi\u00e1tricos &#8226; Centro M\u00e9dico Alivio","robots":{"index":"index","follow":"follow","max-snippet":"max-snippet:-1","max-image-preview":"max-image-preview:large","max-video-preview":"max-video-preview:-1"},"canonical":"https:\/\/alivio.org\/services\/pediatrics\/","og_locale":"es_ES","og_type":"article","og_title":"Pedi\u00e1tricos &#8226; Centro M\u00e9dico Alivio","og_url":"https:\/\/alivio.org\/services\/pediatrics\/","og_site_name":"Centro M\u00e9dico Alivio","article_publisher":"https:\/\/www.facebook.com\/AlivioChicago\/","article_modified_time":"2024-11-11T16:31:04+00:00","og_image":[{"width":1920,"height":1280,"url":"https:\/\/alivio.imgix.net\/ALIVIO-3175.jpg?ixlib=php-3.3.1","type":"image\/jpeg"}],"twitter_card":"summary_large_image","schema":{"@context":"https:\/\/schema.org","@graph":[{"@type":"WebPage","@id":"https:\/\/alivio.org\/services\/pediatrics\/","url":"https:\/\/alivio.org\/services\/pediatrics\/","name":"Pedi\u00e1tricos &#8226; Centro M\u00e9dico Alivio","isPartOf":{"@id":"https:\/\/alivio.org\/#website"},"primaryImageOfPage":{"@id":"https:\/\/alivio.org\/services\/pediatrics\/#primaryimage"},"image":{"@id":"https:\/\/alivio.org\/services\/pediatrics\/#primaryimage"},"thumbnailUrl":"https:\/\/alivio.imgix.net\/ALIVIO-3175.jpg?ixlib=php-3.3.1","datePublished":"2022-08-22T17:47:05+00:00","dateModified":"2024-11-11T16:31:04+00:00","description":"Pediatras Certificados y Enfermeras en pediatr\u00eda del Centro M\u00e9dico Alivio son individuos experimentados dedicados al bienestar de su hijo.","breadcrumb":{"@id":"https:\/\/alivio.org\/services\/pediatrics\/#breadcrumb"},"inLanguage":"es","potentialAction":[{"@type":"ReadAction","target":["https:\/\/alivio.org\/services\/pediatrics\/"]}]},{"@type":"ImageObject","inLanguage":"es","@id":"https:\/\/alivio.org\/services\/pediatrics\/#primaryimage","url":"https:\/\/alivio.imgix.net\/ALIVIO-3175.jpg?ixlib=php-3.3.1","contentUrl":"https:\/\/alivio.imgix.net\/ALIVIO-3175.jpg?ixlib=php-3.3.1","width":1920,"height":1280},{"@type":"BreadcrumbList","@id":"https:\/\/alivio.org\/services\/pediatrics\/#breadcrumb","itemListElement":[{"@type":"ListItem","position":1,"name":"Home","item":"https:\/\/alivio.org\/"},{"@type":"ListItem","position":2,"name":"Services","item":"https:\/\/alivio.org\/services\/"},{"@type":"ListItem","position":3,"name":"Pediatrics"}]},{"@type":"WebSite","@id":"https:\/\/alivio.org\/#website","url":"https:\/\/alivio.org\/","name":"Centro M\u00e9dico Alivio","description":"Una Presencia Activa para una Comunidad Fuerte","publisher":{"@id":"https:\/\/alivio.org\/#organization"},"potentialAction":[{"@type":"SearchAction","target":{"@type":"EntryPoint","urlTemplate":"https:\/\/alivio.org\/?s={search_term_string}"},"query-input":{"@type":"PropertyValueSpecification","valueRequired":true,"valueName":"search_term_string"}}],"inLanguage":"es"},{"@type":"Organization","@id":"https:\/\/alivio.org\/#organization","name":"Centro M\u00e9dico Alivio","url":"https:\/\/alivio.org\/","logo":{"@type":"ImageObject","inLanguage":"es","@id":"https:\/\/alivio.org\/#\/schema\/logo\/image\/","url":"https:\/\/alivio.imgix.net\/logo_full.png?ixlib=php-3.3.1","contentUrl":"https:\/\/alivio.imgix.net\/logo_full.png?ixlib=php-3.3.1","width":354,"height":78,"caption":"Centro M\u00e9dico Alivio"},"image":{"@id":"https:\/\/alivio.org\/#\/schema\/logo\/image\/"},"sameAs":["https:\/\/www.facebook.com\/AlivioChicago\/","https:\/\/www.linkedin.com\/company\/alivio-medical-center-inc-"]}]}},"jetpack_sharing_enabled":true,"publishpress_future_workflow_manual_trigger":{"enabledWorkflows":[]},"_links":{"self":[{"href":"https:\/\/alivio.org\/es\/wp-json\/wp\/v2\/pages\/108","targetHints":{"allow":["GET"]}}],"collection":[{"href":"https:\/\/alivio.org\/es\/wp-json\/wp\/v2\/pages"}],"about":[{"href":"https:\/\/alivio.org\/es\/wp-json\/wp\/v2\/types\/page"}],"author":[{"embeddable":true,"href":"https:\/\/alivio.org\/es\/wp-json\/wp\/v2\/users\/1"}],"replies":[{"embeddable":true,"href":"https:\/\/alivio.org\/es\/wp-json\/wp\/v2\/comments?post=108"}],"version-history":[{"count":26,"href":"https:\/\/alivio.org\/es\/wp-json\/wp\/v2\/pages\/108\/revisions"}],"predecessor-version":[{"id":6039,"href":"https:\/\/alivio.org\/es\/wp-json\/wp\/v2\/pages\/108\/revisions\/6039"}],"up":[{"embeddable":true,"href":"https:\/\/alivio.org\/es\/wp-json\/wp\/v2\/pages\/90"}],"wp:featuredmedia":[{"embeddable":true,"href":"https:\/\/alivio.org\/es\/wp-json\/wp\/v2\/media\/1666"}],"wp:attachment":[{"href":"https:\/\/alivio.org\/es\/wp-json\/wp\/v2\/media?parent=108"}],"wp:term":[{"taxonomy":"category","embeddable":true,"href":"https:\/\/alivio.org\/es\/wp-json\/wp\/v2\/categories?post=108"}],"curies":[{"name":"wp","href":"https:\/\/api.w.org\/{rel}","templated":true}]}}