{"id":110,"date":"2022-08-22T17:47:15","date_gmt":"2022-08-22T17:47:05","guid":{"rendered":"https:\/\/alivio.dev\/pharmacy\/"},"modified":"2025-04-08T13:48:54","modified_gmt":"2025-04-08T18:48:54","slug":"pharmacy","status":"publish","type":"page","link":"https:\/\/alivio.org\/es\/servicios\/farmacia\/","title":{"rendered":"Farmacia"},"content":{"rendered":"\n<h2 class=\"wp-block-heading\">Farmacia<\/h2>\n\n\n\n<p>Usted, como paciente, puedes participar en el Programa de Farmacia 340-B, que le permite comprar sus medicamentos a un precio reducido. (El ahorro es del 20% al 50% dependiendo de su medicamento.)<\/p>\n\n\n\n<p>Aceptamos la mayor\u00eda de seguros m\u00e9dicos, incluyendo Medicaid y Medicare. Para su comodidad, tenemos en existencia&nbsp; bombas de extracci\u00f3n de lactancia materna, fajas de soporte de maternidad, medias de compresi\u00f3n, vitaminas prenatales, almohadillas de gel y remedios a base de hierbas para ayudarle a trav\u00e9s de embarazo.<\/p>\n\n\n\n<h2 class=\"wp-block-heading\">RECAMBIOS Rx<\/h2>\n\n\n\n<p><em>\u00bfNecesita un resurtido de recetas? \u00a1Llame a la Farmacia Bienestar!<\/em><\/p>\n\n\n<div id=\"\" class=\"place side\">\n\n<ul class=\"wp-block-list\">\n<li>Bienestar en la Clinca de <a href=\"https:\/\/alivio.org\/locations\/morgan\/\">Morgan<\/a>:\n<ul class=\"wp-block-list\">\n<li>966 W 21<sup>st<\/sup> St., Chicago, 60608<\/li>\n\n\n\n<li>Llame al <a href=\"tel:\/\/3122262266\">312.226.2266<\/a><\/li>\n\n\n\n<li>Solo Texto 844.808.2072<\/li>\n<\/ul>\n<\/li>\n\n\n\n<li>Bienestar en la Clinca de <a href=\"https:\/\/alivio.org\/locations\/western\/\">Western<\/a>:\n<ul class=\"wp-block-list\">\n<li>2355 S Western Ave., Chicago, 60608<\/li>\n\n\n\n<li>Llame al <a href=\"tel:\/\/7738695200\">773.869.5200<\/a><\/li>\n\n\n\n<li>Solo Texto 877.620.1654<\/li>\n<\/ul>\n<\/li>\n\n\n\n<li>Bienestar en la Clinca de <a href=\"https:\/\/alivio.org\/locations\/berwyn\/\">Berwyn<\/a>:\n<ul class=\"wp-block-list\">\n<li>6447 W Cermak Rd.,&nbsp;Berwyn,&nbsp;60402<\/li>\n\n\n\n<li>Llame al <a href=\"tel:\/\/7089567786\">708.956.7786<\/a><\/li>\n\n\n\n<li>Solo Texto 877.301.6966<\/li>\n<\/ul>\n<\/li>\n<\/ul>\n<\/div>\n\n\n\n<p><em>Ahorre tiempo y obtenga sus recetas m\u00e1s r\u00e1pido llamando o enviando un mensaje de texto directamente a la farmacia para reabastecerse. El farmac\u00e9utico puede comunicarse r\u00e1pidamente con su m\u00e9dico por v\u00eda electr\u00f3nica. Nuestro amable personal de Bienestar est\u00e1 listo para atenderte con prontitud.<\/em><\/p>\n\n\n\n<p><em>Nuestras farmacias son operadas por Bienestar Pharmacy ubicada en las ubicaciones de Alivio\u2019s Morgan Street, Western Ave y Berwyn y ofrecen entrega gratuita a domicilio. Para obtener m\u00e1s informaci\u00f3n, llame directamente a la farmacia.<\/em><\/p>\n\n\n\n<p><em>*El tiempo de respuesta de la reposici\u00f3n puede tardar de 1 a 2 d\u00edas h\u00e1biles o m\u00e1s. Si le toca para su cita o laboratorio, es posible que no se aprueben los resurtidos hasta que se haga una cita o se complete el laboratorio.<\/em><br><em>Cuando env\u00ede mensajes de texto para reabastecerse, env\u00ede su nombre, fecha de nacimiento y nombre de los medicamentos. Solo mensajes de texto (no textos de voz)<\/em>.<\/p>\n","protected":false},"excerpt":{"rendered":"<p>Usted, como paciente, puedes participar en el Programa de Farmacia 340-B, que le permite comprar sus medicamentos a un precio reducido.<\/p>\n","protected":false},"author":1,"featured_media":1375,"parent":90,"menu_order":8,"comment_status":"closed","ping_status":"closed","template":"","meta":{"_relevanssi_hide_post":"","_relevanssi_hide_content":"","_relevanssi_pin_for_all":"","_relevanssi_pin_keywords":"","_relevanssi_unpin_keywords":"","_relevanssi_related_keywords":"","_relevanssi_related_include_ids":"","_relevanssi_related_exclude_ids":"","_relevanssi_related_no_append":"","_relevanssi_related_not_related":"","_relevanssi_related_posts":"692,669,755,641,767,630","_relevanssi_noindex_reason":"","footnotes":""},"categories":[],"class_list":["post-110","page","type-page","status-publish","has-post-thumbnail","hentry"],"translation":{"provider":"WPGlobus","version":"3.0.2","language":"es","enabled_languages":["en","es","zh"],"languages":{"en":{"title":true,"content":true,"excerpt":true},"es":{"title":true,"content":true,"excerpt":true},"zh":{"title":true,"content":true,"excerpt":false}}},"acf":[],"yoast_head":"<title>Farmacia &#8226; Centro M\u00e9dico Alivio<\/title>\n<meta name=\"robots\" content=\"index, follow, max-snippet:-1, max-image-preview:large, max-video-preview:-1\" \/>\n<link rel=\"canonical\" href=\"https:\/\/alivio.org\/services\/pharmacy\/\" \/>\n<meta property=\"og:locale\" content=\"es_ES\" \/>\n<meta property=\"og:type\" content=\"article\" \/>\n<meta property=\"og:title\" content=\"Farmacia &#8226; Centro M\u00e9dico Alivio\" \/>\n<meta property=\"og:url\" content=\"https:\/\/alivio.org\/services\/pharmacy\/\" \/>\n<meta property=\"og:site_name\" content=\"Centro M\u00e9dico Alivio\" \/>\n<meta property=\"article:publisher\" content=\"https:\/\/www.facebook.com\/AlivioChicago\/\" \/>\n<meta property=\"article:modified_time\" content=\"2025-04-08T18:48:54+00:00\" \/>\n<meta property=\"og:image\" content=\"https:\/\/alivio.imgix.net\/alivio_6644.jpg?ixlib=php-3.3.1\" \/>\n\t<meta property=\"og:image:width\" content=\"1920\" \/>\n\t<meta property=\"og:image:height\" content=\"1280\" \/>\n\t<meta property=\"og:image:type\" content=\"image\/jpeg\" \/>\n<meta name=\"twitter:card\" content=\"summary_large_image\" \/>\n<script type=\"application\/ld+json\" class=\"yoast-schema-graph\">{\"@context\":\"https:\/\/schema.org\",\"@graph\":[{\"@type\":\"WebPage\",\"@id\":\"https:\/\/alivio.org\/services\/pharmacy\/\",\"url\":\"https:\/\/alivio.org\/services\/pharmacy\/\",\"name\":\"Farmacia &#8226; Centro M\u00e9dico Alivio\",\"isPartOf\":{\"@id\":\"https:\/\/alivio.org\/#website\"},\"primaryImageOfPage\":{\"@id\":\"https:\/\/alivio.org\/services\/pharmacy\/#primaryimage\"},\"image\":{\"@id\":\"https:\/\/alivio.org\/services\/pharmacy\/#primaryimage\"},\"thumbnailUrl\":\"https:\/\/alivio.imgix.net\/alivio_6644.jpg?ixlib=php-3.3.1\",\"datePublished\":\"2022-08-22T17:47:05+00:00\",\"dateModified\":\"2025-04-08T18:48:54+00:00\",\"description\":\"Usted, como paciente, puedes participar en el Programa de Farmacia 340-B, que le permite comprar sus medicamentos a un precio reducido.\",\"breadcrumb\":{\"@id\":\"https:\/\/alivio.org\/services\/pharmacy\/#breadcrumb\"},\"inLanguage\":\"es\",\"potentialAction\":[{\"@type\":\"ReadAction\",\"target\":[\"https:\/\/alivio.org\/services\/pharmacy\/\"]}]},{\"@type\":\"ImageObject\",\"inLanguage\":\"es\",\"@id\":\"https:\/\/alivio.org\/services\/pharmacy\/#primaryimage\",\"url\":\"https:\/\/alivio.imgix.net\/alivio_6644.jpg?ixlib=php-3.3.1\",\"contentUrl\":\"https:\/\/alivio.imgix.net\/alivio_6644.jpg?ixlib=php-3.3.1\",\"width\":1920,\"height\":1280},{\"@type\":\"BreadcrumbList\",\"@id\":\"https:\/\/alivio.org\/services\/pharmacy\/#breadcrumb\",\"itemListElement\":[{\"@type\":\"ListItem\",\"position\":1,\"name\":\"Home\",\"item\":\"https:\/\/alivio.org\/\"},{\"@type\":\"ListItem\",\"position\":2,\"name\":\"Services\",\"item\":\"https:\/\/alivio.org\/services\/\"},{\"@type\":\"ListItem\",\"position\":3,\"name\":\"Pharmacy &#038; Rx Refills\"}]},{\"@type\":\"WebSite\",\"@id\":\"https:\/\/alivio.org\/#website\",\"url\":\"https:\/\/alivio.org\/\",\"name\":\"Centro M\u00e9dico Alivio\",\"description\":\"Una Presencia Activa para una Comunidad Fuerte\",\"publisher\":{\"@id\":\"https:\/\/alivio.org\/#organization\"},\"potentialAction\":[{\"@type\":\"SearchAction\",\"target\":{\"@type\":\"EntryPoint\",\"urlTemplate\":\"https:\/\/alivio.org\/?s={search_term_string}\"},\"query-input\":{\"@type\":\"PropertyValueSpecification\",\"valueRequired\":true,\"valueName\":\"search_term_string\"}}],\"inLanguage\":\"es\"},{\"@type\":\"Organization\",\"@id\":\"https:\/\/alivio.org\/#organization\",\"name\":\"Centro M\u00e9dico Alivio\",\"url\":\"https:\/\/alivio.org\/\",\"logo\":{\"@type\":\"ImageObject\",\"inLanguage\":\"es\",\"@id\":\"https:\/\/alivio.org\/#\/schema\/logo\/image\/\",\"url\":\"https:\/\/alivio.imgix.net\/logo_full.png?ixlib=php-3.3.1\",\"contentUrl\":\"https:\/\/alivio.imgix.net\/logo_full.png?ixlib=php-3.3.1\",\"width\":354,\"height\":78,\"caption\":\"Centro M\u00e9dico Alivio\"},\"image\":{\"@id\":\"https:\/\/alivio.org\/#\/schema\/logo\/image\/\"},\"sameAs\":[\"https:\/\/www.facebook.com\/AlivioChicago\/\",\"https:\/\/www.linkedin.com\/company\/alivio-medical-center-inc-\"]}]}<\/script>","yoast_head_json":{"title":"Farmacia &#8226; Centro M\u00e9dico Alivio","robots":{"index":"index","follow":"follow","max-snippet":"max-snippet:-1","max-image-preview":"max-image-preview:large","max-video-preview":"max-video-preview:-1"},"canonical":"https:\/\/alivio.org\/services\/pharmacy\/","og_locale":"es_ES","og_type":"article","og_title":"Farmacia &#8226; Centro M\u00e9dico Alivio","og_url":"https:\/\/alivio.org\/services\/pharmacy\/","og_site_name":"Centro M\u00e9dico Alivio","article_publisher":"https:\/\/www.facebook.com\/AlivioChicago\/","article_modified_time":"2025-04-08T18:48:54+00:00","og_image":[{"width":1920,"height":1280,"url":"https:\/\/alivio.imgix.net\/alivio_6644.jpg?ixlib=php-3.3.1","type":"image\/jpeg"}],"twitter_card":"summary_large_image","schema":{"@context":"https:\/\/schema.org","@graph":[{"@type":"WebPage","@id":"https:\/\/alivio.org\/services\/pharmacy\/","url":"https:\/\/alivio.org\/services\/pharmacy\/","name":"Farmacia &#8226; Centro M\u00e9dico Alivio","isPartOf":{"@id":"https:\/\/alivio.org\/#website"},"primaryImageOfPage":{"@id":"https:\/\/alivio.org\/services\/pharmacy\/#primaryimage"},"image":{"@id":"https:\/\/alivio.org\/services\/pharmacy\/#primaryimage"},"thumbnailUrl":"https:\/\/alivio.imgix.net\/alivio_6644.jpg?ixlib=php-3.3.1","datePublished":"2022-08-22T17:47:05+00:00","dateModified":"2025-04-08T18:48:54+00:00","description":"Usted, como paciente, puedes participar en el Programa de Farmacia 340-B, que le permite comprar sus medicamentos a un precio reducido.","breadcrumb":{"@id":"https:\/\/alivio.org\/services\/pharmacy\/#breadcrumb"},"inLanguage":"es","potentialAction":[{"@type":"ReadAction","target":["https:\/\/alivio.org\/services\/pharmacy\/"]}]},{"@type":"ImageObject","inLanguage":"es","@id":"https:\/\/alivio.org\/services\/pharmacy\/#primaryimage","url":"https:\/\/alivio.imgix.net\/alivio_6644.jpg?ixlib=php-3.3.1","contentUrl":"https:\/\/alivio.imgix.net\/alivio_6644.jpg?ixlib=php-3.3.1","width":1920,"height":1280},{"@type":"BreadcrumbList","@id":"https:\/\/alivio.org\/services\/pharmacy\/#breadcrumb","itemListElement":[{"@type":"ListItem","position":1,"name":"Home","item":"https:\/\/alivio.org\/"},{"@type":"ListItem","position":2,"name":"Services","item":"https:\/\/alivio.org\/services\/"},{"@type":"ListItem","position":3,"name":"Pharmacy &#038; Rx Refills"}]},{"@type":"WebSite","@id":"https:\/\/alivio.org\/#website","url":"https:\/\/alivio.org\/","name":"Centro M\u00e9dico Alivio","description":"Una Presencia Activa para una Comunidad Fuerte","publisher":{"@id":"https:\/\/alivio.org\/#organization"},"potentialAction":[{"@type":"SearchAction","target":{"@type":"EntryPoint","urlTemplate":"https:\/\/alivio.org\/?s={search_term_string}"},"query-input":{"@type":"PropertyValueSpecification","valueRequired":true,"valueName":"search_term_string"}}],"inLanguage":"es"},{"@type":"Organization","@id":"https:\/\/alivio.org\/#organization","name":"Centro M\u00e9dico Alivio","url":"https:\/\/alivio.org\/","logo":{"@type":"ImageObject","inLanguage":"es","@id":"https:\/\/alivio.org\/#\/schema\/logo\/image\/","url":"https:\/\/alivio.imgix.net\/logo_full.png?ixlib=php-3.3.1","contentUrl":"https:\/\/alivio.imgix.net\/logo_full.png?ixlib=php-3.3.1","width":354,"height":78,"caption":"Centro M\u00e9dico Alivio"},"image":{"@id":"https:\/\/alivio.org\/#\/schema\/logo\/image\/"},"sameAs":["https:\/\/www.facebook.com\/AlivioChicago\/","https:\/\/www.linkedin.com\/company\/alivio-medical-center-inc-"]}]}},"jetpack_sharing_enabled":true,"publishpress_future_workflow_manual_trigger":{"enabledWorkflows":[]},"_links":{"self":[{"href":"https:\/\/alivio.org\/es\/wp-json\/wp\/v2\/pages\/110","targetHints":{"allow":["GET"]}}],"collection":[{"href":"https:\/\/alivio.org\/es\/wp-json\/wp\/v2\/pages"}],"about":[{"href":"https:\/\/alivio.org\/es\/wp-json\/wp\/v2\/types\/page"}],"author":[{"embeddable":true,"href":"https:\/\/alivio.org\/es\/wp-json\/wp\/v2\/users\/1"}],"replies":[{"embeddable":true,"href":"https:\/\/alivio.org\/es\/wp-json\/wp\/v2\/comments?post=110"}],"version-history":[{"count":47,"href":"https:\/\/alivio.org\/es\/wp-json\/wp\/v2\/pages\/110\/revisions"}],"predecessor-version":[{"id":6383,"href":"https:\/\/alivio.org\/es\/wp-json\/wp\/v2\/pages\/110\/revisions\/6383"}],"up":[{"embeddable":true,"href":"https:\/\/alivio.org\/es\/wp-json\/wp\/v2\/pages\/90"}],"wp:featuredmedia":[{"embeddable":true,"href":"https:\/\/alivio.org\/es\/wp-json\/wp\/v2\/media\/1375"}],"wp:attachment":[{"href":"https:\/\/alivio.org\/es\/wp-json\/wp\/v2\/media?parent=110"}],"wp:term":[{"taxonomy":"category","embeddable":true,"href":"https:\/\/alivio.org\/es\/wp-json\/wp\/v2\/categories?post=110"}],"curies":[{"name":"wp","href":"https:\/\/api.w.org\/{rel}","templated":true}]}}