{"id":1138,"date":"2023-04-12T16:37:15","date_gmt":"2023-04-12T16:37:50","guid":{"rendered":"https:\/\/alivio.org\/?page_id=1138"},"modified":"2026-01-27T16:38:36","modified_gmt":"2026-01-27T22:38:36","slug":"hiv","status":"publish","type":"page","link":"https:\/\/alivio.org\/es\/programas\/vih\/","title":{"rendered":"Prevenci\u00f3n del VIH"},"content":{"rendered":"\n<h2 class=\"wp-block-heading\">Prevenci\u00f3n del VIH<\/h2>\n\n\n\n<p>El proyecto Alivio en ROJO fue creado espec\u00edficamente para ayudar a educar a la comunidad sobre el VIH, pero lo m\u00e1s importante para terminar con el estigma detr\u00e1s de \u00e9l. A trav\u00e9s del fomento de la educaci\u00f3n, la conciencia y la compasi\u00f3n con el alcance comunitario, las campa\u00f1as p\u00fablicas y la prestaci\u00f3n de servicios de atenci\u00f3n m\u00e9dica accesibles, el equipo de Alivio en ROJO desaf\u00eda de manera efectiva los conceptos err\u00f3neos contra las personas que viven con el VIH.<\/p>\n\n\n\n<h3 class=\"wp-block-heading\">\u00bfQue es el VIH?<\/h3>\n\n\n\n<p>La sigla VIG significa virus de la inmunodeficiencia humana. El VIH debilita el sistema inmunitario de las personas porque destruye las c\u00e9lulas importantes que luchan contra las enfermedades y las infecciones.<\/p>\n\n\n<div id=\"\" class=\"place side\">\n\n<header>Horas del programa de VIH<\/header>\n\n<dl class=\"jetpack-business-hours\">\n<div>\n<dt>Lunes:<\/dt><dd>11:00am &#8211; 5:00pm a Morgan<\/dd>\n<\/div>\n<div>\n<dt>Martes:<\/dt><dd>9:00am &#8211; 4:00pm a Morgan <\/dd>\n<\/div>\n<div>\n<dt>Mi\u00e9rcoles:<\/dt><dd>Solo con cita previa<\/dd>\n<\/div>\n<div>\n<dt>Jueves:<\/dt><dd>9:00am &#8211; 2:00pm a Consulado de M\u00e9xico<\/dd>\n<\/div>\n<div>\n<dt>Viernes<\/dt><dd>9:00am &#8211; 4:00pm a Morgan<\/dd>\n<\/div>\n<\/dl>\n\n<hr class=\"wp-block-separator has-alpha-channel-opacity hr\"\/>\n\n<ul class=\"wp-block-list\">\n<li><strong><a href=\"https:\/\/alivio.org\/locations\/morgan\/\">Morgan<\/a>:<\/strong> 966 W. 21st Street<\/li>\n\n\n\n<li><strong>Consulado de M\u00e9xico: <\/strong>204 S. Ashland Ave<\/li>\n<\/ul>\n\n<footer>Se aceptan visitas sin cita previa, pero se prefieren y animan las citas.<\/footer>\n<\/div>\n\n\n\n<h3 class=\"wp-block-heading\">\u00bfEl VIH tiene cura?<\/h3>\n\n\n\n<p>En la actualidad no hay una cura eficaz para la infecci\u00f3n por el VIH. Sin embargo, con la atenci\u00f3n m\u00e9dica adecuada, se puede controlar.<\/p>\n\n\n\n<p>El programa <strong>Alivio en ROJO<\/strong> presencial y m\u00f3vil ofrece:<\/p>\n\n\n\n<ul class=\"wp-block-list array\">\n<li><strong>Ex\u00e1menes r\u00e1pidos<\/strong> de VIH<\/li>\n\n\n\n<li><strong>Asesoramiento<\/strong> para ayudar a los miembros de la comunidad a reconocer los riesgos de virus y las medidas preventivas.<\/li>\n\n\n\n<li><strong>Terapia antirreviral<\/strong> (ART)<\/li>\n\n\n\n<li>Eventos de <strong>extensi\u00f3n comunitaria<\/strong><\/li>\n\n\n\n<li>Servicios de <abbr title=\"Una forma eficaz de prevenir la infecci\u00f3n por VIH\"><strong>PrEP<\/strong> (profilaxis previa a la exposici\u00f3n)<\/abbr><\/li>\n\n\n\n<li><abbr title=\"La PEP es un medicamento de emergencia que puede detener el VIH antes de que infecte su cuerpo.\"><strong>PEP<\/strong> (profilaxis post-exposici\u00f3n)<\/abbr><\/li>\n<\/ul>\n\n\n\n<p>Para m\u00e1s informaci\u00f3n sobre los servicios de Alivio en ROJO, <a href=\"\/files\/prep\/\">por favor haga clic aqu\u00ed<\/a>.<\/p>\n","protected":false},"excerpt":{"rendered":"<p>El proyecto Alivio en ROJO fue creado espec\u00edficamente para ayudar a educar a la comunidad sobre el VIH.<\/p>\n","protected":false},"author":1,"featured_media":403,"parent":94,"menu_order":4,"comment_status":"closed","ping_status":"closed","template":"","meta":{"_relevanssi_hide_post":"","_relevanssi_hide_content":"","_relevanssi_pin_for_all":"","_relevanssi_pin_keywords":"","_relevanssi_unpin_keywords":"","_relevanssi_related_keywords":"","_relevanssi_related_include_ids":"","_relevanssi_related_exclude_ids":"","_relevanssi_related_no_append":"","_relevanssi_related_not_related":"","_relevanssi_related_posts":"672,651,669,678,696,751","_relevanssi_noindex_reason":"","footnotes":""},"categories":[],"class_list":["post-1138","page","type-page","status-publish","has-post-thumbnail","hentry"],"translation":{"provider":"WPGlobus","version":"3.0.2","language":"es","enabled_languages":["en","es","zh"],"languages":{"en":{"title":true,"content":true,"excerpt":true},"es":{"title":true,"content":true,"excerpt":true},"zh":{"title":true,"content":true,"excerpt":false}}},"acf":[],"yoast_head":"<title>Prevenci\u00f3n del VIH &#8226; Centro M\u00e9dico Alivio<\/title>\n<meta name=\"robots\" content=\"index, follow, max-snippet:-1, max-image-preview:large, max-video-preview:-1\" \/>\n<link rel=\"canonical\" href=\"https:\/\/alivio.org\/programs\/hiv\/\" \/>\n<meta property=\"og:locale\" content=\"es_ES\" \/>\n<meta property=\"og:type\" content=\"article\" \/>\n<meta property=\"og:title\" content=\"Prevenci\u00f3n del VIH &#8226; Centro M\u00e9dico Alivio\" \/>\n<meta property=\"og:url\" content=\"https:\/\/alivio.org\/programs\/hiv\/\" \/>\n<meta property=\"og:site_name\" content=\"Centro M\u00e9dico Alivio\" \/>\n<meta property=\"article:publisher\" content=\"https:\/\/www.facebook.com\/AlivioChicago\/\" \/>\n<meta property=\"article:modified_time\" content=\"2026-01-27T22:38:36+00:00\" \/>\n<meta property=\"og:image\" content=\"https:\/\/alivio.imgix.net\/alivio17.jpg?fit=scale&h=853&ixlib=php-3.3.1&w=1280&wpsize=large\" \/>\n\t<meta property=\"og:image:width\" content=\"1280\" \/>\n\t<meta property=\"og:image:height\" content=\"853\" \/>\n\t<meta property=\"og:image:type\" content=\"image\/jpeg\" \/>\n<meta name=\"twitter:card\" content=\"summary_large_image\" \/>\n<script type=\"application\/ld+json\" class=\"yoast-schema-graph\">{\"@context\":\"https:\/\/schema.org\",\"@graph\":[{\"@type\":\"WebPage\",\"@id\":\"https:\/\/alivio.org\/programs\/hiv\/\",\"url\":\"https:\/\/alivio.org\/programs\/hiv\/\",\"name\":\"Prevenci\u00f3n del VIH &#8226; Centro M\u00e9dico Alivio\",\"isPartOf\":{\"@id\":\"https:\/\/alivio.org\/#website\"},\"primaryImageOfPage\":{\"@id\":\"https:\/\/alivio.org\/programs\/hiv\/#primaryimage\"},\"image\":{\"@id\":\"https:\/\/alivio.org\/programs\/hiv\/#primaryimage\"},\"thumbnailUrl\":\"https:\/\/alivio.imgix.net\/alivio17.jpg?ixlib=php-3.3.1\",\"datePublished\":\"2023-04-12T16:37:50+00:00\",\"dateModified\":\"2026-01-27T22:38:36+00:00\",\"description\":\"El proyecto Alivio en ROJO fue creado espec\u00edficamente para ayudar a educar a la comunidad sobre el VIH.\",\"breadcrumb\":{\"@id\":\"https:\/\/alivio.org\/programs\/hiv\/#breadcrumb\"},\"inLanguage\":\"es\",\"potentialAction\":[{\"@type\":\"ReadAction\",\"target\":[\"https:\/\/alivio.org\/programs\/hiv\/\"]}]},{\"@type\":\"ImageObject\",\"inLanguage\":\"es\",\"@id\":\"https:\/\/alivio.org\/programs\/hiv\/#primaryimage\",\"url\":\"https:\/\/alivio.imgix.net\/alivio17.jpg?ixlib=php-3.3.1\",\"contentUrl\":\"https:\/\/alivio.imgix.net\/alivio17.jpg?ixlib=php-3.3.1\",\"width\":6000,\"height\":4000},{\"@type\":\"BreadcrumbList\",\"@id\":\"https:\/\/alivio.org\/programs\/hiv\/#breadcrumb\",\"itemListElement\":[{\"@type\":\"ListItem\",\"position\":1,\"name\":\"Home\",\"item\":\"https:\/\/alivio.org\/\"},{\"@type\":\"ListItem\",\"position\":2,\"name\":\"Programs\",\"item\":\"https:\/\/alivio.org\/programs\/\"},{\"@type\":\"ListItem\",\"position\":3,\"name\":\"HIV Prevention\"}]},{\"@type\":\"WebSite\",\"@id\":\"https:\/\/alivio.org\/#website\",\"url\":\"https:\/\/alivio.org\/\",\"name\":\"Centro M\u00e9dico Alivio\",\"description\":\"Una Presencia Activa para una Comunidad Fuerte\",\"publisher\":{\"@id\":\"https:\/\/alivio.org\/#organization\"},\"potentialAction\":[{\"@type\":\"SearchAction\",\"target\":{\"@type\":\"EntryPoint\",\"urlTemplate\":\"https:\/\/alivio.org\/?s={search_term_string}\"},\"query-input\":{\"@type\":\"PropertyValueSpecification\",\"valueRequired\":true,\"valueName\":\"search_term_string\"}}],\"inLanguage\":\"es\"},{\"@type\":\"Organization\",\"@id\":\"https:\/\/alivio.org\/#organization\",\"name\":\"Centro M\u00e9dico Alivio\",\"url\":\"https:\/\/alivio.org\/\",\"logo\":{\"@type\":\"ImageObject\",\"inLanguage\":\"es\",\"@id\":\"https:\/\/alivio.org\/#\/schema\/logo\/image\/\",\"url\":\"https:\/\/alivio.imgix.net\/logo_full.png?ixlib=php-3.3.1\",\"contentUrl\":\"https:\/\/alivio.imgix.net\/logo_full.png?ixlib=php-3.3.1\",\"width\":354,\"height\":78,\"caption\":\"Centro M\u00e9dico Alivio\"},\"image\":{\"@id\":\"https:\/\/alivio.org\/#\/schema\/logo\/image\/\"},\"sameAs\":[\"https:\/\/www.facebook.com\/AlivioChicago\/\",\"https:\/\/www.linkedin.com\/company\/alivio-medical-center-inc-\"]}]}<\/script>","yoast_head_json":{"title":"Prevenci\u00f3n del VIH &#8226; Centro M\u00e9dico Alivio","robots":{"index":"index","follow":"follow","max-snippet":"max-snippet:-1","max-image-preview":"max-image-preview:large","max-video-preview":"max-video-preview:-1"},"canonical":"https:\/\/alivio.org\/programs\/hiv\/","og_locale":"es_ES","og_type":"article","og_title":"Prevenci\u00f3n del VIH &#8226; Centro M\u00e9dico Alivio","og_url":"https:\/\/alivio.org\/programs\/hiv\/","og_site_name":"Centro M\u00e9dico Alivio","article_publisher":"https:\/\/www.facebook.com\/AlivioChicago\/","article_modified_time":"2026-01-27T22:38:36+00:00","og_image":[{"width":1280,"height":853,"url":"https:\/\/alivio.imgix.net\/alivio17.jpg?fit=scale&h=853&ixlib=php-3.3.1&w=1280&wpsize=large","type":"image\/jpeg"}],"twitter_card":"summary_large_image","schema":{"@context":"https:\/\/schema.org","@graph":[{"@type":"WebPage","@id":"https:\/\/alivio.org\/programs\/hiv\/","url":"https:\/\/alivio.org\/programs\/hiv\/","name":"Prevenci\u00f3n del VIH &#8226; Centro M\u00e9dico Alivio","isPartOf":{"@id":"https:\/\/alivio.org\/#website"},"primaryImageOfPage":{"@id":"https:\/\/alivio.org\/programs\/hiv\/#primaryimage"},"image":{"@id":"https:\/\/alivio.org\/programs\/hiv\/#primaryimage"},"thumbnailUrl":"https:\/\/alivio.imgix.net\/alivio17.jpg?ixlib=php-3.3.1","datePublished":"2023-04-12T16:37:50+00:00","dateModified":"2026-01-27T22:38:36+00:00","description":"El proyecto Alivio en ROJO fue creado espec\u00edficamente para ayudar a educar a la comunidad sobre el VIH.","breadcrumb":{"@id":"https:\/\/alivio.org\/programs\/hiv\/#breadcrumb"},"inLanguage":"es","potentialAction":[{"@type":"ReadAction","target":["https:\/\/alivio.org\/programs\/hiv\/"]}]},{"@type":"ImageObject","inLanguage":"es","@id":"https:\/\/alivio.org\/programs\/hiv\/#primaryimage","url":"https:\/\/alivio.imgix.net\/alivio17.jpg?ixlib=php-3.3.1","contentUrl":"https:\/\/alivio.imgix.net\/alivio17.jpg?ixlib=php-3.3.1","width":6000,"height":4000},{"@type":"BreadcrumbList","@id":"https:\/\/alivio.org\/programs\/hiv\/#breadcrumb","itemListElement":[{"@type":"ListItem","position":1,"name":"Home","item":"https:\/\/alivio.org\/"},{"@type":"ListItem","position":2,"name":"Programs","item":"https:\/\/alivio.org\/programs\/"},{"@type":"ListItem","position":3,"name":"HIV Prevention"}]},{"@type":"WebSite","@id":"https:\/\/alivio.org\/#website","url":"https:\/\/alivio.org\/","name":"Centro M\u00e9dico Alivio","description":"Una Presencia Activa para una Comunidad Fuerte","publisher":{"@id":"https:\/\/alivio.org\/#organization"},"potentialAction":[{"@type":"SearchAction","target":{"@type":"EntryPoint","urlTemplate":"https:\/\/alivio.org\/?s={search_term_string}"},"query-input":{"@type":"PropertyValueSpecification","valueRequired":true,"valueName":"search_term_string"}}],"inLanguage":"es"},{"@type":"Organization","@id":"https:\/\/alivio.org\/#organization","name":"Centro M\u00e9dico Alivio","url":"https:\/\/alivio.org\/","logo":{"@type":"ImageObject","inLanguage":"es","@id":"https:\/\/alivio.org\/#\/schema\/logo\/image\/","url":"https:\/\/alivio.imgix.net\/logo_full.png?ixlib=php-3.3.1","contentUrl":"https:\/\/alivio.imgix.net\/logo_full.png?ixlib=php-3.3.1","width":354,"height":78,"caption":"Centro M\u00e9dico Alivio"},"image":{"@id":"https:\/\/alivio.org\/#\/schema\/logo\/image\/"},"sameAs":["https:\/\/www.facebook.com\/AlivioChicago\/","https:\/\/www.linkedin.com\/company\/alivio-medical-center-inc-"]}]}},"jetpack_sharing_enabled":true,"publishpress_future_workflow_manual_trigger":{"enabledWorkflows":[]},"_links":{"self":[{"href":"https:\/\/alivio.org\/es\/wp-json\/wp\/v2\/pages\/1138","targetHints":{"allow":["GET"]}}],"collection":[{"href":"https:\/\/alivio.org\/es\/wp-json\/wp\/v2\/pages"}],"about":[{"href":"https:\/\/alivio.org\/es\/wp-json\/wp\/v2\/types\/page"}],"author":[{"embeddable":true,"href":"https:\/\/alivio.org\/es\/wp-json\/wp\/v2\/users\/1"}],"replies":[{"embeddable":true,"href":"https:\/\/alivio.org\/es\/wp-json\/wp\/v2\/comments?post=1138"}],"version-history":[{"count":63,"href":"https:\/\/alivio.org\/es\/wp-json\/wp\/v2\/pages\/1138\/revisions"}],"predecessor-version":[{"id":7559,"href":"https:\/\/alivio.org\/es\/wp-json\/wp\/v2\/pages\/1138\/revisions\/7559"}],"up":[{"embeddable":true,"href":"https:\/\/alivio.org\/es\/wp-json\/wp\/v2\/pages\/94"}],"wp:featuredmedia":[{"embeddable":true,"href":"https:\/\/alivio.org\/es\/wp-json\/wp\/v2\/media\/403"}],"wp:attachment":[{"href":"https:\/\/alivio.org\/es\/wp-json\/wp\/v2\/media?parent=1138"}],"wp:term":[{"taxonomy":"category","embeddable":true,"href":"https:\/\/alivio.org\/es\/wp-json\/wp\/v2\/categories?post=1138"}],"curies":[{"name":"wp","href":"https:\/\/api.w.org\/{rel}","templated":true}]}}