{"id":120,"date":"2022-08-22T17:52:51","date_gmt":"2022-08-22T17:52:51","guid":{"rendered":"https:\/\/alivio.dev\/mission-vision-values\/"},"modified":"2024-10-02T13:51:10","modified_gmt":"2024-10-02T18:51:10","slug":"mission","status":"publish","type":"page","link":"https:\/\/alivio.org\/es\/acerca\/mision\/","title":{"rendered":"Misi\u00f3n, Visi\u00f3n y Valores"},"content":{"rendered":"\n<h2 class=\"wp-block-heading\">Nuestra Misi\u00f3n<\/h2>\n\n\n\n<p>El Centro M\u00e9dico Alivio es una organizaci\u00f3n biling\u00fce y bicultural comprometida en brindar acceso al cuidado de salud a la comunidad Latina, a las personas sin seguro m\u00e9dico y de cubertura limitada sin excluir otras razas o culturas. Esta misi\u00f3n se expresa a trav\u00e9s de su vocaci\u00f3n de servicio, promoci\u00f3n, educaci\u00f3n, investigaci\u00f3n y evaluaci\u00f3n en un ambiente agradable y de respeto.<\/p>\n\n\n\n<h2 class=\"wp-block-heading\">Nuestra Visi\u00f3n<\/h2>\n\n\n\n<p>La visi\u00f3n para el Centro M\u00e9dico Alivio&nbsp; es la de una instituci\u00f3n de cuidado de salud con m\u00faltiples centros de salud que proporciona servicios de&nbsp; calidad, bien coordinados, integrados, comprensivos y culturalmente sensitivos. Alivio es visto como un est\u00e1ndar, un l\u00edder, y un modelo para los centros de salud comunitarios en todo el pa\u00eds. La comunidad ve en Alivio un centro de salud comunitario, donde pueden encontrar conexiones con otros que comparten retos de salud similares.<\/p>\n\n\n\n\n\n<h2 class=\"wp-block-heading\">Nuestros Valores<\/h2>\n\n\n\n<ul class=\"wp-block-list points\">\n<li><strong>Compasi\u00f3n<\/strong><br>Estamos comprometidos a responder a las necesidades de nuestros pacientes y de nuestra comunidad con amabilidad, igualdad y comprensi\u00f3n.<\/li>\n\n\n\n<li><strong>Calidad<\/strong><br>Estamos comprometidos a hacer todo lo posible para crear un ambiente acogedor y amigable que promueva cuidados m\u00e9dicos de calidad<\/li>\n\n\n\n<li><strong>Respeto<\/strong><br>Creemos que todo el mundo merece ser tratado con dignidad, respeto, consideraci\u00f3n y cortes\u00eda.<\/li>\n\n\n\n<li><strong>Integridad<\/strong><br>Valoramos la honestidad, la dignidad, el respeto, la apertura y el buen car\u00e1cter.<\/li>\n\n\n\n<li><strong>Dedicaci\u00f3n<\/strong><br>Nos esforzamos para dedicar y concentrar nuestros esfuerzos en brindar el mejor servicio y atenci\u00f3n posible.<\/li>\n\n\n\n<li><strong>Progreso<\/strong><br>Estamos comprometidos con mejorar y fomentar el avance y desarrollo de nuestros servicios en nuestra comunidad.<\/li>\n<\/ul>\n\n\n\n<p><em>Alivio Medical Center es un concesionario del Programa de Centros de Salud bajo 42 U.S.C. 254b, y considerado empleado del Servicio de Salud P\u00fablica seg\u00fan 42 U.S.C. 233(g)-(n).<\/em><\/p>\n","protected":false},"excerpt":{"rendered":"<p>Centro M\u00e9dico Alivio\u00a0 es la de una instituci\u00f3n de cuidado de salud con m\u00faltiples centros de salud que proporciona servicios de\u00a0calidad.<\/p>\n","protected":false},"author":1,"featured_media":1388,"parent":92,"menu_order":0,"comment_status":"closed","ping_status":"closed","template":"","meta":{"_relevanssi_hide_post":"","_relevanssi_hide_content":"","_relevanssi_pin_for_all":"","_relevanssi_pin_keywords":"","_relevanssi_unpin_keywords":"","_relevanssi_related_keywords":"","_relevanssi_related_include_ids":"","_relevanssi_related_exclude_ids":"","_relevanssi_related_no_append":"","_relevanssi_related_not_related":"","_relevanssi_related_posts":"726,769,635,764,641,672","_relevanssi_noindex_reason":"","footnotes":""},"categories":[],"class_list":["post-120","page","type-page","status-publish","has-post-thumbnail","hentry"],"translation":{"provider":"WPGlobus","version":"3.0.2","language":"es","enabled_languages":["en","es","zh"],"languages":{"en":{"title":true,"content":true,"excerpt":true},"es":{"title":true,"content":true,"excerpt":true},"zh":{"title":true,"content":true,"excerpt":false}}},"acf":[],"yoast_head":"<title>Misi\u00f3n, Visi\u00f3n y Valores &#8226; Centro M\u00e9dico Alivio<\/title>\n<meta name=\"robots\" content=\"index, follow, max-snippet:-1, max-image-preview:large, max-video-preview:-1\" \/>\n<link rel=\"canonical\" href=\"https:\/\/alivio.org\/about\/mission\/\" \/>\n<meta property=\"og:locale\" content=\"es_ES\" \/>\n<meta property=\"og:type\" content=\"article\" \/>\n<meta property=\"og:title\" content=\"Misi\u00f3n, Visi\u00f3n y Valores &#8226; Centro M\u00e9dico Alivio\" \/>\n<meta property=\"og:url\" content=\"https:\/\/alivio.org\/about\/mission\/\" \/>\n<meta property=\"og:site_name\" content=\"Centro M\u00e9dico Alivio\" \/>\n<meta property=\"article:publisher\" content=\"https:\/\/www.facebook.com\/AlivioChicago\/\" \/>\n<meta property=\"article:modified_time\" content=\"2024-10-02T18:51:10+00:00\" \/>\n<meta property=\"og:image\" content=\"https:\/\/alivio.imgix.net\/alivio_6785.jpg?ixlib=php-3.3.1\" \/>\n\t<meta property=\"og:image:width\" content=\"1920\" \/>\n\t<meta property=\"og:image:height\" content=\"1280\" \/>\n\t<meta property=\"og:image:type\" content=\"image\/jpeg\" \/>\n<meta name=\"twitter:card\" content=\"summary_large_image\" \/>\n<script type=\"application\/ld+json\" class=\"yoast-schema-graph\">{\"@context\":\"https:\/\/schema.org\",\"@graph\":[{\"@type\":\"WebPage\",\"@id\":\"https:\/\/alivio.org\/about\/mission\/\",\"url\":\"https:\/\/alivio.org\/about\/mission\/\",\"name\":\"Misi\u00f3n, Visi\u00f3n y Valores &#8226; Centro M\u00e9dico Alivio\",\"isPartOf\":{\"@id\":\"https:\/\/alivio.org\/#website\"},\"primaryImageOfPage\":{\"@id\":\"https:\/\/alivio.org\/about\/mission\/#primaryimage\"},\"image\":{\"@id\":\"https:\/\/alivio.org\/about\/mission\/#primaryimage\"},\"thumbnailUrl\":\"https:\/\/alivio.imgix.net\/alivio_6785.jpg?ixlib=php-3.3.1\",\"datePublished\":\"2022-08-22T17:52:51+00:00\",\"dateModified\":\"2024-10-02T18:51:10+00:00\",\"description\":\"Centro M\u00e9dico Alivio\u00a0 es la de una instituci\u00f3n de cuidado de salud con m\u00faltiples centros de salud que proporciona servicios de\u00a0calidad.\",\"breadcrumb\":{\"@id\":\"https:\/\/alivio.org\/about\/mission\/#breadcrumb\"},\"inLanguage\":\"es\",\"potentialAction\":[{\"@type\":\"ReadAction\",\"target\":[\"https:\/\/alivio.org\/about\/mission\/\"]}]},{\"@type\":\"ImageObject\",\"inLanguage\":\"es\",\"@id\":\"https:\/\/alivio.org\/about\/mission\/#primaryimage\",\"url\":\"https:\/\/alivio.imgix.net\/alivio_6785.jpg?ixlib=php-3.3.1\",\"contentUrl\":\"https:\/\/alivio.imgix.net\/alivio_6785.jpg?ixlib=php-3.3.1\",\"width\":1920,\"height\":1280},{\"@type\":\"BreadcrumbList\",\"@id\":\"https:\/\/alivio.org\/about\/mission\/#breadcrumb\",\"itemListElement\":[{\"@type\":\"ListItem\",\"position\":1,\"name\":\"Home\",\"item\":\"https:\/\/alivio.org\/\"},{\"@type\":\"ListItem\",\"position\":2,\"name\":\"About\",\"item\":\"https:\/\/alivio.org\/about\/\"},{\"@type\":\"ListItem\",\"position\":3,\"name\":\"Mission, Vision, Values\"}]},{\"@type\":\"WebSite\",\"@id\":\"https:\/\/alivio.org\/#website\",\"url\":\"https:\/\/alivio.org\/\",\"name\":\"Centro M\u00e9dico Alivio\",\"description\":\"Una Presencia Activa para una Comunidad Fuerte\",\"publisher\":{\"@id\":\"https:\/\/alivio.org\/#organization\"},\"potentialAction\":[{\"@type\":\"SearchAction\",\"target\":{\"@type\":\"EntryPoint\",\"urlTemplate\":\"https:\/\/alivio.org\/?s={search_term_string}\"},\"query-input\":{\"@type\":\"PropertyValueSpecification\",\"valueRequired\":true,\"valueName\":\"search_term_string\"}}],\"inLanguage\":\"es\"},{\"@type\":\"Organization\",\"@id\":\"https:\/\/alivio.org\/#organization\",\"name\":\"Centro M\u00e9dico Alivio\",\"url\":\"https:\/\/alivio.org\/\",\"logo\":{\"@type\":\"ImageObject\",\"inLanguage\":\"es\",\"@id\":\"https:\/\/alivio.org\/#\/schema\/logo\/image\/\",\"url\":\"https:\/\/alivio.imgix.net\/logo_full.png?ixlib=php-3.3.1\",\"contentUrl\":\"https:\/\/alivio.imgix.net\/logo_full.png?ixlib=php-3.3.1\",\"width\":354,\"height\":78,\"caption\":\"Centro M\u00e9dico Alivio\"},\"image\":{\"@id\":\"https:\/\/alivio.org\/#\/schema\/logo\/image\/\"},\"sameAs\":[\"https:\/\/www.facebook.com\/AlivioChicago\/\",\"https:\/\/www.linkedin.com\/company\/alivio-medical-center-inc-\"]}]}<\/script>","yoast_head_json":{"title":"Misi\u00f3n, Visi\u00f3n y Valores &#8226; Centro M\u00e9dico Alivio","robots":{"index":"index","follow":"follow","max-snippet":"max-snippet:-1","max-image-preview":"max-image-preview:large","max-video-preview":"max-video-preview:-1"},"canonical":"https:\/\/alivio.org\/about\/mission\/","og_locale":"es_ES","og_type":"article","og_title":"Misi\u00f3n, Visi\u00f3n y Valores &#8226; Centro M\u00e9dico Alivio","og_url":"https:\/\/alivio.org\/about\/mission\/","og_site_name":"Centro M\u00e9dico Alivio","article_publisher":"https:\/\/www.facebook.com\/AlivioChicago\/","article_modified_time":"2024-10-02T18:51:10+00:00","og_image":[{"width":1920,"height":1280,"url":"https:\/\/alivio.imgix.net\/alivio_6785.jpg?ixlib=php-3.3.1","type":"image\/jpeg"}],"twitter_card":"summary_large_image","schema":{"@context":"https:\/\/schema.org","@graph":[{"@type":"WebPage","@id":"https:\/\/alivio.org\/about\/mission\/","url":"https:\/\/alivio.org\/about\/mission\/","name":"Misi\u00f3n, Visi\u00f3n y Valores &#8226; Centro M\u00e9dico Alivio","isPartOf":{"@id":"https:\/\/alivio.org\/#website"},"primaryImageOfPage":{"@id":"https:\/\/alivio.org\/about\/mission\/#primaryimage"},"image":{"@id":"https:\/\/alivio.org\/about\/mission\/#primaryimage"},"thumbnailUrl":"https:\/\/alivio.imgix.net\/alivio_6785.jpg?ixlib=php-3.3.1","datePublished":"2022-08-22T17:52:51+00:00","dateModified":"2024-10-02T18:51:10+00:00","description":"Centro M\u00e9dico Alivio\u00a0 es la de una instituci\u00f3n de cuidado de salud con m\u00faltiples centros de salud que proporciona servicios de\u00a0calidad.","breadcrumb":{"@id":"https:\/\/alivio.org\/about\/mission\/#breadcrumb"},"inLanguage":"es","potentialAction":[{"@type":"ReadAction","target":["https:\/\/alivio.org\/about\/mission\/"]}]},{"@type":"ImageObject","inLanguage":"es","@id":"https:\/\/alivio.org\/about\/mission\/#primaryimage","url":"https:\/\/alivio.imgix.net\/alivio_6785.jpg?ixlib=php-3.3.1","contentUrl":"https:\/\/alivio.imgix.net\/alivio_6785.jpg?ixlib=php-3.3.1","width":1920,"height":1280},{"@type":"BreadcrumbList","@id":"https:\/\/alivio.org\/about\/mission\/#breadcrumb","itemListElement":[{"@type":"ListItem","position":1,"name":"Home","item":"https:\/\/alivio.org\/"},{"@type":"ListItem","position":2,"name":"About","item":"https:\/\/alivio.org\/about\/"},{"@type":"ListItem","position":3,"name":"Mission, Vision, Values"}]},{"@type":"WebSite","@id":"https:\/\/alivio.org\/#website","url":"https:\/\/alivio.org\/","name":"Centro M\u00e9dico Alivio","description":"Una Presencia Activa para una Comunidad Fuerte","publisher":{"@id":"https:\/\/alivio.org\/#organization"},"potentialAction":[{"@type":"SearchAction","target":{"@type":"EntryPoint","urlTemplate":"https:\/\/alivio.org\/?s={search_term_string}"},"query-input":{"@type":"PropertyValueSpecification","valueRequired":true,"valueName":"search_term_string"}}],"inLanguage":"es"},{"@type":"Organization","@id":"https:\/\/alivio.org\/#organization","name":"Centro M\u00e9dico Alivio","url":"https:\/\/alivio.org\/","logo":{"@type":"ImageObject","inLanguage":"es","@id":"https:\/\/alivio.org\/#\/schema\/logo\/image\/","url":"https:\/\/alivio.imgix.net\/logo_full.png?ixlib=php-3.3.1","contentUrl":"https:\/\/alivio.imgix.net\/logo_full.png?ixlib=php-3.3.1","width":354,"height":78,"caption":"Centro M\u00e9dico Alivio"},"image":{"@id":"https:\/\/alivio.org\/#\/schema\/logo\/image\/"},"sameAs":["https:\/\/www.facebook.com\/AlivioChicago\/","https:\/\/www.linkedin.com\/company\/alivio-medical-center-inc-"]}]}},"jetpack_sharing_enabled":true,"publishpress_future_workflow_manual_trigger":{"enabledWorkflows":[]},"_links":{"self":[{"href":"https:\/\/alivio.org\/es\/wp-json\/wp\/v2\/pages\/120","targetHints":{"allow":["GET"]}}],"collection":[{"href":"https:\/\/alivio.org\/es\/wp-json\/wp\/v2\/pages"}],"about":[{"href":"https:\/\/alivio.org\/es\/wp-json\/wp\/v2\/types\/page"}],"author":[{"embeddable":true,"href":"https:\/\/alivio.org\/es\/wp-json\/wp\/v2\/users\/1"}],"replies":[{"embeddable":true,"href":"https:\/\/alivio.org\/es\/wp-json\/wp\/v2\/comments?post=120"}],"version-history":[{"count":73,"href":"https:\/\/alivio.org\/es\/wp-json\/wp\/v2\/pages\/120\/revisions"}],"predecessor-version":[{"id":5894,"href":"https:\/\/alivio.org\/es\/wp-json\/wp\/v2\/pages\/120\/revisions\/5894"}],"up":[{"embeddable":true,"href":"https:\/\/alivio.org\/es\/wp-json\/wp\/v2\/pages\/92"}],"wp:featuredmedia":[{"embeddable":true,"href":"https:\/\/alivio.org\/es\/wp-json\/wp\/v2\/media\/1388"}],"wp:attachment":[{"href":"https:\/\/alivio.org\/es\/wp-json\/wp\/v2\/media?parent=120"}],"wp:term":[{"taxonomy":"category","embeddable":true,"href":"https:\/\/alivio.org\/es\/wp-json\/wp\/v2\/categories?post=120"}],"curies":[{"name":"wp","href":"https:\/\/api.w.org\/{rel}","templated":true}]}}