{"id":124,"date":"2022-08-22T17:52:51","date_gmt":"2022-08-22T17:52:51","guid":{"rendered":"https:\/\/alivio.dev\/awards-recognition\/"},"modified":"2025-10-28T11:24:10","modified_gmt":"2025-10-28T16:24:10","slug":"awards","status":"publish","type":"page","link":"https:\/\/alivio.org\/es\/acerca\/premios\/","title":{"rendered":"Premios y Reconocimientos"},"content":{"rendered":"\n<h2 class=\"wp-block-heading\">Hacer una diferencia<\/h2>\n\n\n\n<p>La misi\u00f3n de Alivio ha sido validada por la creciente demanda de nuestros servicios y hemos sido reconocidos a nivel local y nacional por el trabajo que realizamos.<\/p>\n\n\n\n<p>Alivio recibi\u00f3 el reconocimiento de Hogar M\u00e9dico Centrado en el Paciente del Comit\u00e9 Nacional de Garant\u00eda de Calidad en mayo de 2014.<\/p>\n\n\n\n<p>Alivio Medical Center tambi\u00e9n logr\u00f3 la reacreditaci\u00f3n de la Comisi\u00f3n Conjunta en 2015. Solo el 38 por ciento de todos los centros de salud comunitarios en Illinois han logrado tal estatus. La acreditaci\u00f3n de la Comisi\u00f3n Conjunta reconoce a Alivio no solo por su excelente servicio, sino tambi\u00e9n por todos los aspectos de las operaciones de la organizaci\u00f3n. Alivio Medical Center ha sido reconocido adem\u00e1s como un modelo nacional de salud comunitaria, como lo demuestra la recepci\u00f3n de los siguientes premios:<\/p>\n\n\n<div id=\"\" class=\"twocol\">\n\n<h3 class=\"wp-block-heading\">2023<\/h3>\n\n<p><strong>Acreditado y Certificado por The Joint Commission<\/strong><br><em>El Centro M\u00e9dico Alivio ha logrado el Sello de Aprobaci\u00f3n de Oro de The Joint Commission. Aprende m\u00e1s sobre lo que significa.<\/em><\/p>\n\n<p><strong>Asociaci\u00f3n Nacional de Centros de Salud Comunitaria<\/strong><br><em>Miembro organizacional en Servicio y Liderazgo Comprometidos Avanzando la entrega de atenci\u00f3n m\u00e9dica de calidad a las comunidades m\u00e9dicamente desatendidas de Am\u00e9rica<\/em><\/p>\n\n<h3 class=\"wp-block-heading\">2022<\/h3>\n\n<p><strong>Premio Robert W. Teeter de la YMCA PAV<\/strong><br><em>Honrando a: Esther Corpuz con profundo agradecimiento por su destacado servicio a la gente en su comunidad<\/em><\/p>\n\n<p><strong>10\u00ba Evento Anual del D\u00eda Internacional de la Mujer del Congreso<\/strong><br><em>Honrando a: Esther Corpuz, C.E.O. Como una de las 20 Mujeres de Excelencia Globales 2022 en reconocimiento a su inspiradora Liderazgo<\/em><\/p>\n\n<p><strong>Asociaci\u00f3n Nacional de Centros de Salud Comunitaria<\/strong><br><em>Miembro organizacional en Servicio y Liderazgo Comprometidos Avanzando la entrega de atenci\u00f3n m\u00e9dica de calidad a las comunidades m\u00e9dicamente desatendidas de Am\u00e9rica<\/em><\/p>\n\n<h3 class=\"wp-block-heading\">2021<\/h3>\n\n<p><strong>Honores del Mes de la Herencia Hispana de la Oficina del Comptrolador del Estado de Illinois<\/strong><br><em>Presentado a: Esther Corpuz, de la Oficina del Comptrolador del Estado de Illinois, Susana A. Mendoz<\/em><\/p>\n\n<p><strong>Certificado de Honor del Alcalde<\/strong><br><em>\u00abEn reconocimiento a sus contribuciones extraordinarias a los residentes de Chicago a trav\u00e9s de 2020\u00bb \u2014Lori E. Lightfoot, Alcaldesa de Chicago<\/em><\/p>\n\n<p><strong>Asociaci\u00f3n Nacional de Centros de Salud Comunitaria<\/strong><br><em>Miembro organizacional en Servicio y Liderazgo Comprometidos Avanzando la entrega de atenci\u00f3n m\u00e9dica de calidad a las comunidades m\u00e9dicamente desatendidas de Am\u00e9rica<\/em><\/p>\n\n<h3 class=\"wp-block-heading\">2020<\/h3>\n\n<p><strong>Asociaci\u00f3n Nacional de Centros de Salud Comunitaria<\/strong><br><em>Miembro organizacional en Servicio y Liderazgo Comprometidos Avanzando la entrega de atenci\u00f3n m\u00e9dica de calidad a las comunidades m\u00e9dicamente desatendidas de Am\u00e9rica<\/em><\/p>\n\n<h3 class=\"wp-block-heading\">2019<\/h3>\n\n<p><strong>Resoluci\u00f3n de la Junta de Comisionados del Condado de Cook, Illinois<\/strong><br><em>Patrocinado por La Honorable Alma E. Anaya, Junta de Comisionados del Condado de Cook Felicitando al Centro M\u00e9dico Alivio por su 30 aniversario<\/em><\/p>\n\n<p><strong>Asociaci\u00f3n Nacional de Centros de Salud Comunitaria<\/strong><br><em>Miembro organizacional en Servicio y Liderazgo Comprometidos Avanzando la entrega de atenci\u00f3n m\u00e9dica de calidad a las comunidades m\u00e9dicamente desatendidas de Am\u00e9rica<\/em><\/p>\n\n<h3 class=\"wp-block-heading\">2018<\/h3>\n\n<p><strong>Asociaci\u00f3n Nacional de Centros de Salud Comunitaria<\/strong><br><em>Miembro organizacional en Servicio y Liderazgo Comprometidos Avanzando la entrega de atenci\u00f3n m\u00e9dica de calidad a las comunidades m\u00e9dicamente desatendidas de Am\u00e9rica<\/em><\/p>\n\n<h3 class=\"wp-block-heading\">2017<\/h3>\n\n<p><strong>Premio al L\u00edder Emergente, Pol\u00edtica de Salud y Medicina<\/strong><br><em>Coordinadora del Programa de Defensores Mayores, Lauren Angeles<\/em><\/p>\n\n<p><strong>Premio Ohtli, Gobierno de M\u00e9xico<\/strong><br><em>Get Covered Illinois y Gerente de Programas para Personas Mayores, Susan Vega<\/em><\/p>\n\n<p><strong>Gracias de la Brigada de Reclutamiento M\u00e9dico<\/strong><br><em>Sra. Esther Corpuz, 2017 U.S. Army All American Bowl. Experiencia de Medicina del Ej\u00e9rcito.<\/em><\/p>\n\n<h3 class=\"wp-block-heading\">2016<\/h3>\n\n<p><strong>Premio Dr. Garry Gardner proveedor de atenci\u00f3n m\u00e9dica, Everthrive Illinois<\/strong><br><em>Parteras certificadas del Centro M\u00e9dico Alivio<\/em><\/p>\n\n<h3 class=\"wp-block-heading\">2014<\/h3>\n\n<p><strong>Premio Yolotlmeztli, Instituto Binacional de Desarrollo Humano<\/strong><br><em>Directora Ejecutiva, Esther Corpuz<\/em><\/p>\n\n<h3 class=\"wp-block-heading\">2013<\/h3>\n\n<p><strong>Premio de Liderazgo Hispano de la Fundaci\u00f3n de la Herencia Hispana, NFL<\/strong><br><em>Fundadora de Alivio, Carmen Vel\u00e1squez<\/em><\/p>\n\n<p><strong>2 de octubre declarado D\u00eda de Carmen Vel\u00e1squez por el Estado de Illinois<\/strong><\/p>\n\n<p><strong>Logro sobresaliente y Rotario Honorario, Club Rotario de Chicago Northwest<\/strong><br><em>Fundadora de Alivio, Carmen Vel\u00e1squez<\/em><\/p>\n\n<p><strong>Premio de Justicia Social, Campa\u00f1a por una Mejor Atenci\u00f3n M\u00e9dica<\/strong><br><em>Fundadora de Alivio, Carmen Vel\u00e1squez<\/em><\/p>\n\n<p><strong>Reconocimiento especial, Consorcio de Enfermeras Biling\u00fces de Chicago<\/strong><br><em>Fundadora de Alivio, Carmen Vel\u00e1squez<\/em><\/p>\n\n<p><strong>Premio Bartolo Hern\u00e1ndez de Jes\u00fas a la Trayectoria, Centro Cultural Puertorrique\u00f1o Juan Antonio Corretjar<\/strong><br><em>Fundadora de Alivio, Carmen Vel\u00e1squez<\/em><\/p>\n\n<h3 class=\"wp-block-heading\">2012<\/h3>\n\n<p><strong>Premio Jaime Escalante, Festival Latino del Libro y la Familia<\/strong><br><em>Fundadora de Alivio, Carmen Vel\u00e1squez<\/em><\/p>\n\n<p><strong>Certificado de Agradecimiento, LMSA-MIDWEST<\/strong><br><em>Fundadora de Alivio, Carmen Vel\u00e1squez<\/em><\/p>\n\n<h3 class=\"wp-block-heading\">2011<\/h3>\n\n<p><strong>Premio Helen Rodriguez-Trias de Salud, Consejo Nacional de La Raza<\/strong><br><em>Logro sobresaliente y demostrado compromiso para mejorar la salud y el bienestar de los estadounidenses hispanos<\/em><\/p>\n\n<p><strong>Premio Luminario, Sala de la Fama de Ciudadanos Mayores<\/strong><br><em>Fundadora de Alivio, Carmen Vel\u00e1squez<\/em><\/p>\n\n<p><strong>Premio de Reconocimiento, Fundaci\u00f3n del Caucus Congresional sobre Glaucoma<\/strong><br><em>Fundadora de Alivio, Carmen Vel\u00e1squez<\/em><\/p>\n\n<p><strong>Coalici\u00f3n Hispana de Salud de Chicago Presenta \u00abCompa\u00f1eros en Salud\u00bb<\/strong><br><em>al Centro M\u00e9dico Alivio por su valiosa colaboraci\u00f3n en el evento comunitario, \u00abVive Tu Vida\u00bb \u00abLev\u00e1ntate y Mu\u00e9vete\u00bb<\/em><\/p>\n\n<h3 class=\"wp-block-heading\">2010<\/h3>\n\n<p><strong>Premio Mujer del A\u00f1o, Red de Ejecutivas de Salud para Mujeres<\/strong><br><em>Fundadora de Alivio, Carmen Vel\u00e1squez<\/em>\u00a0<\/p>\n\n<p><strong>Premio Imagen para Mujeres Latinas, Fundaci\u00f3n Imagen<\/strong><br><em>Martha \u00abMarty\u00bb S\u00e1nchez, Enlace Comunitario de Alivio<\/em><\/p>\n\n<p><strong>Reconocimiento por el Programa de Educaci\u00f3n para la Autogesti\u00f3n de la Diabetes, Asociaci\u00f3n Americana de Diabetes<\/strong><\/p>\n\n<p><strong>Premio Sue\u00f1o, Universidad Northwestern<\/strong><br><em>Fundadora de Alivio, Carmen Vel\u00e1squez<\/em><\/p>\n\n<p><strong>Los 100 L\u00edderes de Pensamiento m\u00e1s Influyentes, Revista de Negocios Hispanos<\/strong><br><em>Fundadora de Alivio, Carmen Vel\u00e1squez<\/em><\/p>\n\n<h3 class=\"wp-block-heading\">2009<\/h3>\n\n<p><strong>Premio Ohtli, Gobierno de M\u00e9xico<\/strong><br><em>Fundadora de Alivio, Carmen Vel\u00e1squez<\/em><\/p>\n\n<p><strong>Premio Humanitario, Oficina del Fiscal del Estado del Condado de Cook<\/strong><br><em>Fundadora de Alivio, Carmen Vel\u00e1squez<\/em><\/p>\n\n<p><strong>Premio a la Trayectoria, MALDEF<\/strong><br><em>Fundadora de Alivio, Carmen Vel\u00e1squez<\/em><\/p>\n\n<p><strong>Premio L\u00edder Maestro, Revista L\u00edderes Latinos<\/strong><br><em>Fundadora de Alivio, Carmen Vel\u00e1squez<\/em><\/p>\n\n<p><strong>Premio Viva, Escuela Secundaria Cristo Rey<\/strong><br><em>Fundadora de Alivio, Carmen Vel\u00e1squez<\/em><\/p>\n\n<p><strong>Premio de Liderazgo George M. O&#8217;Neill, Asociaci\u00f3n de Atenci\u00f3n Primaria de Salud de Illinois<\/strong><br><em>Dora Garc\u00eda, Directora Ejecutiva Asociada de Alivio<\/em><\/p>\n\n<h3 class=\"wp-block-heading\">2008<\/h3>\n\n<p><strong>Premio de Salud Urbana de la UIC<\/strong><br><em>Fundadora de Alivio, Carmen Vel\u00e1squez<\/em><\/p>\n\n<p><strong>Premio Comunitario, El Hogar del Ni\u00f1o<\/strong><br><em>Fundadora de Alivio, Carmen Vel\u00e1squez<\/em><\/p>\n\n<p><strong>Premio de la Fundaci\u00f3n Richard y Hinda Rosenthal, Colegio Americano de M\u00e9dicos<\/strong><\/p>\n\n<h3 class=\"wp-block-heading\">2007<\/h3>\n\n<p><strong>Premio al Logro, LULAC<\/strong><br><em>Fundadora de Alivio, Carmen Vel\u00e1squez<\/em><\/p>\n\n<p><strong>Premio Brigid, Concern Worldwide US<\/strong><br><em>Fundadora de Alivio, Carmen Vel\u00e1squez<\/em><\/p>\n\n<h3 class=\"wp-block-heading\">2002<\/h3>\n\n<p><strong>Premio Afiliado del A\u00f1o de la NCLR<\/strong><br><em>Presentado al Centro M\u00e9dico Alivio por su dedicaci\u00f3n a proporcionar atenci\u00f3n m\u00e9dica de calidad a los sin seguro y a los trabajadores pobres en Chicago<\/em><\/p>\n\n<h3 class=\"wp-block-heading\">2001<\/h3>\n\n<p><strong><strong>Programa de Desarrollo de Cumplimiento Corporativo de la Asociaci\u00f3n Nacional de Centros de Salud Comunitaria<\/strong><\/strong><br><em><em>Centro M\u00e9dico Alivio<\/em><\/em><\/p>\n\n<h3 class=\"wp-block-heading\">2000<\/h3>\n\n<p><strong><strong>Programa de Estudio Laboral Corporativo de la Escuela Secundaria Cristo Rey Jesuit<\/strong><\/strong><br><em><em>Gracias al Centro M\u00e9dico Alivio por marcar la diferencia en la educaci\u00f3n del centro de la ciudad desde 2000<\/em><\/em><\/p>\n<\/div>\n\n\n\n<p><\/p>\n","protected":false},"excerpt":{"rendered":"<p>Alivio recibi\u00f3 el reconocimiento del National Committe on Quality Assurance (NCQA)\u00a0 como Hogar Medico Centrado en el Paciente en Mayo del 2014.<\/p>\n","protected":false},"author":1,"featured_media":4978,"parent":92,"menu_order":3,"comment_status":"closed","ping_status":"closed","template":"","meta":{"_relevanssi_hide_post":"","_relevanssi_hide_content":"","_relevanssi_pin_for_all":"","_relevanssi_pin_keywords":"","_relevanssi_unpin_keywords":"","_relevanssi_related_keywords":"","_relevanssi_related_include_ids":"","_relevanssi_related_exclude_ids":"","_relevanssi_related_no_append":"","_relevanssi_related_not_related":"","_relevanssi_related_posts":"696,714,635,672,751,692","_relevanssi_noindex_reason":"","footnotes":""},"categories":[],"class_list":["post-124","page","type-page","status-publish","has-post-thumbnail","hentry"],"translation":{"provider":"WPGlobus","version":"3.0.2","language":"es","enabled_languages":["en","es","zh"],"languages":{"en":{"title":true,"content":true,"excerpt":true},"es":{"title":true,"content":true,"excerpt":true},"zh":{"title":true,"content":true,"excerpt":false}}},"acf":[],"yoast_head":"<title>Premios y Reconocimientos &#8226; Centro M\u00e9dico Alivio<\/title>\n<meta name=\"robots\" content=\"index, follow, max-snippet:-1, max-image-preview:large, max-video-preview:-1\" \/>\n<link rel=\"canonical\" href=\"https:\/\/alivio.org\/about\/awards\/\" \/>\n<meta property=\"og:locale\" content=\"es_ES\" \/>\n<meta property=\"og:type\" content=\"article\" \/>\n<meta property=\"og:title\" content=\"Premios y Reconocimientos &#8226; Centro M\u00e9dico Alivio\" \/>\n<meta property=\"og:url\" content=\"https:\/\/alivio.org\/about\/awards\/\" \/>\n<meta property=\"og:site_name\" content=\"Centro M\u00e9dico Alivio\" \/>\n<meta property=\"article:publisher\" content=\"https:\/\/www.facebook.com\/AlivioChicago\/\" \/>\n<meta property=\"article:modified_time\" content=\"2025-10-28T16:24:10+00:00\" \/>\n<meta property=\"og:image\" content=\"https:\/\/alivio.imgix.net\/920-920-max.png?ixlib=php-3.3.1\" \/>\n\t<meta property=\"og:image:width\" content=\"920\" \/>\n\t<meta property=\"og:image:height\" content=\"920\" \/>\n\t<meta property=\"og:image:type\" content=\"image\/png\" \/>\n<meta name=\"twitter:card\" content=\"summary_large_image\" \/>\n<script type=\"application\/ld+json\" class=\"yoast-schema-graph\">{\"@context\":\"https:\/\/schema.org\",\"@graph\":[{\"@type\":\"WebPage\",\"@id\":\"https:\/\/alivio.org\/about\/awards\/\",\"url\":\"https:\/\/alivio.org\/about\/awards\/\",\"name\":\"Premios y Reconocimientos &#8226; Centro M\u00e9dico Alivio\",\"isPartOf\":{\"@id\":\"https:\/\/alivio.org\/#website\"},\"primaryImageOfPage\":{\"@id\":\"https:\/\/alivio.org\/about\/awards\/#primaryimage\"},\"image\":{\"@id\":\"https:\/\/alivio.org\/about\/awards\/#primaryimage\"},\"thumbnailUrl\":\"https:\/\/alivio.imgix.net\/920-920-max.png?ixlib=php-3.3.1\",\"datePublished\":\"2022-08-22T17:52:51+00:00\",\"dateModified\":\"2025-10-28T16:24:10+00:00\",\"description\":\"Alivio recibi\u00f3 el reconocimiento del National Committe on Quality Assurance (NCQA)\u00a0 como Hogar Medico Centrado en el Paciente en Mayo del 2014.\",\"breadcrumb\":{\"@id\":\"https:\/\/alivio.org\/about\/awards\/#breadcrumb\"},\"inLanguage\":\"es\",\"potentialAction\":[{\"@type\":\"ReadAction\",\"target\":[\"https:\/\/alivio.org\/about\/awards\/\"]}]},{\"@type\":\"ImageObject\",\"inLanguage\":\"es\",\"@id\":\"https:\/\/alivio.org\/about\/awards\/#primaryimage\",\"url\":\"https:\/\/alivio.imgix.net\/920-920-max.png?ixlib=php-3.3.1\",\"contentUrl\":\"https:\/\/alivio.imgix.net\/920-920-max.png?ixlib=php-3.3.1\",\"width\":920,\"height\":920},{\"@type\":\"BreadcrumbList\",\"@id\":\"https:\/\/alivio.org\/about\/awards\/#breadcrumb\",\"itemListElement\":[{\"@type\":\"ListItem\",\"position\":1,\"name\":\"Home\",\"item\":\"https:\/\/alivio.org\/\"},{\"@type\":\"ListItem\",\"position\":2,\"name\":\"About\",\"item\":\"https:\/\/alivio.org\/about\/\"},{\"@type\":\"ListItem\",\"position\":3,\"name\":\"Awards &#038; Recognition\"}]},{\"@type\":\"WebSite\",\"@id\":\"https:\/\/alivio.org\/#website\",\"url\":\"https:\/\/alivio.org\/\",\"name\":\"Centro M\u00e9dico Alivio\",\"description\":\"Una Presencia Activa para una Comunidad Fuerte\",\"publisher\":{\"@id\":\"https:\/\/alivio.org\/#organization\"},\"potentialAction\":[{\"@type\":\"SearchAction\",\"target\":{\"@type\":\"EntryPoint\",\"urlTemplate\":\"https:\/\/alivio.org\/?s={search_term_string}\"},\"query-input\":{\"@type\":\"PropertyValueSpecification\",\"valueRequired\":true,\"valueName\":\"search_term_string\"}}],\"inLanguage\":\"es\"},{\"@type\":\"Organization\",\"@id\":\"https:\/\/alivio.org\/#organization\",\"name\":\"Centro M\u00e9dico Alivio\",\"url\":\"https:\/\/alivio.org\/\",\"logo\":{\"@type\":\"ImageObject\",\"inLanguage\":\"es\",\"@id\":\"https:\/\/alivio.org\/#\/schema\/logo\/image\/\",\"url\":\"https:\/\/alivio.imgix.net\/logo_full.png?ixlib=php-3.3.1\",\"contentUrl\":\"https:\/\/alivio.imgix.net\/logo_full.png?ixlib=php-3.3.1\",\"width\":354,\"height\":78,\"caption\":\"Centro M\u00e9dico Alivio\"},\"image\":{\"@id\":\"https:\/\/alivio.org\/#\/schema\/logo\/image\/\"},\"sameAs\":[\"https:\/\/www.facebook.com\/AlivioChicago\/\",\"https:\/\/www.linkedin.com\/company\/alivio-medical-center-inc-\"]}]}<\/script>","yoast_head_json":{"title":"Premios y Reconocimientos &#8226; Centro M\u00e9dico Alivio","robots":{"index":"index","follow":"follow","max-snippet":"max-snippet:-1","max-image-preview":"max-image-preview:large","max-video-preview":"max-video-preview:-1"},"canonical":"https:\/\/alivio.org\/about\/awards\/","og_locale":"es_ES","og_type":"article","og_title":"Premios y Reconocimientos &#8226; Centro M\u00e9dico Alivio","og_url":"https:\/\/alivio.org\/about\/awards\/","og_site_name":"Centro M\u00e9dico Alivio","article_publisher":"https:\/\/www.facebook.com\/AlivioChicago\/","article_modified_time":"2025-10-28T16:24:10+00:00","og_image":[{"width":920,"height":920,"url":"https:\/\/alivio.imgix.net\/920-920-max.png?ixlib=php-3.3.1","type":"image\/png"}],"twitter_card":"summary_large_image","schema":{"@context":"https:\/\/schema.org","@graph":[{"@type":"WebPage","@id":"https:\/\/alivio.org\/about\/awards\/","url":"https:\/\/alivio.org\/about\/awards\/","name":"Premios y Reconocimientos &#8226; Centro M\u00e9dico Alivio","isPartOf":{"@id":"https:\/\/alivio.org\/#website"},"primaryImageOfPage":{"@id":"https:\/\/alivio.org\/about\/awards\/#primaryimage"},"image":{"@id":"https:\/\/alivio.org\/about\/awards\/#primaryimage"},"thumbnailUrl":"https:\/\/alivio.imgix.net\/920-920-max.png?ixlib=php-3.3.1","datePublished":"2022-08-22T17:52:51+00:00","dateModified":"2025-10-28T16:24:10+00:00","description":"Alivio recibi\u00f3 el reconocimiento del National Committe on Quality Assurance (NCQA)\u00a0 como Hogar Medico Centrado en el Paciente en Mayo del 2014.","breadcrumb":{"@id":"https:\/\/alivio.org\/about\/awards\/#breadcrumb"},"inLanguage":"es","potentialAction":[{"@type":"ReadAction","target":["https:\/\/alivio.org\/about\/awards\/"]}]},{"@type":"ImageObject","inLanguage":"es","@id":"https:\/\/alivio.org\/about\/awards\/#primaryimage","url":"https:\/\/alivio.imgix.net\/920-920-max.png?ixlib=php-3.3.1","contentUrl":"https:\/\/alivio.imgix.net\/920-920-max.png?ixlib=php-3.3.1","width":920,"height":920},{"@type":"BreadcrumbList","@id":"https:\/\/alivio.org\/about\/awards\/#breadcrumb","itemListElement":[{"@type":"ListItem","position":1,"name":"Home","item":"https:\/\/alivio.org\/"},{"@type":"ListItem","position":2,"name":"About","item":"https:\/\/alivio.org\/about\/"},{"@type":"ListItem","position":3,"name":"Awards &#038; Recognition"}]},{"@type":"WebSite","@id":"https:\/\/alivio.org\/#website","url":"https:\/\/alivio.org\/","name":"Centro M\u00e9dico Alivio","description":"Una Presencia Activa para una Comunidad Fuerte","publisher":{"@id":"https:\/\/alivio.org\/#organization"},"potentialAction":[{"@type":"SearchAction","target":{"@type":"EntryPoint","urlTemplate":"https:\/\/alivio.org\/?s={search_term_string}"},"query-input":{"@type":"PropertyValueSpecification","valueRequired":true,"valueName":"search_term_string"}}],"inLanguage":"es"},{"@type":"Organization","@id":"https:\/\/alivio.org\/#organization","name":"Centro M\u00e9dico Alivio","url":"https:\/\/alivio.org\/","logo":{"@type":"ImageObject","inLanguage":"es","@id":"https:\/\/alivio.org\/#\/schema\/logo\/image\/","url":"https:\/\/alivio.imgix.net\/logo_full.png?ixlib=php-3.3.1","contentUrl":"https:\/\/alivio.imgix.net\/logo_full.png?ixlib=php-3.3.1","width":354,"height":78,"caption":"Centro M\u00e9dico Alivio"},"image":{"@id":"https:\/\/alivio.org\/#\/schema\/logo\/image\/"},"sameAs":["https:\/\/www.facebook.com\/AlivioChicago\/","https:\/\/www.linkedin.com\/company\/alivio-medical-center-inc-"]}]}},"jetpack_sharing_enabled":true,"publishpress_future_workflow_manual_trigger":{"enabledWorkflows":[]},"_links":{"self":[{"href":"https:\/\/alivio.org\/es\/wp-json\/wp\/v2\/pages\/124","targetHints":{"allow":["GET"]}}],"collection":[{"href":"https:\/\/alivio.org\/es\/wp-json\/wp\/v2\/pages"}],"about":[{"href":"https:\/\/alivio.org\/es\/wp-json\/wp\/v2\/types\/page"}],"author":[{"embeddable":true,"href":"https:\/\/alivio.org\/es\/wp-json\/wp\/v2\/users\/1"}],"replies":[{"embeddable":true,"href":"https:\/\/alivio.org\/es\/wp-json\/wp\/v2\/comments?post=124"}],"version-history":[{"count":75,"href":"https:\/\/alivio.org\/es\/wp-json\/wp\/v2\/pages\/124\/revisions"}],"predecessor-version":[{"id":7033,"href":"https:\/\/alivio.org\/es\/wp-json\/wp\/v2\/pages\/124\/revisions\/7033"}],"up":[{"embeddable":true,"href":"https:\/\/alivio.org\/es\/wp-json\/wp\/v2\/pages\/92"}],"wp:featuredmedia":[{"embeddable":true,"href":"https:\/\/alivio.org\/es\/wp-json\/wp\/v2\/media\/4978"}],"wp:attachment":[{"href":"https:\/\/alivio.org\/es\/wp-json\/wp\/v2\/media?parent=124"}],"wp:term":[{"taxonomy":"category","embeddable":true,"href":"https:\/\/alivio.org\/es\/wp-json\/wp\/v2\/categories?post=124"}],"curies":[{"name":"wp","href":"https:\/\/api.w.org\/{rel}","templated":true}]}}