{"id":140,"date":"2022-08-22T17:54:58","date_gmt":"2022-08-22T17:54:58","guid":{"rendered":"https:\/\/alivio.dev\/senior-programs\/"},"modified":"2025-06-19T20:52:12","modified_gmt":"2025-06-20T01:52:12","slug":"seniors","status":"publish","type":"page","link":"https:\/\/alivio.org\/es\/programas\/mayores\/","title":{"rendered":"Servicios para Adultos Mayores"},"content":{"rendered":"\n<h2 class=\"wp-block-heading\">Prosperar En Todas Las Etapas De La Vida<\/h2>\n\n\n\n<p>El Pilsen Satellite Senior Center (PSSC) fue desarrollado en colaboraci\u00f3n con el Departamento de Servicios Familiares y de Apoyo de la ciudad de Chicago para brindar oportunidades de enriquecimiento de la vida, nutrici\u00f3n, acondicionamiento f\u00edsico, bienestar y vida de los adultos mayores. Las personas mayores de 55 a\u00f1os o m\u00e1s pueden participar en los servicios y programas disponibles en el PSSC. Como parte de la red de Centros para Personas Mayores de la Ciudad de Chicago, Alivio implementa:<\/p>\n\n\n\n<ul class=\"wp-block-list\">\n<li><strong>Comidas colectivas:<\/strong> Almuerzo servido de lunes a viernes de 11:30 a.m. metro. hasta las 12:30 p.m. metro. Para personas mayores de 60 a\u00f1os y m\u00e1s se solicita donaci\u00f3n. Para menores de 55-59 a\u00f1os, se solicita el precio completo de la comida. Nadie es rechazado por no poder pagar.&nbsp; <\/li>\n\n\n\n<li><strong>Aptitud f\u00edsica:<\/strong> Sesiones de actividad f\u00edsica basadas en evidencia dirigidas por expertos que trabajan con adultos mayores; sala de fitness y equipo. Para las personas mayores de 60 a\u00f1os o m\u00e1s, se solicita una donaci\u00f3n para apoyar el programa de acondicionamiento f\u00edsico. Para personas menores de 55 a 59 a\u00f1os, se solicita el precio total de la membres\u00eda del programa de acondicionamiento f\u00edsico.<\/li>\n\n\n\n<li><strong>Bienestar:<\/strong> Enfermeras, farmac\u00e9uticos, dietistas registrados y trabajadores sociales presentan temas de salud mensuales.<\/li>\n\n\n\n<li><strong>Enriquecimiento de la vida:<\/strong> Una variedad de danzas, m\u00fasica, artes y artesan\u00edas, celebraciones y actividades culturales ligadas a las observaciones de la comunidad.<\/li>\n\n\n\n<li><strong>Centro de Calentamiento<\/strong>: El Centro Sat\u00e9lite para Personas de la Tercera Edad en Casa Maravilla es un centro de calentamiento designado por la Ciudad de Chicago de lunes a viernes, de 8:30 a.m. a 4:30 p.m. cuando la temperatura exterior es de treinta y dos grados o menos.<\/li>\n<\/ul>\n\n\n<div id=\"\" class=\"place side\">\n\n<header>Horas de Operaci\u00f3n Actuales:<\/header>\n\n<ul class=\"wp-block-list\">\n<li>Lunes a Viernes, 8:30 a.m. hasta las 4:30 p.m.<\/li>\n\n\n\n<li>S\u00e1bado y Domingo: Cerrado<\/li>\n\n\n\n<li>Almuerzo servido de lunes a viernes de 11:30 a 12:30 p.m.&nbsp;<\/li>\n<\/ul>\n\n<footer>Para obtener m\u00e1s informaci\u00f3n, <a href=\"\/files\/seguro\">descarga nuestro folleto<\/a> o ll\u00e1menos al <a href=\"tel:+13127430493\">(312) 743-0493<\/a><\/footer>\n<\/div>\n\n\n\n<p>Para obtener m\u00e1s informaci\u00f3n, ll\u00e1menos al <a href=\"tel:+13127430493\">(312) 743-0493<\/a>.<\/p>\n\n\n\n<p>El personal del Alivio Medical Center ha operado el Centro Sat\u00e9lite para Personas Mayores de Pilsen teniendo como principio rector las necesidades espec\u00edficas de la comunidad. Como el \u00fanico espacio de programa de la comunidad dedicado a adultos mayores latinos, un est\u00e1 expandiendo para prestar servicios a la creciente comunidad de habla china. Nos centramos enfoque especial es brindar servicios biculturales biling\u00fces. Alivio tambi\u00e9n se tanto en la asistencia como en la promoci\u00f3n, incluyendo:<\/p>\n\n\n\n<ul class=\"wp-block-list\">\n<li>Los asesores SHIP certificados por el estado brindan a los beneficiarios de Medicare y Medicaid informaci\u00f3n oportuna, asistencia con la solicitud y ayuda con la cobertura, las opciones y los programas de asistencia.<\/li>\n\n\n\n<li>El personal del Centro de Inscripci\u00f3n de Beneficios brinda informaci\u00f3n, asistencia y conexiones a programas que ayudan a los adultos mayores y personas con discapacidades a ahorrar dinero en alimentos, servicios p\u00fablicos, medicamentos, atenci\u00f3n m\u00e9dica, transporte, tarifas, tel\u00e9fonos celulares y acceso a Internet.<\/li>\n\n\n\n<li>Los asistentes y navegadores certificados por la Ley del Cuidado de Salud a Bajo Precio ayudan a las personas a conocer e inscribirse en la cobertura de atenci\u00f3n m\u00e9dica a trav\u00e9s de Get-Covered Illinois, la Ley del Cuidado de Salud a Bajo Precio de nuestro estado.<\/li>\n<\/ul>\n\n\n\n<p>Para obtener m\u00e1s informaci\u00f3n sobre c\u00f3mo podemos ayudarlo a inscribirse en una cobertura de atenci\u00f3n m\u00e9dica, <a href=\"\/files\/alivio-medicaid\/\">haga clic aqu\u00ed<\/a>.<\/p>\n\n\n\n<h2 class=\"wp-block-heading\">Una Verdadera Asociaci\u00f3n<\/h2>\n\n\n\n<p>El Pilsen Satellite Senior Center en <a href=\"https:\/\/alivio.org\/locations\/maravilla\/\">Casa Maravilla<\/a> abri\u00f3 sus puertas a la comunidad en 2011. El Senior Center est\u00e1 ubicado en 2021 South Morgan, Chicago, IL, justo al norte del centro de atenci\u00f3n m\u00e9dica integral de Alivio. El desarrollo y gesti\u00f3n del PSSC es de verdadera colaboraci\u00f3n y un ejemplo de lo mejor de las asociaciones p\u00fablico-privadas.<\/p>\n\n\n\n<p>El Centro para Personas Mayores de 7,000 pies cuadrados se puede encontrar en la mitad este del primer piso de Casa Maravilla. Casa Maravilla es un edificio de cinco pisos y 72 unidades dedicado a albergar a adultos de ingresos bajos a moderados de 55 a\u00f1os o m\u00e1s. <a href=\"https:\/\/resurrectionproject.org\/\">The Resurrection Project<\/a>, una organizaci\u00f3n de desarrollo local sin fines de lucro, construy\u00f3 Casa Maravilla para satisfacer las necesidades de los adultos mayores de la comunidad que desean permanecer en el vecindario.<\/p>\n","protected":false},"excerpt":{"rendered":"<p>El desarrollo y la gesti\u00f3n del PSSC es uno de verdadera colaboraci\u00f3n y un ejemplo de lo mejor de las asociaciones p\u00fablico-privadas.<\/p>\n","protected":false},"author":1,"featured_media":1690,"parent":94,"menu_order":3,"comment_status":"closed","ping_status":"closed","template":"","meta":{"_relevanssi_hide_post":"","_relevanssi_hide_content":"","_relevanssi_pin_for_all":"","_relevanssi_pin_keywords":"","_relevanssi_unpin_keywords":"","_relevanssi_related_keywords":"","_relevanssi_related_include_ids":"","_relevanssi_related_exclude_ids":"","_relevanssi_related_no_append":"","_relevanssi_related_not_related":"","_relevanssi_related_posts":"672,701,688,696,771,647","_relevanssi_noindex_reason":"","footnotes":""},"categories":[],"class_list":["post-140","page","type-page","status-publish","has-post-thumbnail","hentry"],"translation":{"provider":"WPGlobus","version":"3.0.2","language":"es","enabled_languages":["en","es","zh"],"languages":{"en":{"title":true,"content":true,"excerpt":true},"es":{"title":true,"content":true,"excerpt":true},"zh":{"title":true,"content":true,"excerpt":false}}},"acf":[],"yoast_head":"<title>Servicios para Adultos Mayores &#8226; Centro M\u00e9dico Alivio<\/title>\n<meta name=\"robots\" content=\"index, follow, max-snippet:-1, max-image-preview:large, max-video-preview:-1\" \/>\n<link rel=\"canonical\" href=\"https:\/\/alivio.org\/programs\/seniors\/\" \/>\n<meta property=\"og:locale\" content=\"es_ES\" \/>\n<meta property=\"og:type\" content=\"article\" \/>\n<meta property=\"og:title\" content=\"Servicios para Adultos Mayores &#8226; Centro M\u00e9dico Alivio\" \/>\n<meta property=\"og:url\" content=\"https:\/\/alivio.org\/programs\/seniors\/\" \/>\n<meta property=\"og:site_name\" content=\"Centro M\u00e9dico Alivio\" \/>\n<meta property=\"article:publisher\" content=\"https:\/\/www.facebook.com\/AlivioChicago\/\" \/>\n<meta property=\"article:modified_time\" content=\"2025-06-20T01:52:12+00:00\" \/>\n<meta property=\"og:image\" content=\"https:\/\/alivio.imgix.net\/ALIVIO-3115.jpg?ixlib=php-3.3.1\" \/>\n\t<meta property=\"og:image:width\" content=\"1920\" \/>\n\t<meta property=\"og:image:height\" content=\"1280\" \/>\n\t<meta property=\"og:image:type\" content=\"image\/jpeg\" \/>\n<meta name=\"twitter:card\" content=\"summary_large_image\" \/>\n<script type=\"application\/ld+json\" class=\"yoast-schema-graph\">{\"@context\":\"https:\/\/schema.org\",\"@graph\":[{\"@type\":\"WebPage\",\"@id\":\"https:\/\/alivio.org\/programs\/seniors\/\",\"url\":\"https:\/\/alivio.org\/programs\/seniors\/\",\"name\":\"Servicios para Adultos Mayores &#8226; Centro M\u00e9dico Alivio\",\"isPartOf\":{\"@id\":\"https:\/\/alivio.org\/#website\"},\"primaryImageOfPage\":{\"@id\":\"https:\/\/alivio.org\/programs\/seniors\/#primaryimage\"},\"image\":{\"@id\":\"https:\/\/alivio.org\/programs\/seniors\/#primaryimage\"},\"thumbnailUrl\":\"https:\/\/alivio.imgix.net\/ALIVIO-3115.jpg?ixlib=php-3.3.1\",\"datePublished\":\"2022-08-22T17:54:58+00:00\",\"dateModified\":\"2025-06-20T01:52:12+00:00\",\"description\":\"El desarrollo y la gesti\u00f3n del PSSC es uno de verdadera colaboraci\u00f3n y un ejemplo de lo mejor de las asociaciones p\u00fablico-privadas.\",\"breadcrumb\":{\"@id\":\"https:\/\/alivio.org\/programs\/seniors\/#breadcrumb\"},\"inLanguage\":\"es\",\"potentialAction\":[{\"@type\":\"ReadAction\",\"target\":[\"https:\/\/alivio.org\/programs\/seniors\/\"]}]},{\"@type\":\"ImageObject\",\"inLanguage\":\"es\",\"@id\":\"https:\/\/alivio.org\/programs\/seniors\/#primaryimage\",\"url\":\"https:\/\/alivio.imgix.net\/ALIVIO-3115.jpg?ixlib=php-3.3.1\",\"contentUrl\":\"https:\/\/alivio.imgix.net\/ALIVIO-3115.jpg?ixlib=php-3.3.1\",\"width\":1920,\"height\":1280},{\"@type\":\"BreadcrumbList\",\"@id\":\"https:\/\/alivio.org\/programs\/seniors\/#breadcrumb\",\"itemListElement\":[{\"@type\":\"ListItem\",\"position\":1,\"name\":\"Home\",\"item\":\"https:\/\/alivio.org\/\"},{\"@type\":\"ListItem\",\"position\":2,\"name\":\"Programs\",\"item\":\"https:\/\/alivio.org\/programs\/\"},{\"@type\":\"ListItem\",\"position\":3,\"name\":\"Senior Services\"}]},{\"@type\":\"WebSite\",\"@id\":\"https:\/\/alivio.org\/#website\",\"url\":\"https:\/\/alivio.org\/\",\"name\":\"Centro M\u00e9dico Alivio\",\"description\":\"Una Presencia Activa para una Comunidad Fuerte\",\"publisher\":{\"@id\":\"https:\/\/alivio.org\/#organization\"},\"potentialAction\":[{\"@type\":\"SearchAction\",\"target\":{\"@type\":\"EntryPoint\",\"urlTemplate\":\"https:\/\/alivio.org\/?s={search_term_string}\"},\"query-input\":{\"@type\":\"PropertyValueSpecification\",\"valueRequired\":true,\"valueName\":\"search_term_string\"}}],\"inLanguage\":\"es\"},{\"@type\":\"Organization\",\"@id\":\"https:\/\/alivio.org\/#organization\",\"name\":\"Centro M\u00e9dico Alivio\",\"url\":\"https:\/\/alivio.org\/\",\"logo\":{\"@type\":\"ImageObject\",\"inLanguage\":\"es\",\"@id\":\"https:\/\/alivio.org\/#\/schema\/logo\/image\/\",\"url\":\"https:\/\/alivio.imgix.net\/logo_full.png?ixlib=php-3.3.1\",\"contentUrl\":\"https:\/\/alivio.imgix.net\/logo_full.png?ixlib=php-3.3.1\",\"width\":354,\"height\":78,\"caption\":\"Centro M\u00e9dico Alivio\"},\"image\":{\"@id\":\"https:\/\/alivio.org\/#\/schema\/logo\/image\/\"},\"sameAs\":[\"https:\/\/www.facebook.com\/AlivioChicago\/\",\"https:\/\/www.linkedin.com\/company\/alivio-medical-center-inc-\"]}]}<\/script>","yoast_head_json":{"title":"Servicios para Adultos Mayores &#8226; Centro M\u00e9dico Alivio","robots":{"index":"index","follow":"follow","max-snippet":"max-snippet:-1","max-image-preview":"max-image-preview:large","max-video-preview":"max-video-preview:-1"},"canonical":"https:\/\/alivio.org\/programs\/seniors\/","og_locale":"es_ES","og_type":"article","og_title":"Servicios para Adultos Mayores &#8226; Centro M\u00e9dico Alivio","og_url":"https:\/\/alivio.org\/programs\/seniors\/","og_site_name":"Centro M\u00e9dico Alivio","article_publisher":"https:\/\/www.facebook.com\/AlivioChicago\/","article_modified_time":"2025-06-20T01:52:12+00:00","og_image":[{"width":1920,"height":1280,"url":"https:\/\/alivio.imgix.net\/ALIVIO-3115.jpg?ixlib=php-3.3.1","type":"image\/jpeg"}],"twitter_card":"summary_large_image","schema":{"@context":"https:\/\/schema.org","@graph":[{"@type":"WebPage","@id":"https:\/\/alivio.org\/programs\/seniors\/","url":"https:\/\/alivio.org\/programs\/seniors\/","name":"Servicios para Adultos Mayores &#8226; Centro M\u00e9dico Alivio","isPartOf":{"@id":"https:\/\/alivio.org\/#website"},"primaryImageOfPage":{"@id":"https:\/\/alivio.org\/programs\/seniors\/#primaryimage"},"image":{"@id":"https:\/\/alivio.org\/programs\/seniors\/#primaryimage"},"thumbnailUrl":"https:\/\/alivio.imgix.net\/ALIVIO-3115.jpg?ixlib=php-3.3.1","datePublished":"2022-08-22T17:54:58+00:00","dateModified":"2025-06-20T01:52:12+00:00","description":"El desarrollo y la gesti\u00f3n del PSSC es uno de verdadera colaboraci\u00f3n y un ejemplo de lo mejor de las asociaciones p\u00fablico-privadas.","breadcrumb":{"@id":"https:\/\/alivio.org\/programs\/seniors\/#breadcrumb"},"inLanguage":"es","potentialAction":[{"@type":"ReadAction","target":["https:\/\/alivio.org\/programs\/seniors\/"]}]},{"@type":"ImageObject","inLanguage":"es","@id":"https:\/\/alivio.org\/programs\/seniors\/#primaryimage","url":"https:\/\/alivio.imgix.net\/ALIVIO-3115.jpg?ixlib=php-3.3.1","contentUrl":"https:\/\/alivio.imgix.net\/ALIVIO-3115.jpg?ixlib=php-3.3.1","width":1920,"height":1280},{"@type":"BreadcrumbList","@id":"https:\/\/alivio.org\/programs\/seniors\/#breadcrumb","itemListElement":[{"@type":"ListItem","position":1,"name":"Home","item":"https:\/\/alivio.org\/"},{"@type":"ListItem","position":2,"name":"Programs","item":"https:\/\/alivio.org\/programs\/"},{"@type":"ListItem","position":3,"name":"Senior Services"}]},{"@type":"WebSite","@id":"https:\/\/alivio.org\/#website","url":"https:\/\/alivio.org\/","name":"Centro M\u00e9dico Alivio","description":"Una Presencia Activa para una Comunidad Fuerte","publisher":{"@id":"https:\/\/alivio.org\/#organization"},"potentialAction":[{"@type":"SearchAction","target":{"@type":"EntryPoint","urlTemplate":"https:\/\/alivio.org\/?s={search_term_string}"},"query-input":{"@type":"PropertyValueSpecification","valueRequired":true,"valueName":"search_term_string"}}],"inLanguage":"es"},{"@type":"Organization","@id":"https:\/\/alivio.org\/#organization","name":"Centro M\u00e9dico Alivio","url":"https:\/\/alivio.org\/","logo":{"@type":"ImageObject","inLanguage":"es","@id":"https:\/\/alivio.org\/#\/schema\/logo\/image\/","url":"https:\/\/alivio.imgix.net\/logo_full.png?ixlib=php-3.3.1","contentUrl":"https:\/\/alivio.imgix.net\/logo_full.png?ixlib=php-3.3.1","width":354,"height":78,"caption":"Centro M\u00e9dico Alivio"},"image":{"@id":"https:\/\/alivio.org\/#\/schema\/logo\/image\/"},"sameAs":["https:\/\/www.facebook.com\/AlivioChicago\/","https:\/\/www.linkedin.com\/company\/alivio-medical-center-inc-"]}]}},"jetpack_sharing_enabled":true,"publishpress_future_workflow_manual_trigger":{"enabledWorkflows":[]},"_links":{"self":[{"href":"https:\/\/alivio.org\/es\/wp-json\/wp\/v2\/pages\/140","targetHints":{"allow":["GET"]}}],"collection":[{"href":"https:\/\/alivio.org\/es\/wp-json\/wp\/v2\/pages"}],"about":[{"href":"https:\/\/alivio.org\/es\/wp-json\/wp\/v2\/types\/page"}],"author":[{"embeddable":true,"href":"https:\/\/alivio.org\/es\/wp-json\/wp\/v2\/users\/1"}],"replies":[{"embeddable":true,"href":"https:\/\/alivio.org\/es\/wp-json\/wp\/v2\/comments?post=140"}],"version-history":[{"count":68,"href":"https:\/\/alivio.org\/es\/wp-json\/wp\/v2\/pages\/140\/revisions"}],"predecessor-version":[{"id":6579,"href":"https:\/\/alivio.org\/es\/wp-json\/wp\/v2\/pages\/140\/revisions\/6579"}],"up":[{"embeddable":true,"href":"https:\/\/alivio.org\/es\/wp-json\/wp\/v2\/pages\/94"}],"wp:featuredmedia":[{"embeddable":true,"href":"https:\/\/alivio.org\/es\/wp-json\/wp\/v2\/media\/1690"}],"wp:attachment":[{"href":"https:\/\/alivio.org\/es\/wp-json\/wp\/v2\/media?parent=140"}],"wp:term":[{"taxonomy":"category","embeddable":true,"href":"https:\/\/alivio.org\/es\/wp-json\/wp\/v2\/categories?post=140"}],"curies":[{"name":"wp","href":"https:\/\/api.w.org\/{rel}","templated":true}]}}