{"id":144,"date":"2022-08-22T17:54:58","date_gmt":"2022-08-22T17:54:58","guid":{"rendered":"https:\/\/alivio.dev\/w-i-c\/"},"modified":"2026-01-27T16:30:25","modified_gmt":"2026-01-27T22:30:25","slug":"wic","status":"publish","type":"page","link":"https:\/\/alivio.org\/es\/programas\/wic\/","title":{"rendered":"WIC (Mujeres, Infantes, Ni\u00f1os)"},"content":{"rendered":"\n<h2 class=\"wp-block-heading\">WIC (Mujeres, Infantes, Ni\u00f1os)<\/h2>\n\n\n\n<p>El programa WIC tiene el objetivo salvaguardar la salud de las mujeres de bajos ingresos, los beb\u00e9s y los ni\u00f1os (hasta 5 a\u00f1os de edad) que est\u00e1n en riesgo nutricional al proporcionar alimentos nutritivos para complementar las dietas, informaci\u00f3n sobre alimentaci\u00f3n saludable y derivaciones a atenci\u00f3n m\u00e9dica. Trabajamos en estrecha colaboraci\u00f3n con el programa de Manejo de Casos de Familia&nbsp;para educar a las mujeres y brindarles el conocimiento y las herramientas para criar ni\u00f1os saludables y pr\u00f3speros.<\/p>\n\n\n\n<h3 class=\"wp-block-heading\">WIC Sirve:<\/h3>\n\n\n\n<ul class=\"array wp-block-list\">\n<li>Mujeres <strong>embarazadas<\/strong><\/li>\n\n\n\n<li>Mujeres <strong>lactantes<\/strong><\/li>\n\n\n\n<li>Mujeres <strong>posparto<\/strong> que no amamantan<\/li>\n\n\n\n<li><strong>Beb\u00e9s<\/strong><\/li>\n\n\n\n<li>Ni\u00f1os<strong> peque\u00f1os<\/strong> y <strong>ni\u00f1os<\/strong> hasta 5 a\u00f1os de edad<\/li>\n<\/ul>\n\n\n<div id=\"\" class=\"place side\">\n\n<ul class=\"wp-block-list\">\n<li><a href=\"https:\/\/alivio.org\/es\/locations\/morgan\/\"><strong>Clinica de Morgan <\/strong><\/a> \u2013 966 West 21st St, 60608<\/li>\n\n\n\n<li><strong><a href=\"\/es\/locations\/western\/\">Clinica de Western<\/a><\/strong> \u2013 2355 S. Western Ave, 60608<\/li>\n\n\n\n<li><strong>Horario de WIC<\/strong> \u2013 Lun-Mar-Jue-Vie: 8:30am &#8211; 3:30pm; Miercoles: 1pm &#8211; 6pm<\/li>\n<\/ul>\n<\/div>\n\n\n\n<h3 class=\"wp-block-heading\">Beneficios de WIC:<\/h3>\n\n\n\n<ul class=\"wp-block-list\">\n<li>Alimentos nutritivos complementarios<\/li>\n\n\n\n<li>Educaci\u00f3n y asesoramiento sobre nutrici\u00f3n<\/li>\n\n\n\n<li>Promoci\u00f3n, apoyo y suministros para la lactancia materna<\/li>\n\n\n\n<li>Detecci\u00f3n y referencias a otros servicios sociales, de bienestar y de salud<\/li>\n<\/ul>\n\n\n  <section class=\"bgblock \" style=\"background-image:url(https:\/\/alivio.imgix.net\/ALIVIO-3039.jpg?ixlib=php-3.3.1)\">\n    <div>\n      <header>\u00bfM\u00e1s Preguntas Sobre W.I.C?<\/header>\n            <a class=cta href=\"tel:17732541400\">Llame al (773) 254-1400 (Presione la opci\u00f3n 5)<\/a>\n    <\/div>\n  <\/section>\n\n\n\n<p><a href=\"\/files\/wic-es\/\">Declaraci\u00f3n de no discriminaci\u00f3n USDA<\/a><\/p>\n","protected":false},"excerpt":{"rendered":"<p>Trabajamos en estrecha colaboraci\u00f3n con el programa de Manejo de Casos de Familia\u00a0para educar a las mujeres<\/p>\n","protected":false},"author":1,"featured_media":1704,"parent":94,"menu_order":0,"comment_status":"closed","ping_status":"closed","template":"","meta":{"_relevanssi_hide_post":"","_relevanssi_hide_content":"","_relevanssi_pin_for_all":"","_relevanssi_pin_keywords":"","_relevanssi_unpin_keywords":"","_relevanssi_related_keywords":"","_relevanssi_related_include_ids":"","_relevanssi_related_exclude_ids":"","_relevanssi_related_no_append":"","_relevanssi_related_not_related":"","_relevanssi_related_posts":"692,672,708,745,807,722","_relevanssi_noindex_reason":"","footnotes":""},"categories":[],"class_list":["post-144","page","type-page","status-publish","has-post-thumbnail","hentry"],"translation":{"provider":"WPGlobus","version":"3.0.2","language":"es","enabled_languages":["en","es","zh"],"languages":{"en":{"title":true,"content":true,"excerpt":true},"es":{"title":true,"content":true,"excerpt":true},"zh":{"title":true,"content":true,"excerpt":false}}},"acf":[],"yoast_head":"<title>WIC (Mujeres, Infantes, Ni\u00f1os) &#8226; Centro M\u00e9dico Alivio<\/title>\n<meta name=\"robots\" content=\"index, follow, max-snippet:-1, max-image-preview:large, max-video-preview:-1\" \/>\n<link rel=\"canonical\" href=\"https:\/\/alivio.org\/programs\/wic\/\" \/>\n<meta property=\"og:locale\" content=\"es_ES\" \/>\n<meta property=\"og:type\" content=\"article\" \/>\n<meta property=\"og:title\" content=\"WIC (Mujeres, Infantes, Ni\u00f1os) &#8226; Centro M\u00e9dico Alivio\" \/>\n<meta property=\"og:url\" content=\"https:\/\/alivio.org\/programs\/wic\/\" \/>\n<meta property=\"og:site_name\" content=\"Centro M\u00e9dico Alivio\" \/>\n<meta property=\"article:publisher\" content=\"https:\/\/www.facebook.com\/AlivioChicago\/\" \/>\n<meta property=\"article:modified_time\" content=\"2026-01-27T22:30:25+00:00\" \/>\n<meta property=\"og:image\" content=\"https:\/\/alivio.imgix.net\/ALIVIO-3066.jpg?ixlib=php-3.3.1\" \/>\n\t<meta property=\"og:image:width\" content=\"1920\" \/>\n\t<meta property=\"og:image:height\" content=\"1280\" \/>\n\t<meta property=\"og:image:type\" content=\"image\/jpeg\" \/>\n<meta name=\"twitter:card\" content=\"summary_large_image\" \/>\n<script type=\"application\/ld+json\" class=\"yoast-schema-graph\">{\"@context\":\"https:\/\/schema.org\",\"@graph\":[{\"@type\":\"WebPage\",\"@id\":\"https:\/\/alivio.org\/programs\/wic\/\",\"url\":\"https:\/\/alivio.org\/programs\/wic\/\",\"name\":\"WIC (Mujeres, Infantes, Ni\u00f1os) &#8226; Centro M\u00e9dico Alivio\",\"isPartOf\":{\"@id\":\"https:\/\/alivio.org\/#website\"},\"primaryImageOfPage\":{\"@id\":\"https:\/\/alivio.org\/programs\/wic\/#primaryimage\"},\"image\":{\"@id\":\"https:\/\/alivio.org\/programs\/wic\/#primaryimage\"},\"thumbnailUrl\":\"https:\/\/alivio.imgix.net\/ALIVIO-3066.jpg?ixlib=php-3.3.1\",\"datePublished\":\"2022-08-22T17:54:58+00:00\",\"dateModified\":\"2026-01-27T22:30:25+00:00\",\"description\":\"Trabajamos en estrecha colaboraci\u00f3n con el programa de Manejo de Casos de Familia\u00a0para educar a las mujeres\",\"breadcrumb\":{\"@id\":\"https:\/\/alivio.org\/programs\/wic\/#breadcrumb\"},\"inLanguage\":\"es\",\"potentialAction\":[{\"@type\":\"ReadAction\",\"target\":[\"https:\/\/alivio.org\/programs\/wic\/\"]}]},{\"@type\":\"ImageObject\",\"inLanguage\":\"es\",\"@id\":\"https:\/\/alivio.org\/programs\/wic\/#primaryimage\",\"url\":\"https:\/\/alivio.imgix.net\/ALIVIO-3066.jpg?ixlib=php-3.3.1\",\"contentUrl\":\"https:\/\/alivio.imgix.net\/ALIVIO-3066.jpg?ixlib=php-3.3.1\",\"width\":1920,\"height\":1280},{\"@type\":\"BreadcrumbList\",\"@id\":\"https:\/\/alivio.org\/programs\/wic\/#breadcrumb\",\"itemListElement\":[{\"@type\":\"ListItem\",\"position\":1,\"name\":\"Home\",\"item\":\"https:\/\/alivio.org\/\"},{\"@type\":\"ListItem\",\"position\":2,\"name\":\"Programs\",\"item\":\"https:\/\/alivio.org\/programs\/\"},{\"@type\":\"ListItem\",\"position\":3,\"name\":\"W.I.C.\"}]},{\"@type\":\"WebSite\",\"@id\":\"https:\/\/alivio.org\/#website\",\"url\":\"https:\/\/alivio.org\/\",\"name\":\"Centro M\u00e9dico Alivio\",\"description\":\"Una Presencia Activa para una Comunidad Fuerte\",\"publisher\":{\"@id\":\"https:\/\/alivio.org\/#organization\"},\"potentialAction\":[{\"@type\":\"SearchAction\",\"target\":{\"@type\":\"EntryPoint\",\"urlTemplate\":\"https:\/\/alivio.org\/?s={search_term_string}\"},\"query-input\":{\"@type\":\"PropertyValueSpecification\",\"valueRequired\":true,\"valueName\":\"search_term_string\"}}],\"inLanguage\":\"es\"},{\"@type\":\"Organization\",\"@id\":\"https:\/\/alivio.org\/#organization\",\"name\":\"Centro M\u00e9dico Alivio\",\"url\":\"https:\/\/alivio.org\/\",\"logo\":{\"@type\":\"ImageObject\",\"inLanguage\":\"es\",\"@id\":\"https:\/\/alivio.org\/#\/schema\/logo\/image\/\",\"url\":\"https:\/\/alivio.imgix.net\/logo_full.png?ixlib=php-3.3.1\",\"contentUrl\":\"https:\/\/alivio.imgix.net\/logo_full.png?ixlib=php-3.3.1\",\"width\":354,\"height\":78,\"caption\":\"Centro M\u00e9dico Alivio\"},\"image\":{\"@id\":\"https:\/\/alivio.org\/#\/schema\/logo\/image\/\"},\"sameAs\":[\"https:\/\/www.facebook.com\/AlivioChicago\/\",\"https:\/\/www.linkedin.com\/company\/alivio-medical-center-inc-\"]}]}<\/script>","yoast_head_json":{"title":"WIC (Mujeres, Infantes, Ni\u00f1os) &#8226; Centro M\u00e9dico Alivio","robots":{"index":"index","follow":"follow","max-snippet":"max-snippet:-1","max-image-preview":"max-image-preview:large","max-video-preview":"max-video-preview:-1"},"canonical":"https:\/\/alivio.org\/programs\/wic\/","og_locale":"es_ES","og_type":"article","og_title":"WIC (Mujeres, Infantes, Ni\u00f1os) &#8226; Centro M\u00e9dico Alivio","og_url":"https:\/\/alivio.org\/programs\/wic\/","og_site_name":"Centro M\u00e9dico Alivio","article_publisher":"https:\/\/www.facebook.com\/AlivioChicago\/","article_modified_time":"2026-01-27T22:30:25+00:00","og_image":[{"width":1920,"height":1280,"url":"https:\/\/alivio.imgix.net\/ALIVIO-3066.jpg?ixlib=php-3.3.1","type":"image\/jpeg"}],"twitter_card":"summary_large_image","schema":{"@context":"https:\/\/schema.org","@graph":[{"@type":"WebPage","@id":"https:\/\/alivio.org\/programs\/wic\/","url":"https:\/\/alivio.org\/programs\/wic\/","name":"WIC (Mujeres, Infantes, Ni\u00f1os) &#8226; Centro M\u00e9dico Alivio","isPartOf":{"@id":"https:\/\/alivio.org\/#website"},"primaryImageOfPage":{"@id":"https:\/\/alivio.org\/programs\/wic\/#primaryimage"},"image":{"@id":"https:\/\/alivio.org\/programs\/wic\/#primaryimage"},"thumbnailUrl":"https:\/\/alivio.imgix.net\/ALIVIO-3066.jpg?ixlib=php-3.3.1","datePublished":"2022-08-22T17:54:58+00:00","dateModified":"2026-01-27T22:30:25+00:00","description":"Trabajamos en estrecha colaboraci\u00f3n con el programa de Manejo de Casos de Familia\u00a0para educar a las mujeres","breadcrumb":{"@id":"https:\/\/alivio.org\/programs\/wic\/#breadcrumb"},"inLanguage":"es","potentialAction":[{"@type":"ReadAction","target":["https:\/\/alivio.org\/programs\/wic\/"]}]},{"@type":"ImageObject","inLanguage":"es","@id":"https:\/\/alivio.org\/programs\/wic\/#primaryimage","url":"https:\/\/alivio.imgix.net\/ALIVIO-3066.jpg?ixlib=php-3.3.1","contentUrl":"https:\/\/alivio.imgix.net\/ALIVIO-3066.jpg?ixlib=php-3.3.1","width":1920,"height":1280},{"@type":"BreadcrumbList","@id":"https:\/\/alivio.org\/programs\/wic\/#breadcrumb","itemListElement":[{"@type":"ListItem","position":1,"name":"Home","item":"https:\/\/alivio.org\/"},{"@type":"ListItem","position":2,"name":"Programs","item":"https:\/\/alivio.org\/programs\/"},{"@type":"ListItem","position":3,"name":"W.I.C."}]},{"@type":"WebSite","@id":"https:\/\/alivio.org\/#website","url":"https:\/\/alivio.org\/","name":"Centro M\u00e9dico Alivio","description":"Una Presencia Activa para una Comunidad Fuerte","publisher":{"@id":"https:\/\/alivio.org\/#organization"},"potentialAction":[{"@type":"SearchAction","target":{"@type":"EntryPoint","urlTemplate":"https:\/\/alivio.org\/?s={search_term_string}"},"query-input":{"@type":"PropertyValueSpecification","valueRequired":true,"valueName":"search_term_string"}}],"inLanguage":"es"},{"@type":"Organization","@id":"https:\/\/alivio.org\/#organization","name":"Centro M\u00e9dico Alivio","url":"https:\/\/alivio.org\/","logo":{"@type":"ImageObject","inLanguage":"es","@id":"https:\/\/alivio.org\/#\/schema\/logo\/image\/","url":"https:\/\/alivio.imgix.net\/logo_full.png?ixlib=php-3.3.1","contentUrl":"https:\/\/alivio.imgix.net\/logo_full.png?ixlib=php-3.3.1","width":354,"height":78,"caption":"Centro M\u00e9dico Alivio"},"image":{"@id":"https:\/\/alivio.org\/#\/schema\/logo\/image\/"},"sameAs":["https:\/\/www.facebook.com\/AlivioChicago\/","https:\/\/www.linkedin.com\/company\/alivio-medical-center-inc-"]}]}},"jetpack_sharing_enabled":true,"publishpress_future_workflow_manual_trigger":{"enabledWorkflows":[]},"_links":{"self":[{"href":"https:\/\/alivio.org\/es\/wp-json\/wp\/v2\/pages\/144","targetHints":{"allow":["GET"]}}],"collection":[{"href":"https:\/\/alivio.org\/es\/wp-json\/wp\/v2\/pages"}],"about":[{"href":"https:\/\/alivio.org\/es\/wp-json\/wp\/v2\/types\/page"}],"author":[{"embeddable":true,"href":"https:\/\/alivio.org\/es\/wp-json\/wp\/v2\/users\/1"}],"replies":[{"embeddable":true,"href":"https:\/\/alivio.org\/es\/wp-json\/wp\/v2\/comments?post=144"}],"version-history":[{"count":137,"href":"https:\/\/alivio.org\/es\/wp-json\/wp\/v2\/pages\/144\/revisions"}],"predecessor-version":[{"id":7547,"href":"https:\/\/alivio.org\/es\/wp-json\/wp\/v2\/pages\/144\/revisions\/7547"}],"up":[{"embeddable":true,"href":"https:\/\/alivio.org\/es\/wp-json\/wp\/v2\/pages\/94"}],"wp:featuredmedia":[{"embeddable":true,"href":"https:\/\/alivio.org\/es\/wp-json\/wp\/v2\/media\/1704"}],"wp:attachment":[{"href":"https:\/\/alivio.org\/es\/wp-json\/wp\/v2\/media?parent=144"}],"wp:term":[{"taxonomy":"category","embeddable":true,"href":"https:\/\/alivio.org\/es\/wp-json\/wp\/v2\/categories?post=144"}],"curies":[{"name":"wp","href":"https:\/\/api.w.org\/{rel}","templated":true}]}}