{"id":162,"date":"2022-08-22T18:59:15","date_gmt":"2022-08-22T18:59:15","guid":{"rendered":"https:\/\/alivio.dev\/covid-19-vaccines\/"},"modified":"2025-08-11T15:10:09","modified_gmt":"2025-08-11T20:10:09","slug":"covid","status":"publish","type":"page","link":"https:\/\/alivio.org\/es\/servicios\/covid\/","title":{"rendered":"COVID-19"},"content":{"rendered":"\n<h2 class=\"wp-block-heading\">COVID-19<\/h2>\n\n\n\n<p>Desde el inicio de la pandemia y despu\u00e9s, Alivio contin\u00faa con su compromiso de ayudar a nuestros pacientes y a la comunidad a comprender el COVID-19 a trav\u00e9s de pruebas, recursos y educaci\u00f3n.<\/p>\n\n\n\n<h3 class=\"wp-block-heading\">\u00bfQu\u00e9 es el COVID-19?<\/h3>\n\n\n\n<p>Como lo describe el Centro para el Control y la Prevenci\u00f3n de Enfermedades (CDC), El COVID-19 (enfermedad del coronavirus 2019) es una enfermedad causada por un virus llamado SARS-CoV-2. Puede ser muy contagioso y se propaga r\u00e1pidamente. M\u00e1s de un mill\u00f3n de personas murieron a causa del COVID-19 en los Estados Unidos.<\/p>\n\n\n\n<p>Con mayor frecuencia, los s\u00edntomas que causa el COVID-19 son respiratorios y se parecen a los de un resfriado, la influenza o la neumon\u00eda. El COVID-19 puede atacar a otras partes de su organismo adem\u00e1s de sus pulmones y sistema respiratorio. Otras partes de su cuerpo tambi\u00e9n pueden verse afectadas por la enfermedad. La mayor\u00eda de las personas con COVID-19 tienen s\u00edntomas leves, pero algunas se enferman gravemente.<\/p>\n\n\n\n<p>Algunas personas, incluidas las que tienen s\u00edntomas leves o no tienen s\u00edntomas, sufren con el tiempo afecciones posteriores al COVID-19, tambi\u00e9n llamadas \u00abCOVID-19 persistente\u00bb.<\/p>\n\n\n\n<h3 class=\"wp-block-heading\">\u00bfC\u00f3mo se propaga el COVID-19?<\/h3>\n\n\n<div id=\"\" class=\"place side\">\n\n<header>Vacunas y pruebas de Covid solo con cita previa<\/header>\n\n<ul class=\"wp-block-list\">\n<li><a href=\"https:\/\/alivio.org\/locations\/morgan\/\">Morgan<\/a>: <strong>966 West 21st Street<\/strong>, Chicago<\/li>\n\n\n\n<li><a href=\"https:\/\/alivio.org\/locations\/berwyn\/\">Berwyn<\/a>: <strong>6447 Cermak Road<\/strong>, Berwyn<\/li>\n\n\n\n<li><a href=\"https:\/\/alivio.org\/locations\/western\/\">Western<\/a>: <strong>2355 South Western Avenue<\/strong>, Chicago<\/li>\n<\/ul>\n\n<hr class=\"wp-block-separator has-alpha-channel-opacity hr\"\/>\n<dl class=\"jetpack-business-hours wp-block-jetpack-business-hours\"><div class=\"jetpack-business-hours__item\"><dt class=\"Mon\">Lunes<\/dt><dd class=\"Mon\">8:30 am &#8211; 5:30 pm<\/dd><\/div><div class=\"jetpack-business-hours__item\"><dt class=\"Tue\">Martes<\/dt><dd class=\"Tue\">8:30 am &#8211; 5:30 pm<\/dd><\/div><div class=\"jetpack-business-hours__item\"><dt class=\"Wed\">Mi\u00e9rcoles<\/dt><dd class=\"Wed\">1:00 pm &#8211; 8:00 pm<\/dd><\/div><div class=\"jetpack-business-hours__item\"><dt class=\"Thu\">Jueves<\/dt><dd class=\"Thu\">8:30 am &#8211; 5:30 pm<\/dd><\/div><div class=\"jetpack-business-hours__item\"><dt class=\"Fri\">Viernes<\/dt><dd class=\"Fri\">8:30 am &#8211; 5:30 pm<\/dd><\/div><div class=\"jetpack-business-hours__item\"><dt class=\"Sat\">S\u00e1bado<\/dt><dd class=\"Sat\">9:00 am &#8211; 1:00 pm<\/dd><\/div><div class=\"jetpack-business-hours__item\"><dt class=\"Sun\">Domingo<\/dt><dd class=\"Sun\">Cerrado<\/dd><\/div><\/dl>\n<footer>Visita sin cita previa por pruebas disponible \u00fanicamente en <a href=\"\/es\/servicios\/inmediato\/\">Atenci\u00f3n Inmediata (Berwyn)<\/a>.<\/footer>\n<\/div>\n\n\n\n<p>Segun el CDC, El&nbsp;COVID-19 se propaga cuando una persona infectada exhala gotitas y part\u00edculas respiratorias muy peque\u00f1as que contienen el virus. Otras personas pueden inspirar estas gotitas y part\u00edculas, o estas gotitas y part\u00edculas pueden caer en sus ojos, nariz o boca. En algunas circunstancias, estas gotitas pueden contaminar las superficies que tocan.<\/p>\n\n\n\n<p>Cualquier persona infectada por COVID-19 puede propagar la enfermedad, incluso si NO tiene s\u00edntomas.<\/p>\n\n\n\n<h3 class=\"wp-block-heading\">\u00bfC\u00f3mo protegerse contra el COVID-19?<\/h3>\n\n\n\n<p>Los CDC recomiendan practicar pr\u00e1cticas b\u00e1sicas de salud e higiene, como lavarse las manos o cubrirse la boca y la nariz con un pa\u00f1uelo desechable al toser o estornudar. Las acciones de prevenci\u00f3n adicionales incluyen mejorar la ventilaci\u00f3n, quedarse en casa si no se siente bien, hacerse la prueba si sospecha que tiene o ha estado expuesto al COVID-19 y mantenerse al d\u00eda con las vacunas contra el COVID-19.<\/p>\n\n\n\n<h3 class=\"wp-block-heading\">Las vacunas contra el COVID-19 est\u00e1n disponibles en Alivio.<\/h3>\n\n\n\n<p>Hay vacunas contra el Covid-19 seguras y eficaces disponibles para todas las personas a partir de los 6 meses. Las recomendaciones para la vacuna se basan en la edad, el tiempo transcurrido desde la \u00faltima dosis y, a veces, en la primera vacuna recibida. Los efectos secundarios despu\u00e9s del COVID-19 son comunes; Sin embargo, las reacciones al\u00e9rgicas graves son raras. Los pacientes con inmunodeficiencia moderada o grave deben consultar con su m\u00e9dico sobre consideraciones espec\u00edficas sobre vacunas. Alivio sigue las pautas de salud p\u00fablica estatal y local para determinar la elegibilidad para la vacuna.<\/p>\n\n\n\n<h3 class=\"wp-block-heading\">Consideraciones importantes antes de pedir una cita:<\/h3>\n\n\n\n<ul class=\"wp-block-list\">\n<li>Si ha tenido una prueba de Covid-19 Positiva, deber\u00e1 esperar 10 d\u00edas antes de recibir la vacuna Covid-19.<\/li>\n\n\n\n<li>Si recientemente se hizo una prueba de Covid 19, debe tener un resultado negativo antes de recibir la vacuna Covid-19.<\/li>\n\n\n\n<li>Los pacientes que programen citas deben notificar a los programadores sobre cualquier s\u00edntoma y usar una mascarilla Kn95 al llegar.<\/li>\n<\/ul>\n\n\n\n<p class=\"big\">\u00a1Contin\u00fae practicando el uso de mascarillas, la higiene de manos y las mejores pr\u00e1cticas al toser o estornudar!<\/p>\n\n\n\n<h3 class=\"wp-block-heading\">\u00bfPor qu\u00e9 es importantes que nuestras comunidades latinas reciben la vacuna?<\/h3>\n\n\n\n<p>Muchas de las comunidades de Alivio (personas que desempe\u00f1an funciones esenciales) suelen ser las que corren mayor riesgo de sufrir los peores resultados negativos de esta enfermedad. Abogamos firmemente por la vacunaci\u00f3n de nuestras comunidades y estamos aqu\u00ed para brindar educaci\u00f3n, informaci\u00f3n cient\u00edfica, apoyo y recursos para que usted pueda recibir la vacuna.<\/p>\n\n\n\n<p>Consulte la siguiente hoja informativa para obtener m\u00e1s informaci\u00f3n sobre los beneficios, la seguridad y la importancia de la vacuna Covid-19:<\/p>\n\n\n\n<ul class=\"wp-block-list\">\n<li><a href=\"https:\/\/www.fda.gov\/media\/144637\/download\"><strong>Hoja informativa de la EUA de Moderna<\/strong> (revisada el 31\/01\/22)<\/a><\/li>\n\n\n\n<li><a href=\"https:\/\/www.fda.gov\/media\/167212\/download\"><strong>Hoja informativa de la EUA de Pfizer<\/strong> (revisada el 28\/04\/23)<\/a><\/li>\n<\/ul>\n","protected":false},"excerpt":{"rendered":"<p>Alivio contin\u00faa con su compromiso de ayudar a nuestros pacientes y a la comunidad a comprender el COVID-19 a trav\u00e9s de pruebas, recursos y educaci\u00f3n.<\/p>\n","protected":false},"author":1,"featured_media":1422,"parent":90,"menu_order":7,"comment_status":"closed","ping_status":"closed","template":"","meta":{"_relevanssi_hide_post":"","_relevanssi_hide_content":"","_relevanssi_pin_for_all":"","_relevanssi_pin_keywords":"","_relevanssi_unpin_keywords":"","_relevanssi_related_keywords":"","_relevanssi_related_include_ids":"","_relevanssi_related_exclude_ids":"","_relevanssi_related_no_append":"","_relevanssi_related_not_related":"","_relevanssi_related_posts":"647,654,630,657,672,678","_relevanssi_noindex_reason":"","footnotes":""},"categories":[],"class_list":["post-162","page","type-page","status-publish","has-post-thumbnail","hentry"],"translation":{"provider":"WPGlobus","version":"3.0.2","language":"es","enabled_languages":["en","es","zh"],"languages":{"en":{"title":true,"content":true,"excerpt":true},"es":{"title":true,"content":true,"excerpt":true},"zh":{"title":true,"content":true,"excerpt":false}}},"acf":[],"yoast_head":"<title>COVID-19 &#8226; Centro M\u00e9dico Alivio<\/title>\n<meta name=\"robots\" content=\"index, follow, max-snippet:-1, max-image-preview:large, max-video-preview:-1\" \/>\n<link rel=\"canonical\" href=\"https:\/\/alivio.org\/services\/covid\/\" \/>\n<meta property=\"og:locale\" content=\"es_ES\" \/>\n<meta property=\"og:type\" content=\"article\" \/>\n<meta property=\"og:title\" content=\"COVID-19 &#8226; Centro M\u00e9dico Alivio\" \/>\n<meta property=\"og:url\" content=\"https:\/\/alivio.org\/services\/covid\/\" \/>\n<meta property=\"og:site_name\" content=\"Centro M\u00e9dico Alivio\" \/>\n<meta property=\"article:publisher\" content=\"https:\/\/www.facebook.com\/AlivioChicago\/\" \/>\n<meta property=\"article:modified_time\" content=\"2025-08-11T20:10:09+00:00\" \/>\n<meta property=\"og:image\" content=\"https:\/\/alivio.imgix.net\/alivio_7132.jpg?ixlib=php-3.3.1\" \/>\n\t<meta property=\"og:image:width\" content=\"1920\" \/>\n\t<meta property=\"og:image:height\" content=\"1280\" \/>\n\t<meta property=\"og:image:type\" content=\"image\/jpeg\" \/>\n<meta name=\"twitter:card\" content=\"summary_large_image\" \/>\n<script type=\"application\/ld+json\" class=\"yoast-schema-graph\">{\"@context\":\"https:\/\/schema.org\",\"@graph\":[{\"@type\":\"WebPage\",\"@id\":\"https:\/\/alivio.org\/services\/covid\/\",\"url\":\"https:\/\/alivio.org\/services\/covid\/\",\"name\":\"COVID-19 &#8226; Centro M\u00e9dico Alivio\",\"isPartOf\":{\"@id\":\"https:\/\/alivio.org\/#website\"},\"primaryImageOfPage\":{\"@id\":\"https:\/\/alivio.org\/services\/covid\/#primaryimage\"},\"image\":{\"@id\":\"https:\/\/alivio.org\/services\/covid\/#primaryimage\"},\"thumbnailUrl\":\"https:\/\/alivio.imgix.net\/alivio_7132.jpg?ixlib=php-3.3.1\",\"datePublished\":\"2022-08-22T18:59:15+00:00\",\"dateModified\":\"2025-08-11T20:10:09+00:00\",\"description\":\"Alivio contin\u00faa con su compromiso de ayudar a nuestros pacientes y a la comunidad a comprender el COVID-19 a trav\u00e9s de pruebas, recursos y educaci\u00f3n.\",\"breadcrumb\":{\"@id\":\"https:\/\/alivio.org\/services\/covid\/#breadcrumb\"},\"inLanguage\":\"es\",\"potentialAction\":[{\"@type\":\"ReadAction\",\"target\":[\"https:\/\/alivio.org\/services\/covid\/\"]}]},{\"@type\":\"ImageObject\",\"inLanguage\":\"es\",\"@id\":\"https:\/\/alivio.org\/services\/covid\/#primaryimage\",\"url\":\"https:\/\/alivio.imgix.net\/alivio_7132.jpg?ixlib=php-3.3.1\",\"contentUrl\":\"https:\/\/alivio.imgix.net\/alivio_7132.jpg?ixlib=php-3.3.1\",\"width\":1920,\"height\":1280},{\"@type\":\"BreadcrumbList\",\"@id\":\"https:\/\/alivio.org\/services\/covid\/#breadcrumb\",\"itemListElement\":[{\"@type\":\"ListItem\",\"position\":1,\"name\":\"Home\",\"item\":\"https:\/\/alivio.org\/\"},{\"@type\":\"ListItem\",\"position\":2,\"name\":\"Services\",\"item\":\"https:\/\/alivio.org\/services\/\"},{\"@type\":\"ListItem\",\"position\":3,\"name\":\"COVID-19\"}]},{\"@type\":\"WebSite\",\"@id\":\"https:\/\/alivio.org\/#website\",\"url\":\"https:\/\/alivio.org\/\",\"name\":\"Centro M\u00e9dico Alivio\",\"description\":\"Una Presencia Activa para una Comunidad Fuerte\",\"publisher\":{\"@id\":\"https:\/\/alivio.org\/#organization\"},\"potentialAction\":[{\"@type\":\"SearchAction\",\"target\":{\"@type\":\"EntryPoint\",\"urlTemplate\":\"https:\/\/alivio.org\/?s={search_term_string}\"},\"query-input\":{\"@type\":\"PropertyValueSpecification\",\"valueRequired\":true,\"valueName\":\"search_term_string\"}}],\"inLanguage\":\"es\"},{\"@type\":\"Organization\",\"@id\":\"https:\/\/alivio.org\/#organization\",\"name\":\"Centro M\u00e9dico Alivio\",\"url\":\"https:\/\/alivio.org\/\",\"logo\":{\"@type\":\"ImageObject\",\"inLanguage\":\"es\",\"@id\":\"https:\/\/alivio.org\/#\/schema\/logo\/image\/\",\"url\":\"https:\/\/alivio.imgix.net\/logo_full.png?ixlib=php-3.3.1\",\"contentUrl\":\"https:\/\/alivio.imgix.net\/logo_full.png?ixlib=php-3.3.1\",\"width\":354,\"height\":78,\"caption\":\"Centro M\u00e9dico Alivio\"},\"image\":{\"@id\":\"https:\/\/alivio.org\/#\/schema\/logo\/image\/\"},\"sameAs\":[\"https:\/\/www.facebook.com\/AlivioChicago\/\",\"https:\/\/www.linkedin.com\/company\/alivio-medical-center-inc-\"]}]}<\/script>","yoast_head_json":{"title":"COVID-19 &#8226; Centro M\u00e9dico Alivio","robots":{"index":"index","follow":"follow","max-snippet":"max-snippet:-1","max-image-preview":"max-image-preview:large","max-video-preview":"max-video-preview:-1"},"canonical":"https:\/\/alivio.org\/services\/covid\/","og_locale":"es_ES","og_type":"article","og_title":"COVID-19 &#8226; Centro M\u00e9dico Alivio","og_url":"https:\/\/alivio.org\/services\/covid\/","og_site_name":"Centro M\u00e9dico Alivio","article_publisher":"https:\/\/www.facebook.com\/AlivioChicago\/","article_modified_time":"2025-08-11T20:10:09+00:00","og_image":[{"width":1920,"height":1280,"url":"https:\/\/alivio.imgix.net\/alivio_7132.jpg?ixlib=php-3.3.1","type":"image\/jpeg"}],"twitter_card":"summary_large_image","schema":{"@context":"https:\/\/schema.org","@graph":[{"@type":"WebPage","@id":"https:\/\/alivio.org\/services\/covid\/","url":"https:\/\/alivio.org\/services\/covid\/","name":"COVID-19 &#8226; Centro M\u00e9dico Alivio","isPartOf":{"@id":"https:\/\/alivio.org\/#website"},"primaryImageOfPage":{"@id":"https:\/\/alivio.org\/services\/covid\/#primaryimage"},"image":{"@id":"https:\/\/alivio.org\/services\/covid\/#primaryimage"},"thumbnailUrl":"https:\/\/alivio.imgix.net\/alivio_7132.jpg?ixlib=php-3.3.1","datePublished":"2022-08-22T18:59:15+00:00","dateModified":"2025-08-11T20:10:09+00:00","description":"Alivio contin\u00faa con su compromiso de ayudar a nuestros pacientes y a la comunidad a comprender el COVID-19 a trav\u00e9s de pruebas, recursos y educaci\u00f3n.","breadcrumb":{"@id":"https:\/\/alivio.org\/services\/covid\/#breadcrumb"},"inLanguage":"es","potentialAction":[{"@type":"ReadAction","target":["https:\/\/alivio.org\/services\/covid\/"]}]},{"@type":"ImageObject","inLanguage":"es","@id":"https:\/\/alivio.org\/services\/covid\/#primaryimage","url":"https:\/\/alivio.imgix.net\/alivio_7132.jpg?ixlib=php-3.3.1","contentUrl":"https:\/\/alivio.imgix.net\/alivio_7132.jpg?ixlib=php-3.3.1","width":1920,"height":1280},{"@type":"BreadcrumbList","@id":"https:\/\/alivio.org\/services\/covid\/#breadcrumb","itemListElement":[{"@type":"ListItem","position":1,"name":"Home","item":"https:\/\/alivio.org\/"},{"@type":"ListItem","position":2,"name":"Services","item":"https:\/\/alivio.org\/services\/"},{"@type":"ListItem","position":3,"name":"COVID-19"}]},{"@type":"WebSite","@id":"https:\/\/alivio.org\/#website","url":"https:\/\/alivio.org\/","name":"Centro M\u00e9dico Alivio","description":"Una Presencia Activa para una Comunidad Fuerte","publisher":{"@id":"https:\/\/alivio.org\/#organization"},"potentialAction":[{"@type":"SearchAction","target":{"@type":"EntryPoint","urlTemplate":"https:\/\/alivio.org\/?s={search_term_string}"},"query-input":{"@type":"PropertyValueSpecification","valueRequired":true,"valueName":"search_term_string"}}],"inLanguage":"es"},{"@type":"Organization","@id":"https:\/\/alivio.org\/#organization","name":"Centro M\u00e9dico Alivio","url":"https:\/\/alivio.org\/","logo":{"@type":"ImageObject","inLanguage":"es","@id":"https:\/\/alivio.org\/#\/schema\/logo\/image\/","url":"https:\/\/alivio.imgix.net\/logo_full.png?ixlib=php-3.3.1","contentUrl":"https:\/\/alivio.imgix.net\/logo_full.png?ixlib=php-3.3.1","width":354,"height":78,"caption":"Centro M\u00e9dico Alivio"},"image":{"@id":"https:\/\/alivio.org\/#\/schema\/logo\/image\/"},"sameAs":["https:\/\/www.facebook.com\/AlivioChicago\/","https:\/\/www.linkedin.com\/company\/alivio-medical-center-inc-"]}]}},"jetpack_sharing_enabled":true,"publishpress_future_workflow_manual_trigger":{"enabledWorkflows":[]},"_links":{"self":[{"href":"https:\/\/alivio.org\/es\/wp-json\/wp\/v2\/pages\/162","targetHints":{"allow":["GET"]}}],"collection":[{"href":"https:\/\/alivio.org\/es\/wp-json\/wp\/v2\/pages"}],"about":[{"href":"https:\/\/alivio.org\/es\/wp-json\/wp\/v2\/types\/page"}],"author":[{"embeddable":true,"href":"https:\/\/alivio.org\/es\/wp-json\/wp\/v2\/users\/1"}],"replies":[{"embeddable":true,"href":"https:\/\/alivio.org\/es\/wp-json\/wp\/v2\/comments?post=162"}],"version-history":[{"count":61,"href":"https:\/\/alivio.org\/es\/wp-json\/wp\/v2\/pages\/162\/revisions"}],"predecessor-version":[{"id":6689,"href":"https:\/\/alivio.org\/es\/wp-json\/wp\/v2\/pages\/162\/revisions\/6689"}],"up":[{"embeddable":true,"href":"https:\/\/alivio.org\/es\/wp-json\/wp\/v2\/pages\/90"}],"wp:featuredmedia":[{"embeddable":true,"href":"https:\/\/alivio.org\/es\/wp-json\/wp\/v2\/media\/1422"}],"wp:attachment":[{"href":"https:\/\/alivio.org\/es\/wp-json\/wp\/v2\/media?parent=162"}],"wp:term":[{"taxonomy":"category","embeddable":true,"href":"https:\/\/alivio.org\/es\/wp-json\/wp\/v2\/categories?post=162"}],"curies":[{"name":"wp","href":"https:\/\/api.w.org\/{rel}","templated":true}]}}