{"id":1635,"date":"2023-05-19T13:26:13","date_gmt":"2023-05-19T13:26:13","guid":{"rendered":"https:\/\/alivio.org\/?page_id=1635"},"modified":"2025-05-21T19:58:00","modified_gmt":"2025-05-22T00:58:00","slug":"dprpm","status":"publish","type":"page","link":"https:\/\/alivio.org\/es\/programas\/dprpm\/","title":{"rendered":"Programa De Prevenci\u00f3n De La Diabetes"},"content":{"rendered":"\n<h2 class=\"wp-block-heading\">Programa De Prevenci\u00f3n De La Diabetes<\/h2>\n\n\n\n<p>El Programa Nacional de Prevenci\u00f3n de la Diabetes, o DPP Nacional, es una alianza de organizaciones p\u00fablicas y privadas que trabajan para reducir el creciente problema de la prediabetes y la diabetes Tipo-2 en los Estados Unidos.<\/p>\n\n\n\n<p>Alivio Medical Center, como socio en esta alianza, trabaja para facilitar que las personas con prediabetes participen en un programa de cambio de estilo de vida de alta calidad, bajo costo y basado en evidencia para reducir el riesgo de desarrollar diabetes Tipo-2 y mejorar su salud general.&nbsp;<\/p>\n\n\n\n<p>Estos tipos de programas se llevan a cabo en todo el pa\u00eds y nuestros instructores siguen el material del curso proporcionado por los CDC (Centros para el Control y la Prevenci\u00f3n de Enfermedades). Tomar\u00e1 clases impartidas por nuestro entrenador de estilo de vida, junto con sus compa\u00f1eros de clase con quienes puede compartir sus luchas y obtener apoyo. Todos nuestros instructores son hispanos y presentan material en espa\u00f1ol de una manera culturalmente relevante para guiarlo en la realizaci\u00f3n de cambios de estilo de vida a largo plazo.<\/p>\n\n\n\n<p>Lea m\u00e1s sobre los servicios para la diabetes <a href=\"https:\/\/alivio.org\/services\/diabetes\/\">aqu\u00ed<\/a>.<\/p>\n\n\n\n<h3 class=\"wp-block-heading\">\u00bfQui\u00e9n Califica?<\/h3>\n\n\n\n<ul class=\"wp-block-list\">\n<li>Debe tener 18 a\u00f1os o m\u00e1s<\/li>\n\n\n\n<li>Fue diagnosticado con prediabetes o est\u00e1 en riesgo de desarrollar diabetes Tipo-2\n<ul class=\"wp-block-list\">\n<li><a href=\"https:\/\/www.cdc.gov\/diabetes\/risktest\/index.html\">Haz la prueba de riesgo<\/a><\/li>\n<\/ul>\n<\/li>\n<\/ul>\n\n\n\n<h4 class=\"wp-block-heading\">Aprender\u00e1s Pautas Para:<\/h4>\n\n\n\n<ul class=\"wp-block-list\">\n<li>Comer saludablemente<\/li>\n\n\n\n<li>Llevar un estilo de vida f\u00edsicamente activo<\/li>\n\n\n\n<li>Reducir el estr\u00e9s<\/li>\n\n\n\n<li>Tomar decisiones saludables en general<\/li>\n<\/ul>\n\n\n\n<h4 class=\"wp-block-heading\">Metas Para Los Participantes:<\/h4>\n\n\n\n<ul class=\"wp-block-list\">\n<li>Completar al menos 2 \u00bd horas de actividad f\u00edsica a la semana<\/li>\n\n\n\n<li>Pierda al menos 5-7% de su peso actual<\/li>\n<\/ul>\n\n\n\n<h4 class=\"wp-block-heading\">Asistencia<strong>:<\/strong><\/h4>\n\n\n\n<p>Este programa tiene una duraci\u00f3n de 1 a\u00f1o:<\/p>\n\n\n\n<ul class=\"wp-block-list\">\n<li>Los primeros 6 meses: reuniones una vez por semana<\/li>\n\n\n\n<li>Los \u00faltimos 6 meses: reuniones 1-2 veces al mes<\/li>\n<\/ul>\n\n\n  <section class=\"bgblock \" style=\"background-image:url(https:\/\/alivio.imgix.net\/diabetes_healthy_food.jpg?ixlib=php-3.3.1)\">\n    <div>\n      <header>Comience Hoy Un Estilo De Visa M\u00e1s Saludable<\/header>\n            <a class=cta href=\"#participate\">\u00danete a nuestro programa<\/a>\n    <\/div>\n  <\/section>\n\n\n\n<h2 class=\"wp-block-heading\">Monitoreo Remoto De Pacientes<\/h2>\n\n\n\n<p>La hipertensi\u00f3n y la diabetes son dos de las afecciones cr\u00f3nicas m\u00e1s comunes manejadas por los proveedores de Alivio para la poblaci\u00f3n adulta.<\/p>\n\n\n\n<p>Los participantes en este programa trabajar\u00e1n con un Navegador de pacientes de Alivio para obtener un mejor control de su diabetes e hipertensi\u00f3n a trav\u00e9s de educaci\u00f3n y monitoreo remoto semanal utilizando el monitor de presi\u00f3n arterial gratuito y\/o un gluc\u00f3metro para uso dom\u00e9stico.<\/p>\n\n\n\n<h3 class=\"wp-block-heading\">Requisitos de elegibilidad del programa:<\/h3>\n\n\n\n<ul class=\"wp-block-list\">\n<li>Debe ser un paciente inscrito en cualquiera de las Cl\u00ednicas del Centro M\u00e9dico Alivio.<\/li>\n\n\n\n<li>Tener al menos 18 a\u00f1os de edad<\/li>\n\n\n\n<li>Debe tener un tel\u00e9fono inteligente<\/li>\n\n\n\n<li>Debe ser residente del condado de Cook<\/li>\n\n\n\n<li>Sin seguro o en una escala m\u00f3vil<\/li>\n\n\n\n<li>Estar dispuesto a participar durante 6 meses y ser diagnosticado con al menos una de las siguientes condiciones cr\u00f3nicas:\n<ul class=\"wp-block-list\">\n<li>Hipertensi\u00f3n PA &gt; 140\/80<\/li>\n\n\n\n<li>Diabetes, tipo 1 o 2<\/li>\n<\/ul>\n<\/li>\n<\/ul>\n\n\n\n<p>Se considerar\u00e1 la inscripci\u00f3n de pacientes que tengan m\u00faltiples afecciones cr\u00f3nicas.<\/p>\n\n\n\n<hr class=\"wp-block-separator has-alpha-channel-opacity\"\/>\n\n\n<section id=\"\" class=\"ppl\">\n<form id=\"\" class=\"acfe-form acf-form\" action=\"\" method=\"post\" data-fields-class=\"\" data-hide-error=\"1\" data-hide-unload=\"0\" data-hide-revalidation=\"0\" data-errors-position=\"below\" data-errors-class=\"\">\t<div id=\"acf-form-data\" class=\"acf-hidden\">\n\t\t<input type=\"hidden\" id=\"_acf_screen\" name=\"_acf_screen\" value=\"acfe_form\"\/><input type=\"hidden\" id=\"_acf_post_id\" name=\"_acf_post_id\" value=\"1635\"\/><input type=\"hidden\" id=\"_acf_validation\" name=\"_acf_validation\" value=\"1\"\/><input type=\"hidden\" id=\"_acf_form\" name=\"_acf_form\" value=\"aUlOQzV0K2xkYTd0aUZTYUVUYXI5RFYvdTBidFlmMkluTDZ5bDErbWVVUi93NXJXQmY3dmhocEk3NHd3MWRxb1BONGpXK0FnVm9tbDhud1oza3EzMmxVR3psYzV3bnoyd1l1TXZpWER2blhTV0F0azVhd1V6Znd0OXBPVjFWVUZ3L2t5RWkxbnplUVoxdGF4NEFjR1pMK24rQ2NxbitmRDYyZVdFdlhBSlp5MWhMVGs1VHc5RG5ESEFubTZXekxlRUtEWmhrZDdFSXpUL1hDNW9EM2JFOVBxQ1dRWUVTWGUycWdzRHI0dStlbTcxcXVONFNnY3pDR21VSlgyQlFIUzRFTDZhVGw2ZTV6c0Ftb002b1RMSlJlWkFwVFREbFFlZzY2V1gzQStSVGs5OEc2aCthZHh2N2dSS1ZIMGkzNUd3Wk9kTHZlZGZHSklOVHNZbWN3TmIrcTFvSEdUZzNhb3B5ZWd5d1duWDAzTzYrUHdmeEtXWUo4aGhEcmxJUGZMSi9JMVI2WUFHck9KSGRYTlRpRmpyWjZMd2k4TjAyNEJrN2dBRDU1dTh0RzdpZXhHczhvRFVxa1U2SVlPMC9xVmF5NVlQbVJ4VHp5ME9rbjdUTFRZL3E0K3dYVnFnWEllQVAwbXZuNW5PeUxVT0dscWNNbmlVaS9pTXNSWUdCSkVLdE9zTTJsNE51QkRDcURGTnR5YVZCbkhwVXZZS0dQR0xqaEM3THZ3bXNFS0NVdEo2THNpWVFjTmJjRWxnYWNTbHkvTWNsNHRmbklSU21pKzVRTXEzemcxZWwxQlBUVzNuV04rcFh3WkN3OTEya2NsSTRhOTFlR2N1eUhORXQzN1Fnb2J6d3d2S3loSklGbU1Td1BXc0krTmJZWW9hMlV5aWhKQTNBM2lKS1UreE56WWZGUDJPTDlhRDFvQ1hxcGNNWi81U2NheWRHOHlEOFZad3hkU3VaajVmUnNoZGtwY3JVemV4S1IzSk1GZHhlNkxXNlRwcUduLzhMYVZwNGgwdGpqeGJoQUZXYVVWYTEzU3lKVE1INHZBQzZyZWMwOGYxQ2k1a1VsTzBmSWl4OElqcUw1NFU5ZFlsL1JwYXZlVk9IYnZWTThwRFZOdEJZOUFiV3A0anYvZTlKUnhFY1E1enB4UTZQdnhsYkQ5MHBWeGMxdElnYkluSHh6NlIzTzVsQ2I5bEZsMklGTVo0T2pGTnBESHlnOE1EaENpNUdOa0ZWZTE0aDU3T1JJYWcxbUhZcFB3QmlaV3c0S0tTTUUrQ3dFMnU0WVloZVM0YlduSnZkWHVjNVdtVlBOY1ZJcmxLcUNOUUw0aVFaZ1VNR1NIenFOOGFXUDMrdE52ckQzSi80UHFlRUdqK25MYlpSZHZqQUpnTWpITnRYYjlEaDk3ekdFdFZwUE1Ua3VoOWhvYVh0QmxDTHZzM0xjYXZCL1hXOVVNYzdNT0pITDBaZ1dtNmJ2U2ZrQXF1Y0ROWVByRkh6NkUzOVlxN0s2MC9tNFB0MWtQTXVjOTEvU3g0SVA3cVFPQ2ZuTlArSE0yaGhRckc1d0JTMDlNNnVWa1Z6bkM2dGI5MndYMDdIa1dMVmZnYkVTMzgwTnVheDJmeGV4R2NuVENmQktkdi9FR0UwOCtZZ3BhU1lpR0NCMzlTaEdqMi9QeXhtNUdmUktuMU5XRHcwdjRSSXFUOW9oZHFkdTJGVHA2NFpvbGpWNTlZOUhNOStiMTZPWXNSQVVlV1JmU2ZxUUZ4LzhUbEVRM0ZnZW9aUTNFWlRzRWVvWU5tYkhLaFE1UUkyQ3lKbEowcDFURkxRTjJvTGhYMGc0UDNJclYvZldvbERLUXNIQkYrYlYrK0FJOU91UTc1NGZtdXVRdEJKMDBGMkMxRUlXL2RXalp4NEZSb0wvNmFMWU9PelpONTBMNE1SczMvR2lUbysvMUpRL3VuejBHQ2djRnBGcDhoblFjbGFFR2Ywb3ByMGxsR2xZc1kzUEZiTXRydC90alNweTVqcEY1OWFNZml5MVdFV2VwdmJTTjJMcHR0SXV2UWJ1Mys3YkYxY0ZNNk0rcjgyaERCa0Nkc2JyQXhadGtBUk4vRXRsY2Yyc2xLclg2TUpCVVdLbGtuelRpVGRNalJ0SExWMTBHSlZ4d3FiME1WbWtqdDdHK084OFY4TTgvdFYxd3FEaldialZqZWNRcitKKytPTG5TVERpaTZUcG5TcXM0azEzSVZReE9yY2JPYWd3Z0Z3PT06Ou6snavxsosaIWZXqbrEYb4=\"\/><input type=\"hidden\" id=\"_acf_nonce\" name=\"_acf_nonce\" value=\"b558311757\"\/><input type=\"hidden\" id=\"_acf_changed\" name=\"_acf_changed\" value=\"0\"\/><input type=\"hidden\" id=\"_acf_location[post_id]\" name=\"_acf_location[post_id]\" value=\"1635\"\/>\t<\/div>\n\t<div class=\"acf-fields acf-form-fields -top\"><div class=\"acf-field acf-field-text acf-field--validate-email\" style=\"display:none !important;\" data-name=\"_validate_email\" data-type=\"text\" data-key=\"_validate_email\">\n<div class=\"acf-label\">\n<label for=\"acf-_validate_email\">Validar correo electr\u00f3nico<\/label><\/div>\n<div class=\"acf-input\">\n<div class=\"acf-input-wrap\"><input type=\"text\" id=\"acf-_validate_email\" name=\"acf[_validate_email]\"\/><\/div><\/div>\n<\/div>\n<div class=\"acf-field acf-field-text acf-field-66e0782952f0d is-required\" data-name=\"name\" data-type=\"text\" data-key=\"field_66e0782952f0d\" data-required=\"1\" data-conditions=\"[[{&quot;field&quot;:&quot;field_6503486b91d69&quot;,&quot;operator&quot;:&quot;!=&quot;,&quot;value&quot;:&quot;mvgaribay@aliviomedicalcenter.org&quot;},{&quot;field&quot;:&quot;field_6503486b91d69&quot;,&quot;operator&quot;:&quot;!=&quot;,&quot;value&quot;:&quot;acarpio@aliviomedicalcenter.org,ggutierrez@aliviomedicalcenter.org,mvgaribay@aliviomedicalcenter.org&quot;}]]\">\n<div class=\"acf-label\">\n<label for=\"acf-field_66e0782952f0d\">Nombre y Apellido<\/label><\/div>\n<div class=\"acf-input\">\n<div class=\"acf-input-wrap\"><input type=\"text\" id=\"acf-field_66e0782952f0d\" name=\"acf[field_66e0782952f0d]\" required=\"required\"\/><\/div><\/div>\n<\/div>\n\r\n<div class=\"acf-field acf-field-email acf-field-63647e9b5eac1 is-required\" data-name=\"email\" data-type=\"email\" data-key=\"field_63647e9b5eac1\" data-required=\"1\">\n<div class=\"acf-label\">\n<label for=\"acf-field_63647e9b5eac1\">Correo Electr\u00f3nico<\/label><\/div>\n<div class=\"acf-input\">\n<div class=\"acf-input-wrap\"><input type=\"email\" id=\"acf-field_63647e9b5eac1\" name=\"acf[field_63647e9b5eac1]\" required=\"required\"\/><\/div><\/div>\n<\/div>\n\r\n<div class=\"acf-field acf-field-text acf-field-63647ea35eac2 is-required\" data-name=\"phone\" data-type=\"text\" data-key=\"field_63647ea35eac2\" data-required=\"1\">\n<div class=\"acf-label\">\n<label for=\"acf-field_63647ea35eac2\">Tel\u00e9fono<\/label><\/div>\n<div class=\"acf-input\">\n<div class=\"acf-input-wrap\"><input type=\"text\" id=\"acf-field_63647ea35eac2\" name=\"acf[field_63647ea35eac2]\" required=\"required\"\/><\/div><\/div>\n<\/div>\n<\/div>            <div class=\"acf-form-submit\">\r\n        \r\n                <input type=\"submit\" class=\"acf-button button button-primary button-large\" value=\"Enviar\" \/>                <span class=\"acf-spinner\"><\/span>\r\n            <\/div>\r\n            <\/form>\n\n<h2 class=\"wp-block-heading duotone\">Una Vida M\u00e1s Saba Comienza <strong>Hoy<\/strong><\/h2>\n\n<p>Cambiar tu estilo de vida requiere apoyo, y lo que aprendes debe reforzarse para que te mantengas en el camino correcto para alcanzar tus objetivos.<\/p>\n\n<p>Si est\u00e1 interesado en obtener m\u00e1s informaci\u00f3n o participar en nuestra pr\u00f3xima cohorte, complete este formulario o llame al Centro M\u00e9dico Alivio al <a href=\"tel:+17732541400\">(773) 254-1400<\/a> de lunes a viernes de 8:00 am a 5:00 pm.<\/p>\n<\/section>\n","protected":false},"excerpt":{"rendered":"<p>DPP Nacional es una alianza de organizaciones que trabajan para reducir el creciente problema de la prediabetes y la diabetes Tipo-2 en los EEUU.<\/p>\n","protected":false},"author":1,"featured_media":2516,"parent":94,"menu_order":6,"comment_status":"closed","ping_status":"closed","template":"","meta":{"_relevanssi_hide_post":"","_relevanssi_hide_content":"","_relevanssi_pin_for_all":"","_relevanssi_pin_keywords":"","_relevanssi_unpin_keywords":"","_relevanssi_related_keywords":"","_relevanssi_related_include_ids":"","_relevanssi_related_exclude_ids":"","_relevanssi_related_no_append":"","_relevanssi_related_not_related":"","_relevanssi_related_posts":"726,705,717,678,630,647","_relevanssi_noindex_reason":"","footnotes":""},"categories":[],"class_list":["post-1635","page","type-page","status-publish","has-post-thumbnail","hentry"],"translation":{"provider":"WPGlobus","version":"3.0.2","language":"es","enabled_languages":["en","es","zh"],"languages":{"en":{"title":true,"content":true,"excerpt":true},"es":{"title":true,"content":true,"excerpt":true},"zh":{"title":true,"content":true,"excerpt":false}}},"acf":[],"yoast_head":"<title>Programa De Prevenci\u00f3n De La Diabetes &#8226; Centro M\u00e9dico Alivio<\/title>\n<meta name=\"robots\" content=\"index, follow, max-snippet:-1, max-image-preview:large, max-video-preview:-1\" \/>\n<link rel=\"canonical\" href=\"https:\/\/alivio.org\/programs\/dprpm\/\" \/>\n<meta property=\"og:locale\" content=\"es_ES\" \/>\n<meta property=\"og:type\" content=\"article\" \/>\n<meta property=\"og:title\" content=\"Programa De Prevenci\u00f3n De La Diabetes &#8226; Centro M\u00e9dico Alivio\" \/>\n<meta property=\"og:url\" content=\"https:\/\/alivio.org\/programs\/dprpm\/\" \/>\n<meta property=\"og:site_name\" content=\"Centro M\u00e9dico Alivio\" \/>\n<meta property=\"article:publisher\" content=\"https:\/\/www.facebook.com\/AlivioChicago\/\" \/>\n<meta property=\"article:modified_time\" content=\"2025-05-22T00:58:00+00:00\" \/>\n<meta property=\"og:image\" content=\"https:\/\/alivio.imgix.net\/diabetes-management-unsplash.jpg?ixlib=php-3.3.1\" \/>\n\t<meta property=\"og:image:width\" content=\"4000\" \/>\n\t<meta property=\"og:image:height\" content=\"3000\" \/>\n\t<meta property=\"og:image:type\" content=\"image\/jpeg\" \/>\n<meta name=\"twitter:card\" content=\"summary_large_image\" \/>\n<script type=\"application\/ld+json\" class=\"yoast-schema-graph\">{\"@context\":\"https:\/\/schema.org\",\"@graph\":[{\"@type\":\"WebPage\",\"@id\":\"https:\/\/alivio.org\/programs\/dprpm\/\",\"url\":\"https:\/\/alivio.org\/programs\/dprpm\/\",\"name\":\"Programa De Prevenci\u00f3n De La Diabetes &#8226; Centro M\u00e9dico Alivio\",\"isPartOf\":{\"@id\":\"https:\/\/alivio.org\/#website\"},\"primaryImageOfPage\":{\"@id\":\"https:\/\/alivio.org\/programs\/dprpm\/#primaryimage\"},\"image\":{\"@id\":\"https:\/\/alivio.org\/programs\/dprpm\/#primaryimage\"},\"thumbnailUrl\":\"https:\/\/alivio.imgix.net\/diabetes-management-unsplash.jpg?ixlib=php-3.3.1\",\"datePublished\":\"2023-05-19T13:26:13+00:00\",\"dateModified\":\"2025-05-22T00:58:00+00:00\",\"description\":\"DPP Nacional es una alianza de organizaciones que trabajan para reducir el creciente problema de la prediabetes y la diabetes Tipo-2 en los EEUU.\",\"breadcrumb\":{\"@id\":\"https:\/\/alivio.org\/programs\/dprpm\/#breadcrumb\"},\"inLanguage\":\"es\",\"potentialAction\":[{\"@type\":\"ReadAction\",\"target\":[\"https:\/\/alivio.org\/programs\/dprpm\/\"]}]},{\"@type\":\"ImageObject\",\"inLanguage\":\"es\",\"@id\":\"https:\/\/alivio.org\/programs\/dprpm\/#primaryimage\",\"url\":\"https:\/\/alivio.imgix.net\/diabetes-management-unsplash.jpg?ixlib=php-3.3.1\",\"contentUrl\":\"https:\/\/alivio.imgix.net\/diabetes-management-unsplash.jpg?ixlib=php-3.3.1\",\"width\":4000,\"height\":3000,\"caption\":\"Diabetes Management\"},{\"@type\":\"BreadcrumbList\",\"@id\":\"https:\/\/alivio.org\/programs\/dprpm\/#breadcrumb\",\"itemListElement\":[{\"@type\":\"ListItem\",\"position\":1,\"name\":\"Home\",\"item\":\"https:\/\/alivio.org\/\"},{\"@type\":\"ListItem\",\"position\":2,\"name\":\"Programs\",\"item\":\"https:\/\/alivio.org\/programs\/\"},{\"@type\":\"ListItem\",\"position\":3,\"name\":\"Diabetes Prevention and Remote Patient Monitoring\"}]},{\"@type\":\"WebSite\",\"@id\":\"https:\/\/alivio.org\/#website\",\"url\":\"https:\/\/alivio.org\/\",\"name\":\"Centro M\u00e9dico Alivio\",\"description\":\"Una Presencia Activa para una Comunidad Fuerte\",\"publisher\":{\"@id\":\"https:\/\/alivio.org\/#organization\"},\"potentialAction\":[{\"@type\":\"SearchAction\",\"target\":{\"@type\":\"EntryPoint\",\"urlTemplate\":\"https:\/\/alivio.org\/?s={search_term_string}\"},\"query-input\":{\"@type\":\"PropertyValueSpecification\",\"valueRequired\":true,\"valueName\":\"search_term_string\"}}],\"inLanguage\":\"es\"},{\"@type\":\"Organization\",\"@id\":\"https:\/\/alivio.org\/#organization\",\"name\":\"Centro M\u00e9dico Alivio\",\"url\":\"https:\/\/alivio.org\/\",\"logo\":{\"@type\":\"ImageObject\",\"inLanguage\":\"es\",\"@id\":\"https:\/\/alivio.org\/#\/schema\/logo\/image\/\",\"url\":\"https:\/\/alivio.imgix.net\/logo_full.png?ixlib=php-3.3.1\",\"contentUrl\":\"https:\/\/alivio.imgix.net\/logo_full.png?ixlib=php-3.3.1\",\"width\":354,\"height\":78,\"caption\":\"Centro M\u00e9dico Alivio\"},\"image\":{\"@id\":\"https:\/\/alivio.org\/#\/schema\/logo\/image\/\"},\"sameAs\":[\"https:\/\/www.facebook.com\/AlivioChicago\/\",\"https:\/\/www.linkedin.com\/company\/alivio-medical-center-inc-\"]}]}<\/script>","yoast_head_json":{"title":"Programa De Prevenci\u00f3n De La Diabetes &#8226; Centro M\u00e9dico Alivio","robots":{"index":"index","follow":"follow","max-snippet":"max-snippet:-1","max-image-preview":"max-image-preview:large","max-video-preview":"max-video-preview:-1"},"canonical":"https:\/\/alivio.org\/programs\/dprpm\/","og_locale":"es_ES","og_type":"article","og_title":"Programa De Prevenci\u00f3n De La Diabetes &#8226; Centro M\u00e9dico Alivio","og_url":"https:\/\/alivio.org\/programs\/dprpm\/","og_site_name":"Centro M\u00e9dico Alivio","article_publisher":"https:\/\/www.facebook.com\/AlivioChicago\/","article_modified_time":"2025-05-22T00:58:00+00:00","og_image":[{"width":4000,"height":3000,"url":"https:\/\/alivio.imgix.net\/diabetes-management-unsplash.jpg?ixlib=php-3.3.1","type":"image\/jpeg"}],"twitter_card":"summary_large_image","schema":{"@context":"https:\/\/schema.org","@graph":[{"@type":"WebPage","@id":"https:\/\/alivio.org\/programs\/dprpm\/","url":"https:\/\/alivio.org\/programs\/dprpm\/","name":"Programa De Prevenci\u00f3n De La Diabetes &#8226; Centro M\u00e9dico Alivio","isPartOf":{"@id":"https:\/\/alivio.org\/#website"},"primaryImageOfPage":{"@id":"https:\/\/alivio.org\/programs\/dprpm\/#primaryimage"},"image":{"@id":"https:\/\/alivio.org\/programs\/dprpm\/#primaryimage"},"thumbnailUrl":"https:\/\/alivio.imgix.net\/diabetes-management-unsplash.jpg?ixlib=php-3.3.1","datePublished":"2023-05-19T13:26:13+00:00","dateModified":"2025-05-22T00:58:00+00:00","description":"DPP Nacional es una alianza de organizaciones que trabajan para reducir el creciente problema de la prediabetes y la diabetes Tipo-2 en los EEUU.","breadcrumb":{"@id":"https:\/\/alivio.org\/programs\/dprpm\/#breadcrumb"},"inLanguage":"es","potentialAction":[{"@type":"ReadAction","target":["https:\/\/alivio.org\/programs\/dprpm\/"]}]},{"@type":"ImageObject","inLanguage":"es","@id":"https:\/\/alivio.org\/programs\/dprpm\/#primaryimage","url":"https:\/\/alivio.imgix.net\/diabetes-management-unsplash.jpg?ixlib=php-3.3.1","contentUrl":"https:\/\/alivio.imgix.net\/diabetes-management-unsplash.jpg?ixlib=php-3.3.1","width":4000,"height":3000,"caption":"Diabetes Management"},{"@type":"BreadcrumbList","@id":"https:\/\/alivio.org\/programs\/dprpm\/#breadcrumb","itemListElement":[{"@type":"ListItem","position":1,"name":"Home","item":"https:\/\/alivio.org\/"},{"@type":"ListItem","position":2,"name":"Programs","item":"https:\/\/alivio.org\/programs\/"},{"@type":"ListItem","position":3,"name":"Diabetes Prevention and Remote Patient Monitoring"}]},{"@type":"WebSite","@id":"https:\/\/alivio.org\/#website","url":"https:\/\/alivio.org\/","name":"Centro M\u00e9dico Alivio","description":"Una Presencia Activa para una Comunidad Fuerte","publisher":{"@id":"https:\/\/alivio.org\/#organization"},"potentialAction":[{"@type":"SearchAction","target":{"@type":"EntryPoint","urlTemplate":"https:\/\/alivio.org\/?s={search_term_string}"},"query-input":{"@type":"PropertyValueSpecification","valueRequired":true,"valueName":"search_term_string"}}],"inLanguage":"es"},{"@type":"Organization","@id":"https:\/\/alivio.org\/#organization","name":"Centro M\u00e9dico Alivio","url":"https:\/\/alivio.org\/","logo":{"@type":"ImageObject","inLanguage":"es","@id":"https:\/\/alivio.org\/#\/schema\/logo\/image\/","url":"https:\/\/alivio.imgix.net\/logo_full.png?ixlib=php-3.3.1","contentUrl":"https:\/\/alivio.imgix.net\/logo_full.png?ixlib=php-3.3.1","width":354,"height":78,"caption":"Centro M\u00e9dico Alivio"},"image":{"@id":"https:\/\/alivio.org\/#\/schema\/logo\/image\/"},"sameAs":["https:\/\/www.facebook.com\/AlivioChicago\/","https:\/\/www.linkedin.com\/company\/alivio-medical-center-inc-"]}]}},"jetpack_sharing_enabled":true,"publishpress_future_workflow_manual_trigger":{"enabledWorkflows":[]},"_links":{"self":[{"href":"https:\/\/alivio.org\/es\/wp-json\/wp\/v2\/pages\/1635","targetHints":{"allow":["GET"]}}],"collection":[{"href":"https:\/\/alivio.org\/es\/wp-json\/wp\/v2\/pages"}],"about":[{"href":"https:\/\/alivio.org\/es\/wp-json\/wp\/v2\/types\/page"}],"author":[{"embeddable":true,"href":"https:\/\/alivio.org\/es\/wp-json\/wp\/v2\/users\/1"}],"replies":[{"embeddable":true,"href":"https:\/\/alivio.org\/es\/wp-json\/wp\/v2\/comments?post=1635"}],"version-history":[{"count":76,"href":"https:\/\/alivio.org\/es\/wp-json\/wp\/v2\/pages\/1635\/revisions"}],"predecessor-version":[{"id":6464,"href":"https:\/\/alivio.org\/es\/wp-json\/wp\/v2\/pages\/1635\/revisions\/6464"}],"up":[{"embeddable":true,"href":"https:\/\/alivio.org\/es\/wp-json\/wp\/v2\/pages\/94"}],"wp:featuredmedia":[{"embeddable":true,"href":"https:\/\/alivio.org\/es\/wp-json\/wp\/v2\/media\/2516"}],"wp:attachment":[{"href":"https:\/\/alivio.org\/es\/wp-json\/wp\/v2\/media?parent=1635"}],"wp:term":[{"taxonomy":"category","embeddable":true,"href":"https:\/\/alivio.org\/es\/wp-json\/wp\/v2\/categories?post=1635"}],"curies":[{"name":"wp","href":"https:\/\/api.w.org\/{rel}","templated":true}]}}