{"id":2,"date":"2022-08-18T18:44:45","date_gmt":"2022-08-18T18:44:45","guid":{"rendered":"http:\/\/alivio.dev\/?page_id=2"},"modified":"2025-10-28T10:37:38","modified_gmt":"2025-10-28T15:37:38","slug":"home","status":"publish","type":"page","link":"https:\/\/alivio.org\/es\/","title":{"rendered":"P\u00e1gina Principal"},"content":{"rendered":"  <section class=carousel>\n    <div>\n                                                                                                                                                                                                                                              <input type=radio name=slides id=\"slide0\" checked>\n        <figure>\n          <label class=lslide for=\"slide5\">Previous Slide<\/label>\n          <img decoding=\"async\" src=\"https:\/\/alivio.imgix.net\/stock_online3.jpg?ixlib=php-3.3.1&#038;w=1920\" alt=\"Woman on a laptop\">\n          <figcaption>\n            <div>\n              <header>\u00a1Programaci\u00f3n de citas en l\u00ednea ahora disponible!<\/header>\n              <p>Ahora puedes programar una cita con tu proveedor de atenci\u00f3n primaria, en cualquier momento y en cualquier lugar.<\/p>\n\n                              <a class=cta href=\"\/es\/schedule\">Programar una cita<\/a>\n                          <\/div>\n          <\/figcaption>\n          <label class=rslide for=\"slide1\">Next Slide<\/label>\n        <\/figure>\n              <input type=radio name=slides id=\"slide1\" >\n        <figure>\n          <label class=lslide for=\"slide0\">Previous Slide<\/label>\n          <img decoding=\"async\" src=\"https:\/\/alivio.imgix.net\/stock_clock2.jpg?ixlib=php-3.3.1&#038;w=1920\" alt=\"Clock\">\n          <figcaption>\n            <div>\n              <header>Nuevos Horarios de Fin de Semana para Morgan, Western y Berwyn<\/header>\n              <p>La atenci\u00f3n primaria abre fines de semana alternos.<\/p>\n\n                              <a class=cta href=\"\/es\/hours\">M\u00e1s<\/a>\n                          <\/div>\n          <\/figcaption>\n          <label class=rslide for=\"slide2\">Next Slide<\/label>\n        <\/figure>\n              <input type=radio name=slides id=\"slide2\" >\n        <figure>\n          <label class=lslide for=\"slide1\">Previous Slide<\/label>\n          <img decoding=\"async\" src=\"https:\/\/alivio.imgix.net\/missed_appts.jpg?ixlib=php-3.3.1&#038;w=1920\" alt=\"Missed Appointments\">\n          <figcaption>\n            <div>\n              <header>Si usted no puede asistir a su cita, otra persona puede&#8230;<\/header>\n              <p>Cuando usted no se presenta, el personal de la cl\u00ednica dedica un tiempo valioso a prepararse para una visita que no se realiza, lo que tambi\u00e9n retrasa la atenci\u00f3n de otros pacientes que necesitan ser atendidos. Por favor, ay\u00fadenos a asistir a su cita o a <a href=\"\/es\/cita\/#request\">informarnos<\/a> si necesita cancelar o reprogramar. Juntos, podemos asegurar una mejor atenci\u00f3n m\u00e9dica para todos.<\/p>\n\n                              <a class=cta href=\"http:\/\/alivio.org\/es\/forms\/back-to-school-physicals\/\">Descargar e imprimir los formularios escolares<\/a>\n                          <\/div>\n          <\/figcaption>\n          <label class=rslide for=\"slide3\">Next Slide<\/label>\n        <\/figure>\n              <input type=radio name=slides id=\"slide3\" >\n        <figure>\n          <label class=lslide for=\"slide2\">Previous Slide<\/label>\n          <img decoding=\"async\" src=\"https:\/\/alivio.imgix.net\/bg_stethoscope.jpg?ixlib=php-3.3.1&#038;w=1920\" alt=\"\">\n          <figcaption>\n            <div>\n              <header>Enlaces R\u00e1pidos<\/header>\n              <p>\u00a1Env\u00ede un mensaje de texto con #CHECKUP al 773.305.6064 para hacer su pr\u00f3xima cita o <a href=\"https:\/\/alivio.org\/es\/appointment\/\" \/>solicite una cita<\/a>!<\/p>\n<p><a href=\"https:\/\/alivio.org\/es\/records\/\" \/>Registros m\u00e9dicos<\/a><br \/>\n<a href=\"https:\/\/alivio.org\/es\/payment\/\" \/>Facturaci\u00f3n y seguros<\/a><br \/>\n<a href=\"https:\/\/alivio.org\/es\/locations\/\" \/>Ubicaciones y horarios de cl\u00ednica, las farmacias y laboratorios<\/a><\/p>\n\n                          <\/div>\n          <\/figcaption>\n          <label class=rslide for=\"slide4\">Next Slide<\/label>\n        <\/figure>\n              <input type=radio name=slides id=\"slide4\" >\n        <figure>\n          <label class=lslide for=\"slide3\">Previous Slide<\/label>\n          <img decoding=\"async\" src=\"https:\/\/alivio.imgix.net\/alivio_benefits_enrollment.jpg?ixlib=php-3.3.1&#038;w=1920\" alt=\"\">\n          <figcaption>\n            <div>\n              <header>INSCRIPCI\u00d3N DE BENEFICIOS<\/header>\n              <p>Los consejeros de inscripci\u00f3n de beneficios est\u00e1n disponibles para atender a los pacientes de Alivio por cualquier problema relacionado con las solicitudes de Medicaid, el estado de la solicitud de Medicaid, la redeterminaci\u00f3n de Medicaid y m\u00e1s en el Pilsen Satellite Senior Center en Casa Maravilla, de lunes a viernes, de 8:30 a. m. a 4 p. m. No se requiere cita previa.<\/p>\n\n                              <a class=cta href=\"\/programs\/benefits\/\">Obtenga m\u00e1s informaci\u00f3n sobre la inscripci\u00f3n a beneficios<\/a>\n                          <\/div>\n          <\/figcaption>\n          <label class=rslide for=\"slide5\">Next Slide<\/label>\n        <\/figure>\n              <input type=radio name=slides id=\"slide5\" >\n        <figure>\n          <label class=lslide for=\"slide4\">Previous Slide<\/label>\n          <img decoding=\"async\" src=\"https:\/\/alivio.imgix.net\/stock_reaching.jpg?ixlib=php-3.3.1&#038;w=1920\" alt=\"Hands reaching\">\n          <figcaption>\n            <div>\n              <header>988 L\u00cdNEA DE PREVENCI\u00d3N DEL CRISIS<\/header>\n              <p>No est\u00e1s solo. Hay ayuda disponible. Llame o env\u00ede un mensaje de texto las 24 horas, los 7 d\u00edas de la semana, al <b><a href=\"tel:988\">988<\/a><\/b>. Lifeline brinda apoyo y recursos de crisis gratuitos y confidenciales. Para acceder al apoyo en espa\u00f1ol, marque 988 y presione 2. Para iniciar una conversaci\u00f3n de texto, env\u00eda la palabra AYUDA a 988.<\/p>\n\n                          <\/div>\n          <\/figcaption>\n          <label class=rslide for=\"slide0\">Next Slide<\/label>\n        <\/figure>\n          <\/div>\n  <\/section>\n\n\n  <section class=interruptor>\n    <h2>Brindamos atenci\u00f3n m\u00e9dica rentable y de calidad a comunidades subrepresentadas, independientemente del seguro, el estado migratorio o la capacidad de pago.<\/h2>\n    <a class=cta href=\"https:\/\/alivio.org\/es\/appointment\/\">Pedir una Cita<\/a>\n  <\/section>\n\n\n  <section class=sunblock>\n    <div>\n      <figure class=sun>\n                <img decoding=\"async\" src=\"https:\/\/alivio.imgix.net\/Headshot_Orozco.png?ixlib=php-3.3.1&#038;w=960\" alt=\"Orozco\">\n      <\/figure>\n      <div>\n        <h2>Encuentre un proveedor que funcione para <strong>usted<\/strong><\/h2>\n        <h3>\u00a0\u00a1Los proveedores est<b>\u00e1<\/b>n en el centro de lo que hacemos!<\/h3>\n<p><span lang=\"es-MX\">Encuentre un proveedor de la siguiente manera:<\/span><\/p>\n<ul>\n<li><a href=\"https:\/\/alivio.org\/es\/medico\/\">Tipo de servicio<\/a><\/li>\n<li><a href=\"https:\/\/alivio.org\/es\/medico\/\">Ubicaci\u00f3n<\/a><\/li>\n<li><a href=\"#search\">Nombre<\/a><\/li>\n<\/ul>\n\n      <\/div>\n    <\/div>\n  <\/section>\n\n\n  <section class=\"services\" id=\"services\">\n    <div>\n      <div>\n        <h2>Atenci\u00f3n integral a la comunidad<\/h2>\n<p><span lang=\"es-MX\">Nos dedicamos a brindar una amplia gama de servicios de atenci\u00f3n m\u00e9dica, as\u00ed como comodidad y asistencia a nuestra comunidad, todo bajo un mismo techo.<\/span><\/p>\n<p><span lang=\"es-MX\">Ofreciendo servicios de atenci\u00f3n primaria de salud con \u00e9nfasis en la salud <a href=\"https:\/\/alivio.org\/es\/servicios\/adultos\/\">materno<\/a>&#8211;<a href=\"https:\/\/alivio.org\/es\/servicios\/pediatria\/\">infantil<\/a>, Alivio promueve sin concesiones el cuidado y el bienestar de las madres, los beb\u00e9s y las familias.<\/span><\/p>\n\n      <\/div>\n      <nav>\n                  <a href=\"https:\/\/alivio.org\/es\/servicios\/adultos\/\" class=\"tile1\">Medicina Familiar y de Adultos <\/a>\n                  <a href=\"https:\/\/alivio.org\/es\/servicios\/pediatria\/\" class=\"tile2\">Pediatr\u00eda<\/a>\n                  <a href=\"https:\/\/alivio.org\/es\/servicios\/dentistas\/\" class=\"tile3\">Dentistas \u2013 Odontolog\u00eda<\/a>\n                  <a href=\"https:\/\/alivio.org\/es\/servicios\/ob\/\" class=\"tile4\">Ginecolog\u00eda &#8211; Obstetricia y Parteras<\/a>\n                  <a href=\"https:\/\/alivio.org\/es\/servicios\/mental\/\" class=\"tile5\">Psiquiatr\u00cda y Salud Emocional y Mental<\/a>\n                  <a href=\"https:\/\/alivio.org\/es\/servicios\/diabetes\/\" class=\"tile6\">Bienestar Nutricional<\/a>\n                  <a href=\"https:\/\/alivio.org\/es\/servicios\/covid\/\" class=\"tile7\">COVID-19<\/a>\n                  <a href=\"\/locations\/berwyn\/#wellness\" class=\"tile8\">Cuidado inmediato<\/a>\n                  <a href=\"https:\/\/alivio.org\/es\/servicios\/planificacion\/\" class=\"tile9\">Planificaci\u00f3n Familiar<\/a>\n                  <a href=\"https:\/\/alivio.org\/es\/servicios\/farmacia\/\" class=\"tile10\">Farmacia<\/a>\n                  <a href=\"https:\/\/alivio.org\/es\/programas\/vih\/\" class=\"tile11\">Prevenci\u00f3n del VIH<\/a>\n                  <a href=\"https:\/\/alivio.org\/es\/servicios\/\" class=\"tile12\">M\u00e1s Servicios<\/a>\n              <\/nav>\n    <\/div>\n  <\/section>\n\n\n  <section class=\"bgblock fullscreen\" style=\"background-image:url(https:\/\/alivio.imgix.net\/loc-berwyn.jpg?ixlib=php-3.3.1)\">\n    <div>\n      <header>7 UBICACIONES PARA BRINDARLE UN MEJOR SERVICIO<\/header>\n              <div class=second>Tenemos centros de salud m\u00e9dicos, dentales y escolares en Chicago y los suburbios del oeste<\/div>\n            <a class=cta href=\"https:\/\/alivio.org\/es\/locations\/\">Explora nuestras ubicaciones<\/a>\n    <\/div>\n  <\/section>\n","protected":false},"excerpt":{"rendered":"<p>Brindamos atenci\u00f3n m\u00e9dica de calidad y rentable a comunidades subrepresentadas, independientemente del seguro, el estado migratorio o la capacidad de pago.<\/p>\n","protected":false},"author":1,"featured_media":0,"parent":0,"menu_order":0,"comment_status":"closed","ping_status":"open","template":"","meta":{"_relevanssi_hide_post":"","_relevanssi_hide_content":"","_relevanssi_pin_for_all":"","_relevanssi_pin_keywords":"","_relevanssi_unpin_keywords":"","_relevanssi_related_keywords":"","_relevanssi_related_include_ids":"","_relevanssi_related_exclude_ids":"","_relevanssi_related_no_append":"","_relevanssi_related_not_related":"","_relevanssi_related_posts":"688,651,669,684,635,663","_relevanssi_noindex_reason":"","footnotes":""},"categories":[],"class_list":["post-2","page","type-page","status-publish","hentry"],"translation":{"provider":"WPGlobus","version":"3.0.2","language":"es","enabled_languages":["en","es","zh"],"languages":{"en":{"title":true,"content":true,"excerpt":true},"es":{"title":true,"content":true,"excerpt":true},"zh":{"title":true,"content":true,"excerpt":false}}},"acf":[],"yoast_head":"<title>Centro M\u00e9dico Alivio &#8226; Chicago<\/title>\n<meta name=\"robots\" content=\"index, follow, max-snippet:-1, max-image-preview:large, max-video-preview:-1\" \/>\n<link rel=\"canonical\" href=\"https:\/\/alivio.org\/\" \/>\n<meta property=\"og:locale\" content=\"es_ES\" \/>\n<meta property=\"og:type\" content=\"article\" \/>\n<meta property=\"og:title\" content=\"Centro M\u00e9dico Alivio &#8226; Chicago\" \/>\n<meta property=\"og:url\" content=\"https:\/\/alivio.org\/\" \/>\n<meta property=\"og:site_name\" content=\"Centro M\u00e9dico Alivio\" \/>\n<meta property=\"article:publisher\" content=\"https:\/\/www.facebook.com\/AlivioChicago\/\" \/>\n<meta property=\"article:modified_time\" content=\"2025-10-28T15:37:38+00:00\" \/>\n<meta name=\"twitter:card\" content=\"summary_large_image\" \/>\n<script type=\"application\/ld+json\" class=\"yoast-schema-graph\">{\"@context\":\"https:\/\/schema.org\",\"@graph\":[{\"@type\":\"WebPage\",\"@id\":\"https:\/\/alivio.org\/\",\"url\":\"https:\/\/alivio.org\/\",\"name\":\"P\u00e1gina Principal &#8226; Centro M\u00e9dico Alivio\",\"isPartOf\":{\"@id\":\"https:\/\/alivio.org\/#website\"},\"datePublished\":\"2022-08-18T18:44:45+00:00\",\"dateModified\":\"2025-10-28T15:37:38+00:00\",\"description\":\"Brindamos atenci\u00f3n m\u00e9dica de calidad y rentable a comunidades subrepresentadas, independientemente del seguro, el estado migratorio o la capacidad de pago.\",\"breadcrumb\":{\"@id\":\"https:\/\/alivio.org\/#breadcrumb\"},\"inLanguage\":\"es\",\"potentialAction\":[{\"@type\":\"ReadAction\",\"target\":[\"https:\/\/alivio.org\/\"]}]},{\"@type\":\"BreadcrumbList\",\"@id\":\"https:\/\/alivio.org\/#breadcrumb\",\"itemListElement\":[{\"@type\":\"ListItem\",\"position\":1,\"name\":\"Home\",\"item\":\"https:\/\/alivio.org\/\"},{\"@type\":\"ListItem\",\"position\":2,\"name\":\"Home Page\"}]},{\"@type\":\"WebSite\",\"@id\":\"https:\/\/alivio.org\/#website\",\"url\":\"https:\/\/alivio.org\/\",\"name\":\"Centro M\u00e9dico Alivio\",\"description\":\"Una Presencia Activa para una Comunidad Fuerte\",\"publisher\":{\"@id\":\"https:\/\/alivio.org\/#organization\"},\"potentialAction\":[{\"@type\":\"SearchAction\",\"target\":{\"@type\":\"EntryPoint\",\"urlTemplate\":\"https:\/\/alivio.org\/?s={search_term_string}\"},\"query-input\":{\"@type\":\"PropertyValueSpecification\",\"valueRequired\":true,\"valueName\":\"search_term_string\"}}],\"inLanguage\":\"es\"},{\"@type\":\"Organization\",\"@id\":\"https:\/\/alivio.org\/#organization\",\"name\":\"Centro M\u00e9dico Alivio\",\"url\":\"https:\/\/alivio.org\/\",\"logo\":{\"@type\":\"ImageObject\",\"inLanguage\":\"es\",\"@id\":\"https:\/\/alivio.org\/#\/schema\/logo\/image\/\",\"url\":\"https:\/\/alivio.imgix.net\/logo_full.png?ixlib=php-3.3.1\",\"contentUrl\":\"https:\/\/alivio.imgix.net\/logo_full.png?ixlib=php-3.3.1\",\"width\":354,\"height\":78,\"caption\":\"Centro M\u00e9dico Alivio\"},\"image\":{\"@id\":\"https:\/\/alivio.org\/#\/schema\/logo\/image\/\"},\"sameAs\":[\"https:\/\/www.facebook.com\/AlivioChicago\/\",\"https:\/\/www.linkedin.com\/company\/alivio-medical-center-inc-\"]}]}<\/script>","yoast_head_json":{"title":"Centro M\u00e9dico Alivio &#8226; Chicago","robots":{"index":"index","follow":"follow","max-snippet":"max-snippet:-1","max-image-preview":"max-image-preview:large","max-video-preview":"max-video-preview:-1"},"canonical":"https:\/\/alivio.org\/","og_locale":"es_ES","og_type":"article","og_title":"Centro M\u00e9dico Alivio &#8226; Chicago","og_url":"https:\/\/alivio.org\/","og_site_name":"Centro M\u00e9dico Alivio","article_publisher":"https:\/\/www.facebook.com\/AlivioChicago\/","article_modified_time":"2025-10-28T15:37:38+00:00","twitter_card":"summary_large_image","schema":{"@context":"https:\/\/schema.org","@graph":[{"@type":"WebPage","@id":"https:\/\/alivio.org\/","url":"https:\/\/alivio.org\/","name":"P\u00e1gina Principal &#8226; Centro M\u00e9dico Alivio","isPartOf":{"@id":"https:\/\/alivio.org\/#website"},"datePublished":"2022-08-18T18:44:45+00:00","dateModified":"2025-10-28T15:37:38+00:00","description":"Brindamos atenci\u00f3n m\u00e9dica de calidad y rentable a comunidades subrepresentadas, independientemente del seguro, el estado migratorio o la capacidad de pago.","breadcrumb":{"@id":"https:\/\/alivio.org\/#breadcrumb"},"inLanguage":"es","potentialAction":[{"@type":"ReadAction","target":["https:\/\/alivio.org\/"]}]},{"@type":"BreadcrumbList","@id":"https:\/\/alivio.org\/#breadcrumb","itemListElement":[{"@type":"ListItem","position":1,"name":"Home","item":"https:\/\/alivio.org\/"},{"@type":"ListItem","position":2,"name":"Home Page"}]},{"@type":"WebSite","@id":"https:\/\/alivio.org\/#website","url":"https:\/\/alivio.org\/","name":"Centro M\u00e9dico Alivio","description":"Una Presencia Activa para una Comunidad Fuerte","publisher":{"@id":"https:\/\/alivio.org\/#organization"},"potentialAction":[{"@type":"SearchAction","target":{"@type":"EntryPoint","urlTemplate":"https:\/\/alivio.org\/?s={search_term_string}"},"query-input":{"@type":"PropertyValueSpecification","valueRequired":true,"valueName":"search_term_string"}}],"inLanguage":"es"},{"@type":"Organization","@id":"https:\/\/alivio.org\/#organization","name":"Centro M\u00e9dico Alivio","url":"https:\/\/alivio.org\/","logo":{"@type":"ImageObject","inLanguage":"es","@id":"https:\/\/alivio.org\/#\/schema\/logo\/image\/","url":"https:\/\/alivio.imgix.net\/logo_full.png?ixlib=php-3.3.1","contentUrl":"https:\/\/alivio.imgix.net\/logo_full.png?ixlib=php-3.3.1","width":354,"height":78,"caption":"Centro M\u00e9dico Alivio"},"image":{"@id":"https:\/\/alivio.org\/#\/schema\/logo\/image\/"},"sameAs":["https:\/\/www.facebook.com\/AlivioChicago\/","https:\/\/www.linkedin.com\/company\/alivio-medical-center-inc-"]}]}},"jetpack_sharing_enabled":true,"publishpress_future_workflow_manual_trigger":{"enabledWorkflows":[]},"_links":{"self":[{"href":"https:\/\/alivio.org\/es\/wp-json\/wp\/v2\/pages\/2","targetHints":{"allow":["GET"]}}],"collection":[{"href":"https:\/\/alivio.org\/es\/wp-json\/wp\/v2\/pages"}],"about":[{"href":"https:\/\/alivio.org\/es\/wp-json\/wp\/v2\/types\/page"}],"author":[{"embeddable":true,"href":"https:\/\/alivio.org\/es\/wp-json\/wp\/v2\/users\/1"}],"replies":[{"embeddable":true,"href":"https:\/\/alivio.org\/es\/wp-json\/wp\/v2\/comments?post=2"}],"version-history":[{"count":516,"href":"https:\/\/alivio.org\/es\/wp-json\/wp\/v2\/pages\/2\/revisions"}],"predecessor-version":[{"id":7030,"href":"https:\/\/alivio.org\/es\/wp-json\/wp\/v2\/pages\/2\/revisions\/7030"}],"wp:attachment":[{"href":"https:\/\/alivio.org\/es\/wp-json\/wp\/v2\/media?parent=2"}],"wp:term":[{"taxonomy":"category","embeddable":true,"href":"https:\/\/alivio.org\/es\/wp-json\/wp\/v2\/categories?post=2"}],"curies":[{"name":"wp","href":"https:\/\/api.w.org\/{rel}","templated":true}]}}