{"id":3139,"date":"2023-09-14T17:22:15","date_gmt":"2023-09-14T17:22:29","guid":{"rendered":"https:\/\/alivio.org\/?page_id=3139"},"modified":"2025-02-04T14:08:34","modified_gmt":"2025-02-04T20:08:34","slug":"chw","status":"publish","type":"page","link":"https:\/\/alivio.org\/es\/programas\/chw\/","title":{"rendered":"Promotores de Salud"},"content":{"rendered":"\n<h2 class=\"wp-block-heading\">Conexi\u00f3n De Primera L\u00ednea Con La Comunidad<\/h2>\n\n\n\n<p>Nuestras Promotoras de Salud (PDS\/CHWs) son la piedra angular tanto de Alivio Familia como de las comunidades a las que servimos. Como agentes de cambio de primera l\u00ednea, el equipo de PDS de Alivio ayuda a cerrar las brechas en el acceso comunitario a la atenci\u00f3n m\u00e9dica a trav\u00e9s de innumerables iniciativas que incluyen participar en eventos y programas comunitarios y coordinar varios talleres educativos sobre temas que van desde alimentaci\u00f3n saludable hasta control de peso. Nuestros defensores de la salud mantienen a nuestras comunidades informadas y actualizadas sobre el bienestar a trav\u00e9s de educaci\u00f3n y comunicaci\u00f3n biling\u00fce y bicultural.<\/p>\n\n\n\n<h2 class=\"wp-block-heading\">PDS Objetivos<\/h2>\n\n\n\n<ul class=\"wp-block-list\">\n<li>Abogar por las personas en su comunidad para que todos tengan acceso a servicios de vivienda, m\u00e9dicos, y de apoyo de salud de calidad, independientemente de su estatus migratorio, edad sexo, raza, estatus social o religi\u00f3n de las personas, o si tiene seguro m\u00e9dico o no lo tienen<\/li>\n\n\n\n<li>Conectar y ofrecer mediaci\u00f3n cultural entre las comunidades y los sistemas de salud y servicios sociales<\/li>\n\n\n\n<li>Proporcionar educaci\u00f3n e informaci\u00f3n sobre salud culturalmente apropiada asegur\u00e1ndose que las personas reciban los servicios que necesitan.<\/li>\n<\/ul>\n\n\n\n<p>Nuestra Unidad M\u00f3vil de Salud brinda servicios ambulatorios, informaci\u00f3n y capacitaci\u00f3n para la prevenci\u00f3n de enfermedades y promoci\u00f3n de la salud entre la poblaci\u00f3n latina residente en comunidades alejadas en Illinois.<\/p>\n\n\n\n<h3 class=\"wp-block-heading\">Servicios Y Actividades de Nuestra Unidad M\u00f3vil Incluyen:<\/h3>\n\n\n\n<ul class=\"wp-block-list\">\n<li><strong>Detecciones oportunas<\/strong> en medici\u00f3n de glucosa, presi\u00f3n arterial, colesterol, \u00edndice de masa corporal, entre otros.<\/li>\n\n\n\n<li><strong>Inmunizaciones<\/strong> en colaboraci\u00f3n con agencias locales como farmacias, centros de salud, y el gobierno local, proveer vacunas contra la influenza, entre otras.<\/li>\n\n\n\n<li class=\"array\"><strong>Educaci\u00f3n<\/strong> para implementar campa\u00f1as de difusi\u00f3n sobre la prevenci\u00f3n de enfermedades y promoci\u00f3n de la salud, a trav\u00e9s de folletos y pl\u00e1ticas informativas.<\/li>\n<\/ul>\n\n\n\n<p><a href=\"\/files\/calendar\"><strong>Calendario mensual de La Unidad M\u00f3vil de Salud<\/strong><\/a><\/p>\n\n\n  <section class=\"bgblock \" style=\"background-image:url(https:\/\/alivio.imgix.net\/stock_signature.jpg?ixlib=php-3.3.1)\">\n    <div>\n      <header>Estamos aqu\u00ed para ayudar.<\/header>\n              <div class=second>\u00bfNecesita nuestros servicios de extensi\u00f3n?<\/div>\n            <a class=cta href=\"\/es\/contacto\/?purpose=Outreach#form\">\u00a1Complete un formulario de solicitud!<\/a>\n    <\/div>\n  <\/section>\n\n\n\n<p><strong>La Ventanilla de Salud (VDS) <\/strong>es un esfuerzo conjunto de Centro M\u00e9dico Alivio con el Consulado General de M\u00e9xico en Chicago, ofreciendo gratuitamente en sus instalaciones servicios de salud preventiva, orientaci\u00f3n, consejer\u00eda, detecci\u00f3n oportuna y canalizaci\u00f3n. Promotoras de salud de la VDS trabajan para apoyar en el cuidado e incrementar el acceso a servicios m\u00e9dicos primarios y preventivos.&nbsp; La atenci\u00f3n es segura, confidencial, gratuita y en espa\u00f1ol, sin importar tu condici\u00f3n migratoria.<\/p>\n\n\n\n<h3 class=\"wp-block-heading\"><strong>Los Servicios de VDS incluyen<\/strong>:<\/h3>\n\n\n\n<ul class=\"wp-block-list array\">\n<li>Recomendaci\u00f3n y referencia a servicios de salud (cl\u00ednicas comunitarias) para establecer un hogar m\u00e9dico y\/o cuando se requiera de un <strong>servicio m\u00e9dico especializado<\/strong>.<\/li>\n\n\n\n<li><strong>Orientaci\u00f3n\/Consejer\u00eda<\/strong> en temas de salud: correcta alimentaci\u00f3n, actividad f\u00edsica, obesidad, diabetes, salud de la mujer y salud infantil, salud mental, prevenci\u00f3n de adicciones, salud sexual, entre otras.<\/li>\n\n\n\n<li>Detecci\u00f3n oportuna de <strong>VIH<\/strong> y <strong>Sida<\/strong>, \u00edndice de masa corporal, niveles de colesterol, glucosa, entre otras.<\/li>\n\n\n\n<li>Aplicaci\u00f3n de algunas <strong>vacunas<\/strong>.<\/li>\n\n\n\n<li>Informaci\u00f3n sobre <strong>alternativas de aseguramiento m\u00e9dico<\/strong> a mexicanos residentes en los Estados Unidos.<\/li>\n<\/ul>\n\n\n\n<p><a href=\"\/files\/calendario-de-agosto-2024_vds\/\">Descargue la programaci\u00f3n mensual de servicios de VDS<\/a>, Con\u00e9ctate con nuestras <a href=\"https:\/\/www.facebook.com\/PromotorasAlivio\/\">Promotoras<\/a> y <a href=\"https:\/\/www.facebook.com\/VDSChicago\/\">VDS<\/a> en Facebook; para obtener m\u00e1s informaci\u00f3n sobre c\u00f3mo nuestro equipo de CHW puede ayudarlo a encontrar los recursos que necesita, <a href=\"\/files\/chw\">haga clic aqu\u00ed<\/a>, o <a href=\"\/es\/contacto?purpose=Outreach#form\">cont\u00e1ctenos<\/a>.<\/p>\n","protected":false},"excerpt":{"rendered":"<p>Nuestros Promotores de Salud (CHWs) son la piedra angular tanto de Alivio Familia como de las comunidades a las que servimos.<\/p>\n","protected":false},"author":1,"featured_media":3151,"parent":94,"menu_order":5,"comment_status":"closed","ping_status":"closed","template":"","meta":{"_relevanssi_hide_post":"","_relevanssi_hide_content":"","_relevanssi_pin_for_all":"","_relevanssi_pin_keywords":"","_relevanssi_unpin_keywords":"","_relevanssi_related_keywords":"","_relevanssi_related_include_ids":"","_relevanssi_related_exclude_ids":"","_relevanssi_related_no_append":"","_relevanssi_related_not_related":"","_relevanssi_related_posts":"672,654,669,684,657,696","_relevanssi_noindex_reason":"","footnotes":""},"categories":[],"class_list":["post-3139","page","type-page","status-publish","has-post-thumbnail","hentry"],"translation":{"provider":"WPGlobus","version":"3.0.2","language":"es","enabled_languages":["en","es","zh"],"languages":{"en":{"title":true,"content":true,"excerpt":true},"es":{"title":true,"content":true,"excerpt":true},"zh":{"title":true,"content":true,"excerpt":false}}},"acf":[],"yoast_head":"<title>Promotores de Salud &#8226; Centro M\u00e9dico Alivio<\/title>\n<meta name=\"robots\" content=\"index, follow, max-snippet:-1, max-image-preview:large, max-video-preview:-1\" \/>\n<link rel=\"canonical\" href=\"https:\/\/alivio.org\/programs\/chw\/\" \/>\n<meta property=\"og:locale\" content=\"es_ES\" \/>\n<meta property=\"og:type\" content=\"article\" \/>\n<meta property=\"og:title\" content=\"Promotores de Salud &#8226; Centro M\u00e9dico Alivio\" \/>\n<meta property=\"og:url\" content=\"https:\/\/alivio.org\/programs\/chw\/\" \/>\n<meta property=\"og:site_name\" content=\"Centro M\u00e9dico Alivio\" \/>\n<meta property=\"article:publisher\" content=\"https:\/\/www.facebook.com\/AlivioChicago\/\" \/>\n<meta property=\"article:modified_time\" content=\"2025-02-04T20:08:34+00:00\" \/>\n<meta property=\"og:image\" content=\"https:\/\/alivio.imgix.net\/chw.jpg?ixlib=php-3.3.1\" \/>\n\t<meta property=\"og:image:width\" content=\"1429\" \/>\n\t<meta property=\"og:image:height\" content=\"802\" \/>\n\t<meta property=\"og:image:type\" content=\"image\/jpeg\" \/>\n<meta name=\"twitter:card\" content=\"summary_large_image\" \/>\n<script type=\"application\/ld+json\" class=\"yoast-schema-graph\">{\"@context\":\"https:\/\/schema.org\",\"@graph\":[{\"@type\":\"WebPage\",\"@id\":\"https:\/\/alivio.org\/programs\/chw\/\",\"url\":\"https:\/\/alivio.org\/programs\/chw\/\",\"name\":\"Promotores de Salud &#8226; Centro M\u00e9dico Alivio\",\"isPartOf\":{\"@id\":\"https:\/\/alivio.org\/#website\"},\"primaryImageOfPage\":{\"@id\":\"https:\/\/alivio.org\/programs\/chw\/#primaryimage\"},\"image\":{\"@id\":\"https:\/\/alivio.org\/programs\/chw\/#primaryimage\"},\"thumbnailUrl\":\"https:\/\/alivio.imgix.net\/chw.jpg?ixlib=php-3.3.1\",\"datePublished\":\"2023-09-14T17:22:29+00:00\",\"dateModified\":\"2025-02-04T20:08:34+00:00\",\"description\":\"Nuestros Promotores de Salud (CHWs) son la piedra angular tanto de Alivio Familia como de las comunidades a las que servimos.\",\"breadcrumb\":{\"@id\":\"https:\/\/alivio.org\/programs\/chw\/#breadcrumb\"},\"inLanguage\":\"es\",\"potentialAction\":[{\"@type\":\"ReadAction\",\"target\":[\"https:\/\/alivio.org\/programs\/chw\/\"]}]},{\"@type\":\"ImageObject\",\"inLanguage\":\"es\",\"@id\":\"https:\/\/alivio.org\/programs\/chw\/#primaryimage\",\"url\":\"https:\/\/alivio.imgix.net\/chw.jpg?ixlib=php-3.3.1\",\"contentUrl\":\"https:\/\/alivio.imgix.net\/chw.jpg?ixlib=php-3.3.1\",\"width\":1429,\"height\":802},{\"@type\":\"BreadcrumbList\",\"@id\":\"https:\/\/alivio.org\/programs\/chw\/#breadcrumb\",\"itemListElement\":[{\"@type\":\"ListItem\",\"position\":1,\"name\":\"Home\",\"item\":\"https:\/\/alivio.org\/\"},{\"@type\":\"ListItem\",\"position\":2,\"name\":\"Programs\",\"item\":\"https:\/\/alivio.org\/programs\/\"},{\"@type\":\"ListItem\",\"position\":3,\"name\":\"Community Health Workers\"}]},{\"@type\":\"WebSite\",\"@id\":\"https:\/\/alivio.org\/#website\",\"url\":\"https:\/\/alivio.org\/\",\"name\":\"Centro M\u00e9dico Alivio\",\"description\":\"Una Presencia Activa para una Comunidad Fuerte\",\"publisher\":{\"@id\":\"https:\/\/alivio.org\/#organization\"},\"potentialAction\":[{\"@type\":\"SearchAction\",\"target\":{\"@type\":\"EntryPoint\",\"urlTemplate\":\"https:\/\/alivio.org\/?s={search_term_string}\"},\"query-input\":{\"@type\":\"PropertyValueSpecification\",\"valueRequired\":true,\"valueName\":\"search_term_string\"}}],\"inLanguage\":\"es\"},{\"@type\":\"Organization\",\"@id\":\"https:\/\/alivio.org\/#organization\",\"name\":\"Centro M\u00e9dico Alivio\",\"url\":\"https:\/\/alivio.org\/\",\"logo\":{\"@type\":\"ImageObject\",\"inLanguage\":\"es\",\"@id\":\"https:\/\/alivio.org\/#\/schema\/logo\/image\/\",\"url\":\"https:\/\/alivio.imgix.net\/logo_full.png?ixlib=php-3.3.1\",\"contentUrl\":\"https:\/\/alivio.imgix.net\/logo_full.png?ixlib=php-3.3.1\",\"width\":354,\"height\":78,\"caption\":\"Centro M\u00e9dico Alivio\"},\"image\":{\"@id\":\"https:\/\/alivio.org\/#\/schema\/logo\/image\/\"},\"sameAs\":[\"https:\/\/www.facebook.com\/AlivioChicago\/\",\"https:\/\/www.linkedin.com\/company\/alivio-medical-center-inc-\"]}]}<\/script>","yoast_head_json":{"title":"Promotores de Salud &#8226; Centro M\u00e9dico Alivio","robots":{"index":"index","follow":"follow","max-snippet":"max-snippet:-1","max-image-preview":"max-image-preview:large","max-video-preview":"max-video-preview:-1"},"canonical":"https:\/\/alivio.org\/programs\/chw\/","og_locale":"es_ES","og_type":"article","og_title":"Promotores de Salud &#8226; Centro M\u00e9dico Alivio","og_url":"https:\/\/alivio.org\/programs\/chw\/","og_site_name":"Centro M\u00e9dico Alivio","article_publisher":"https:\/\/www.facebook.com\/AlivioChicago\/","article_modified_time":"2025-02-04T20:08:34+00:00","og_image":[{"width":1429,"height":802,"url":"https:\/\/alivio.imgix.net\/chw.jpg?ixlib=php-3.3.1","type":"image\/jpeg"}],"twitter_card":"summary_large_image","schema":{"@context":"https:\/\/schema.org","@graph":[{"@type":"WebPage","@id":"https:\/\/alivio.org\/programs\/chw\/","url":"https:\/\/alivio.org\/programs\/chw\/","name":"Promotores de Salud &#8226; Centro M\u00e9dico Alivio","isPartOf":{"@id":"https:\/\/alivio.org\/#website"},"primaryImageOfPage":{"@id":"https:\/\/alivio.org\/programs\/chw\/#primaryimage"},"image":{"@id":"https:\/\/alivio.org\/programs\/chw\/#primaryimage"},"thumbnailUrl":"https:\/\/alivio.imgix.net\/chw.jpg?ixlib=php-3.3.1","datePublished":"2023-09-14T17:22:29+00:00","dateModified":"2025-02-04T20:08:34+00:00","description":"Nuestros Promotores de Salud (CHWs) son la piedra angular tanto de Alivio Familia como de las comunidades a las que servimos.","breadcrumb":{"@id":"https:\/\/alivio.org\/programs\/chw\/#breadcrumb"},"inLanguage":"es","potentialAction":[{"@type":"ReadAction","target":["https:\/\/alivio.org\/programs\/chw\/"]}]},{"@type":"ImageObject","inLanguage":"es","@id":"https:\/\/alivio.org\/programs\/chw\/#primaryimage","url":"https:\/\/alivio.imgix.net\/chw.jpg?ixlib=php-3.3.1","contentUrl":"https:\/\/alivio.imgix.net\/chw.jpg?ixlib=php-3.3.1","width":1429,"height":802},{"@type":"BreadcrumbList","@id":"https:\/\/alivio.org\/programs\/chw\/#breadcrumb","itemListElement":[{"@type":"ListItem","position":1,"name":"Home","item":"https:\/\/alivio.org\/"},{"@type":"ListItem","position":2,"name":"Programs","item":"https:\/\/alivio.org\/programs\/"},{"@type":"ListItem","position":3,"name":"Community Health Workers"}]},{"@type":"WebSite","@id":"https:\/\/alivio.org\/#website","url":"https:\/\/alivio.org\/","name":"Centro M\u00e9dico Alivio","description":"Una Presencia Activa para una Comunidad Fuerte","publisher":{"@id":"https:\/\/alivio.org\/#organization"},"potentialAction":[{"@type":"SearchAction","target":{"@type":"EntryPoint","urlTemplate":"https:\/\/alivio.org\/?s={search_term_string}"},"query-input":{"@type":"PropertyValueSpecification","valueRequired":true,"valueName":"search_term_string"}}],"inLanguage":"es"},{"@type":"Organization","@id":"https:\/\/alivio.org\/#organization","name":"Centro M\u00e9dico Alivio","url":"https:\/\/alivio.org\/","logo":{"@type":"ImageObject","inLanguage":"es","@id":"https:\/\/alivio.org\/#\/schema\/logo\/image\/","url":"https:\/\/alivio.imgix.net\/logo_full.png?ixlib=php-3.3.1","contentUrl":"https:\/\/alivio.imgix.net\/logo_full.png?ixlib=php-3.3.1","width":354,"height":78,"caption":"Centro M\u00e9dico Alivio"},"image":{"@id":"https:\/\/alivio.org\/#\/schema\/logo\/image\/"},"sameAs":["https:\/\/www.facebook.com\/AlivioChicago\/","https:\/\/www.linkedin.com\/company\/alivio-medical-center-inc-"]}]}},"jetpack_sharing_enabled":true,"publishpress_future_workflow_manual_trigger":{"enabledWorkflows":[]},"_links":{"self":[{"href":"https:\/\/alivio.org\/es\/wp-json\/wp\/v2\/pages\/3139","targetHints":{"allow":["GET"]}}],"collection":[{"href":"https:\/\/alivio.org\/es\/wp-json\/wp\/v2\/pages"}],"about":[{"href":"https:\/\/alivio.org\/es\/wp-json\/wp\/v2\/types\/page"}],"author":[{"embeddable":true,"href":"https:\/\/alivio.org\/es\/wp-json\/wp\/v2\/users\/1"}],"replies":[{"embeddable":true,"href":"https:\/\/alivio.org\/es\/wp-json\/wp\/v2\/comments?post=3139"}],"version-history":[{"count":103,"href":"https:\/\/alivio.org\/es\/wp-json\/wp\/v2\/pages\/3139\/revisions"}],"predecessor-version":[{"id":6262,"href":"https:\/\/alivio.org\/es\/wp-json\/wp\/v2\/pages\/3139\/revisions\/6262"}],"up":[{"embeddable":true,"href":"https:\/\/alivio.org\/es\/wp-json\/wp\/v2\/pages\/94"}],"wp:featuredmedia":[{"embeddable":true,"href":"https:\/\/alivio.org\/es\/wp-json\/wp\/v2\/media\/3151"}],"wp:attachment":[{"href":"https:\/\/alivio.org\/es\/wp-json\/wp\/v2\/media?parent=3139"}],"wp:term":[{"taxonomy":"category","embeddable":true,"href":"https:\/\/alivio.org\/es\/wp-json\/wp\/v2\/categories?post=3139"}],"curies":[{"name":"wp","href":"https:\/\/api.w.org\/{rel}","templated":true}]}}