{"id":3152,"date":"2023-09-14T17:39:14","date_gmt":"2023-09-14T17:39:14","guid":{"rendered":"https:\/\/alivio.org\/?page_id=3152"},"modified":"2026-02-23T13:57:39","modified_gmt":"2026-02-23T19:57:39","slug":"payment","status":"publish","type":"page","link":"https:\/\/alivio.org\/es\/pagos\/","title":{"rendered":"Seguro De Salud y Pagos"},"content":{"rendered":"\n<h2 class=\"wp-block-heading\">Seguro De Salud<\/h2>\n\n\n\n<p>El centro m\u00e9dico Alivio acepta Illinois Medicaid, planes de atenci\u00f3n m\u00e9dica administrada de Medicaid, Medicare, planes de seguro comerciales privados y del Mercado (Ley de Atenci\u00f3n M\u00e9dica Asequible). Si no tiene seguro, nuestro <a href=\"https:\/\/alivio.org\/programs\/benefits_enrollment\/\">Consejeros de Inscripci\u00f3n de Beneficios<\/a> pueden guiarte a trav\u00e9s del proceso de asistencia de solicitud\/renovaci\u00f3n en nuestro Centro Sat\u00e9lite para Personas Mayores de Pilsen en Casa Maravilla.<\/p>\n\n\n\n<p>Los pacientes que no califican para estos programas pueden recibir una visita m\u00e9dica por tan solo $30 utilizando <a href=\"#scale\">nuestra escala m\u00f3vil<\/a>, que se basa en los ingresos y el tama\u00f1o de la familia.<\/p>\n\n\n\n<p>Para los pacientes con una HMO, un proveedor de Alivio debe ser su PCP asignado para ser atendido en la cl\u00ednica.<\/p>\n\n\n\n<h2 class=\"wp-block-heading\">Planes De Seguro<\/h2>\n\n\n\n<p><a href=\"https:\/\/alivio.org\/es\/pagos\/#plans\">Aceptamos varios planes de seguro.<\/a> Si tiene alguna pregunta sobre nuestros planes de seguro aceptados, llame a nuestro Departamento de Facturaci\u00f3n al 773-254-1400, despu\u00e9s de seleccionar su idioma, presione el mensaje #2. Si tiene preguntas sobre su estado de cuenta como paciente, ll\u00e1menos al 773-669-6998.<\/p>\n\n\n\n<p><\/p>\n\n\n  <dialog id=\"plans\" class=\"lightbox\">\n    <div>\n              <header>Insurance plans accepted<\/header>\n            <article>\n        <p>* <span lang=\"ES-MX\">Planes contratados a trav\u00e9s de IPA<\/span><\/p>\n<ul>\n<li><strong>Commercial plans<\/strong>\n<ul>\n<li>Aetna<\/li>\n<li>Blue Cross Blue Shield HMO, Blue Advantage *<\/li>\n<li>Cigna*<\/li>\n<li>United Health Care<\/li>\n<\/ul>\n<\/li>\n<li><strong>Medicare Medicaid Alignment Initiative (MMAI)\u00a0 Medicare Duals<\/strong>\n<ul>\n<li>Aetna Better Health<\/li>\n<li>Blue Cross Blue Shield of Illinois<\/li>\n<li>Meridian Health Plan<\/li>\n<li>Molina Healthcare of Illinois<\/li>\n<\/ul>\n<\/li>\n<li><strong>Illinois Health Insurance Marketplace<\/strong>\n<ul>\n<li>Ambetter Health<\/li>\n<\/ul>\n<\/li>\n<li><strong>Medicaid Plans<\/strong>\n<ul>\n<li>Aetna Better Health<\/li>\n<li>Meridian Health Plan<\/li>\n<li>Molina Healthcare of Illinois<\/li>\n<li>YouthCare<\/li>\n<\/ul>\n<\/li>\n<li><strong>Medicare HMO &amp; PPO Plans<\/strong>\n<ul>\n<li>Clear Spring Medicare Advantage*<\/li>\n<li>Community Care Alliance<\/li>\n<li>Humana Medicare Advantage*<\/li>\n<li>Molina Healthcare of Illinois Medicare Advantage (MAPD)<\/li>\n<li>More Care Health Plan<\/li>\n<li>Wellcare<\/li>\n<li>ZingHealth<\/li>\n<\/ul>\n<\/li>\n<li><strong>Independent Physician Associations (IPA)<\/strong>\n<ul>\n<li>Loyola Physician Partners (LPP)<\/li>\n<\/ul>\n<\/li>\n<\/ul>\n\n      <\/article>\n    <\/div>\n    <a href='#_'> <\/a>\n  <\/dialog>\n\n\n<div id=\"scale\" class=\"ppl\">\n\n<figure class=\"wp-block-table scale\"><table><thead><tr><th class=\"has-text-align-center\" data-align=\"center\">Nivel de ingresos<\/th><th>B<\/th><th class=\"has-text-align-center\" data-align=\"center\">C<\/th><th class=\"has-text-align-center\" data-align=\"center\">D<\/th><th class=\"has-text-align-center\" data-align=\"center\">E<\/th><th class=\"has-text-align-center\" data-align=\"center\">F<\/th><th>G<\/th><\/tr><\/thead><tbody><tr><th class=\"has-text-align-center\" data-align=\"center\"><strong><strong>Tama\u00f1o de la familia<\/strong><\/strong><\/th><th colspan=\"6\"><strong><strong>Umbral de ingresos<\/strong><\/strong><\/th><\/tr><tr><td class=\"has-text-align-center\" data-align=\"center\">1<\/td><td>15,960<\/td><td class=\"has-text-align-center\" data-align=\"center\">19,950<\/td><td class=\"has-text-align-center\" data-align=\"center\">23,940<\/td><td class=\"has-text-align-center\" data-align=\"center\">27,930<\/td><td class=\"has-text-align-center\" data-align=\"center\">31,920<\/td><td>31,920+<\/td><\/tr><tr><td class=\"has-text-align-center\" data-align=\"center\">2<\/td><td>21,640<\/td><td class=\"has-text-align-center\" data-align=\"center\">27,050<\/td><td class=\"has-text-align-center\" data-align=\"center\">32,460<\/td><td class=\"has-text-align-center\" data-align=\"center\">37,870<\/td><td class=\"has-text-align-center\" data-align=\"center\">43,280<\/td><td>43,280+<\/td><\/tr><tr><td class=\"has-text-align-center\" data-align=\"center\">3<\/td><td>27,320<\/td><td class=\"has-text-align-center\" data-align=\"center\">34,150<\/td><td class=\"has-text-align-center\" data-align=\"center\">40,980<\/td><td class=\"has-text-align-center\" data-align=\"center\">47,810<\/td><td class=\"has-text-align-center\" data-align=\"center\">54,640<\/td><td>54,640+<\/td><\/tr><tr><td class=\"has-text-align-center\" data-align=\"center\">4<\/td><td>33,000<\/td><td class=\"has-text-align-center\" data-align=\"center\">41,250<\/td><td class=\"has-text-align-center\" data-align=\"center\">49,500<\/td><td class=\"has-text-align-center\" data-align=\"center\">57,750<\/td><td class=\"has-text-align-center\" data-align=\"center\">66,000<\/td><td>66,000+<\/td><\/tr><tr><td class=\"has-text-align-center\" data-align=\"center\">5<\/td><td>38,680<\/td><td class=\"has-text-align-center\" data-align=\"center\">48,350<\/td><td class=\"has-text-align-center\" data-align=\"center\">58,020<\/td><td class=\"has-text-align-center\" data-align=\"center\">67,690<\/td><td class=\"has-text-align-center\" data-align=\"center\">77,360<\/td><td>77,360+<\/td><\/tr><tr><td class=\"has-text-align-center\" data-align=\"center\">6<\/td><td>44,360<\/td><td class=\"has-text-align-center\" data-align=\"center\">55,450<\/td><td class=\"has-text-align-center\" data-align=\"center\">66,540<\/td><td class=\"has-text-align-center\" data-align=\"center\">77,630<\/td><td class=\"has-text-align-center\" data-align=\"center\">88,720<\/td><td>88,720+<\/td><\/tr><tr><td class=\"has-text-align-center\" data-align=\"center\">7<\/td><td>50,040<\/td><td class=\"has-text-align-center\" data-align=\"center\">62,550<\/td><td class=\"has-text-align-center\" data-align=\"center\">75,060<\/td><td class=\"has-text-align-center\" data-align=\"center\">87,570<\/td><td class=\"has-text-align-center\" data-align=\"center\">100,080<\/td><td>100,080+<\/td><\/tr><tr><td class=\"has-text-align-center\" data-align=\"center\">8<\/td><td>55,720<\/td><td class=\"has-text-align-center\" data-align=\"center\">69,650<\/td><td class=\"has-text-align-center\" data-align=\"center\">83,580<\/td><td class=\"has-text-align-center\" data-align=\"center\">97,510<\/td><td class=\"has-text-align-center\" data-align=\"center\">111,440<\/td><td>111,440+<\/td><\/tr><tr><td class=\"has-text-align-center\" data-align=\"center\">9<\/td><td>61,400<\/td><td class=\"has-text-align-center\" data-align=\"center\">76,750<\/td><td class=\"has-text-align-center\" data-align=\"center\">92,100<\/td><td class=\"has-text-align-center\" data-align=\"center\">107,450<\/td><td class=\"has-text-align-center\" data-align=\"center\">122,800<\/td><td>122,800+<\/td><\/tr><tr><td class=\"has-text-align-center\" data-align=\"center\">10<\/td><td>67,080<\/td><td class=\"has-text-align-center\" data-align=\"center\">83,850<\/td><td class=\"has-text-align-center\" data-align=\"center\">100,620<\/td><td class=\"has-text-align-center\" data-align=\"center\">117,390<\/td><td class=\"has-text-align-center\" data-align=\"center\">134,160<\/td><td>134,160+<\/td><\/tr><\/tbody><tfoot><tr><td class=\"has-text-align-center\" data-align=\"center\">Por cada hogar con 8 <br>o m\u00e1s miembros de la familia agregue<\/td><td>5,680<\/td><td class=\"has-text-align-center\" data-align=\"center\">7,100<\/td><td class=\"has-text-align-center\" data-align=\"center\">8,520<\/td><td class=\"has-text-align-center\" data-align=\"center\">9,940<\/td><td class=\"has-text-align-center\" data-align=\"center\">11,360<\/td><td>12,780<\/td><\/tr><tr><td class=\"has-text-align-center\" data-align=\"center\">M\u00e9dico<\/td><td>30<\/td><td class=\"has-text-align-center\" data-align=\"center\">38<\/td><td class=\"has-text-align-center\" data-align=\"center\">45<\/td><td class=\"has-text-align-center\" data-align=\"center\">53<\/td><td class=\"has-text-align-center\" data-align=\"center\">60<\/td><td>Precio completo<\/td><\/tr><tr><td class=\"has-text-align-center\" data-align=\"center\">Salud Conductal<\/td><td>5<\/td><td class=\"has-text-align-center\" data-align=\"center\">6<\/td><td class=\"has-text-align-center\" data-align=\"center\">8<\/td><td class=\"has-text-align-center\" data-align=\"center\">9<\/td><td class=\"has-text-align-center\" data-align=\"center\">10<\/td><td>Precio completo<\/td><\/tr><tr><td class=\"has-text-align-center\" data-align=\"center\">Visitas de salud bucal<\/td><td>35<\/td><td class=\"has-text-align-center\" data-align=\"center\">44<\/td><td class=\"has-text-align-center\" data-align=\"center\">53<\/td><td class=\"has-text-align-center\" data-align=\"center\">61<\/td><td class=\"has-text-align-center\" data-align=\"center\">70<\/td><td>Precio completo<\/td><\/tr><\/tfoot><\/table><figcaption class=\"wp-element-caption\"><em>Escala m\u00f3vil de tarifas basado en las pautas federales de pobreza de 2026.\u00a0<\/em><\/figcaption><\/figure>\n\n<h2 class=\"wp-block-heading duotone\">Opciones De <strong>Pago<\/strong><\/h2>\n\n<p>Enfrentamos decisiones desafiantes todos los d\u00edas, pero elegir entre las necesidades b\u00e1sicas y la atenci\u00f3n m\u00e9dica no deber\u00eda ser una de ellas. Los estudios han demostrado que los ex\u00e1menes de salud preventivos y las consultas de salud en atenci\u00f3n primaria aumentan la esperanza de vida. Como centro de salud calificado por el gobierno federal, el programa de escala m\u00f3vil de tarifas de AMC garantiza que los pacientes que no tengan un acceso normal a la atenci\u00f3n m\u00e9dica, ya sea por la distancia o la econom\u00eda, o que no tengan seguro o tengan un seguro limitado, tengan acceso a chequeos preventivos a un costo razonable en forma eficaz de mejorar el acceso de los pacientes a una vida m\u00e1s saludable.<\/p>\n\n<p>Los pacientes que deseen solicitar la solicitud de elegibilidad de la escala m\u00f3vil deber\u00e1n mostrar prueba de los ingresos anuales y el tama\u00f1o de la familia.<\/p>\n\n<p><em>Estamos comprometidos a brindar atenci\u00f3n asequible a todos nuestros pacientes, a\u00fan se espera el pago en el momento del servicio, en efectivo, cheque o Visa\/Mastercard\/Amex. No tener el pago en el momento del servicio puede resultar en la reprogramaci\u00f3n de su cita.<\/em><\/p>\n<\/div>\n\n\n\n<p>A los pacientes que hayan completado <a href=\"\/files\/alivio_slidingfeeeligibility_2024\/\">una solicitud de escala m\u00f3vil<\/a>, presentado la documentaci\u00f3n de verificaci\u00f3n de ingresos y que sean elegibles para el descuento se les cobrar\u00e1 de acuerdo con <a href=\"\/files\/alivio_slidingfeescaledetermination\/\">el descuento de la escala m\u00f3vil y la tarifa nominal<\/a>, seg\u00fan corresponda.<\/p>\n\n\n\n<p>Se espera que los pacientes que califiquen para un descuento de escala m\u00f3vil paguen una tarifa nominal asequible en el momento en que se presten los servicios. Este pago cubrir\u00e1 todos los cargos incurridos como parte de una sola visita, incluidos los servicios auxiliares, como los recibidos del laboratorio o radiolog\u00eda. Este pago cubre el costo de los productos farmac\u00e9uticos o los servicios dentales.<\/p>\n\n\n\n<h3 class=\"wp-block-heading\">Las limitaciones incluyen lo siguiente:<\/h3>\n\n\n\n<ul class=\"wp-block-list\">\n<li>No se cobran pagos solo por visitas de laboratorio o de enfermer\u00eda. Los pacientes recibir\u00e1n una factura por estos servicios del proveedor de estos servicios.<\/li>\n\n\n\n<li>La escala m\u00f3vil de tarifas se aplica a pacientes sin seguro o con seguro insuficiente.<\/li>\n\n\n\n<li>Se les pide a los pacientes asegurados que proporcionen informaci\u00f3n de ingresos para la elegibilidad de la escala m\u00f3vil de tarifas y se les pedir\u00e1 que paguen el copago de su seguro, y se le facturar\u00e1 a su seguro por los servicios. Si hay alg\u00fan cargo no cubierto por el seguro, se aplica a su saldo su descuento elegible de escala m\u00f3vil de tarifas.<\/li>\n\n\n\n<li>La escala m\u00f3vil de tarifas y la tarifa nominal se aplicar\u00e1n a los pacientes sin seguro m\u00e9dico que no califiquen para los planes de seguro de Medicaid y Marketplace.<\/li>\n<\/ul>\n\n\n\n<p><a href=\"#gfe\">Haga clic aqu\u00ed<\/a> para obtener m\u00e1s informaci\u00f3n sobre su derecho a recibir un estimado de buena fe.<\/p>\n\n\n  <dialog id=\"gfe\" class=\"lightbox\">\n    <div>\n              <header>Estimaci\u00f3n de Buena Fe (GFE)<\/header>\n            <article>\n        <p>Tiene derecho a recibir un \u00abEstimado de buena fe\u00bb que explique cu\u00e1nto costar\u00e1 su atenci\u00f3n m\u00e9dica. Seg\u00fan la ley, los proveedores de atenci\u00f3n m\u00e9dica deben proporcionar a los pacientes que no tienen seguro o que no utilizan un seguro una estimaci\u00f3n de la factura por art\u00edculos y servicios m\u00e9dicos. El programa de precios anterior para nuestros servicios principales es nuestra estimaci\u00f3n de buena fe de los costos esperados para una cita con nosotros.<\/p>\n<p>La estimaci\u00f3n de buena fe no incluye ning\u00fan costo desconocido o inesperado que pueda surgir durante el tratamiento. Se le podr\u00eda cobrar m\u00e1s si ocurren complicaciones o circunstancias especiales. El precio est\u00e1 sujeto a cambios.<\/p>\n<p>Puede solicitar una copia impresa de la lista de tarifas anterior como su estimaci\u00f3n de buena fe. (Lista GFE de servicios comunes agregada como hiperv\u00ednculo) Si as\u00ed lo desea, comun\u00edquese al menos 1 d\u00eda h\u00e1bil antes de su servicio o art\u00edculo m\u00e9dico. Tambi\u00e9n puede pedirle a su proveedor de atenci\u00f3n m\u00e9dica, y a cualquier otro proveedor que elija, una estimaci\u00f3n de buena fe antes de programar un art\u00edculo o servicio. Si recibe una factura que es al menos $400 m\u00e1s que su estimaci\u00f3n de buena fe, puede disputar la factura.<\/p>\n<p>Aseg\u00farese de guardar una copia o una imagen de su estimaci\u00f3n de buena fe, en nuestro caso, una referencia a la lista de tarifas anterior. Para preguntas o m\u00e1s informaci\u00f3n sobre su derecho a una estimaci\u00f3n de buena fe, visite <a href=\"http:\/\/www.cms.gov\/nosurprises\">www.cms.gov\/nosurprises<\/a><\/p>\n\n      <\/article>\n    <\/div>\n    <a href='#_'> <\/a>\n  <\/dialog>\n","protected":false},"excerpt":{"rendered":"<p>Nosotras aceptamos Medicaid,  Medicare, y seguro de ACA. Si no tiene seguro, nuestro Consejeros de Inscripci\u00f3n de Beneficios pueden guiarte.<\/p>\n","protected":false},"author":1,"featured_media":1716,"parent":0,"menu_order":2,"comment_status":"closed","ping_status":"closed","template":"","meta":{"_relevanssi_hide_post":"","_relevanssi_hide_content":"","_relevanssi_pin_for_all":"","_relevanssi_pin_keywords":"","_relevanssi_unpin_keywords":"","_relevanssi_related_keywords":"","_relevanssi_related_include_ids":"","_relevanssi_related_exclude_ids":"","_relevanssi_related_no_append":"","_relevanssi_related_not_related":"","_relevanssi_related_posts":"672,771,684,696,2214,769","_relevanssi_noindex_reason":"","footnotes":""},"categories":[],"class_list":["post-3152","page","type-page","status-publish","has-post-thumbnail","hentry"],"translation":{"provider":"WPGlobus","version":"3.0.2","language":"es","enabled_languages":["en","es","zh"],"languages":{"en":{"title":true,"content":true,"excerpt":true},"es":{"title":true,"content":true,"excerpt":true},"zh":{"title":true,"content":true,"excerpt":false}}},"acf":[],"yoast_head":"<title>Seguro De Salud y Pagos &#8226; Centro M\u00e9dico Alivio<\/title>\n<meta name=\"robots\" content=\"index, follow, max-snippet:-1, max-image-preview:large, max-video-preview:-1\" \/>\n<link rel=\"canonical\" href=\"https:\/\/alivio.org\/payment\/\" \/>\n<meta property=\"og:locale\" content=\"es_ES\" \/>\n<meta property=\"og:type\" content=\"article\" \/>\n<meta property=\"og:title\" content=\"Seguro De Salud y Pagos &#8226; Centro M\u00e9dico Alivio\" \/>\n<meta property=\"og:url\" content=\"https:\/\/alivio.org\/payment\/\" \/>\n<meta property=\"og:site_name\" content=\"Centro M\u00e9dico Alivio\" \/>\n<meta property=\"article:publisher\" content=\"https:\/\/www.facebook.com\/AlivioChicago\/\" \/>\n<meta property=\"article:modified_time\" content=\"2026-02-23T19:57:39+00:00\" \/>\n<meta property=\"og:image\" content=\"https:\/\/alivio.imgix.net\/ALIVIO-3050.jpg?fit=scale&h=853&ixlib=php-3.3.1&w=1280&wpsize=large\" \/>\n\t<meta property=\"og:image:width\" content=\"1280\" \/>\n\t<meta property=\"og:image:height\" content=\"853\" \/>\n\t<meta property=\"og:image:type\" content=\"image\/jpeg\" \/>\n<meta name=\"twitter:card\" content=\"summary_large_image\" \/>\n<script type=\"application\/ld+json\" class=\"yoast-schema-graph\">{\"@context\":\"https:\/\/schema.org\",\"@graph\":[{\"@type\":\"WebPage\",\"@id\":\"https:\/\/alivio.org\/payment\/\",\"url\":\"https:\/\/alivio.org\/payment\/\",\"name\":\"Seguro De Salud y Pagos &#8226; Centro M\u00e9dico Alivio\",\"isPartOf\":{\"@id\":\"https:\/\/alivio.org\/#website\"},\"primaryImageOfPage\":{\"@id\":\"https:\/\/alivio.org\/payment\/#primaryimage\"},\"image\":{\"@id\":\"https:\/\/alivio.org\/payment\/#primaryimage\"},\"thumbnailUrl\":\"https:\/\/alivio.imgix.net\/ALIVIO-3050.jpg?ixlib=php-3.3.1\",\"datePublished\":\"2023-09-14T17:39:14+00:00\",\"dateModified\":\"2026-02-23T19:57:39+00:00\",\"description\":\"Nosotras aceptamos Medicaid, Medicare, y seguro de ACA. Si no tiene seguro, nuestro Consejeros de Inscripci\u00f3n de Beneficios pueden guiarte.\",\"breadcrumb\":{\"@id\":\"https:\/\/alivio.org\/payment\/#breadcrumb\"},\"inLanguage\":\"es\",\"potentialAction\":[{\"@type\":\"ReadAction\",\"target\":[\"https:\/\/alivio.org\/payment\/\"]}]},{\"@type\":\"ImageObject\",\"inLanguage\":\"es\",\"@id\":\"https:\/\/alivio.org\/payment\/#primaryimage\",\"url\":\"https:\/\/alivio.imgix.net\/ALIVIO-3050.jpg?ixlib=php-3.3.1\",\"contentUrl\":\"https:\/\/alivio.imgix.net\/ALIVIO-3050.jpg?ixlib=php-3.3.1\",\"width\":1920,\"height\":1280},{\"@type\":\"BreadcrumbList\",\"@id\":\"https:\/\/alivio.org\/payment\/#breadcrumb\",\"itemListElement\":[{\"@type\":\"ListItem\",\"position\":1,\"name\":\"Home\",\"item\":\"https:\/\/alivio.org\/\"},{\"@type\":\"ListItem\",\"position\":2,\"name\":\"Billing &amp; Insurance\"}]},{\"@type\":\"WebSite\",\"@id\":\"https:\/\/alivio.org\/#website\",\"url\":\"https:\/\/alivio.org\/\",\"name\":\"Centro M\u00e9dico Alivio\",\"description\":\"Una Presencia Activa para una Comunidad Fuerte\",\"publisher\":{\"@id\":\"https:\/\/alivio.org\/#organization\"},\"potentialAction\":[{\"@type\":\"SearchAction\",\"target\":{\"@type\":\"EntryPoint\",\"urlTemplate\":\"https:\/\/alivio.org\/?s={search_term_string}\"},\"query-input\":{\"@type\":\"PropertyValueSpecification\",\"valueRequired\":true,\"valueName\":\"search_term_string\"}}],\"inLanguage\":\"es\"},{\"@type\":\"Organization\",\"@id\":\"https:\/\/alivio.org\/#organization\",\"name\":\"Centro M\u00e9dico Alivio\",\"url\":\"https:\/\/alivio.org\/\",\"logo\":{\"@type\":\"ImageObject\",\"inLanguage\":\"es\",\"@id\":\"https:\/\/alivio.org\/#\/schema\/logo\/image\/\",\"url\":\"https:\/\/alivio.imgix.net\/logo_full.png?ixlib=php-3.3.1\",\"contentUrl\":\"https:\/\/alivio.imgix.net\/logo_full.png?ixlib=php-3.3.1\",\"width\":354,\"height\":78,\"caption\":\"Centro M\u00e9dico Alivio\"},\"image\":{\"@id\":\"https:\/\/alivio.org\/#\/schema\/logo\/image\/\"},\"sameAs\":[\"https:\/\/www.facebook.com\/AlivioChicago\/\",\"https:\/\/www.linkedin.com\/company\/alivio-medical-center-inc-\"]}]}<\/script>","yoast_head_json":{"title":"Seguro De Salud y Pagos &#8226; Centro M\u00e9dico Alivio","robots":{"index":"index","follow":"follow","max-snippet":"max-snippet:-1","max-image-preview":"max-image-preview:large","max-video-preview":"max-video-preview:-1"},"canonical":"https:\/\/alivio.org\/payment\/","og_locale":"es_ES","og_type":"article","og_title":"Seguro De Salud y Pagos &#8226; Centro M\u00e9dico Alivio","og_url":"https:\/\/alivio.org\/payment\/","og_site_name":"Centro M\u00e9dico Alivio","article_publisher":"https:\/\/www.facebook.com\/AlivioChicago\/","article_modified_time":"2026-02-23T19:57:39+00:00","og_image":[{"width":1280,"height":853,"url":"https:\/\/alivio.imgix.net\/ALIVIO-3050.jpg?fit=scale&h=853&ixlib=php-3.3.1&w=1280&wpsize=large","type":"image\/jpeg"}],"twitter_card":"summary_large_image","schema":{"@context":"https:\/\/schema.org","@graph":[{"@type":"WebPage","@id":"https:\/\/alivio.org\/payment\/","url":"https:\/\/alivio.org\/payment\/","name":"Seguro De Salud y Pagos &#8226; Centro M\u00e9dico Alivio","isPartOf":{"@id":"https:\/\/alivio.org\/#website"},"primaryImageOfPage":{"@id":"https:\/\/alivio.org\/payment\/#primaryimage"},"image":{"@id":"https:\/\/alivio.org\/payment\/#primaryimage"},"thumbnailUrl":"https:\/\/alivio.imgix.net\/ALIVIO-3050.jpg?ixlib=php-3.3.1","datePublished":"2023-09-14T17:39:14+00:00","dateModified":"2026-02-23T19:57:39+00:00","description":"Nosotras aceptamos Medicaid, Medicare, y seguro de ACA. Si no tiene seguro, nuestro Consejeros de Inscripci\u00f3n de Beneficios pueden guiarte.","breadcrumb":{"@id":"https:\/\/alivio.org\/payment\/#breadcrumb"},"inLanguage":"es","potentialAction":[{"@type":"ReadAction","target":["https:\/\/alivio.org\/payment\/"]}]},{"@type":"ImageObject","inLanguage":"es","@id":"https:\/\/alivio.org\/payment\/#primaryimage","url":"https:\/\/alivio.imgix.net\/ALIVIO-3050.jpg?ixlib=php-3.3.1","contentUrl":"https:\/\/alivio.imgix.net\/ALIVIO-3050.jpg?ixlib=php-3.3.1","width":1920,"height":1280},{"@type":"BreadcrumbList","@id":"https:\/\/alivio.org\/payment\/#breadcrumb","itemListElement":[{"@type":"ListItem","position":1,"name":"Home","item":"https:\/\/alivio.org\/"},{"@type":"ListItem","position":2,"name":"Billing &amp; Insurance"}]},{"@type":"WebSite","@id":"https:\/\/alivio.org\/#website","url":"https:\/\/alivio.org\/","name":"Centro M\u00e9dico Alivio","description":"Una Presencia Activa para una Comunidad Fuerte","publisher":{"@id":"https:\/\/alivio.org\/#organization"},"potentialAction":[{"@type":"SearchAction","target":{"@type":"EntryPoint","urlTemplate":"https:\/\/alivio.org\/?s={search_term_string}"},"query-input":{"@type":"PropertyValueSpecification","valueRequired":true,"valueName":"search_term_string"}}],"inLanguage":"es"},{"@type":"Organization","@id":"https:\/\/alivio.org\/#organization","name":"Centro M\u00e9dico Alivio","url":"https:\/\/alivio.org\/","logo":{"@type":"ImageObject","inLanguage":"es","@id":"https:\/\/alivio.org\/#\/schema\/logo\/image\/","url":"https:\/\/alivio.imgix.net\/logo_full.png?ixlib=php-3.3.1","contentUrl":"https:\/\/alivio.imgix.net\/logo_full.png?ixlib=php-3.3.1","width":354,"height":78,"caption":"Centro M\u00e9dico Alivio"},"image":{"@id":"https:\/\/alivio.org\/#\/schema\/logo\/image\/"},"sameAs":["https:\/\/www.facebook.com\/AlivioChicago\/","https:\/\/www.linkedin.com\/company\/alivio-medical-center-inc-"]}]}},"jetpack_sharing_enabled":true,"publishpress_future_workflow_manual_trigger":{"enabledWorkflows":[]},"_links":{"self":[{"href":"https:\/\/alivio.org\/es\/wp-json\/wp\/v2\/pages\/3152","targetHints":{"allow":["GET"]}}],"collection":[{"href":"https:\/\/alivio.org\/es\/wp-json\/wp\/v2\/pages"}],"about":[{"href":"https:\/\/alivio.org\/es\/wp-json\/wp\/v2\/types\/page"}],"author":[{"embeddable":true,"href":"https:\/\/alivio.org\/es\/wp-json\/wp\/v2\/users\/1"}],"replies":[{"embeddable":true,"href":"https:\/\/alivio.org\/es\/wp-json\/wp\/v2\/comments?post=3152"}],"version-history":[{"count":178,"href":"https:\/\/alivio.org\/es\/wp-json\/wp\/v2\/pages\/3152\/revisions"}],"predecessor-version":[{"id":7710,"href":"https:\/\/alivio.org\/es\/wp-json\/wp\/v2\/pages\/3152\/revisions\/7710"}],"wp:featuredmedia":[{"embeddable":true,"href":"https:\/\/alivio.org\/es\/wp-json\/wp\/v2\/media\/1716"}],"wp:attachment":[{"href":"https:\/\/alivio.org\/es\/wp-json\/wp\/v2\/media?parent=3152"}],"wp:term":[{"taxonomy":"category","embeddable":true,"href":"https:\/\/alivio.org\/es\/wp-json\/wp\/v2\/categories?post=3152"}],"curies":[{"name":"wp","href":"https:\/\/api.w.org\/{rel}","templated":true}]}}