{"id":3158,"date":"2023-09-14T17:51:15","date_gmt":"2023-09-14T17:51:00","guid":{"rendered":"https:\/\/alivio.org\/?page_id=3158"},"modified":"2026-01-27T16:33:30","modified_gmt":"2026-01-27T22:33:30","slug":"records","status":"publish","type":"page","link":"https:\/\/alivio.org\/es\/registros\/","title":{"rendered":"Registros M\u00e9dicos"},"content":{"rendered":"\n<h2 class=\"wp-block-heading\">Registros M\u00e9dicos<\/h2>\n\n\n\n<p>Todos los pacientes de Alivio pueden solicitar una copia de su historial m\u00e9dico; sin embargo, la divulgaci\u00f3n adecuada de su informaci\u00f3n requiere la autorizaci\u00f3n correspondiente. La divulgaci\u00f3n para registros m\u00e9dicos solo puede ser otorgada por un paciente.<\/p>\n\n\n\n<p><a href=\"\/files\/consent-es\/\">Descargue una copia de nuestro formulario de solicitud de registros m\u00e9dicos<\/a>, para imprimir, completar y enviarnos por correo, fax o en persona en una de nuestras cl\u00ednicas para obtener una copia de sus registros m\u00e9dicos. Al recoger los registros, se le pedir\u00e1 que proporcione una identificaci\u00f3n con foto emitida por el estado o el gobierno federal. A menos que se hayan hecho arreglos previos, no divulgaremos informaci\u00f3n a personas que no sean el paciente o el garante del seguro.<\/p>\n\n\n\n<p>Las solicitudes de fax tambi\u00e9n pueden enviarse a los siguientes n\u00fameros:<\/p>\n\n\n\n<ul class=\"wp-block-list\">\n<li>Morgan: 312-829-6842<\/li>\n\n\n\n<li>Western: 773-650-1218<\/li>\n\n\n\n<li>Berwyn: 708-484-5413<\/li>\n<\/ul>\n\n\n\n<p>Para m\u00e1s informaci\u00f3n sobre la divulgaci\u00f3n de registros m\u00e9dicos, ll\u00e1menos al 773-254-1400, despu\u00e9s de seleccionar su idioma preferido, seleccione el mensaje #4 para registros m\u00e9dicos.<\/p>\n","protected":false},"excerpt":{"rendered":"<p>Para obtener informaci\u00f3n sobre la divulgaci\u00f3n de registros m\u00e9dicos, ll\u00e1menos al 773-254-1400. Seleccione el mensaje #4 para registros m\u00e9dicos.<\/p>\n","protected":false},"author":1,"featured_media":4116,"parent":0,"menu_order":3,"comment_status":"closed","ping_status":"closed","template":"","meta":{"_relevanssi_hide_post":"","_relevanssi_hide_content":"","_relevanssi_pin_for_all":"","_relevanssi_pin_keywords":"","_relevanssi_unpin_keywords":"","_relevanssi_related_keywords":"","_relevanssi_related_include_ids":"","_relevanssi_related_exclude_ids":"","_relevanssi_related_no_append":"","_relevanssi_related_not_related":"","_relevanssi_related_posts":"675,688,771,651,696,644","_relevanssi_noindex_reason":"","footnotes":""},"categories":[],"class_list":["post-3158","page","type-page","status-publish","has-post-thumbnail","hentry"],"translation":{"provider":"WPGlobus","version":"3.0.2","language":"es","enabled_languages":["en","es","zh"],"languages":{"en":{"title":true,"content":true,"excerpt":true},"es":{"title":true,"content":true,"excerpt":true},"zh":{"title":true,"content":true,"excerpt":false}}},"acf":[],"yoast_head":"<title>Registros M\u00e9dicos &#8226; Centro M\u00e9dico Alivio<\/title>\n<meta name=\"robots\" content=\"index, follow, max-snippet:-1, max-image-preview:large, max-video-preview:-1\" \/>\n<link rel=\"canonical\" href=\"https:\/\/alivio.org\/records\/\" \/>\n<meta property=\"og:locale\" content=\"es_ES\" \/>\n<meta property=\"og:type\" content=\"article\" \/>\n<meta property=\"og:title\" content=\"Registros M\u00e9dicos &#8226; Centro M\u00e9dico Alivio\" \/>\n<meta property=\"og:url\" content=\"https:\/\/alivio.org\/records\/\" \/>\n<meta property=\"og:site_name\" content=\"Centro M\u00e9dico Alivio\" \/>\n<meta property=\"article:publisher\" content=\"https:\/\/www.facebook.com\/AlivioChicago\/\" \/>\n<meta property=\"article:modified_time\" content=\"2026-01-27T22:33:30+00:00\" \/>\n<meta property=\"og:image\" content=\"https:\/\/alivio.imgix.net\/stock_charts.jpg?ixlib=php-3.3.1\" \/>\n\t<meta property=\"og:image:width\" content=\"612\" \/>\n\t<meta property=\"og:image:height\" content=\"408\" \/>\n\t<meta property=\"og:image:type\" content=\"image\/jpeg\" \/>\n<meta name=\"twitter:card\" content=\"summary_large_image\" \/>\n<script type=\"application\/ld+json\" class=\"yoast-schema-graph\">{\"@context\":\"https:\/\/schema.org\",\"@graph\":[{\"@type\":\"WebPage\",\"@id\":\"https:\/\/alivio.org\/records\/\",\"url\":\"https:\/\/alivio.org\/records\/\",\"name\":\"Registros M\u00e9dicos &#8226; Centro M\u00e9dico Alivio\",\"isPartOf\":{\"@id\":\"https:\/\/alivio.org\/#website\"},\"primaryImageOfPage\":{\"@id\":\"https:\/\/alivio.org\/records\/#primaryimage\"},\"image\":{\"@id\":\"https:\/\/alivio.org\/records\/#primaryimage\"},\"thumbnailUrl\":\"https:\/\/alivio.imgix.net\/stock_charts.jpg?ixlib=php-3.3.1\",\"datePublished\":\"2023-09-14T17:51:00+00:00\",\"dateModified\":\"2026-01-27T22:33:30+00:00\",\"description\":\"Para obtener informaci\u00f3n sobre la divulgaci\u00f3n de registros m\u00e9dicos, ll\u00e1menos al 773-254-1400. Seleccione el mensaje #4 para registros m\u00e9dicos.\",\"breadcrumb\":{\"@id\":\"https:\/\/alivio.org\/records\/#breadcrumb\"},\"inLanguage\":\"es\",\"potentialAction\":[{\"@type\":\"ReadAction\",\"target\":[\"https:\/\/alivio.org\/records\/\"]}]},{\"@type\":\"ImageObject\",\"inLanguage\":\"es\",\"@id\":\"https:\/\/alivio.org\/records\/#primaryimage\",\"url\":\"https:\/\/alivio.imgix.net\/stock_charts.jpg?ixlib=php-3.3.1\",\"contentUrl\":\"https:\/\/alivio.imgix.net\/stock_charts.jpg?ixlib=php-3.3.1\",\"width\":612,\"height\":408,\"caption\":\"Medical charts\"},{\"@type\":\"BreadcrumbList\",\"@id\":\"https:\/\/alivio.org\/records\/#breadcrumb\",\"itemListElement\":[{\"@type\":\"ListItem\",\"position\":1,\"name\":\"Home\",\"item\":\"https:\/\/alivio.org\/\"},{\"@type\":\"ListItem\",\"position\":2,\"name\":\"Medical Records\"}]},{\"@type\":\"WebSite\",\"@id\":\"https:\/\/alivio.org\/#website\",\"url\":\"https:\/\/alivio.org\/\",\"name\":\"Centro M\u00e9dico Alivio\",\"description\":\"Una Presencia Activa para una Comunidad Fuerte\",\"publisher\":{\"@id\":\"https:\/\/alivio.org\/#organization\"},\"potentialAction\":[{\"@type\":\"SearchAction\",\"target\":{\"@type\":\"EntryPoint\",\"urlTemplate\":\"https:\/\/alivio.org\/?s={search_term_string}\"},\"query-input\":{\"@type\":\"PropertyValueSpecification\",\"valueRequired\":true,\"valueName\":\"search_term_string\"}}],\"inLanguage\":\"es\"},{\"@type\":\"Organization\",\"@id\":\"https:\/\/alivio.org\/#organization\",\"name\":\"Centro M\u00e9dico Alivio\",\"url\":\"https:\/\/alivio.org\/\",\"logo\":{\"@type\":\"ImageObject\",\"inLanguage\":\"es\",\"@id\":\"https:\/\/alivio.org\/#\/schema\/logo\/image\/\",\"url\":\"https:\/\/alivio.imgix.net\/logo_full.png?ixlib=php-3.3.1\",\"contentUrl\":\"https:\/\/alivio.imgix.net\/logo_full.png?ixlib=php-3.3.1\",\"width\":354,\"height\":78,\"caption\":\"Centro M\u00e9dico Alivio\"},\"image\":{\"@id\":\"https:\/\/alivio.org\/#\/schema\/logo\/image\/\"},\"sameAs\":[\"https:\/\/www.facebook.com\/AlivioChicago\/\",\"https:\/\/www.linkedin.com\/company\/alivio-medical-center-inc-\"]}]}<\/script>","yoast_head_json":{"title":"Registros M\u00e9dicos &#8226; Centro M\u00e9dico Alivio","robots":{"index":"index","follow":"follow","max-snippet":"max-snippet:-1","max-image-preview":"max-image-preview:large","max-video-preview":"max-video-preview:-1"},"canonical":"https:\/\/alivio.org\/records\/","og_locale":"es_ES","og_type":"article","og_title":"Registros M\u00e9dicos &#8226; Centro M\u00e9dico Alivio","og_url":"https:\/\/alivio.org\/records\/","og_site_name":"Centro M\u00e9dico Alivio","article_publisher":"https:\/\/www.facebook.com\/AlivioChicago\/","article_modified_time":"2026-01-27T22:33:30+00:00","og_image":[{"width":612,"height":408,"url":"https:\/\/alivio.imgix.net\/stock_charts.jpg?ixlib=php-3.3.1","type":"image\/jpeg"}],"twitter_card":"summary_large_image","schema":{"@context":"https:\/\/schema.org","@graph":[{"@type":"WebPage","@id":"https:\/\/alivio.org\/records\/","url":"https:\/\/alivio.org\/records\/","name":"Registros M\u00e9dicos &#8226; Centro M\u00e9dico Alivio","isPartOf":{"@id":"https:\/\/alivio.org\/#website"},"primaryImageOfPage":{"@id":"https:\/\/alivio.org\/records\/#primaryimage"},"image":{"@id":"https:\/\/alivio.org\/records\/#primaryimage"},"thumbnailUrl":"https:\/\/alivio.imgix.net\/stock_charts.jpg?ixlib=php-3.3.1","datePublished":"2023-09-14T17:51:00+00:00","dateModified":"2026-01-27T22:33:30+00:00","description":"Para obtener informaci\u00f3n sobre la divulgaci\u00f3n de registros m\u00e9dicos, ll\u00e1menos al 773-254-1400. Seleccione el mensaje #4 para registros m\u00e9dicos.","breadcrumb":{"@id":"https:\/\/alivio.org\/records\/#breadcrumb"},"inLanguage":"es","potentialAction":[{"@type":"ReadAction","target":["https:\/\/alivio.org\/records\/"]}]},{"@type":"ImageObject","inLanguage":"es","@id":"https:\/\/alivio.org\/records\/#primaryimage","url":"https:\/\/alivio.imgix.net\/stock_charts.jpg?ixlib=php-3.3.1","contentUrl":"https:\/\/alivio.imgix.net\/stock_charts.jpg?ixlib=php-3.3.1","width":612,"height":408,"caption":"Medical charts"},{"@type":"BreadcrumbList","@id":"https:\/\/alivio.org\/records\/#breadcrumb","itemListElement":[{"@type":"ListItem","position":1,"name":"Home","item":"https:\/\/alivio.org\/"},{"@type":"ListItem","position":2,"name":"Medical Records"}]},{"@type":"WebSite","@id":"https:\/\/alivio.org\/#website","url":"https:\/\/alivio.org\/","name":"Centro M\u00e9dico Alivio","description":"Una Presencia Activa para una Comunidad Fuerte","publisher":{"@id":"https:\/\/alivio.org\/#organization"},"potentialAction":[{"@type":"SearchAction","target":{"@type":"EntryPoint","urlTemplate":"https:\/\/alivio.org\/?s={search_term_string}"},"query-input":{"@type":"PropertyValueSpecification","valueRequired":true,"valueName":"search_term_string"}}],"inLanguage":"es"},{"@type":"Organization","@id":"https:\/\/alivio.org\/#organization","name":"Centro M\u00e9dico Alivio","url":"https:\/\/alivio.org\/","logo":{"@type":"ImageObject","inLanguage":"es","@id":"https:\/\/alivio.org\/#\/schema\/logo\/image\/","url":"https:\/\/alivio.imgix.net\/logo_full.png?ixlib=php-3.3.1","contentUrl":"https:\/\/alivio.imgix.net\/logo_full.png?ixlib=php-3.3.1","width":354,"height":78,"caption":"Centro M\u00e9dico Alivio"},"image":{"@id":"https:\/\/alivio.org\/#\/schema\/logo\/image\/"},"sameAs":["https:\/\/www.facebook.com\/AlivioChicago\/","https:\/\/www.linkedin.com\/company\/alivio-medical-center-inc-"]}]}},"jetpack_sharing_enabled":true,"publishpress_future_workflow_manual_trigger":{"enabledWorkflows":[]},"_links":{"self":[{"href":"https:\/\/alivio.org\/es\/wp-json\/wp\/v2\/pages\/3158","targetHints":{"allow":["GET"]}}],"collection":[{"href":"https:\/\/alivio.org\/es\/wp-json\/wp\/v2\/pages"}],"about":[{"href":"https:\/\/alivio.org\/es\/wp-json\/wp\/v2\/types\/page"}],"author":[{"embeddable":true,"href":"https:\/\/alivio.org\/es\/wp-json\/wp\/v2\/users\/1"}],"replies":[{"embeddable":true,"href":"https:\/\/alivio.org\/es\/wp-json\/wp\/v2\/comments?post=3158"}],"version-history":[{"count":35,"href":"https:\/\/alivio.org\/es\/wp-json\/wp\/v2\/pages\/3158\/revisions"}],"predecessor-version":[{"id":7554,"href":"https:\/\/alivio.org\/es\/wp-json\/wp\/v2\/pages\/3158\/revisions\/7554"}],"wp:featuredmedia":[{"embeddable":true,"href":"https:\/\/alivio.org\/es\/wp-json\/wp\/v2\/media\/4116"}],"wp:attachment":[{"href":"https:\/\/alivio.org\/es\/wp-json\/wp\/v2\/media?parent=3158"}],"wp:term":[{"taxonomy":"category","embeddable":true,"href":"https:\/\/alivio.org\/es\/wp-json\/wp\/v2\/categories?post=3158"}],"curies":[{"name":"wp","href":"https:\/\/api.w.org\/{rel}","templated":true}]}}