{"id":42,"date":"2022-08-21T01:48:01","date_gmt":"2022-08-21T01:48:01","guid":{"rendered":"https:\/\/alivio.dev\/?page_id=42"},"modified":"2024-10-24T13:23:31","modified_gmt":"2024-10-24T18:23:31","slug":"donate","status":"publish","type":"page","link":"https:\/\/alivio.org\/es\/done\/","title":{"rendered":"Done"},"content":{"rendered":"\n<h2 class=\"wp-block-heading\"><strong>Proporcionando Ayuda Real&nbsp;a los Necesitados<\/strong><\/h2>\n\n\n\n<p class=\"donatebutton\"><a href=\"#donate\">Done Ahora<\/a><\/p>\n\n\n\n<p>Su donaci\u00f3n beneficiara a&nbsp; personas reales, a nivel personal. Cuando usted hace una donaci\u00f3n al Centro M\u00e9dico Alivio,&nbsp;est\u00e1 haciendo algo m\u00e1s que dar a nuestra cl\u00ednica m\u00e9dica. Usted est\u00e1 proporcionando oportunidades y promoviendo soluciones para miles de beb\u00e9s por nacer, ni\u00f1os, mujeres, hombres y adultos mayores en las once comunidades a las que Alivio sirve.<\/p>\n\n\n\n<p>Usted estar\u00e1 ayudando a la mujer de Pilsen que est\u00e1n&nbsp; luchando contra la violencia dom\u00e9stica; a el abuelo en el vecindario del sur de Lawndale reci\u00e9n diagnosticada con diabetes tipo 2;&nbsp; la joven del vecindario de las Empacadoras que sufre de obesidad y asma. Usted estar\u00e1 aportando para apoyar la prestaci\u00f3n de servicios con sensibilidad y compasi\u00f3n. Usted estar\u00e1 aportando para asegurarse que Alivio sea capaz de brindar&nbsp; atenci\u00f3n m\u00e9dica de calidad libre de toda barrera cultural, ling\u00fc\u00edstica y financiera\/econ\u00f3mica.<\/p>\n\n\n\n<p><\/p>\n\n\n\n<p>Si prefiere hacer una donaci\u00f3n en efectivo con cheque, puede enviar su donaci\u00f3n con cheque a la direcci\u00f3n que se indica a continuaci\u00f3n. Si desea que su donaci\u00f3n se aplique a un programa o iniciativa espec\u00edfica, menci\u00f3nelo en el campo de nota del cheque:<\/p>\n\n\n\n<p>Alivio Medical Center<\/p>\n\n\n\n<p>Development &amp; Marketing Department<\/p>\n\n\n\n<p>966 W. 21<sup>st<\/sup> St. Chicago, IL 60608<\/p>\n","protected":false},"excerpt":{"rendered":"<p>Cuando usted hace una donaci\u00f3n al Centro M\u00e9dico Alivio,\u00a0est\u00e1 haciendo algo m\u00e1s que dar a nuestra cl\u00ednica m\u00e9dica.<\/p>\n","protected":false},"author":1,"featured_media":1668,"parent":0,"menu_order":15,"comment_status":"closed","ping_status":"closed","template":"","meta":{"_relevanssi_hide_post":"","_relevanssi_hide_content":"","_relevanssi_pin_for_all":"","_relevanssi_pin_keywords":"","_relevanssi_unpin_keywords":"","_relevanssi_related_keywords":"","_relevanssi_related_include_ids":"","_relevanssi_related_exclude_ids":"","_relevanssi_related_no_append":"","_relevanssi_related_not_related":"","_relevanssi_related_posts":"684,669,647,761,726,666","_relevanssi_noindex_reason":"","footnotes":""},"categories":[],"class_list":["post-42","page","type-page","status-publish","has-post-thumbnail","hentry"],"translation":{"provider":"WPGlobus","version":"3.0.2","language":"es","enabled_languages":["en","es","zh"],"languages":{"en":{"title":true,"content":true,"excerpt":true},"es":{"title":true,"content":true,"excerpt":true},"zh":{"title":true,"content":true,"excerpt":false}}},"acf":[],"yoast_head":"<title>Done &#8226; Centro M\u00e9dico Alivio<\/title>\n<meta name=\"robots\" content=\"index, follow, max-snippet:-1, max-image-preview:large, max-video-preview:-1\" \/>\n<link rel=\"canonical\" href=\"https:\/\/alivio.org\/donate\/\" \/>\n<meta property=\"og:locale\" content=\"es_ES\" \/>\n<meta property=\"og:type\" content=\"article\" \/>\n<meta property=\"og:title\" content=\"Done &#8226; Centro M\u00e9dico Alivio\" \/>\n<meta property=\"og:url\" content=\"https:\/\/alivio.org\/donate\/\" \/>\n<meta property=\"og:site_name\" content=\"Centro M\u00e9dico Alivio\" \/>\n<meta property=\"article:publisher\" content=\"https:\/\/www.facebook.com\/AlivioChicago\/\" \/>\n<meta property=\"article:modified_time\" content=\"2024-10-24T18:23:31+00:00\" \/>\n<meta property=\"og:image\" content=\"https:\/\/alivio.imgix.net\/ALIVIO-3165.jpg?fit=scale&h=853&ixlib=php-3.3.1&w=1280&wpsize=large\" \/>\n\t<meta property=\"og:image:width\" content=\"1280\" \/>\n\t<meta property=\"og:image:height\" content=\"853\" \/>\n\t<meta property=\"og:image:type\" content=\"image\/jpeg\" \/>\n<meta name=\"twitter:card\" content=\"summary_large_image\" \/>\n<script type=\"application\/ld+json\" class=\"yoast-schema-graph\">{\"@context\":\"https:\/\/schema.org\",\"@graph\":[{\"@type\":\"WebPage\",\"@id\":\"https:\/\/alivio.org\/donate\/\",\"url\":\"https:\/\/alivio.org\/donate\/\",\"name\":\"Done &#8226; Centro M\u00e9dico Alivio\",\"isPartOf\":{\"@id\":\"https:\/\/alivio.org\/#website\"},\"primaryImageOfPage\":{\"@id\":\"https:\/\/alivio.org\/donate\/#primaryimage\"},\"image\":{\"@id\":\"https:\/\/alivio.org\/donate\/#primaryimage\"},\"thumbnailUrl\":\"https:\/\/alivio.imgix.net\/ALIVIO-3165.jpg?ixlib=php-3.3.1\",\"datePublished\":\"2022-08-21T01:48:01+00:00\",\"dateModified\":\"2024-10-24T18:23:31+00:00\",\"description\":\"Cuando usted hace una donaci\u00f3n al Centro M\u00e9dico Alivio,\u00a0est\u00e1 haciendo algo m\u00e1s que dar a nuestra cl\u00ednica m\u00e9dica.\",\"breadcrumb\":{\"@id\":\"https:\/\/alivio.org\/donate\/#breadcrumb\"},\"inLanguage\":\"es\",\"potentialAction\":[{\"@type\":\"ReadAction\",\"target\":[\"https:\/\/alivio.org\/donate\/\"]}]},{\"@type\":\"ImageObject\",\"inLanguage\":\"es\",\"@id\":\"https:\/\/alivio.org\/donate\/#primaryimage\",\"url\":\"https:\/\/alivio.imgix.net\/ALIVIO-3165.jpg?ixlib=php-3.3.1\",\"contentUrl\":\"https:\/\/alivio.imgix.net\/ALIVIO-3165.jpg?ixlib=php-3.3.1\",\"width\":1920,\"height\":1280},{\"@type\":\"BreadcrumbList\",\"@id\":\"https:\/\/alivio.org\/donate\/#breadcrumb\",\"itemListElement\":[{\"@type\":\"ListItem\",\"position\":1,\"name\":\"Home\",\"item\":\"https:\/\/alivio.org\/\"},{\"@type\":\"ListItem\",\"position\":2,\"name\":\"Donate\"}]},{\"@type\":\"WebSite\",\"@id\":\"https:\/\/alivio.org\/#website\",\"url\":\"https:\/\/alivio.org\/\",\"name\":\"Centro M\u00e9dico Alivio\",\"description\":\"Una Presencia Activa para una Comunidad Fuerte\",\"publisher\":{\"@id\":\"https:\/\/alivio.org\/#organization\"},\"potentialAction\":[{\"@type\":\"SearchAction\",\"target\":{\"@type\":\"EntryPoint\",\"urlTemplate\":\"https:\/\/alivio.org\/?s={search_term_string}\"},\"query-input\":{\"@type\":\"PropertyValueSpecification\",\"valueRequired\":true,\"valueName\":\"search_term_string\"}}],\"inLanguage\":\"es\"},{\"@type\":\"Organization\",\"@id\":\"https:\/\/alivio.org\/#organization\",\"name\":\"Centro M\u00e9dico Alivio\",\"url\":\"https:\/\/alivio.org\/\",\"logo\":{\"@type\":\"ImageObject\",\"inLanguage\":\"es\",\"@id\":\"https:\/\/alivio.org\/#\/schema\/logo\/image\/\",\"url\":\"https:\/\/alivio.imgix.net\/logo_full.png?ixlib=php-3.3.1\",\"contentUrl\":\"https:\/\/alivio.imgix.net\/logo_full.png?ixlib=php-3.3.1\",\"width\":354,\"height\":78,\"caption\":\"Centro M\u00e9dico Alivio\"},\"image\":{\"@id\":\"https:\/\/alivio.org\/#\/schema\/logo\/image\/\"},\"sameAs\":[\"https:\/\/www.facebook.com\/AlivioChicago\/\",\"https:\/\/www.linkedin.com\/company\/alivio-medical-center-inc-\"]}]}<\/script>","yoast_head_json":{"title":"Done &#8226; Centro M\u00e9dico Alivio","robots":{"index":"index","follow":"follow","max-snippet":"max-snippet:-1","max-image-preview":"max-image-preview:large","max-video-preview":"max-video-preview:-1"},"canonical":"https:\/\/alivio.org\/donate\/","og_locale":"es_ES","og_type":"article","og_title":"Done &#8226; Centro M\u00e9dico Alivio","og_url":"https:\/\/alivio.org\/donate\/","og_site_name":"Centro M\u00e9dico Alivio","article_publisher":"https:\/\/www.facebook.com\/AlivioChicago\/","article_modified_time":"2024-10-24T18:23:31+00:00","og_image":[{"width":1280,"height":853,"url":"https:\/\/alivio.imgix.net\/ALIVIO-3165.jpg?fit=scale&h=853&ixlib=php-3.3.1&w=1280&wpsize=large","type":"image\/jpeg"}],"twitter_card":"summary_large_image","schema":{"@context":"https:\/\/schema.org","@graph":[{"@type":"WebPage","@id":"https:\/\/alivio.org\/donate\/","url":"https:\/\/alivio.org\/donate\/","name":"Done &#8226; Centro M\u00e9dico Alivio","isPartOf":{"@id":"https:\/\/alivio.org\/#website"},"primaryImageOfPage":{"@id":"https:\/\/alivio.org\/donate\/#primaryimage"},"image":{"@id":"https:\/\/alivio.org\/donate\/#primaryimage"},"thumbnailUrl":"https:\/\/alivio.imgix.net\/ALIVIO-3165.jpg?ixlib=php-3.3.1","datePublished":"2022-08-21T01:48:01+00:00","dateModified":"2024-10-24T18:23:31+00:00","description":"Cuando usted hace una donaci\u00f3n al Centro M\u00e9dico Alivio,\u00a0est\u00e1 haciendo algo m\u00e1s que dar a nuestra cl\u00ednica m\u00e9dica.","breadcrumb":{"@id":"https:\/\/alivio.org\/donate\/#breadcrumb"},"inLanguage":"es","potentialAction":[{"@type":"ReadAction","target":["https:\/\/alivio.org\/donate\/"]}]},{"@type":"ImageObject","inLanguage":"es","@id":"https:\/\/alivio.org\/donate\/#primaryimage","url":"https:\/\/alivio.imgix.net\/ALIVIO-3165.jpg?ixlib=php-3.3.1","contentUrl":"https:\/\/alivio.imgix.net\/ALIVIO-3165.jpg?ixlib=php-3.3.1","width":1920,"height":1280},{"@type":"BreadcrumbList","@id":"https:\/\/alivio.org\/donate\/#breadcrumb","itemListElement":[{"@type":"ListItem","position":1,"name":"Home","item":"https:\/\/alivio.org\/"},{"@type":"ListItem","position":2,"name":"Donate"}]},{"@type":"WebSite","@id":"https:\/\/alivio.org\/#website","url":"https:\/\/alivio.org\/","name":"Centro M\u00e9dico Alivio","description":"Una Presencia Activa para una Comunidad Fuerte","publisher":{"@id":"https:\/\/alivio.org\/#organization"},"potentialAction":[{"@type":"SearchAction","target":{"@type":"EntryPoint","urlTemplate":"https:\/\/alivio.org\/?s={search_term_string}"},"query-input":{"@type":"PropertyValueSpecification","valueRequired":true,"valueName":"search_term_string"}}],"inLanguage":"es"},{"@type":"Organization","@id":"https:\/\/alivio.org\/#organization","name":"Centro M\u00e9dico Alivio","url":"https:\/\/alivio.org\/","logo":{"@type":"ImageObject","inLanguage":"es","@id":"https:\/\/alivio.org\/#\/schema\/logo\/image\/","url":"https:\/\/alivio.imgix.net\/logo_full.png?ixlib=php-3.3.1","contentUrl":"https:\/\/alivio.imgix.net\/logo_full.png?ixlib=php-3.3.1","width":354,"height":78,"caption":"Centro M\u00e9dico Alivio"},"image":{"@id":"https:\/\/alivio.org\/#\/schema\/logo\/image\/"},"sameAs":["https:\/\/www.facebook.com\/AlivioChicago\/","https:\/\/www.linkedin.com\/company\/alivio-medical-center-inc-"]}]}},"jetpack_sharing_enabled":true,"publishpress_future_workflow_manual_trigger":{"enabledWorkflows":[]},"_links":{"self":[{"href":"https:\/\/alivio.org\/es\/wp-json\/wp\/v2\/pages\/42","targetHints":{"allow":["GET"]}}],"collection":[{"href":"https:\/\/alivio.org\/es\/wp-json\/wp\/v2\/pages"}],"about":[{"href":"https:\/\/alivio.org\/es\/wp-json\/wp\/v2\/types\/page"}],"author":[{"embeddable":true,"href":"https:\/\/alivio.org\/es\/wp-json\/wp\/v2\/users\/1"}],"replies":[{"embeddable":true,"href":"https:\/\/alivio.org\/es\/wp-json\/wp\/v2\/comments?post=42"}],"version-history":[{"count":45,"href":"https:\/\/alivio.org\/es\/wp-json\/wp\/v2\/pages\/42\/revisions"}],"predecessor-version":[{"id":5995,"href":"https:\/\/alivio.org\/es\/wp-json\/wp\/v2\/pages\/42\/revisions\/5995"}],"wp:featuredmedia":[{"embeddable":true,"href":"https:\/\/alivio.org\/es\/wp-json\/wp\/v2\/media\/1668"}],"wp:attachment":[{"href":"https:\/\/alivio.org\/es\/wp-json\/wp\/v2\/media?parent=42"}],"wp:term":[{"taxonomy":"category","embeddable":true,"href":"https:\/\/alivio.org\/es\/wp-json\/wp\/v2\/categories?post=42"}],"curies":[{"name":"wp","href":"https:\/\/api.w.org\/{rel}","templated":true}]}}