{"id":44,"date":"2022-08-21T01:48:58","date_gmt":"2022-08-21T01:48:58","guid":{"rendered":"https:\/\/alivio.dev\/?page_id=44"},"modified":"2024-10-12T19:45:36","modified_gmt":"2024-10-13T00:45:36","slug":"benefits","status":"publish","type":"page","link":"https:\/\/alivio.org\/es\/programas\/beneficios\/","title":{"rendered":"Inscripci\u00f3n de Beneficios"},"content":{"rendered":"\n<h2 class=\"wp-block-heading\">Inscripci\u00f3n de Beneficios<\/h2>\n\n\n\n<p>El Centro de inscripci\u00f3n de beneficios de Alivio ayuda a los adultos mayores y a las personas con discapacidades a solicitar los beneficios b\u00e1sicos a trav\u00e9s de:<\/p>\n\n\n\n<ul class=\"wp-block-list\">\n<li>Ayuda adicional\/subsidio por bajos ingresos (<strong>LIS<\/strong>) de la Parte D de Medicare<\/li>\n\n\n\n<li>Programas de Ahorros de <strong>Medicare<\/strong><\/li>\n\n\n\n<li><strong>Medicaid<\/strong><\/li>\n\n\n\n<li>Programa de Asistencia Nutricional Suplementaria (<strong>SNAP<\/strong>, anteriormente conocido como Cupones para Alimentos)<\/li>\n\n\n\n<li>Programa de Asistencia de <strong>Energ\u00eda<\/strong> para Hogares de Bajos Ingresos<\/li>\n\n\n\n<li>Seguridad de Ingreso Suplementario<\/li>\n<\/ul>\n\n\n\n<h3 class=\"wp-block-heading\">Tambi\u00e9n hay disponible informaci\u00f3n adicional y asistencia con la solicitud\/renovaci\u00f3n para:<\/h3>\n\n\n\n<ul class=\"wp-block-list array\">\n<li>Programa de <strong>seguro de salud para personas mayores<\/strong>: tomar decisiones informadas y ahorrar dinero.<\/li>\n\n\n\n<li>Ley del Cuidado de Salud a Bajo Precio\/<strong>Planes de atenci\u00f3n m\u00e9dica<\/strong> (Get-Covered Illinois).<\/li>\n\n\n\n<li>Beneficios de salud de Illinois para <strong>adultos<\/strong> inmigrantes (personas de 42 a 64 a\u00f1os)<\/li>\n\n\n\n<li>Beneficios de salud de Illinois para personas <strong>mayores<\/strong> inmigrantes (65+)<\/li>\n\n\n\n<li>Programa de acceso a los beneficios de Illinois: las personas mayores y las personas con discapacidades viajan gratis y tienen descuento en las placas\/renovaciones de autom\u00f3viles<\/li>\n\n\n\n<li>Programas de Asistencia <strong>Farmac\u00e9utica<\/strong><\/li>\n\n\n\n<li><strong>Desgravaci\u00f3n fiscal<\/strong> sobre la propiedad<\/li>\n\n\n\n<li><strong>Tel\u00e9fonos m\u00f3viles<\/strong> y servicio gratuitos<\/li>\n\n\n\n<li>Acceso a <strong>internet gratuito<\/strong> o con descuento<\/li>\n\n\n\n<li>Acceso a <strong>servicios de atenci\u00f3n m\u00e9dica<\/strong> sin costo o con descuento<\/li>\n\n\n\n<li>Referencias de recursos locales<\/li>\n<\/ul>\n\n\n\n<p>Cada uno de los programas tiene est\u00e1ndares de elegibilidad. Nuestros consejeros de inscripci\u00f3n de beneficios, que hablan ingl\u00e9s y espa\u00f1ol est\u00e1n listos para ayudarlo a averiguar para qu\u00e9 es elegible, ayudarlo con las solicitudes y defenderlo en su nombre durante el proceso.<\/p>\n\n\n\n<p>El Consejo Nacional sobre el Envejecimiento apoya nuestros consejeros de inscripci\u00f3n de Alivio con fondos de la Ley de Mejoras de Medicare para Pacientes y Proveedores (MIPPA), administrada a trav\u00e9s de la Administraci\u00f3n para la Vida Comunitaria (ACL) de EE. UU.<\/p>\n\n\n\n<p>El Centro de Acceso a Beneficios apoya una red de Centros de Inscripci\u00f3n de Beneficios (BEC) en todo el pa\u00eds para ayudar a las personas de bajos ingresos con Medicare a acceder a programas que pagan atenci\u00f3n m\u00e9dica, alimentos y m\u00e1s. Usando herramientas basadas en la web y enfoques centrados en la persona, los BEC ayudan a las personas mayores de bajos ingresos y a las personas con discapacidades a encontrar e inscribirse en todos los programas de beneficios para los que son elegibles, y crear sistemas coordinados de acceso a los beneficios en toda la comunidad.<\/p>\n\n\n\n<p><strong><a href=\"\/files\/aca-es\">Programas de Beneficios para Adultos Mayores y Personas con Discapacidades (PDF)<\/a><\/strong><\/p>\n","protected":false},"excerpt":{"rendered":"<p>Hay muchos conceptos err\u00f3neos acerca de qui\u00e9n es elegible para los programas que pueden ayudar a pagar los crecientes costos m\u00e9dicos y de otro tipo.<\/p>\n","protected":false},"author":1,"featured_media":3591,"parent":94,"menu_order":1,"comment_status":"closed","ping_status":"closed","template":"","meta":{"_relevanssi_hide_post":"","_relevanssi_hide_content":"","_relevanssi_pin_for_all":"","_relevanssi_pin_keywords":"","_relevanssi_unpin_keywords":"","_relevanssi_related_keywords":"","_relevanssi_related_include_ids":"","_relevanssi_related_exclude_ids":"","_relevanssi_related_no_append":"","_relevanssi_related_not_related":"","_relevanssi_related_posts":"672,769,684,654,740,724","_relevanssi_noindex_reason":"","footnotes":""},"categories":[],"class_list":["post-44","page","type-page","status-publish","has-post-thumbnail","hentry"],"translation":{"provider":"WPGlobus","version":"3.0.2","language":"es","enabled_languages":["en","es","zh"],"languages":{"en":{"title":true,"content":true,"excerpt":true},"es":{"title":true,"content":true,"excerpt":true},"zh":{"title":true,"content":true,"excerpt":false}}},"acf":[],"yoast_head":"<title>Inscripci\u00f3n de Beneficios &#8226; Centro M\u00e9dico Alivio<\/title>\n<meta name=\"robots\" content=\"index, follow, max-snippet:-1, max-image-preview:large, max-video-preview:-1\" \/>\n<link rel=\"canonical\" href=\"https:\/\/alivio.org\/programs\/benefits\/\" \/>\n<meta property=\"og:locale\" content=\"es_ES\" \/>\n<meta property=\"og:type\" content=\"article\" \/>\n<meta property=\"og:title\" content=\"Inscripci\u00f3n de Beneficios &#8226; Centro M\u00e9dico Alivio\" \/>\n<meta property=\"og:url\" content=\"https:\/\/alivio.org\/programs\/benefits\/\" \/>\n<meta property=\"og:site_name\" content=\"Centro M\u00e9dico Alivio\" \/>\n<meta property=\"article:publisher\" content=\"https:\/\/www.facebook.com\/AlivioChicago\/\" \/>\n<meta property=\"article:modified_time\" content=\"2024-10-13T00:45:36+00:00\" \/>\n<meta property=\"og:image\" content=\"https:\/\/alivio.imgix.net\/photo_benefits.jpg?fit=scale&h=853&ixlib=php-3.3.1&w=1280&wpsize=large\" \/>\n\t<meta property=\"og:image:width\" content=\"1280\" \/>\n\t<meta property=\"og:image:height\" content=\"853\" \/>\n\t<meta property=\"og:image:type\" content=\"image\/jpeg\" \/>\n<meta name=\"twitter:card\" content=\"summary_large_image\" \/>\n<script type=\"application\/ld+json\" class=\"yoast-schema-graph\">{\"@context\":\"https:\/\/schema.org\",\"@graph\":[{\"@type\":\"WebPage\",\"@id\":\"https:\/\/alivio.org\/programs\/benefits\/\",\"url\":\"https:\/\/alivio.org\/programs\/benefits\/\",\"name\":\"Inscripci\u00f3n de Beneficios &#8226; Centro M\u00e9dico Alivio\",\"isPartOf\":{\"@id\":\"https:\/\/alivio.org\/#website\"},\"primaryImageOfPage\":{\"@id\":\"https:\/\/alivio.org\/programs\/benefits\/#primaryimage\"},\"image\":{\"@id\":\"https:\/\/alivio.org\/programs\/benefits\/#primaryimage\"},\"thumbnailUrl\":\"https:\/\/alivio.imgix.net\/photo_benefits.jpg?ixlib=php-3.3.1\",\"datePublished\":\"2022-08-21T01:48:58+00:00\",\"dateModified\":\"2024-10-13T00:45:36+00:00\",\"description\":\"Hay muchos conceptos err\u00f3neos acerca de qui\u00e9n es elegible para los programas que pueden ayudar a pagar los crecientes costos m\u00e9dicos y de otro tipo.\",\"breadcrumb\":{\"@id\":\"https:\/\/alivio.org\/programs\/benefits\/#breadcrumb\"},\"inLanguage\":\"es\",\"potentialAction\":[{\"@type\":\"ReadAction\",\"target\":[\"https:\/\/alivio.org\/programs\/benefits\/\"]}]},{\"@type\":\"ImageObject\",\"inLanguage\":\"es\",\"@id\":\"https:\/\/alivio.org\/programs\/benefits\/#primaryimage\",\"url\":\"https:\/\/alivio.imgix.net\/photo_benefits.jpg?ixlib=php-3.3.1\",\"contentUrl\":\"https:\/\/alivio.imgix.net\/photo_benefits.jpg?ixlib=php-3.3.1\",\"width\":6000,\"height\":4000,\"caption\":\"Benefits\"},{\"@type\":\"BreadcrumbList\",\"@id\":\"https:\/\/alivio.org\/programs\/benefits\/#breadcrumb\",\"itemListElement\":[{\"@type\":\"ListItem\",\"position\":1,\"name\":\"Home\",\"item\":\"https:\/\/alivio.org\/\"},{\"@type\":\"ListItem\",\"position\":2,\"name\":\"Programs\",\"item\":\"https:\/\/alivio.org\/programs\/\"},{\"@type\":\"ListItem\",\"position\":3,\"name\":\"Benefits Enrollment\"}]},{\"@type\":\"WebSite\",\"@id\":\"https:\/\/alivio.org\/#website\",\"url\":\"https:\/\/alivio.org\/\",\"name\":\"Centro M\u00e9dico Alivio\",\"description\":\"Una Presencia Activa para una Comunidad Fuerte\",\"publisher\":{\"@id\":\"https:\/\/alivio.org\/#organization\"},\"potentialAction\":[{\"@type\":\"SearchAction\",\"target\":{\"@type\":\"EntryPoint\",\"urlTemplate\":\"https:\/\/alivio.org\/?s={search_term_string}\"},\"query-input\":{\"@type\":\"PropertyValueSpecification\",\"valueRequired\":true,\"valueName\":\"search_term_string\"}}],\"inLanguage\":\"es\"},{\"@type\":\"Organization\",\"@id\":\"https:\/\/alivio.org\/#organization\",\"name\":\"Centro M\u00e9dico Alivio\",\"url\":\"https:\/\/alivio.org\/\",\"logo\":{\"@type\":\"ImageObject\",\"inLanguage\":\"es\",\"@id\":\"https:\/\/alivio.org\/#\/schema\/logo\/image\/\",\"url\":\"https:\/\/alivio.imgix.net\/logo_full.png?ixlib=php-3.3.1\",\"contentUrl\":\"https:\/\/alivio.imgix.net\/logo_full.png?ixlib=php-3.3.1\",\"width\":354,\"height\":78,\"caption\":\"Centro M\u00e9dico Alivio\"},\"image\":{\"@id\":\"https:\/\/alivio.org\/#\/schema\/logo\/image\/\"},\"sameAs\":[\"https:\/\/www.facebook.com\/AlivioChicago\/\",\"https:\/\/www.linkedin.com\/company\/alivio-medical-center-inc-\"]}]}<\/script>","yoast_head_json":{"title":"Inscripci\u00f3n de Beneficios &#8226; Centro M\u00e9dico Alivio","robots":{"index":"index","follow":"follow","max-snippet":"max-snippet:-1","max-image-preview":"max-image-preview:large","max-video-preview":"max-video-preview:-1"},"canonical":"https:\/\/alivio.org\/programs\/benefits\/","og_locale":"es_ES","og_type":"article","og_title":"Inscripci\u00f3n de Beneficios &#8226; Centro M\u00e9dico Alivio","og_url":"https:\/\/alivio.org\/programs\/benefits\/","og_site_name":"Centro M\u00e9dico Alivio","article_publisher":"https:\/\/www.facebook.com\/AlivioChicago\/","article_modified_time":"2024-10-13T00:45:36+00:00","og_image":[{"width":1280,"height":853,"url":"https:\/\/alivio.imgix.net\/photo_benefits.jpg?fit=scale&h=853&ixlib=php-3.3.1&w=1280&wpsize=large","type":"image\/jpeg"}],"twitter_card":"summary_large_image","schema":{"@context":"https:\/\/schema.org","@graph":[{"@type":"WebPage","@id":"https:\/\/alivio.org\/programs\/benefits\/","url":"https:\/\/alivio.org\/programs\/benefits\/","name":"Inscripci\u00f3n de Beneficios &#8226; Centro M\u00e9dico Alivio","isPartOf":{"@id":"https:\/\/alivio.org\/#website"},"primaryImageOfPage":{"@id":"https:\/\/alivio.org\/programs\/benefits\/#primaryimage"},"image":{"@id":"https:\/\/alivio.org\/programs\/benefits\/#primaryimage"},"thumbnailUrl":"https:\/\/alivio.imgix.net\/photo_benefits.jpg?ixlib=php-3.3.1","datePublished":"2022-08-21T01:48:58+00:00","dateModified":"2024-10-13T00:45:36+00:00","description":"Hay muchos conceptos err\u00f3neos acerca de qui\u00e9n es elegible para los programas que pueden ayudar a pagar los crecientes costos m\u00e9dicos y de otro tipo.","breadcrumb":{"@id":"https:\/\/alivio.org\/programs\/benefits\/#breadcrumb"},"inLanguage":"es","potentialAction":[{"@type":"ReadAction","target":["https:\/\/alivio.org\/programs\/benefits\/"]}]},{"@type":"ImageObject","inLanguage":"es","@id":"https:\/\/alivio.org\/programs\/benefits\/#primaryimage","url":"https:\/\/alivio.imgix.net\/photo_benefits.jpg?ixlib=php-3.3.1","contentUrl":"https:\/\/alivio.imgix.net\/photo_benefits.jpg?ixlib=php-3.3.1","width":6000,"height":4000,"caption":"Benefits"},{"@type":"BreadcrumbList","@id":"https:\/\/alivio.org\/programs\/benefits\/#breadcrumb","itemListElement":[{"@type":"ListItem","position":1,"name":"Home","item":"https:\/\/alivio.org\/"},{"@type":"ListItem","position":2,"name":"Programs","item":"https:\/\/alivio.org\/programs\/"},{"@type":"ListItem","position":3,"name":"Benefits Enrollment"}]},{"@type":"WebSite","@id":"https:\/\/alivio.org\/#website","url":"https:\/\/alivio.org\/","name":"Centro M\u00e9dico Alivio","description":"Una Presencia Activa para una Comunidad Fuerte","publisher":{"@id":"https:\/\/alivio.org\/#organization"},"potentialAction":[{"@type":"SearchAction","target":{"@type":"EntryPoint","urlTemplate":"https:\/\/alivio.org\/?s={search_term_string}"},"query-input":{"@type":"PropertyValueSpecification","valueRequired":true,"valueName":"search_term_string"}}],"inLanguage":"es"},{"@type":"Organization","@id":"https:\/\/alivio.org\/#organization","name":"Centro M\u00e9dico Alivio","url":"https:\/\/alivio.org\/","logo":{"@type":"ImageObject","inLanguage":"es","@id":"https:\/\/alivio.org\/#\/schema\/logo\/image\/","url":"https:\/\/alivio.imgix.net\/logo_full.png?ixlib=php-3.3.1","contentUrl":"https:\/\/alivio.imgix.net\/logo_full.png?ixlib=php-3.3.1","width":354,"height":78,"caption":"Centro M\u00e9dico Alivio"},"image":{"@id":"https:\/\/alivio.org\/#\/schema\/logo\/image\/"},"sameAs":["https:\/\/www.facebook.com\/AlivioChicago\/","https:\/\/www.linkedin.com\/company\/alivio-medical-center-inc-"]}]}},"jetpack_sharing_enabled":true,"publishpress_future_workflow_manual_trigger":{"enabledWorkflows":[]},"_links":{"self":[{"href":"https:\/\/alivio.org\/es\/wp-json\/wp\/v2\/pages\/44","targetHints":{"allow":["GET"]}}],"collection":[{"href":"https:\/\/alivio.org\/es\/wp-json\/wp\/v2\/pages"}],"about":[{"href":"https:\/\/alivio.org\/es\/wp-json\/wp\/v2\/types\/page"}],"author":[{"embeddable":true,"href":"https:\/\/alivio.org\/es\/wp-json\/wp\/v2\/users\/1"}],"replies":[{"embeddable":true,"href":"https:\/\/alivio.org\/es\/wp-json\/wp\/v2\/comments?post=44"}],"version-history":[{"count":65,"href":"https:\/\/alivio.org\/es\/wp-json\/wp\/v2\/pages\/44\/revisions"}],"predecessor-version":[{"id":5960,"href":"https:\/\/alivio.org\/es\/wp-json\/wp\/v2\/pages\/44\/revisions\/5960"}],"up":[{"embeddable":true,"href":"https:\/\/alivio.org\/es\/wp-json\/wp\/v2\/pages\/94"}],"wp:featuredmedia":[{"embeddable":true,"href":"https:\/\/alivio.org\/es\/wp-json\/wp\/v2\/media\/3591"}],"wp:attachment":[{"href":"https:\/\/alivio.org\/es\/wp-json\/wp\/v2\/media?parent=44"}],"wp:term":[{"taxonomy":"category","embeddable":true,"href":"https:\/\/alivio.org\/es\/wp-json\/wp\/v2\/categories?post=44"}],"curies":[{"name":"wp","href":"https:\/\/api.w.org\/{rel}","templated":true}]}}