{"id":46,"date":"2022-08-21T01:49:15","date_gmt":"2022-08-21T01:49:15","guid":{"rendered":"https:\/\/alivio.dev\/?page_id=46"},"modified":"2026-01-27T17:03:59","modified_gmt":"2026-01-27T23:03:59","slug":"careers","status":"publish","type":"page","link":"https:\/\/alivio.org\/es\/carreras\/","title":{"rendered":"Carreras"},"content":{"rendered":"\n<h2 class=\"wp-block-heading\">\u00danete A La Familia Alivio<\/h2>\n\n\n\n<p>Buscamos regularmente personas calificadas para agregar a nuestro equipo apasionado y talentoso.<\/p>\n\n\n\n<h3 class=\"wp-block-heading\">Puestos Del Personal Cl\u00ednico<\/h3>\n\n\n\n<p class=\"info\">Tenga en cuenta que toda la comunicaci\u00f3n de Centro M\u00e9dico Alivio a los posibles candidatos provendr\u00e1 del dominio organizacional de Alivio (@aliviomedicalcenter.org).&nbsp; Centro M\u00e9dico Alivio no utiliza GMAIL, Yahoo u otros servicios de correo electr\u00f3nico p\u00fablicos basados en la web.&nbsp; Centro M\u00e9dico Alivio nunca le pedir\u00e1 que proporcione informaci\u00f3n personal confidencial por correo electr\u00f3nico.<\/p>\n\n\n\n<p>Buscamos m\u00e9dicos certificados y elegibles para trabajar como una parte fundamental de su equipo de atenci\u00f3n primaria, que incluye medicina familiar, medicina interna y obstetras y ginec\u00f3logos.<\/p>\n\n\n\n<p>Alivio Medical Center es un sitio aprobado para los programas de pago de pr\u00e9stamos y becas del <a href=\"https:\/\/nhsc.hrsa.gov\/scholarships\/overview\">Cuerpo Nacional de Servicios de Salud<\/a>.<\/p>\n\n\n\n<p>Tambi\u00e9n estamos reclutando para los siguientes puestos cl\u00ednicos y no cl\u00ednicos. Haga clic en cualquiera de los enlaces a continuaci\u00f3n para ver nuestros listados actuales:<\/p>\n\n\n\n<p>Los candidatos interesados \u200b\u200btambi\u00e9n pueden presentar su solicitud en l\u00ednea y enviar directamente su carta de presentaci\u00f3n y curr\u00edculum a <a href=\"mailto:hr@aliviomedicalcenter.org\">hr@aliviomedicalcenter.org<\/a> para cualquiera de los listados ubicados en los enlaces a continuaci\u00f3n:<\/p>\n\n\n\n<ul class=\"wp-block-list\">\n<li><a href=\"https:\/\/www.paycomonline.net\/v4\/ats\/web.php\/portal\/1B373D7319A2D814CBE31186FF7C14FC\/career-page\"><strong>Ofertas de empleo<\/strong><\/a><\/li>\n<\/ul>\n\n\n  <section class=\"bgblock \" style=\"background-image:url(https:\/\/alivio.imgix.net\/photo_careers.jpg?ixlib=php-3.3.1)\">\n    <div>\n      <header>Funciones Cl\u00ednicas Y No Cl\u00ednicas Est\u00e1n Disponibles<\/header>\n            <a class=cta href=\"\/files\/employment\">Aplica Ahora<\/a>\n    <\/div>\n  <\/section>\n\n\n\n<h3 class=\"wp-block-heading\">Empleador De Igualdad De Oportunidades<\/h3>\n\n\n\n<p>Es pol\u00edtica de Alivio Medical Center brindar igualdad de oportunidades laborales a todos los empleados y solicitantes de empleo. Ning\u00fan solicitante o empleado de Alivio Medical Center ser\u00e1 discriminado en el empleo por motivos de raza, color, religi\u00f3n, sexo, edad, origen nacional, ascendencia, orientaci\u00f3n sexual, estado civil, estado parental, fuentes de ingresos, discapacidad o estado de baja militar.<\/p>\n\n\n\n<p>Alivio Medical Center es un beneficiario del Programa de Centros de Salud seg\u00fan 42 U.S.C. 254b, y considerado empleado del Servicio de Salud P\u00fablica seg\u00fan 42 U.S.C. 233(g)-(n).<\/p>\n\n\n\n<p><a href=\"\/files\/bipa\/\">Pol\u00edtica de la Ley de Privacidad e Informaci\u00f3n Biom\u00e9trica del Centro M\u00e9dico Alivio<\/a><\/p>\n","protected":false},"excerpt":{"rendered":"<p>Buscamos regularmente personas calificadas para agregar a nuestro equipo apasionado y talentoso.<\/p>\n","protected":false},"author":1,"featured_media":1731,"parent":0,"menu_order":16,"comment_status":"closed","ping_status":"closed","template":"","meta":{"_relevanssi_hide_post":"","_relevanssi_hide_content":"","_relevanssi_pin_for_all":"","_relevanssi_pin_keywords":"","_relevanssi_unpin_keywords":"","_relevanssi_related_keywords":"","_relevanssi_related_include_ids":"","_relevanssi_related_exclude_ids":"","_relevanssi_related_no_append":"","_relevanssi_related_not_related":"","_relevanssi_related_posts":"764,678,660,748,692,684","_relevanssi_noindex_reason":"","footnotes":""},"categories":[],"class_list":["post-46","page","type-page","status-publish","has-post-thumbnail","hentry"],"translation":{"provider":"WPGlobus","version":"3.0.2","language":"es","enabled_languages":["en","es","zh"],"languages":{"en":{"title":true,"content":true,"excerpt":true},"es":{"title":true,"content":true,"excerpt":true},"zh":{"title":true,"content":true,"excerpt":false}}},"acf":[],"yoast_head":"<title>Carreras &#8226; Centro M\u00e9dico Alivio<\/title>\n<meta name=\"robots\" content=\"index, follow, max-snippet:-1, max-image-preview:large, max-video-preview:-1\" \/>\n<link rel=\"canonical\" href=\"https:\/\/alivio.org\/careers\/\" \/>\n<meta property=\"og:locale\" content=\"es_ES\" \/>\n<meta property=\"og:type\" content=\"article\" \/>\n<meta property=\"og:title\" content=\"Carreras &#8226; Centro M\u00e9dico Alivio\" \/>\n<meta property=\"og:url\" content=\"https:\/\/alivio.org\/careers\/\" \/>\n<meta property=\"og:site_name\" content=\"Centro M\u00e9dico Alivio\" \/>\n<meta property=\"article:publisher\" content=\"https:\/\/www.facebook.com\/AlivioChicago\/\" \/>\n<meta property=\"article:modified_time\" content=\"2026-01-27T23:03:59+00:00\" \/>\n<meta property=\"og:image\" content=\"https:\/\/alivio.imgix.net\/ALIVIO-3002.jpg?ixlib=php-3.3.1\" \/>\n\t<meta property=\"og:image:width\" content=\"1920\" \/>\n\t<meta property=\"og:image:height\" content=\"1280\" \/>\n\t<meta property=\"og:image:type\" content=\"image\/jpeg\" \/>\n<meta name=\"twitter:card\" content=\"summary_large_image\" \/>\n<script type=\"application\/ld+json\" class=\"yoast-schema-graph\">{\"@context\":\"https:\/\/schema.org\",\"@graph\":[{\"@type\":\"WebPage\",\"@id\":\"https:\/\/alivio.org\/careers\/\",\"url\":\"https:\/\/alivio.org\/careers\/\",\"name\":\"Carreras &#8226; Centro M\u00e9dico Alivio\",\"isPartOf\":{\"@id\":\"https:\/\/alivio.org\/#website\"},\"primaryImageOfPage\":{\"@id\":\"https:\/\/alivio.org\/careers\/#primaryimage\"},\"image\":{\"@id\":\"https:\/\/alivio.org\/careers\/#primaryimage\"},\"thumbnailUrl\":\"https:\/\/alivio.imgix.net\/ALIVIO-3002.jpg?ixlib=php-3.3.1\",\"datePublished\":\"2022-08-21T01:49:15+00:00\",\"dateModified\":\"2026-01-27T23:03:59+00:00\",\"description\":\"Buscamos regularmente personas calificadas para agregar a nuestro equipo apasionado y talentoso.\",\"breadcrumb\":{\"@id\":\"https:\/\/alivio.org\/careers\/#breadcrumb\"},\"inLanguage\":\"es\",\"potentialAction\":[{\"@type\":\"ReadAction\",\"target\":[\"https:\/\/alivio.org\/careers\/\"]}]},{\"@type\":\"ImageObject\",\"inLanguage\":\"es\",\"@id\":\"https:\/\/alivio.org\/careers\/#primaryimage\",\"url\":\"https:\/\/alivio.imgix.net\/ALIVIO-3002.jpg?ixlib=php-3.3.1\",\"contentUrl\":\"https:\/\/alivio.imgix.net\/ALIVIO-3002.jpg?ixlib=php-3.3.1\",\"width\":1920,\"height\":1280},{\"@type\":\"BreadcrumbList\",\"@id\":\"https:\/\/alivio.org\/careers\/#breadcrumb\",\"itemListElement\":[{\"@type\":\"ListItem\",\"position\":1,\"name\":\"Home\",\"item\":\"https:\/\/alivio.org\/\"},{\"@type\":\"ListItem\",\"position\":2,\"name\":\"Careers\"}]},{\"@type\":\"WebSite\",\"@id\":\"https:\/\/alivio.org\/#website\",\"url\":\"https:\/\/alivio.org\/\",\"name\":\"Centro M\u00e9dico Alivio\",\"description\":\"Una Presencia Activa para una Comunidad Fuerte\",\"publisher\":{\"@id\":\"https:\/\/alivio.org\/#organization\"},\"potentialAction\":[{\"@type\":\"SearchAction\",\"target\":{\"@type\":\"EntryPoint\",\"urlTemplate\":\"https:\/\/alivio.org\/?s={search_term_string}\"},\"query-input\":{\"@type\":\"PropertyValueSpecification\",\"valueRequired\":true,\"valueName\":\"search_term_string\"}}],\"inLanguage\":\"es\"},{\"@type\":\"Organization\",\"@id\":\"https:\/\/alivio.org\/#organization\",\"name\":\"Centro M\u00e9dico Alivio\",\"url\":\"https:\/\/alivio.org\/\",\"logo\":{\"@type\":\"ImageObject\",\"inLanguage\":\"es\",\"@id\":\"https:\/\/alivio.org\/#\/schema\/logo\/image\/\",\"url\":\"https:\/\/alivio.imgix.net\/logo_full.png?ixlib=php-3.3.1\",\"contentUrl\":\"https:\/\/alivio.imgix.net\/logo_full.png?ixlib=php-3.3.1\",\"width\":354,\"height\":78,\"caption\":\"Centro M\u00e9dico Alivio\"},\"image\":{\"@id\":\"https:\/\/alivio.org\/#\/schema\/logo\/image\/\"},\"sameAs\":[\"https:\/\/www.facebook.com\/AlivioChicago\/\",\"https:\/\/www.linkedin.com\/company\/alivio-medical-center-inc-\"]}]}<\/script>","yoast_head_json":{"title":"Carreras &#8226; Centro M\u00e9dico Alivio","robots":{"index":"index","follow":"follow","max-snippet":"max-snippet:-1","max-image-preview":"max-image-preview:large","max-video-preview":"max-video-preview:-1"},"canonical":"https:\/\/alivio.org\/careers\/","og_locale":"es_ES","og_type":"article","og_title":"Carreras &#8226; Centro M\u00e9dico Alivio","og_url":"https:\/\/alivio.org\/careers\/","og_site_name":"Centro M\u00e9dico Alivio","article_publisher":"https:\/\/www.facebook.com\/AlivioChicago\/","article_modified_time":"2026-01-27T23:03:59+00:00","og_image":[{"width":1920,"height":1280,"url":"https:\/\/alivio.imgix.net\/ALIVIO-3002.jpg?ixlib=php-3.3.1","type":"image\/jpeg"}],"twitter_card":"summary_large_image","schema":{"@context":"https:\/\/schema.org","@graph":[{"@type":"WebPage","@id":"https:\/\/alivio.org\/careers\/","url":"https:\/\/alivio.org\/careers\/","name":"Carreras &#8226; Centro M\u00e9dico Alivio","isPartOf":{"@id":"https:\/\/alivio.org\/#website"},"primaryImageOfPage":{"@id":"https:\/\/alivio.org\/careers\/#primaryimage"},"image":{"@id":"https:\/\/alivio.org\/careers\/#primaryimage"},"thumbnailUrl":"https:\/\/alivio.imgix.net\/ALIVIO-3002.jpg?ixlib=php-3.3.1","datePublished":"2022-08-21T01:49:15+00:00","dateModified":"2026-01-27T23:03:59+00:00","description":"Buscamos regularmente personas calificadas para agregar a nuestro equipo apasionado y talentoso.","breadcrumb":{"@id":"https:\/\/alivio.org\/careers\/#breadcrumb"},"inLanguage":"es","potentialAction":[{"@type":"ReadAction","target":["https:\/\/alivio.org\/careers\/"]}]},{"@type":"ImageObject","inLanguage":"es","@id":"https:\/\/alivio.org\/careers\/#primaryimage","url":"https:\/\/alivio.imgix.net\/ALIVIO-3002.jpg?ixlib=php-3.3.1","contentUrl":"https:\/\/alivio.imgix.net\/ALIVIO-3002.jpg?ixlib=php-3.3.1","width":1920,"height":1280},{"@type":"BreadcrumbList","@id":"https:\/\/alivio.org\/careers\/#breadcrumb","itemListElement":[{"@type":"ListItem","position":1,"name":"Home","item":"https:\/\/alivio.org\/"},{"@type":"ListItem","position":2,"name":"Careers"}]},{"@type":"WebSite","@id":"https:\/\/alivio.org\/#website","url":"https:\/\/alivio.org\/","name":"Centro M\u00e9dico Alivio","description":"Una Presencia Activa para una Comunidad Fuerte","publisher":{"@id":"https:\/\/alivio.org\/#organization"},"potentialAction":[{"@type":"SearchAction","target":{"@type":"EntryPoint","urlTemplate":"https:\/\/alivio.org\/?s={search_term_string}"},"query-input":{"@type":"PropertyValueSpecification","valueRequired":true,"valueName":"search_term_string"}}],"inLanguage":"es"},{"@type":"Organization","@id":"https:\/\/alivio.org\/#organization","name":"Centro M\u00e9dico Alivio","url":"https:\/\/alivio.org\/","logo":{"@type":"ImageObject","inLanguage":"es","@id":"https:\/\/alivio.org\/#\/schema\/logo\/image\/","url":"https:\/\/alivio.imgix.net\/logo_full.png?ixlib=php-3.3.1","contentUrl":"https:\/\/alivio.imgix.net\/logo_full.png?ixlib=php-3.3.1","width":354,"height":78,"caption":"Centro M\u00e9dico Alivio"},"image":{"@id":"https:\/\/alivio.org\/#\/schema\/logo\/image\/"},"sameAs":["https:\/\/www.facebook.com\/AlivioChicago\/","https:\/\/www.linkedin.com\/company\/alivio-medical-center-inc-"]}]}},"jetpack_sharing_enabled":true,"publishpress_future_workflow_manual_trigger":{"enabledWorkflows":[]},"_links":{"self":[{"href":"https:\/\/alivio.org\/es\/wp-json\/wp\/v2\/pages\/46","targetHints":{"allow":["GET"]}}],"collection":[{"href":"https:\/\/alivio.org\/es\/wp-json\/wp\/v2\/pages"}],"about":[{"href":"https:\/\/alivio.org\/es\/wp-json\/wp\/v2\/types\/page"}],"author":[{"embeddable":true,"href":"https:\/\/alivio.org\/es\/wp-json\/wp\/v2\/users\/1"}],"replies":[{"embeddable":true,"href":"https:\/\/alivio.org\/es\/wp-json\/wp\/v2\/comments?post=46"}],"version-history":[{"count":97,"href":"https:\/\/alivio.org\/es\/wp-json\/wp\/v2\/pages\/46\/revisions"}],"predecessor-version":[{"id":7566,"href":"https:\/\/alivio.org\/es\/wp-json\/wp\/v2\/pages\/46\/revisions\/7566"}],"wp:featuredmedia":[{"embeddable":true,"href":"https:\/\/alivio.org\/es\/wp-json\/wp\/v2\/media\/1731"}],"wp:attachment":[{"href":"https:\/\/alivio.org\/es\/wp-json\/wp\/v2\/media?parent=46"}],"wp:term":[{"taxonomy":"category","embeddable":true,"href":"https:\/\/alivio.org\/es\/wp-json\/wp\/v2\/categories?post=46"}],"curies":[{"name":"wp","href":"https:\/\/api.w.org\/{rel}","templated":true}]}}