{"id":560,"date":"2022-11-06T22:23:15","date_gmt":"2022-11-06T22:23:17","guid":{"rendered":"https:\/\/alivio.org\/?page_id=560"},"modified":"2025-10-27T17:15:24","modified_gmt":"2025-10-27T22:15:24","slug":"appointment","status":"publish","type":"page","link":"https:\/\/alivio.org\/es\/cita\/","title":{"rendered":"Pedir Una Cita"},"content":{"rendered":"\n<h2 class=\"wp-block-heading\">Tu Visita A Alivio<\/h2>\n\n\n\n<p>Alivio Medical Center brinda servicios a todas las personas, independientemente de su capacidad de pago. Al programar una cita para los servicios de Alivio, como paciente actual o futuro, ser\u00e1 bienvenido por nuestro equipo experto de proveedores y personal que comparten el objetivo com\u00fan de garantizar que nuestros pacientes reciban atenci\u00f3n de la mejor calidad y se sientan parte de nuestra Familia Alivio. <a href=\"https:\/\/alivio.org\/es\/privacy\/\">Protegemos la privacidad de todos nuestros pacientes.<\/a><\/p>\n\n\n\n<p class=\"info\">Novedad: \u00a1ahora puedes <a href=\"\/es\/schedule\">auto-agendar tus citas con tu m\u00e9dico de cabecera<\/a>!<\/p>\n\n\n\n<h3 class=\"wp-block-heading\">ATENCI\u00d3N FUERA DEL HORARIO DE ATENCI\u00d3N<\/h3>\n\n\n\n<p><strong>Si usted es un paciente y tiene preguntas y no puede esperar hasta que abra la oficina, un proveedor est\u00e1 disponible para atender su urgencia. Llame al <a href=\"tel:7732541400\">773.254.1400<\/a> para contactar al m\u00e9dico de emergencia si hace falta. Para pacientes embarazadas con preocupaciones urgentes, puede llamar al <a href=\"tel:8002160651\">800.216.0651<\/a>, las 24 horas del d\u00eda, los 7 d\u00edas de la semana.<\/strong><\/p>\n\n\n\n<p class=\"info infolert\"><em>Si tiene una emergencia m\u00e9dica, llame al 911 o vaya a la sala de emergencias m\u00e1s cercana.<\/em><\/p>\n\n\n<div id=\"request\" class=\"ppl\">\n<form id=\"\" class=\"acfe-form acf-form\" action=\"\" method=\"post\" data-fields-class=\"\" data-hide-error=\"1\" data-hide-unload=\"0\" data-hide-revalidation=\"1\" data-errors-position=\"below\" data-errors-class=\"\">\t<div id=\"acf-form-data\" class=\"acf-hidden\">\n\t\t<input type=\"hidden\" id=\"_acf_screen\" name=\"_acf_screen\" value=\"acfe_form\"\/><input type=\"hidden\" id=\"_acf_post_id\" name=\"_acf_post_id\" value=\"560\"\/><input type=\"hidden\" id=\"_acf_validation\" name=\"_acf_validation\" value=\"1\"\/><input type=\"hidden\" id=\"_acf_form\" name=\"_acf_form\" value=\"TWtmczNtR1hqbHgvNWR3U0xnNS9jdDRPMzAyc0JOdFozNE55RENKTkRLNW1ZMkt6ZklreHlpZFI1KzBKRGZka0RjTFdQQm9uTGFTR3A0bkhRSERacW9QUlpXYnNYR1hlcy91NENEUzZTSWRCZzlZbGV5NWlqMzlXZmxsMm93K040K1ZLNnNWbkxFN20yd015NEFxRXlNYXlqY2NibFQxL1pCdEdLYnk4SU80NVRkNHpaS1E3Qytycm1GRjcyRkFqcWh6c0dEd0pvVU1mU3RYTGNHVjR0Rk01MnhEZEQxZ2lpVElQRjBIelplODJoR3F2YTgwUVlKamorU0phU1J3Wm5xM0VoUFFZQmpRN3ExOWtlQW9ndlhVTXFtUFlib0I3Tjg3VWJ2WW1XdEtCTmZwYWlmekRGMVVXUmtaTmZiVHJGeDdjL1o0NjZ5c2N1dGVyY1NmS0dQcC9uS0tKamp5Rm4yYVVYNXZQYmFYZ1cwWCs2L2FORHR0RSsxdkNUYjlONC9BeDlDNDY4bmpQMTVOYjNsMW1mbGdTVXlZTWw2a0oxSm9hVGx1aG1aRUlzWTkvRVRnalhsZTRJVFB2SGczdnhTRm9JZXdZajFmam8vOXZZNEo0Skh2Y1J1OGFNdldoUCtQcjlvTVROcjdTY0lzZHovVmJBRWwyRFRsTVJnVGZpcTBHK2tBVG9FMS9qYk9DMTBoa2pXK0RQTUUwMDlQZDRaUEpFbWo2c1czSlZnZnJ6a2doR3NBbVZzTzMyeFZkeEFXRWxsaUpldE8vaTgwQjV2Q0tpRFFPMklxRUF1NW9CTE9QT2Q0T2YyZ1h5UGo4SmtJQ0wxc0E0TFYydjRjVVR1cXdxWkFTMC9KWjJvbnFZdDc4K2d0c253SloyN2VReEhFSmU3VmFhbXVPS09LY1paQ2hLUDJJYW9jQkZCc1Y5aGk5UG4wb2kwL3AwdnFndWVrNFIyWmRWRU5HZTZTOVp0ZWFLMzIxWVpkdmd0c1JxSldiYnZUQ3NmTHVaUm50Ym1PTEdjTWQ3VmRoaEk2MTVSbGRrVGJvUzlOV0kzayt6dFRRM2RWSW5WRzNqS3dlWmVqUzlQeHl1UlJabWNVc1E1RGkxZWhNdk5zWkkrU0JhRStja0tOeEZEci9BMDhROGZmb2pLbzNNMW0wYzd3TkpKYXNEWWlTd1d5WDRMSW5STTBLNk1pd2Y0UjJXSVJzeTJvdlBRbGtEUGN6WGFxakgyMXREcTZLN2ZXNDZLQS9DRUZlclhXVGkrWXh6bEt3M3Y1Z0xaNGhHQnp0Tno2NnQ1U2t2RlJDVnk0QlhncFhxYkRpS3FlYk5VUVA4MUJVWnkxZEdkNEYvR0o0RFRPalpoajV2WHJpbWlkVVlXZ1czRGJ0N1RhTFJPRngybUdGQnZEZ1dBUnFERzlpTU4xUERBMWdlc3ArN1l1U29OY1NRWWVLQ3B2Qkx2UmNocTVlSkVaaTdvRCtMb3pBbExWL1FBeFpjOW5nZlFGRWFIWmI3blFuYXBBdnZMblpjV0kvU2VmTFRlM0JUa0tlK3IxZnY4T2lkQTZiRnpFaFkwYUd3b2krbm1BMFdqWldlYXNSUGdJODIyVHVqRjJiakVWck0rTHVXS3NaUCtCVy8wZTIyZXFhWmQ4cG11LytCK3p4aEh4T2ZjRnUrdmRxSUthSDB3ZG9rMWlIVnZucU1ZRUI2czVPeVh6RnBTakZOK3RWOTMyY3NFRTBCaUdvRjB1YkpYNGw3VTFSNmFoWDE1STVDZTZ3WDdRR3Aya2ZkckZrbW85TCtibEh3bUh0dVRrNHdrcHhNY2piMDJ5RUpYOGdvT1hkaWN6TVNuam9UOFFuUlQzK0lHeGlaaElkaXhzUGd3czhhMTUwbW9tY00wSWRVQjhveHR6dy9YV2NCRXBOK0ZLWG1mRm5HR2dRZjZ3UGxaRGI1dWF2R2lhOUdmR0trYmhPc01pRy9FOHNFQnhwT1Z1am1YczZrbFlZK2NDZkVFRDkvaFNmUjFQdW42b1NIbXIvd0liZFFPTzdnbnpQVG1KTUtkeHJYcDlGYmFzYXRvRUxNZ0lNa0VGQ0RVWkV1ZnRVcFcrYmlXS3Q2VHlxOXg1ZmlXNFRvY0FPMGRaL0xlYUdtRTJUR3dianF2KzJDR0UwTHRNUFc0TnpwWk4vOFBEak85S0h5aUI5Z0llZWNubEtDY3VyaElML2hqcjZvd2s1YUJ3MHdSa1kzL0E1Wks1RVVidXpva3BiTGR6WlV1Z3A2MjNPVm9hZFZEbmw0bUplalBqY0kwL2FXTGtXVkxXV0N0VGZ5NWJmOFE1N3E1bmdkYTk0UTYyRklsbWp2ZllFaTNqQkR5WVVtVTB2VThyOTRJWU1PYkNDSXBhUFZmTi9tcDRHem9LU3crTVQ3Qkw0bDhwbEU2N09UUEhqdis4aDBTQUZ1R29NUEU1RjNYekNobkhseks1NnlISEROd1ZVYjlscUhTOEdVb09yWFhGYmpCRDBSZS9kWk5lRFRNT0hGNTUyMERHQ1IxUEJjRjJxb3BLdTU4c2dnMWExYW1MMkswMkhnK0RJdDAzdHNJaUZ6ckx0N0IwUGpSQ2tNSDlUejAzNUt3ST06OuxhFnBY3VHqEEL5SzxG2tw=\"\/><input type=\"hidden\" id=\"_acf_nonce\" name=\"_acf_nonce\" value=\"90b8955fce\"\/><input type=\"hidden\" id=\"_acf_changed\" name=\"_acf_changed\" value=\"0\"\/><input type=\"hidden\" id=\"_acf_location[post_id]\" name=\"_acf_location[post_id]\" value=\"560\"\/>\t<\/div>\n\t<div class=\"acf-fields acf-form-fields -top\"><div class=\"acf-field acf-field-text acf-field--validate-email\" style=\"display:none !important;\" data-name=\"_validate_email\" data-type=\"text\" data-key=\"_validate_email\">\n<div class=\"acf-label\">\n<label for=\"acf-_validate_email\">Validar correo electr\u00f3nico<\/label><\/div>\n<div class=\"acf-input\">\n<div class=\"acf-input-wrap\"><input type=\"text\" id=\"acf-_validate_email\" name=\"acf[_validate_email]\"\/><\/div><\/div>\n<\/div>\n<div class=\"acf-field acf-field-radio acf-field-66e07b4ee9f49 acfe-no-label\" data-name=\"cancel\" data-type=\"radio\" data-key=\"field_66e07b4ee9f49\">\n<div class=\"acf-label\">\n<\/div>\n<div class=\"acf-input\">\n<input type=\"hidden\" name=\"acf[field_66e07b4ee9f49]\"\/><ul class=\"acf-radio-list acf-bl\" data-allow_null=\"1\" data-other_choice=\"0\"><li><label><input type=\"radio\" id=\"acf-field_66e07b4ee9f49-reschedule\" name=\"acf[field_66e07b4ee9f49]\" value=\"reschedule\"\/>Necesito reprogramar una cita.<\/label><\/li><li><label><input type=\"radio\" id=\"acf-field_66e07b4ee9f49-cancel\" name=\"acf[field_66e07b4ee9f49]\" value=\"cancel\"\/>Necesito cancelar una cita.<\/label><\/li><\/ul><\/div>\n<\/div>\n\r\n<div class=\"acf-field acf-field-text acf-field-63647e65907e2 is-required\" data-name=\"patientname\" data-type=\"text\" data-key=\"field_63647e65907e2\" data-required=\"1\" data-conditions=\"[[{&quot;field&quot;:&quot;field_6503486b91d69&quot;,&quot;operator&quot;:&quot;!=&quot;,&quot;value&quot;:&quot;mvgaribay@aliviomedicalcenter.org,morgan@alivio.org&quot;},{&quot;field&quot;:&quot;field_6503486b91d69&quot;,&quot;operator&quot;:&quot;!=&quot;,&quot;value&quot;:&quot;acarpio@aliviomedicalcenter.org,ggutierrez@aliviomedicalcenter.org,mvgaribay@aliviomedicalcenter.org&quot;}]]\">\n<div class=\"acf-label\">\n<label for=\"acf-field_63647e65907e2\">Nombre y Apellido del Paciente<\/label><p class=\"description\">Si usted no es el paciente, incluya su nombre en la secci\u00f3n de comentarios.<\/p><\/div>\n<div class=\"acf-input\">\n<div class=\"acf-input-wrap\"><input type=\"text\" id=\"acf-field_63647e65907e2\" name=\"acf[field_63647e65907e2]\" required=\"required\"\/><\/div><\/div>\n<\/div>\n\r\n<div class=\"acf-field acf-field-date-picker acf-field-65e603b4545fb\" data-name=\"patientdob\" data-type=\"date_picker\" data-key=\"field_65e603b4545fb\" data-conditions=\"[[{&quot;field&quot;:&quot;field_66e07b4ee9f49&quot;,&quot;operator&quot;:&quot;==empty&quot;}]]\">\n<div class=\"acf-label\">\n<label for=\"acf-field_65e603b4545fb\">Fecha de nacimiento del paciente<\/label><\/div>\n<div class=\"acf-input\">\n\t\t<div class=\"acf-date-picker acf-input-wrap\" data-date_format=\"MM d, yy\" data-first_day=\"1\">\n\t\t\t<input type=\"hidden\" id=\"acf-field_65e603b4545fb\" name=\"acf[field_65e603b4545fb]\" value=\"\"\/>\t\t\t<input type=\"text\" class=\"input\" value=\"\"\/>\t\t<\/div>\n\t\t\t<\/div>\n<\/div>\n\r\n<div class=\"acf-field acf-field-select acf-field-65e5fe35226ae\" data-name=\"language\" data-type=\"select\" data-key=\"field_65e5fe35226ae\" data-conditions=\"[[{&quot;field&quot;:&quot;field_66e07b4ee9f49&quot;,&quot;operator&quot;:&quot;==empty&quot;}]]\">\n<div class=\"acf-label\">\n<label for=\"acf-field_65e5fe35226ae\">Idioma Preferido<\/label><\/div>\n<div class=\"acf-input\">\n<select id=\"acf-field_65e5fe35226ae\" class=\"\" name=\"acf[field_65e5fe35226ae]\" data-ui=\"0\" data-ajax=\"0\" data-multiple=\"0\" data-placeholder=\"Selecciona\" data-allow_null=\"0\"><option value=\"English\">Ingl\u00e9s<\/option><option value=\"Spanish\">Espa\u00f1ol<\/option><option value=\"Mandarin\">Mandarin<\/option><option value=\"Cantonese\">Canton\u00e9s<\/option><\/select><\/div>\n<\/div>\n\r\n<div class=\"acf-field acf-field-email acf-field-63647e9b5eac1 is-required\" data-name=\"email\" data-type=\"email\" data-key=\"field_63647e9b5eac1\" data-required=\"1\">\n<div class=\"acf-label\">\n<label for=\"acf-field_63647e9b5eac1\">Correo Electr\u00f3nico<\/label><\/div>\n<div class=\"acf-input\">\n<div class=\"acf-input-wrap\"><input type=\"email\" id=\"acf-field_63647e9b5eac1\" name=\"acf[field_63647e9b5eac1]\" required=\"required\"\/><\/div><\/div>\n<\/div>\n\r\n<div class=\"acf-field acf-field-text acf-field-63647ea35eac2 is-required\" data-name=\"phone\" data-type=\"text\" data-key=\"field_63647ea35eac2\" data-required=\"1\">\n<div class=\"acf-label\">\n<label for=\"acf-field_63647ea35eac2\">Tel\u00e9fono<\/label><\/div>\n<div class=\"acf-input\">\n<div class=\"acf-input-wrap\"><input type=\"text\" id=\"acf-field_63647ea35eac2\" name=\"acf[field_63647ea35eac2]\" required=\"required\"\/><\/div><\/div>\n<\/div>\n\r\n<div class=\"acf-field acf-field-radio acf-field-63683272b6af3\" data-name=\"newold\" data-type=\"radio\" data-key=\"field_63683272b6af3\" data-conditions=\"[[{&quot;field&quot;:&quot;field_66e07b4ee9f49&quot;,&quot;operator&quot;:&quot;==empty&quot;}]]\">\n<div class=\"acf-label\">\n<label for=\"acf-field_63683272b6af3\">\u00bfEs usted un paciente nuevo o existente?<\/label><\/div>\n<div class=\"acf-input\">\n<input type=\"hidden\" name=\"acf[field_63683272b6af3]\"\/><ul class=\"acf-radio-list acf-bl\" data-allow_null=\"0\" data-other_choice=\"0\"><li><label class=\"selected\"><input type=\"radio\" id=\"acf-field_63683272b6af3-new\" name=\"acf[field_63683272b6af3]\" value=\"new\" checked=\"checked\"\/>Nuevo<\/label><\/li><li><label><input type=\"radio\" id=\"acf-field_63683272b6af3-old\" name=\"acf[field_63683272b6af3]\" value=\"old\"\/>Existente<\/label><\/li><\/ul><\/div>\n<\/div>\n\r\n<div class=\"acf-field acf-field-select acf-field-6368508f4f589\" data-name=\"doctor\" data-type=\"select\" data-key=\"field_6368508f4f589\" data-conditions=\"[[{&quot;field&quot;:&quot;field_66e07b4ee9f49&quot;,&quot;operator&quot;:&quot;==empty&quot;}]]\">\n<div class=\"acf-label\">\n<label for=\"acf-field_6368508f4f589\">Nombre del m\u00e9dico (opcional)<\/label><\/div>\n<div class=\"acf-input\">\n<input type=\"hidden\" id=\"acf-field_6368508f4f589-input\" name=\"acf[field_6368508f4f589]\"\/><select id=\"acf-field_6368508f4f589\" class=\"\" name=\"acf[field_6368508f4f589]\" data-ui=\"1\" data-ajax=\"1\" data-multiple=\"0\" data-placeholder=\"Selecciona\" data-allow_null=\"0\" aria-label=\"Elija un proveedor por nombre\"><\/select><\/div>\n<\/div>\n\r\n<div class=\"acf-field acf-field-post-object acf-field-636832cd9d768\" data-name=\"ourlocation\" data-type=\"post_object\" data-key=\"field_636832cd9d768\">\n<div class=\"acf-label\">\n<label for=\"acf-field_636832cd9d768\">Localidad (optional)<\/label><\/div>\n<div class=\"acf-input\">\n<input type=\"hidden\" id=\"acf-field_636832cd9d768-input\" name=\"acf[field_636832cd9d768]\"\/><select id=\"acf-field_636832cd9d768\" class=\"\" name=\"acf[field_636832cd9d768]\" data-ui=\"1\" data-ajax=\"1\" data-multiple=\"0\" data-placeholder=\"Selecciona\" data-allow_null=\"0\"><\/select><\/div>\n<\/div>\n\r\n<div class=\"acf-field acf-field-date-time-picker acf-field-650b60da2e318\" data-name=\"datetime\" data-type=\"date_time_picker\" data-key=\"field_650b60da2e318\" data-conditions=\"[[{&quot;field&quot;:&quot;field_6503486b91d69&quot;,&quot;operator&quot;:&quot;==&quot;,&quot;value&quot;:&quot;acarpio@aliviomedicalcenter.org,ggutierrez@aliviomedicalcenter.org,mvgaribay@aliviomedicalcenter.org&quot;}]]\">\n<div class=\"acf-label\">\n<label for=\"acf-field_650b60da2e318\">Fecha y horario del evento<\/label><\/div>\n<div class=\"acf-input\">\n\t\t<div class=\"acf-date-time-picker acf-input-wrap\" data-date_format=\"MM d, yy \u2014\" data-time_format=\"h:mm tt\" data-first_day=\"1\">\n\t\t\t<input type=\"hidden\" id=\"acf-field_650b60da2e318\" class=\"input-alt\" name=\"acf[field_650b60da2e318]\" value=\"\"\/>\t\t\t<input type=\"text\" class=\"input\" value=\"\"\/>\t\t<\/div>\n\t\t\t<\/div>\n<\/div>\n\r\n<div class=\"acf-field acf-field-textarea acf-field-6785648834588\" data-name=\"comments2\" data-type=\"textarea\" data-key=\"field_6785648834588\" data-conditions=\"[[{&quot;field&quot;:&quot;field_6503486b91d69&quot;,&quot;operator&quot;:&quot;!=&quot;,&quot;value&quot;:&quot;mvgaribay@aliviomedicalcenter.org,morgan@alivio.org&quot;},{&quot;field&quot;:&quot;field_6503486b91d69&quot;,&quot;operator&quot;:&quot;!=&quot;,&quot;value&quot;:&quot;mvgaribay@aliviomedicalcenter.org&quot;}]]\">\n<div class=\"acf-label\">\n<label for=\"acf-field_6785648834588\">Comentarios<\/label><\/div>\n<div class=\"acf-input\">\n<textarea id=\"acf-field_6785648834588\" name=\"acf[field_6785648834588]\" rows=\"8\"><\/textarea><\/div>\n<\/div>\n\r\n<div class=\"acf-field acf-field-checkbox acf-field-636833237573b acfe-no-label\" data-name=\"covid\" data-type=\"checkbox\" data-key=\"field_636833237573b\" data-conditions=\"[[{&quot;field&quot;:&quot;field_66e07b4ee9f49&quot;,&quot;operator&quot;:&quot;==empty&quot;}]]\">\n<div class=\"acf-label\">\n<\/div>\n<div class=\"acf-input\">\n<input type=\"hidden\" name=\"acf[field_636833237573b]\"\/><ul class=\"acf-checkbox-list acf-bl\">\n<li><label><input type=\"checkbox\" id=\"acf-field_636833237573b-This-appointment-is-for-COVID-testing.\" name=\"acf[field_636833237573b][]\" value=\"This appointment is for COVID testing.\"\/> Esta cita es para la prueba de COVID.<\/label><\/li>\n<\/ul>\n<\/div>\n<\/div>\n\r\n<\/div>            <div class=\"acf-form-submit\">\r\n        \r\n                <input type=\"submit\" class=\"acf-button button button-primary button-large\" value=\"Enviar\" \/>                <span class=\"acf-spinner\"><\/span>\r\n            <\/div>\r\n            <\/form>\n\n<h2 class=\"wp-block-heading duotone\" id=\"request\">Pedir una <strong>cita<\/strong> <\/h2>\n\n<p><strong>Necesitaremos lo siguiente para su cita<strong>:<\/strong><\/strong><\/p>\n\n<ul class=\"wp-block-list\">\n<li>Identificaci\u00f3n del estado de Illinois o licencia de conducir<\/li>\n\n\n\n<li>Comprobante de ingresos de cualquier fuente (carta de concesi\u00f3n del Seguro Social, recibos de sueldo de los \u00faltimos 30 d\u00edas o declaraci\u00f3n de impuestos)<\/li>\n\n\n\n<li>Tarjeta de Seguro Social si corresponde<\/li>\n\n\n\n<li>Tarjeta de Residente Permanente (\u201ctarjeta verde\/green card\u201d) <em>si corresponde<\/em><\/li>\n<\/ul>\n\n<h3 class=\"wp-block-heading\" id=\"medicare\">Para beneficiarios de Medicare, tambi\u00e9n trae: <\/h3>\n\n<ul class=\"wp-block-list\">\n<li>Tarjeta Medicare<\/li>\n\n\n\n<li>Lista de nombres de medicamentos recetados y dosis \/ frecuencia de cada uno<\/li>\n\n\n\n<li>Comprobante de todas las cuentas bancarias.<\/li>\n<\/ul>\n<\/div>\n","protected":false},"excerpt":{"rendered":"<p>Desde 1989, Alivio Medical Center ha brindado acceso a atenci\u00f3n m\u00e9dica rentable y de calidad a las comunidades circundantes.<\/p>\n","protected":false},"author":1,"featured_media":1398,"parent":0,"menu_order":4,"comment_status":"closed","ping_status":"closed","template":"","meta":{"_relevanssi_hide_post":"","_relevanssi_hide_content":"","_relevanssi_pin_for_all":"","_relevanssi_pin_keywords":"","_relevanssi_unpin_keywords":"","_relevanssi_related_keywords":"","_relevanssi_related_include_ids":"","_relevanssi_related_exclude_ids":"","_relevanssi_related_no_append":"","_relevanssi_related_not_related":"","_relevanssi_related_posts":"651,647,638,644,654,660","_relevanssi_noindex_reason":"","footnotes":""},"categories":[],"class_list":["post-560","page","type-page","status-publish","has-post-thumbnail","hentry"],"translation":{"provider":"WPGlobus","version":"3.0.2","language":"es","enabled_languages":["en","es","zh"],"languages":{"en":{"title":true,"content":true,"excerpt":true},"es":{"title":true,"content":true,"excerpt":true},"zh":{"title":true,"content":true,"excerpt":false}}},"acf":[],"yoast_head":"<title>Pedir Una Cita &#8226; Centro M\u00e9dico Alivio<\/title>\n<meta name=\"robots\" content=\"index, follow, max-snippet:-1, max-image-preview:large, max-video-preview:-1\" \/>\n<link rel=\"canonical\" href=\"https:\/\/alivio.org\/appointment\/\" \/>\n<meta property=\"og:locale\" content=\"es_ES\" \/>\n<meta property=\"og:type\" content=\"article\" \/>\n<meta property=\"og:title\" content=\"Pedir Una Cita &#8226; Centro M\u00e9dico Alivio\" \/>\n<meta property=\"og:url\" content=\"https:\/\/alivio.org\/appointment\/\" \/>\n<meta property=\"og:site_name\" content=\"Centro M\u00e9dico Alivio\" \/>\n<meta property=\"article:publisher\" content=\"https:\/\/www.facebook.com\/AlivioChicago\/\" \/>\n<meta property=\"article:modified_time\" content=\"2025-10-27T22:15:24+00:00\" \/>\n<meta property=\"og:image\" content=\"https:\/\/alivio.imgix.net\/alivio_6907.jpg?fit=scale&h=853&ixlib=php-3.3.1&w=1280&wpsize=large\" \/>\n\t<meta property=\"og:image:width\" content=\"1280\" \/>\n\t<meta property=\"og:image:height\" content=\"853\" \/>\n\t<meta property=\"og:image:type\" content=\"image\/jpeg\" \/>\n<meta name=\"twitter:card\" content=\"summary_large_image\" \/>\n<script type=\"application\/ld+json\" class=\"yoast-schema-graph\">{\"@context\":\"https:\/\/schema.org\",\"@graph\":[{\"@type\":\"WebPage\",\"@id\":\"https:\/\/alivio.org\/appointment\/\",\"url\":\"https:\/\/alivio.org\/appointment\/\",\"name\":\"Pedir Una Cita &#8226; Centro M\u00e9dico Alivio\",\"isPartOf\":{\"@id\":\"https:\/\/alivio.org\/#website\"},\"primaryImageOfPage\":{\"@id\":\"https:\/\/alivio.org\/appointment\/#primaryimage\"},\"image\":{\"@id\":\"https:\/\/alivio.org\/appointment\/#primaryimage\"},\"thumbnailUrl\":\"https:\/\/alivio.imgix.net\/alivio_6907.jpg?ixlib=php-3.3.1\",\"datePublished\":\"2022-11-06T22:23:17+00:00\",\"dateModified\":\"2025-10-27T22:15:24+00:00\",\"description\":\"Desde 1989, Alivio Medical Center ha brindado acceso a atenci\u00f3n m\u00e9dica rentable y de calidad a las comunidades circundantes.\",\"breadcrumb\":{\"@id\":\"https:\/\/alivio.org\/appointment\/#breadcrumb\"},\"inLanguage\":\"es\",\"potentialAction\":[{\"@type\":\"ReadAction\",\"target\":[\"https:\/\/alivio.org\/appointment\/\"]}]},{\"@type\":\"ImageObject\",\"inLanguage\":\"es\",\"@id\":\"https:\/\/alivio.org\/appointment\/#primaryimage\",\"url\":\"https:\/\/alivio.imgix.net\/alivio_6907.jpg?ixlib=php-3.3.1\",\"contentUrl\":\"https:\/\/alivio.imgix.net\/alivio_6907.jpg?ixlib=php-3.3.1\",\"width\":1920,\"height\":1280},{\"@type\":\"BreadcrumbList\",\"@id\":\"https:\/\/alivio.org\/appointment\/#breadcrumb\",\"itemListElement\":[{\"@type\":\"ListItem\",\"position\":1,\"name\":\"Home\",\"item\":\"https:\/\/alivio.org\/\"},{\"@type\":\"ListItem\",\"position\":2,\"name\":\"Appointment\"}]},{\"@type\":\"WebSite\",\"@id\":\"https:\/\/alivio.org\/#website\",\"url\":\"https:\/\/alivio.org\/\",\"name\":\"Centro M\u00e9dico Alivio\",\"description\":\"Una Presencia Activa para una Comunidad Fuerte\",\"publisher\":{\"@id\":\"https:\/\/alivio.org\/#organization\"},\"potentialAction\":[{\"@type\":\"SearchAction\",\"target\":{\"@type\":\"EntryPoint\",\"urlTemplate\":\"https:\/\/alivio.org\/?s={search_term_string}\"},\"query-input\":{\"@type\":\"PropertyValueSpecification\",\"valueRequired\":true,\"valueName\":\"search_term_string\"}}],\"inLanguage\":\"es\"},{\"@type\":\"Organization\",\"@id\":\"https:\/\/alivio.org\/#organization\",\"name\":\"Centro M\u00e9dico Alivio\",\"url\":\"https:\/\/alivio.org\/\",\"logo\":{\"@type\":\"ImageObject\",\"inLanguage\":\"es\",\"@id\":\"https:\/\/alivio.org\/#\/schema\/logo\/image\/\",\"url\":\"https:\/\/alivio.imgix.net\/logo_full.png?ixlib=php-3.3.1\",\"contentUrl\":\"https:\/\/alivio.imgix.net\/logo_full.png?ixlib=php-3.3.1\",\"width\":354,\"height\":78,\"caption\":\"Centro M\u00e9dico Alivio\"},\"image\":{\"@id\":\"https:\/\/alivio.org\/#\/schema\/logo\/image\/\"},\"sameAs\":[\"https:\/\/www.facebook.com\/AlivioChicago\/\",\"https:\/\/www.linkedin.com\/company\/alivio-medical-center-inc-\"]}]}<\/script>","yoast_head_json":{"title":"Pedir Una Cita &#8226; Centro M\u00e9dico Alivio","robots":{"index":"index","follow":"follow","max-snippet":"max-snippet:-1","max-image-preview":"max-image-preview:large","max-video-preview":"max-video-preview:-1"},"canonical":"https:\/\/alivio.org\/appointment\/","og_locale":"es_ES","og_type":"article","og_title":"Pedir Una Cita &#8226; Centro M\u00e9dico Alivio","og_url":"https:\/\/alivio.org\/appointment\/","og_site_name":"Centro M\u00e9dico Alivio","article_publisher":"https:\/\/www.facebook.com\/AlivioChicago\/","article_modified_time":"2025-10-27T22:15:24+00:00","og_image":[{"width":1280,"height":853,"url":"https:\/\/alivio.imgix.net\/alivio_6907.jpg?fit=scale&h=853&ixlib=php-3.3.1&w=1280&wpsize=large","type":"image\/jpeg"}],"twitter_card":"summary_large_image","schema":{"@context":"https:\/\/schema.org","@graph":[{"@type":"WebPage","@id":"https:\/\/alivio.org\/appointment\/","url":"https:\/\/alivio.org\/appointment\/","name":"Pedir Una Cita &#8226; Centro M\u00e9dico Alivio","isPartOf":{"@id":"https:\/\/alivio.org\/#website"},"primaryImageOfPage":{"@id":"https:\/\/alivio.org\/appointment\/#primaryimage"},"image":{"@id":"https:\/\/alivio.org\/appointment\/#primaryimage"},"thumbnailUrl":"https:\/\/alivio.imgix.net\/alivio_6907.jpg?ixlib=php-3.3.1","datePublished":"2022-11-06T22:23:17+00:00","dateModified":"2025-10-27T22:15:24+00:00","description":"Desde 1989, Alivio Medical Center ha brindado acceso a atenci\u00f3n m\u00e9dica rentable y de calidad a las comunidades circundantes.","breadcrumb":{"@id":"https:\/\/alivio.org\/appointment\/#breadcrumb"},"inLanguage":"es","potentialAction":[{"@type":"ReadAction","target":["https:\/\/alivio.org\/appointment\/"]}]},{"@type":"ImageObject","inLanguage":"es","@id":"https:\/\/alivio.org\/appointment\/#primaryimage","url":"https:\/\/alivio.imgix.net\/alivio_6907.jpg?ixlib=php-3.3.1","contentUrl":"https:\/\/alivio.imgix.net\/alivio_6907.jpg?ixlib=php-3.3.1","width":1920,"height":1280},{"@type":"BreadcrumbList","@id":"https:\/\/alivio.org\/appointment\/#breadcrumb","itemListElement":[{"@type":"ListItem","position":1,"name":"Home","item":"https:\/\/alivio.org\/"},{"@type":"ListItem","position":2,"name":"Appointment"}]},{"@type":"WebSite","@id":"https:\/\/alivio.org\/#website","url":"https:\/\/alivio.org\/","name":"Centro M\u00e9dico Alivio","description":"Una Presencia Activa para una Comunidad Fuerte","publisher":{"@id":"https:\/\/alivio.org\/#organization"},"potentialAction":[{"@type":"SearchAction","target":{"@type":"EntryPoint","urlTemplate":"https:\/\/alivio.org\/?s={search_term_string}"},"query-input":{"@type":"PropertyValueSpecification","valueRequired":true,"valueName":"search_term_string"}}],"inLanguage":"es"},{"@type":"Organization","@id":"https:\/\/alivio.org\/#organization","name":"Centro M\u00e9dico Alivio","url":"https:\/\/alivio.org\/","logo":{"@type":"ImageObject","inLanguage":"es","@id":"https:\/\/alivio.org\/#\/schema\/logo\/image\/","url":"https:\/\/alivio.imgix.net\/logo_full.png?ixlib=php-3.3.1","contentUrl":"https:\/\/alivio.imgix.net\/logo_full.png?ixlib=php-3.3.1","width":354,"height":78,"caption":"Centro M\u00e9dico Alivio"},"image":{"@id":"https:\/\/alivio.org\/#\/schema\/logo\/image\/"},"sameAs":["https:\/\/www.facebook.com\/AlivioChicago\/","https:\/\/www.linkedin.com\/company\/alivio-medical-center-inc-"]}]}},"jetpack_sharing_enabled":true,"publishpress_future_workflow_manual_trigger":{"enabledWorkflows":[]},"_links":{"self":[{"href":"https:\/\/alivio.org\/es\/wp-json\/wp\/v2\/pages\/560","targetHints":{"allow":["GET"]}}],"collection":[{"href":"https:\/\/alivio.org\/es\/wp-json\/wp\/v2\/pages"}],"about":[{"href":"https:\/\/alivio.org\/es\/wp-json\/wp\/v2\/types\/page"}],"author":[{"embeddable":true,"href":"https:\/\/alivio.org\/es\/wp-json\/wp\/v2\/users\/1"}],"replies":[{"embeddable":true,"href":"https:\/\/alivio.org\/es\/wp-json\/wp\/v2\/comments?post=560"}],"version-history":[{"count":81,"href":"https:\/\/alivio.org\/es\/wp-json\/wp\/v2\/pages\/560\/revisions"}],"predecessor-version":[{"id":7005,"href":"https:\/\/alivio.org\/es\/wp-json\/wp\/v2\/pages\/560\/revisions\/7005"}],"wp:featuredmedia":[{"embeddable":true,"href":"https:\/\/alivio.org\/es\/wp-json\/wp\/v2\/media\/1398"}],"wp:attachment":[{"href":"https:\/\/alivio.org\/es\/wp-json\/wp\/v2\/media?parent=560"}],"wp:term":[{"taxonomy":"category","embeddable":true,"href":"https:\/\/alivio.org\/es\/wp-json\/wp\/v2\/categories?post=560"}],"curies":[{"name":"wp","href":"https:\/\/api.w.org\/{rel}","templated":true}]}}