{"id":6187,"date":"2025-01-17T17:10:08","date_gmt":"2025-01-17T23:10:08","guid":{"rendered":"https:\/\/alivio.org\/?page_id=6187"},"modified":"2025-01-28T11:01:59","modified_gmt":"2025-01-28T17:01:59","slug":"privacy","status":"publish","type":"page","link":"https:\/\/alivio.org\/es\/privacy\/","title":{"rendered":"Atenci\u00f3n Confidencial"},"content":{"rendered":"\n<p>Damos la bienvenida y protegemos a todos, independientemente de su estatus migratorio. Centro M\u00e9dico Alivio es un refugio de atenci\u00f3n m\u00e9dica para todos nuestros pacientes, independientemente de su estado migratorio, antecedentes o circunstancias.<\/p>\n\n\n\n<p>No compartimos informaci\u00f3n personal con nadie, incluidas las fuerzas del orden de inmigraci\u00f3n.<\/p>\n\n\n\n<p>Todas las personas deben conocer sus derechos, independientemente de su estatus migratorio.<\/p>\n\n\n\n<h2 class=\"wp-block-heading\">Recursos<\/h2>\n\n\n\n<ul class=\"wp-block-list\">\n<li><a href=\"https:\/\/illinoisattorneygeneral.gov\/Page-Attachments\/ImmigrantsKnowYourRightsSpanish.pdf\">Conozca Sus Derechos<\/a><\/li>\n\n\n\n<li><a href=\"https:\/\/illinoisattorneygeneral.gov\/Page-Attachments\/ImmigrantsKnowYourRightsEnglish.pdf\">Know Your Rights<\/a><\/li>\n\n\n\n<li><a href=\"https:\/\/dhr.illinois.gov\/\">Departamento de Derechos Humanos de Illinois<\/a><\/li>\n\n\n\n<li><a href=\"https:\/\/www.ilrc.org\/\">Centro de Recursos Legales para Inmigrantes<\/a><\/li>\n\n\n\n<li><a href=\"https:\/\/www.ilrc.org\/red-cards-tarjetas-rojas\">Conozca sus derechos (Tarjetas rojas imprimibles)<\/a><\/li>\n\n\n\n<li><a href=\"https:\/\/consulmex.sre.gob.mx\/chicago\/index.php\/proteccion\/detencion-migratoria\">Orientaci\u00f3n General Sobre Procesos Jur\u00eddicos y Administrativos<\/a><\/li>\n\n\n\n<li><a href=\"https:\/\/immigrantjustice.org\/es\/servicios-legales-de-inmigracion\">Centro Nacional de Justicia para Inmigrantes<\/a><\/li>\n<\/ul>\n","protected":false},"excerpt":{"rendered":"<p>Damos la bienvenida y protegemos a todos, independientemente de su estatus migratorio. Centro M\u00e9dico Alivio es un refugio de atenci\u00f3n m\u00e9dica para todos nuestros pacientes, independientemente de su estado migratorio, antecedentes o circunstancias. No compartimos informaci\u00f3n personal con nadie, incluidas las fuerzas del orden de inmigraci\u00f3n. Todas las personas deben conocer sus derechos, independientemente de&#8230;<\/p>\n","protected":false},"author":1,"featured_media":0,"parent":0,"menu_order":0,"comment_status":"closed","ping_status":"closed","template":"","meta":{"_relevanssi_hide_post":"","_relevanssi_hide_content":"","_relevanssi_pin_for_all":"","_relevanssi_pin_keywords":"","_relevanssi_unpin_keywords":"","_relevanssi_related_keywords":"","_relevanssi_related_include_ids":"","_relevanssi_related_exclude_ids":"","_relevanssi_related_no_append":"","_relevanssi_related_not_related":"","_relevanssi_related_posts":"4802,743,2214,5133,663,722","_relevanssi_noindex_reason":"","footnotes":""},"categories":[],"class_list":["post-6187","page","type-page","status-publish","hentry"],"translation":{"provider":"WPGlobus","version":"3.0.2","language":"es","enabled_languages":["en","es","zh"],"languages":{"en":{"title":true,"content":true,"excerpt":false},"es":{"title":true,"content":true,"excerpt":false},"zh":{"title":true,"content":true,"excerpt":false}}},"acf":[],"yoast_head":"<title>Atenci\u00f3n Confidencial &#8226; Centro M\u00e9dico Alivio<\/title>\n<meta name=\"robots\" content=\"index, follow, max-snippet:-1, max-image-preview:large, max-video-preview:-1\" \/>\n<link rel=\"canonical\" href=\"https:\/\/alivio.org\/privacy\/\" \/>\n<meta property=\"og:locale\" content=\"es_ES\" \/>\n<meta property=\"og:type\" content=\"article\" \/>\n<meta property=\"og:title\" content=\"Atenci\u00f3n Confidencial &#8226; Centro M\u00e9dico Alivio\" \/>\n<meta property=\"og:url\" content=\"https:\/\/alivio.org\/privacy\/\" \/>\n<meta property=\"og:site_name\" content=\"Centro M\u00e9dico Alivio\" \/>\n<meta property=\"article:publisher\" content=\"https:\/\/www.facebook.com\/AlivioChicago\/\" \/>\n<meta property=\"article:modified_time\" content=\"2025-01-28T17:01:59+00:00\" \/>\n<meta name=\"twitter:card\" content=\"summary_large_image\" \/>\n<script type=\"application\/ld+json\" class=\"yoast-schema-graph\">{\"@context\":\"https:\/\/schema.org\",\"@graph\":[{\"@type\":\"WebPage\",\"@id\":\"https:\/\/alivio.org\/privacy\/\",\"url\":\"https:\/\/alivio.org\/privacy\/\",\"name\":\"Atenci\u00f3n Confidencial &#8226; Centro M\u00e9dico Alivio\",\"isPartOf\":{\"@id\":\"https:\/\/alivio.org\/#website\"},\"datePublished\":\"2025-01-17T23:10:08+00:00\",\"dateModified\":\"2025-01-28T17:01:59+00:00\",\"description\":\"{:en} We welcome and protect everyone, regardless of immigration status. Alivio Medical Center is a healthcare haven for all our patients\u2014regardless of\",\"breadcrumb\":{\"@id\":\"https:\/\/alivio.org\/privacy\/#breadcrumb\"},\"inLanguage\":\"es\",\"potentialAction\":[{\"@type\":\"ReadAction\",\"target\":[\"https:\/\/alivio.org\/privacy\/\"]}]},{\"@type\":\"BreadcrumbList\",\"@id\":\"https:\/\/alivio.org\/privacy\/#breadcrumb\",\"itemListElement\":[{\"@type\":\"ListItem\",\"position\":1,\"name\":\"Home\",\"item\":\"https:\/\/alivio.org\/\"},{\"@type\":\"ListItem\",\"position\":2,\"name\":\"Confidential Care\"}]},{\"@type\":\"WebSite\",\"@id\":\"https:\/\/alivio.org\/#website\",\"url\":\"https:\/\/alivio.org\/\",\"name\":\"Centro M\u00e9dico Alivio\",\"description\":\"Una Presencia Activa para una Comunidad Fuerte\",\"publisher\":{\"@id\":\"https:\/\/alivio.org\/#organization\"},\"potentialAction\":[{\"@type\":\"SearchAction\",\"target\":{\"@type\":\"EntryPoint\",\"urlTemplate\":\"https:\/\/alivio.org\/?s={search_term_string}\"},\"query-input\":{\"@type\":\"PropertyValueSpecification\",\"valueRequired\":true,\"valueName\":\"search_term_string\"}}],\"inLanguage\":\"es\"},{\"@type\":\"Organization\",\"@id\":\"https:\/\/alivio.org\/#organization\",\"name\":\"Centro M\u00e9dico Alivio\",\"url\":\"https:\/\/alivio.org\/\",\"logo\":{\"@type\":\"ImageObject\",\"inLanguage\":\"es\",\"@id\":\"https:\/\/alivio.org\/#\/schema\/logo\/image\/\",\"url\":\"https:\/\/alivio.imgix.net\/logo_full.png?ixlib=php-3.3.1\",\"contentUrl\":\"https:\/\/alivio.imgix.net\/logo_full.png?ixlib=php-3.3.1\",\"width\":354,\"height\":78,\"caption\":\"Centro M\u00e9dico Alivio\"},\"image\":{\"@id\":\"https:\/\/alivio.org\/#\/schema\/logo\/image\/\"},\"sameAs\":[\"https:\/\/www.facebook.com\/AlivioChicago\/\",\"https:\/\/www.linkedin.com\/company\/alivio-medical-center-inc-\"]}]}<\/script>","yoast_head_json":{"title":"Atenci\u00f3n Confidencial &#8226; Centro M\u00e9dico Alivio","robots":{"index":"index","follow":"follow","max-snippet":"max-snippet:-1","max-image-preview":"max-image-preview:large","max-video-preview":"max-video-preview:-1"},"canonical":"https:\/\/alivio.org\/privacy\/","og_locale":"es_ES","og_type":"article","og_title":"Atenci\u00f3n Confidencial &#8226; Centro M\u00e9dico Alivio","og_url":"https:\/\/alivio.org\/privacy\/","og_site_name":"Centro M\u00e9dico Alivio","article_publisher":"https:\/\/www.facebook.com\/AlivioChicago\/","article_modified_time":"2025-01-28T17:01:59+00:00","twitter_card":"summary_large_image","schema":{"@context":"https:\/\/schema.org","@graph":[{"@type":"WebPage","@id":"https:\/\/alivio.org\/privacy\/","url":"https:\/\/alivio.org\/privacy\/","name":"Atenci\u00f3n Confidencial &#8226; Centro M\u00e9dico Alivio","isPartOf":{"@id":"https:\/\/alivio.org\/#website"},"datePublished":"2025-01-17T23:10:08+00:00","dateModified":"2025-01-28T17:01:59+00:00","description":"{:en} We welcome and protect everyone, regardless of immigration status. Alivio Medical Center is a healthcare haven for all our patients\u2014regardless of","breadcrumb":{"@id":"https:\/\/alivio.org\/privacy\/#breadcrumb"},"inLanguage":"es","potentialAction":[{"@type":"ReadAction","target":["https:\/\/alivio.org\/privacy\/"]}]},{"@type":"BreadcrumbList","@id":"https:\/\/alivio.org\/privacy\/#breadcrumb","itemListElement":[{"@type":"ListItem","position":1,"name":"Home","item":"https:\/\/alivio.org\/"},{"@type":"ListItem","position":2,"name":"Confidential Care"}]},{"@type":"WebSite","@id":"https:\/\/alivio.org\/#website","url":"https:\/\/alivio.org\/","name":"Centro M\u00e9dico Alivio","description":"Una Presencia Activa para una Comunidad Fuerte","publisher":{"@id":"https:\/\/alivio.org\/#organization"},"potentialAction":[{"@type":"SearchAction","target":{"@type":"EntryPoint","urlTemplate":"https:\/\/alivio.org\/?s={search_term_string}"},"query-input":{"@type":"PropertyValueSpecification","valueRequired":true,"valueName":"search_term_string"}}],"inLanguage":"es"},{"@type":"Organization","@id":"https:\/\/alivio.org\/#organization","name":"Centro M\u00e9dico Alivio","url":"https:\/\/alivio.org\/","logo":{"@type":"ImageObject","inLanguage":"es","@id":"https:\/\/alivio.org\/#\/schema\/logo\/image\/","url":"https:\/\/alivio.imgix.net\/logo_full.png?ixlib=php-3.3.1","contentUrl":"https:\/\/alivio.imgix.net\/logo_full.png?ixlib=php-3.3.1","width":354,"height":78,"caption":"Centro M\u00e9dico Alivio"},"image":{"@id":"https:\/\/alivio.org\/#\/schema\/logo\/image\/"},"sameAs":["https:\/\/www.facebook.com\/AlivioChicago\/","https:\/\/www.linkedin.com\/company\/alivio-medical-center-inc-"]}]}},"jetpack_sharing_enabled":true,"publishpress_future_workflow_manual_trigger":{"enabledWorkflows":[]},"_links":{"self":[{"href":"https:\/\/alivio.org\/es\/wp-json\/wp\/v2\/pages\/6187","targetHints":{"allow":["GET"]}}],"collection":[{"href":"https:\/\/alivio.org\/es\/wp-json\/wp\/v2\/pages"}],"about":[{"href":"https:\/\/alivio.org\/es\/wp-json\/wp\/v2\/types\/page"}],"author":[{"embeddable":true,"href":"https:\/\/alivio.org\/es\/wp-json\/wp\/v2\/users\/1"}],"replies":[{"embeddable":true,"href":"https:\/\/alivio.org\/es\/wp-json\/wp\/v2\/comments?post=6187"}],"version-history":[{"count":13,"href":"https:\/\/alivio.org\/es\/wp-json\/wp\/v2\/pages\/6187\/revisions"}],"predecessor-version":[{"id":6219,"href":"https:\/\/alivio.org\/es\/wp-json\/wp\/v2\/pages\/6187\/revisions\/6219"}],"wp:attachment":[{"href":"https:\/\/alivio.org\/es\/wp-json\/wp\/v2\/media?parent=6187"}],"wp:term":[{"taxonomy":"category","embeddable":true,"href":"https:\/\/alivio.org\/es\/wp-json\/wp\/v2\/categories?post=6187"}],"curies":[{"name":"wp","href":"https:\/\/api.w.org\/{rel}","templated":true}]}}