{"id":635,"date":"2022-04-05T23:30:53","date_gmt":"2022-04-05T23:30:53","guid":{"rendered":"https:\/\/alivio.org\/?p=635"},"modified":"2024-06-25T14:20:34","modified_gmt":"2024-06-25T19:20:34","slug":"ypb","status":"publish","type":"page","link":"https:\/\/alivio.org\/es\/acerca\/ypb\/","title":{"rendered":"J\u00f3venes Profesionales de Alivio"},"content":{"rendered":"\n<h2 class=\"wp-block-heading\">La Junta De J\u00f3venes Profesionales (YPB)<\/h2>\n\n\n\n<p>La misi\u00f3n de la Junta de J\u00f3venes Profesionales es ayudar a Alivio a avanzar en su misi\u00f3n y alcanzar sus objetivos aumentando la conciencia, recaudando fondos y aumentando el apoyo general a la organizaci\u00f3n. \u00bfEs usted un joven profesional que busca involucrarse en su comunidad? \u00bfO conoces a alguien que estar\u00eda interesado? Ay\u00fadanos a encontrar j\u00f3venes profesionales incre\u00edbles interesados \u200b\u200ben amplificar nuestro buen trabajo compartiendo esta informaci\u00f3n con tu red y en tus p\u00e1ginas sociales. S\u00edguenos en <a href=\"https:\/\/www.instagram.com\/alivioypb\/\">Instagram<\/a>. <a href=\"mailto:CSANDOVAL@ALIVIOMEDICALCENTER.ORG\">Env\u00ede un correo electr\u00f3nico a Cristina Sandoval<\/a> para obtener m\u00e1s informaci\u00f3n o para enviarnos su <a href=\"\/files\/ypb\">solicitud<\/a>.<\/p>\n\n\n\n<h3 class=\"wp-block-heading\">Expectavias De Los Miembros<\/h3>\n\n\n\n<ul class=\"wp-block-list\">\n<li>Cada candidato deber\u00e1 preparar y presentar una solicitud de membres\u00eda; cada solicitud ser\u00e1 revisada y aprobada por la Junta de J\u00f3venes Profesionales (YPB) y la Junta Directiva (BOD).<\/li>\n\n\n\n<li>Los miembros servir\u00e1n por un m\u00ednimo de 2 a\u00f1os.<\/li>\n\n\n\n<li>Proporcionar liderazgo y ser voluntario para al menos un evento de Alivio por a\u00f1o<\/li>\n\n\n\n<li>Presentar a compa\u00f1eros a Alivio: aumentar la conciencia de Alivio y su misi\u00f3n<\/li>\n\n\n\n<li>Solicitar art\u00edculos de subasta\/donaciones para los eventos de Alivio<\/li>\n<\/ul>\n\n\n\n<h3 class=\"wp-block-heading\">Beneficios Del Miembro<\/h3>\n\n\n\n<ul class=\"wp-block-list\">\n<li>Forma parte de la familia Alivio<\/li>\n\n\n\n<li>Oportunidades de networking con la Junta Ejecutiva de Alivio<\/li>\n\n\n\n<li>Invitaci\u00f3n a eventos especiales<\/li>\n\n\n\n<li>Reconocimiento en la web de Alivio<\/li>\n<\/ul>\n\n\n\n<h3 class=\"wp-block-heading\">Compromiso De Tiempo<\/h3>\n\n\n\n<ul class=\"wp-block-list\">\n<li>Participar en las reuniones de miembros (seis reuniones al a\u00f1o, ya sea en persona o virtualmente).<\/li>\n\n\n\n<li>La Junta de J\u00f3venes Profesionales se reunir\u00e1 el primer jueves de cada mes y los miembros no pueden faltar a m\u00e1s de dos reuniones en un a\u00f1o calendario.<\/li>\n\n\n\n<li>Se agregaron reuniones adicionales, seg\u00fan sea necesario, que conducen a grandes eventos.<\/li>\n<\/ul>\n","protected":false},"excerpt":{"rendered":"<p>Ay\u00fadanos a encontrar j\u00f3venes profesionales incre\u00edbles interesados \u200b\u200ben amplificar nuestro buen trabajo compartiendo esta informaci\u00f3n con tu red.<\/p>\n","protected":false},"author":1,"featured_media":3109,"parent":92,"menu_order":2,"comment_status":"closed","ping_status":"closed","template":"","meta":{"_relevanssi_hide_post":"","_relevanssi_hide_content":"","_relevanssi_pin_for_all":"","_relevanssi_pin_keywords":"","_relevanssi_unpin_keywords":"","_relevanssi_related_keywords":"","_relevanssi_related_include_ids":"","_relevanssi_related_exclude_ids":"","_relevanssi_related_no_append":"","_relevanssi_related_not_related":"","_relevanssi_related_posts":"633,630,628","_relevanssi_noindex_reason":"","footnotes":""},"categories":[],"class_list":["post-635","page","type-page","status-publish","has-post-thumbnail","hentry"],"translation":{"provider":"WPGlobus","version":"3.0.2","language":"es","enabled_languages":["en","es","zh"],"languages":{"en":{"title":true,"content":true,"excerpt":true},"es":{"title":true,"content":true,"excerpt":true},"zh":{"title":true,"content":true,"excerpt":false}}},"acf":[],"yoast_head":"<title>J\u00f3venes Profesionales de Alivio &#8226; Centro M\u00e9dico Alivio<\/title>\n<meta name=\"robots\" content=\"index, follow, max-snippet:-1, max-image-preview:large, max-video-preview:-1\" \/>\n<link rel=\"canonical\" href=\"https:\/\/alivio.org\/about\/ypb\/\" \/>\n<meta property=\"og:locale\" content=\"es_ES\" \/>\n<meta property=\"og:type\" content=\"article\" \/>\n<meta property=\"og:title\" content=\"J\u00f3venes Profesionales de Alivio &#8226; Centro M\u00e9dico Alivio\" \/>\n<meta property=\"og:url\" content=\"https:\/\/alivio.org\/about\/ypb\/\" \/>\n<meta property=\"og:site_name\" content=\"Centro M\u00e9dico Alivio\" \/>\n<meta property=\"article:publisher\" content=\"https:\/\/www.facebook.com\/AlivioChicago\/\" \/>\n<meta property=\"article:modified_time\" content=\"2024-06-25T19:20:34+00:00\" \/>\n<meta property=\"og:image\" content=\"https:\/\/alivio.imgix.net\/ypb.jpg?ixlib=php-3.3.1\" \/>\n\t<meta property=\"og:image:width\" content=\"2048\" \/>\n\t<meta property=\"og:image:height\" content=\"1536\" \/>\n\t<meta property=\"og:image:type\" content=\"image\/jpeg\" \/>\n<meta name=\"twitter:card\" content=\"summary_large_image\" \/>\n<script type=\"application\/ld+json\" class=\"yoast-schema-graph\">{\"@context\":\"https:\/\/schema.org\",\"@graph\":[{\"@type\":\"WebPage\",\"@id\":\"https:\/\/alivio.org\/about\/ypb\/\",\"url\":\"https:\/\/alivio.org\/about\/ypb\/\",\"name\":\"J\u00f3venes Profesionales de Alivio &#8226; Centro M\u00e9dico Alivio\",\"isPartOf\":{\"@id\":\"https:\/\/alivio.org\/#website\"},\"primaryImageOfPage\":{\"@id\":\"https:\/\/alivio.org\/about\/ypb\/#primaryimage\"},\"image\":{\"@id\":\"https:\/\/alivio.org\/about\/ypb\/#primaryimage\"},\"thumbnailUrl\":\"https:\/\/alivio.imgix.net\/ypb.jpg?ixlib=php-3.3.1\",\"datePublished\":\"2022-04-05T23:30:53+00:00\",\"dateModified\":\"2024-06-25T19:20:34+00:00\",\"description\":\"Ay\u00fadanos a encontrar j\u00f3venes profesionales incre\u00edbles interesados \u200b\u200ben amplificar nuestro buen trabajo compartiendo esta informaci\u00f3n con tu red.\",\"breadcrumb\":{\"@id\":\"https:\/\/alivio.org\/about\/ypb\/#breadcrumb\"},\"inLanguage\":\"es\",\"potentialAction\":[{\"@type\":\"ReadAction\",\"target\":[\"https:\/\/alivio.org\/about\/ypb\/\"]}]},{\"@type\":\"ImageObject\",\"inLanguage\":\"es\",\"@id\":\"https:\/\/alivio.org\/about\/ypb\/#primaryimage\",\"url\":\"https:\/\/alivio.imgix.net\/ypb.jpg?ixlib=php-3.3.1\",\"contentUrl\":\"https:\/\/alivio.imgix.net\/ypb.jpg?ixlib=php-3.3.1\",\"width\":2048,\"height\":1536,\"caption\":\"Young Professionals Board\"},{\"@type\":\"BreadcrumbList\",\"@id\":\"https:\/\/alivio.org\/about\/ypb\/#breadcrumb\",\"itemListElement\":[{\"@type\":\"ListItem\",\"position\":1,\"name\":\"Home\",\"item\":\"https:\/\/alivio.org\/\"},{\"@type\":\"ListItem\",\"position\":2,\"name\":\"About\",\"item\":\"https:\/\/alivio.org\/about\/\"},{\"@type\":\"ListItem\",\"position\":3,\"name\":\"Young Professionals Board\"}]},{\"@type\":\"WebSite\",\"@id\":\"https:\/\/alivio.org\/#website\",\"url\":\"https:\/\/alivio.org\/\",\"name\":\"Centro M\u00e9dico Alivio\",\"description\":\"Una Presencia Activa para una Comunidad Fuerte\",\"publisher\":{\"@id\":\"https:\/\/alivio.org\/#organization\"},\"potentialAction\":[{\"@type\":\"SearchAction\",\"target\":{\"@type\":\"EntryPoint\",\"urlTemplate\":\"https:\/\/alivio.org\/?s={search_term_string}\"},\"query-input\":{\"@type\":\"PropertyValueSpecification\",\"valueRequired\":true,\"valueName\":\"search_term_string\"}}],\"inLanguage\":\"es\"},{\"@type\":\"Organization\",\"@id\":\"https:\/\/alivio.org\/#organization\",\"name\":\"Centro M\u00e9dico Alivio\",\"url\":\"https:\/\/alivio.org\/\",\"logo\":{\"@type\":\"ImageObject\",\"inLanguage\":\"es\",\"@id\":\"https:\/\/alivio.org\/#\/schema\/logo\/image\/\",\"url\":\"https:\/\/alivio.imgix.net\/logo_full.png?ixlib=php-3.3.1\",\"contentUrl\":\"https:\/\/alivio.imgix.net\/logo_full.png?ixlib=php-3.3.1\",\"width\":354,\"height\":78,\"caption\":\"Centro M\u00e9dico Alivio\"},\"image\":{\"@id\":\"https:\/\/alivio.org\/#\/schema\/logo\/image\/\"},\"sameAs\":[\"https:\/\/www.facebook.com\/AlivioChicago\/\",\"https:\/\/www.linkedin.com\/company\/alivio-medical-center-inc-\"]}]}<\/script>","yoast_head_json":{"title":"J\u00f3venes Profesionales de Alivio &#8226; Centro M\u00e9dico Alivio","robots":{"index":"index","follow":"follow","max-snippet":"max-snippet:-1","max-image-preview":"max-image-preview:large","max-video-preview":"max-video-preview:-1"},"canonical":"https:\/\/alivio.org\/about\/ypb\/","og_locale":"es_ES","og_type":"article","og_title":"J\u00f3venes Profesionales de Alivio &#8226; Centro M\u00e9dico Alivio","og_url":"https:\/\/alivio.org\/about\/ypb\/","og_site_name":"Centro M\u00e9dico Alivio","article_publisher":"https:\/\/www.facebook.com\/AlivioChicago\/","article_modified_time":"2024-06-25T19:20:34+00:00","og_image":[{"width":2048,"height":1536,"url":"https:\/\/alivio.imgix.net\/ypb.jpg?ixlib=php-3.3.1","type":"image\/jpeg"}],"twitter_card":"summary_large_image","schema":{"@context":"https:\/\/schema.org","@graph":[{"@type":"WebPage","@id":"https:\/\/alivio.org\/about\/ypb\/","url":"https:\/\/alivio.org\/about\/ypb\/","name":"J\u00f3venes Profesionales de Alivio &#8226; Centro M\u00e9dico Alivio","isPartOf":{"@id":"https:\/\/alivio.org\/#website"},"primaryImageOfPage":{"@id":"https:\/\/alivio.org\/about\/ypb\/#primaryimage"},"image":{"@id":"https:\/\/alivio.org\/about\/ypb\/#primaryimage"},"thumbnailUrl":"https:\/\/alivio.imgix.net\/ypb.jpg?ixlib=php-3.3.1","datePublished":"2022-04-05T23:30:53+00:00","dateModified":"2024-06-25T19:20:34+00:00","description":"Ay\u00fadanos a encontrar j\u00f3venes profesionales incre\u00edbles interesados \u200b\u200ben amplificar nuestro buen trabajo compartiendo esta informaci\u00f3n con tu red.","breadcrumb":{"@id":"https:\/\/alivio.org\/about\/ypb\/#breadcrumb"},"inLanguage":"es","potentialAction":[{"@type":"ReadAction","target":["https:\/\/alivio.org\/about\/ypb\/"]}]},{"@type":"ImageObject","inLanguage":"es","@id":"https:\/\/alivio.org\/about\/ypb\/#primaryimage","url":"https:\/\/alivio.imgix.net\/ypb.jpg?ixlib=php-3.3.1","contentUrl":"https:\/\/alivio.imgix.net\/ypb.jpg?ixlib=php-3.3.1","width":2048,"height":1536,"caption":"Young Professionals Board"},{"@type":"BreadcrumbList","@id":"https:\/\/alivio.org\/about\/ypb\/#breadcrumb","itemListElement":[{"@type":"ListItem","position":1,"name":"Home","item":"https:\/\/alivio.org\/"},{"@type":"ListItem","position":2,"name":"About","item":"https:\/\/alivio.org\/about\/"},{"@type":"ListItem","position":3,"name":"Young Professionals Board"}]},{"@type":"WebSite","@id":"https:\/\/alivio.org\/#website","url":"https:\/\/alivio.org\/","name":"Centro M\u00e9dico Alivio","description":"Una Presencia Activa para una Comunidad Fuerte","publisher":{"@id":"https:\/\/alivio.org\/#organization"},"potentialAction":[{"@type":"SearchAction","target":{"@type":"EntryPoint","urlTemplate":"https:\/\/alivio.org\/?s={search_term_string}"},"query-input":{"@type":"PropertyValueSpecification","valueRequired":true,"valueName":"search_term_string"}}],"inLanguage":"es"},{"@type":"Organization","@id":"https:\/\/alivio.org\/#organization","name":"Centro M\u00e9dico Alivio","url":"https:\/\/alivio.org\/","logo":{"@type":"ImageObject","inLanguage":"es","@id":"https:\/\/alivio.org\/#\/schema\/logo\/image\/","url":"https:\/\/alivio.imgix.net\/logo_full.png?ixlib=php-3.3.1","contentUrl":"https:\/\/alivio.imgix.net\/logo_full.png?ixlib=php-3.3.1","width":354,"height":78,"caption":"Centro M\u00e9dico Alivio"},"image":{"@id":"https:\/\/alivio.org\/#\/schema\/logo\/image\/"},"sameAs":["https:\/\/www.facebook.com\/AlivioChicago\/","https:\/\/www.linkedin.com\/company\/alivio-medical-center-inc-"]}]}},"jetpack_sharing_enabled":true,"publishpress_future_workflow_manual_trigger":{"enabledWorkflows":[]},"_links":{"self":[{"href":"https:\/\/alivio.org\/es\/wp-json\/wp\/v2\/pages\/635","targetHints":{"allow":["GET"]}}],"collection":[{"href":"https:\/\/alivio.org\/es\/wp-json\/wp\/v2\/pages"}],"about":[{"href":"https:\/\/alivio.org\/es\/wp-json\/wp\/v2\/types\/page"}],"author":[{"embeddable":true,"href":"https:\/\/alivio.org\/es\/wp-json\/wp\/v2\/users\/1"}],"replies":[{"embeddable":true,"href":"https:\/\/alivio.org\/es\/wp-json\/wp\/v2\/comments?post=635"}],"version-history":[{"count":23,"href":"https:\/\/alivio.org\/es\/wp-json\/wp\/v2\/pages\/635\/revisions"}],"predecessor-version":[{"id":5490,"href":"https:\/\/alivio.org\/es\/wp-json\/wp\/v2\/pages\/635\/revisions\/5490"}],"up":[{"embeddable":true,"href":"https:\/\/alivio.org\/es\/wp-json\/wp\/v2\/pages\/92"}],"wp:featuredmedia":[{"embeddable":true,"href":"https:\/\/alivio.org\/es\/wp-json\/wp\/v2\/media\/3109"}],"wp:attachment":[{"href":"https:\/\/alivio.org\/es\/wp-json\/wp\/v2\/media?parent=635"}],"wp:term":[{"taxonomy":"category","embeddable":true,"href":"https:\/\/alivio.org\/es\/wp-json\/wp\/v2\/categories?post=635"}],"curies":[{"name":"wp","href":"https:\/\/api.w.org\/{rel}","templated":true}]}}