{"id":6950,"date":"2025-10-27T13:13:43","date_gmt":"2025-10-27T18:13:43","guid":{"rendered":"https:\/\/alivio.org\/?page_id=6950"},"modified":"2025-10-28T10:43:23","modified_gmt":"2025-10-28T15:43:23","slug":"schedule","status":"publish","type":"page","link":"https:\/\/alivio.org\/es\/schedule\/","title":{"rendered":"Programar una cita"},"content":{"rendered":"\n<style>.odoro-spinner{background:#f5f5f5;overflow:hidden;display:-webkit-box;display:-ms-flexbox;display:flex;-webkit-box-align:center;-ms-flex-align:center;align-items:center;-webkit-animation:odoro-spinner-appear 1s cubic-bezier(1,0,1,0) 0s 1;animation:odoro-spinner-appear 1s cubic-bezier(1,0,1,0) 0s 1;height:250px;font-family:sans-serif}.odoro-message,.odoro-rotating{vertical-align:middle;display:inline-block}.odoro-message{font-weight:400;font-style:normal;color:#1e1e1e;line-height:30px;margin-left:3px}.odoro-rotating{position:relative;width:30px;height:30px;-webkit-animation:odoro-spinner-spin 1s infinite linear;animation:odoro-spinner-spin 1s infinite linear}.odoro-path{position:absolute;height:15px;width:30px;display:block;border:4px solid #016cc2;border-bottom:0;border-radius:30px 30px 0 0;box-sizing:border-box}.odoro-path_second{-webkit-transform:rotate(60deg);transform:rotate(60deg);-webkit-transform-origin:bottom;transform-origin:bottom}@-webkit-keyframes odoro-spinner-spin{0%{-webkit-transform:rotate(0);transform:rotate(0)}100%{-webkit-transform:rotate(360deg);transform:rotate(360deg)}}@keyframes odoro-spinner-spin{0%{-webkit-transform:rotate(0);transform:rotate(0)}100%{-webkit-transform:rotate(360deg);transform:rotate(360deg)}}<\/style>\n<div id=\"odoro\">\n        <div class=\"odoro-spinner\" data-odoro=\"spinner\">\n                <div style=\"margin: auto\" data-odoro=\"status\">\n                        <div class=\"odoro-rotating\">\n                                <div class=\"odoro-path\"><\/div>\n                                <div class=\"odoro-path odoro-path_second\"><\/div>\n                        <\/div>\n                        <span class=\"odoro-message\">Loading&#8230;<\/span>\n                <\/div>\n        <\/div>\n<\/div>\n<script data-odoro=\"script\" async=\"true\" src=\"https:\/\/cdn.odoro.com\/pp\/odoro-lib.js?clinicId=40808\"> \n        { \n                fixedTopFn: function() { return 0; }, \n                container: '#odoro', \n                sendClientsEvents: true,\n                initParams: { \n                        ReferralCode: decodeURIComponent((\/[\\?&#]referralcode=([^&#]*)[&#]?\/.exec(location.href)||[\"\",\"\"])[1]) \n                } \n        } \n<\/script> \n<script>\n        document.querySelector('[data-odoro=\"script\"]').onerror=function () {document.querySelector('[data-odoro=\"status\" ]').innerHTML = 'Loading error.'}\n<\/script>\n\n\n\n<p class=\"info\">Por favor, tenga en cuenta que los servicios de <a href=\"\/es\/servicios\/mental\/\">salud conductual<\/a>, <a href=\"\/es\/servicios\/\">obstetricia<\/a>, <a href=\"\/es\/servicios\/dentistas\/\">odontolog\u00eda<\/a> y <a href=\"\/es\/servicios\/ob\/\">parteras<\/a> no est\u00e1n incluidos en el m\u00f3dulo de programaci\u00f3n autom\u00e1tica. Sin embargo, puede <a href=\"\/es\/cita\/#request\">solicitar una cita<\/a> con cualquiera de estos profesionales de manera individual.<\/p>\n\n\n\n<p><\/p>\n","protected":false},"excerpt":{"rendered":"<p>Loading&#8230; Por favor, tenga en cuenta que los servicios de salud conductual, obstetricia, odontolog\u00eda y parteras no est\u00e1n incluidos en el m\u00f3dulo de programaci\u00f3n autom\u00e1tica. Sin embargo, puede solicitar una cita con cualquiera de estos profesionales de manera individual.<\/p>\n","protected":false},"author":1,"featured_media":0,"parent":0,"menu_order":0,"comment_status":"closed","ping_status":"closed","template":"","meta":{"_relevanssi_hide_post":"","_relevanssi_hide_content":"","_relevanssi_pin_for_all":"","_relevanssi_pin_keywords":"","_relevanssi_unpin_keywords":"","_relevanssi_related_keywords":"","_relevanssi_related_include_ids":"","_relevanssi_related_exclude_ids":"","_relevanssi_related_no_append":"","_relevanssi_related_not_related":"","_relevanssi_related_posts":"732,694,726,4941,672,6269","_relevanssi_noindex_reason":"","footnotes":""},"categories":[],"class_list":["post-6950","page","type-page","status-publish","hentry"],"translation":{"provider":"WPGlobus","version":"3.0.2","language":"es","enabled_languages":["en","es","zh"],"languages":{"en":{"title":true,"content":true,"excerpt":false},"es":{"title":true,"content":true,"excerpt":false},"zh":{"title":true,"content":true,"excerpt":false}}},"acf":[],"yoast_head":"<title>Programar una cita &#8226; Centro M\u00e9dico Alivio<\/title>\n<meta name=\"robots\" content=\"index, follow, max-snippet:-1, max-image-preview:large, max-video-preview:-1\" \/>\n<link rel=\"canonical\" href=\"https:\/\/alivio.org\/schedule\/\" \/>\n<meta property=\"og:locale\" content=\"es_ES\" \/>\n<meta property=\"og:type\" content=\"article\" \/>\n<meta property=\"og:title\" content=\"Programar una cita &#8226; Centro M\u00e9dico Alivio\" \/>\n<meta property=\"og:url\" content=\"https:\/\/alivio.org\/schedule\/\" \/>\n<meta property=\"og:site_name\" content=\"Centro M\u00e9dico Alivio\" \/>\n<meta property=\"article:publisher\" content=\"https:\/\/www.facebook.com\/AlivioChicago\/\" \/>\n<meta property=\"article:modified_time\" content=\"2025-10-28T15:43:23+00:00\" \/>\n<meta name=\"twitter:card\" content=\"summary_large_image\" \/>\n<script type=\"application\/ld+json\" class=\"yoast-schema-graph\">{\"@context\":\"https:\/\/schema.org\",\"@graph\":[{\"@type\":\"WebPage\",\"@id\":\"https:\/\/alivio.org\/schedule\/\",\"url\":\"https:\/\/alivio.org\/schedule\/\",\"name\":\"Programar una cita &#8226; Centro M\u00e9dico Alivio\",\"isPartOf\":{\"@id\":\"https:\/\/alivio.org\/#website\"},\"datePublished\":\"2025-10-27T18:13:43+00:00\",\"dateModified\":\"2025-10-28T15:43:23+00:00\",\"description\":\"{:en} Loading... Please note that behavioral health, obstetrics, dental &amp; midwives are not available in the self scheduling module, but you can still\",\"breadcrumb\":{\"@id\":\"https:\/\/alivio.org\/schedule\/#breadcrumb\"},\"inLanguage\":\"es\",\"potentialAction\":[{\"@type\":\"ReadAction\",\"target\":[\"https:\/\/alivio.org\/schedule\/\"]}]},{\"@type\":\"BreadcrumbList\",\"@id\":\"https:\/\/alivio.org\/schedule\/#breadcrumb\",\"itemListElement\":[{\"@type\":\"ListItem\",\"position\":1,\"name\":\"Home\",\"item\":\"https:\/\/alivio.org\/\"},{\"@type\":\"ListItem\",\"position\":2,\"name\":\"Please Schedule An Appointment\"}]},{\"@type\":\"WebSite\",\"@id\":\"https:\/\/alivio.org\/#website\",\"url\":\"https:\/\/alivio.org\/\",\"name\":\"Centro M\u00e9dico Alivio\",\"description\":\"Una Presencia Activa para una Comunidad Fuerte\",\"publisher\":{\"@id\":\"https:\/\/alivio.org\/#organization\"},\"potentialAction\":[{\"@type\":\"SearchAction\",\"target\":{\"@type\":\"EntryPoint\",\"urlTemplate\":\"https:\/\/alivio.org\/?s={search_term_string}\"},\"query-input\":{\"@type\":\"PropertyValueSpecification\",\"valueRequired\":true,\"valueName\":\"search_term_string\"}}],\"inLanguage\":\"es\"},{\"@type\":\"Organization\",\"@id\":\"https:\/\/alivio.org\/#organization\",\"name\":\"Centro M\u00e9dico Alivio\",\"url\":\"https:\/\/alivio.org\/\",\"logo\":{\"@type\":\"ImageObject\",\"inLanguage\":\"es\",\"@id\":\"https:\/\/alivio.org\/#\/schema\/logo\/image\/\",\"url\":\"https:\/\/alivio.imgix.net\/logo_full.png?ixlib=php-3.3.1\",\"contentUrl\":\"https:\/\/alivio.imgix.net\/logo_full.png?ixlib=php-3.3.1\",\"width\":354,\"height\":78,\"caption\":\"Centro M\u00e9dico Alivio\"},\"image\":{\"@id\":\"https:\/\/alivio.org\/#\/schema\/logo\/image\/\"},\"sameAs\":[\"https:\/\/www.facebook.com\/AlivioChicago\/\",\"https:\/\/www.linkedin.com\/company\/alivio-medical-center-inc-\"]}]}<\/script>","yoast_head_json":{"title":"Programar una cita &#8226; Centro M\u00e9dico Alivio","robots":{"index":"index","follow":"follow","max-snippet":"max-snippet:-1","max-image-preview":"max-image-preview:large","max-video-preview":"max-video-preview:-1"},"canonical":"https:\/\/alivio.org\/schedule\/","og_locale":"es_ES","og_type":"article","og_title":"Programar una cita &#8226; Centro M\u00e9dico Alivio","og_url":"https:\/\/alivio.org\/schedule\/","og_site_name":"Centro M\u00e9dico Alivio","article_publisher":"https:\/\/www.facebook.com\/AlivioChicago\/","article_modified_time":"2025-10-28T15:43:23+00:00","twitter_card":"summary_large_image","schema":{"@context":"https:\/\/schema.org","@graph":[{"@type":"WebPage","@id":"https:\/\/alivio.org\/schedule\/","url":"https:\/\/alivio.org\/schedule\/","name":"Programar una cita &#8226; Centro M\u00e9dico Alivio","isPartOf":{"@id":"https:\/\/alivio.org\/#website"},"datePublished":"2025-10-27T18:13:43+00:00","dateModified":"2025-10-28T15:43:23+00:00","description":"{:en} Loading... Please note that behavioral health, obstetrics, dental &amp; midwives are not available in the self scheduling module, but you can still","breadcrumb":{"@id":"https:\/\/alivio.org\/schedule\/#breadcrumb"},"inLanguage":"es","potentialAction":[{"@type":"ReadAction","target":["https:\/\/alivio.org\/schedule\/"]}]},{"@type":"BreadcrumbList","@id":"https:\/\/alivio.org\/schedule\/#breadcrumb","itemListElement":[{"@type":"ListItem","position":1,"name":"Home","item":"https:\/\/alivio.org\/"},{"@type":"ListItem","position":2,"name":"Please Schedule An Appointment"}]},{"@type":"WebSite","@id":"https:\/\/alivio.org\/#website","url":"https:\/\/alivio.org\/","name":"Centro M\u00e9dico Alivio","description":"Una Presencia Activa para una Comunidad Fuerte","publisher":{"@id":"https:\/\/alivio.org\/#organization"},"potentialAction":[{"@type":"SearchAction","target":{"@type":"EntryPoint","urlTemplate":"https:\/\/alivio.org\/?s={search_term_string}"},"query-input":{"@type":"PropertyValueSpecification","valueRequired":true,"valueName":"search_term_string"}}],"inLanguage":"es"},{"@type":"Organization","@id":"https:\/\/alivio.org\/#organization","name":"Centro M\u00e9dico Alivio","url":"https:\/\/alivio.org\/","logo":{"@type":"ImageObject","inLanguage":"es","@id":"https:\/\/alivio.org\/#\/schema\/logo\/image\/","url":"https:\/\/alivio.imgix.net\/logo_full.png?ixlib=php-3.3.1","contentUrl":"https:\/\/alivio.imgix.net\/logo_full.png?ixlib=php-3.3.1","width":354,"height":78,"caption":"Centro M\u00e9dico Alivio"},"image":{"@id":"https:\/\/alivio.org\/#\/schema\/logo\/image\/"},"sameAs":["https:\/\/www.facebook.com\/AlivioChicago\/","https:\/\/www.linkedin.com\/company\/alivio-medical-center-inc-"]}]}},"jetpack_sharing_enabled":true,"publishpress_future_workflow_manual_trigger":{"enabledWorkflows":[]},"_links":{"self":[{"href":"https:\/\/alivio.org\/es\/wp-json\/wp\/v2\/pages\/6950","targetHints":{"allow":["GET"]}}],"collection":[{"href":"https:\/\/alivio.org\/es\/wp-json\/wp\/v2\/pages"}],"about":[{"href":"https:\/\/alivio.org\/es\/wp-json\/wp\/v2\/types\/page"}],"author":[{"embeddable":true,"href":"https:\/\/alivio.org\/es\/wp-json\/wp\/v2\/users\/1"}],"replies":[{"embeddable":true,"href":"https:\/\/alivio.org\/es\/wp-json\/wp\/v2\/comments?post=6950"}],"version-history":[{"count":6,"href":"https:\/\/alivio.org\/es\/wp-json\/wp\/v2\/pages\/6950\/revisions"}],"predecessor-version":[{"id":7031,"href":"https:\/\/alivio.org\/es\/wp-json\/wp\/v2\/pages\/6950\/revisions\/7031"}],"wp:attachment":[{"href":"https:\/\/alivio.org\/es\/wp-json\/wp\/v2\/media?parent=6950"}],"wp:term":[{"taxonomy":"category","embeddable":true,"href":"https:\/\/alivio.org\/es\/wp-json\/wp\/v2\/categories?post=6950"}],"curies":[{"name":"wp","href":"https:\/\/api.w.org\/{rel}","templated":true}]}}