{"id":92,"date":"2022-08-22T17:43:17","date_gmt":"2022-08-22T17:43:17","guid":{"rendered":"https:\/\/alivio.dev\/about\/"},"modified":"2025-05-02T16:48:40","modified_gmt":"2025-05-02T21:48:40","slug":"about","status":"publish","type":"page","link":"https:\/\/alivio.org\/es\/acerca\/","title":{"rendered":"Acerca de Alivio"},"content":{"rendered":"\n<h2 class=\"wp-block-heading\">Llegando a las Comuni\u00addades en Necesidad<\/h2>\n\n\n\n<p>El Centro M\u00e9dico Alivio abri\u00f3 sus puertas el 4 de Enero de 1989, con la visi\u00f3n de ofrecer servicios de cuidado de salud culturalmente sensibles en un centro de salud comunitario que respondiera a las necesidades de las comunidades mas marginadas y vulnerables de Chicago; Los vecindarios de Pilsen, La Villita y Las Empacadoras hogar de la creciente poblaci\u00f3n inmigrante de habla hispana.<\/p>\n\n\n\n<p>Hoy en d\u00eda, Alivio&nbsp;sirve a personas de familias trabajadoras, sin seguro medico, que hab\u00edan carecido de acceso a servicios de cuidado de salud por la falta de seguro m\u00e9dico,&nbsp; la falta de informaci\u00f3n, intimidaci\u00f3n por su estatus migratorio y a la falta de centros de salud donde les atendieran en su mismo idioma y conocieran sus diversas necesidades culturales.<\/p>\n\n\n\n<p>El cuidado de Salud Preventivo, la Promoci\u00f3n y la Educaci\u00f3n de Salud son parte fundamental de nuestros programas de atenci\u00f3n de salud integral. Nuestros Proveedores de Salud biling\u00fces y biculturales proveen servicio a todos los pacientes, independientemente de su habilidad de pago.<\/p>\n\n\n\n<p><em>Alivio Medical Center is a Health Center Program grantee under 42 U.S.C. 254b, and a deemed Public Health Service employee under 42 U.S.C. 233(g)-(n). This health center receives HHS funding and has Federal Public Health Service (PHS) deemed status with respect to certain health or health-related claims, including medical malpractice claims, for itself and its covered individuals.<\/em><\/p>\n\n\n\n<h2 class=\"wp-block-heading\">Nuestra Historia<\/h2>\n\n\n\n<p>En la d\u00e9cada de 1980\u2019s&nbsp;<a href=\"\/es\/acerca\/#cvelasquez\">la Se\u00f1ora Carmen Vel\u00e1squez, Fundadora y ultima Directora Executiva<\/a>&nbsp;de ALIVIO junto con el Dr. Ann Garcelo, un medico afiliado al Mercy Medical Center, estuvieron involucrados en temas sobre la falta de acceso a los servicios de cuidado de salud para las personas de habla Hispana. La Sra. Vel\u00e1squez se dio cuenta que muy pocas personas estaban recibiendo atenci\u00f3n medica en Mercy Medical Center a pesar de estar localizado cerca de el vecindario de Pilsen.&nbsp;<\/p>\n\n\n\n<p>El cuidado de la salud de estas familias estaba severamente descuidado, debido a la falta de seguro medico y de documentos legales, temerosos de obtener servicios de cuidado de salud donde los proveedores de salud no hablaban su mismo idioma.<\/p>\n\n\n\n<p>Preocupada por el hecho de que muchos de los residentes del \u00e1rea de Pilsen, La Villita, y Las empacadoras no ten\u00edan acceso a servicios de cuidado de salud, por el hecho que hab\u00eda muy pocos proveedores sirviendo a la comunidad de habla hispana la Sra. Vel\u00e1squez se acerc\u00f3 a la hermana Sheila Lyne, Director Ejecutivo en ese momento de Mercy Medical Center.<\/p>\n\n\n\n<p>Afortunadamente, la Hermana Sheila apoy\u00f3 la creaci\u00f3n de un centro de salud comunitario para encargarse de la falta de atenci\u00f3n m\u00e9dica en esas comunidades. Inici\u00e1ndose enseguida el trabajo de la creaci\u00f3n del Centro M\u00e9dico Alivio.<\/p>\n\n\n\n<p>Como resultado de la visi\u00f3n apasionada, el trabajo en conjunto y la necesidad crucial de proveedores de Salud biling\u00fces\/biculturales para&nbsp; personas de habla hispana, sin seguro medico, indocumentadas; el Centro M\u00e9dico abri\u00f3 sus puertas en 1989, como un Centro de Salud Comunitario sin fines de lucro, bicultural y biling\u00fce en el coraz\u00f3n de la comunidad de Pilsen. A la fecha el Centro M\u00e9dico Alivio&nbsp;<a href=\"\/es\/ubicaciones\">opera seis Centros de Salud Comunitarios<\/a>, tres de ellos Centros de Salud con base en las Escuelas.<\/p>\n","protected":false},"excerpt":{"rendered":"<p>El Centro M\u00e9dico Alivio abri\u00f3 sus puertas el 4 de Enero de 1989.<\/p>\n","protected":false},"author":1,"featured_media":1661,"parent":0,"menu_order":13,"comment_status":"closed","ping_status":"closed","template":"","meta":{"_relevanssi_hide_post":"","_relevanssi_hide_content":"","_relevanssi_pin_for_all":"","_relevanssi_pin_keywords":"","_relevanssi_unpin_keywords":"","_relevanssi_related_keywords":"","_relevanssi_related_include_ids":"","_relevanssi_related_exclude_ids":"","_relevanssi_related_no_append":"","_relevanssi_related_not_related":"","_relevanssi_related_posts":"688,738,681,722,753,767","_relevanssi_noindex_reason":"","footnotes":""},"categories":[],"class_list":["post-92","page","type-page","status-publish","has-post-thumbnail","hentry"],"translation":{"provider":"WPGlobus","version":"3.0.2","language":"es","enabled_languages":["en","es","zh"],"languages":{"en":{"title":true,"content":true,"excerpt":true},"es":{"title":true,"content":true,"excerpt":true},"zh":{"title":true,"content":true,"excerpt":false}}},"acf":[],"yoast_head":"<title>Acerca de Alivio &#8226; Centro M\u00e9dico Alivio<\/title>\n<meta name=\"robots\" content=\"index, follow, max-snippet:-1, max-image-preview:large, max-video-preview:-1\" \/>\n<link rel=\"canonical\" href=\"https:\/\/alivio.org\/about\/\" \/>\n<meta property=\"og:locale\" content=\"es_ES\" \/>\n<meta property=\"og:type\" content=\"article\" \/>\n<meta property=\"og:title\" content=\"Acerca de Alivio &#8226; Centro M\u00e9dico Alivio\" \/>\n<meta property=\"og:url\" content=\"https:\/\/alivio.org\/about\/\" \/>\n<meta property=\"og:site_name\" content=\"Centro M\u00e9dico Alivio\" \/>\n<meta property=\"article:publisher\" content=\"https:\/\/www.facebook.com\/AlivioChicago\/\" \/>\n<meta property=\"article:modified_time\" content=\"2025-05-02T21:48:40+00:00\" \/>\n<meta property=\"og:image\" content=\"https:\/\/alivio.imgix.net\/ALIVIO-3195.jpg?ixlib=php-3.3.1\" \/>\n\t<meta property=\"og:image:width\" content=\"1920\" \/>\n\t<meta property=\"og:image:height\" content=\"1280\" \/>\n\t<meta property=\"og:image:type\" content=\"image\/jpeg\" \/>\n<meta name=\"twitter:card\" content=\"summary_large_image\" \/>\n<script type=\"application\/ld+json\" class=\"yoast-schema-graph\">{\"@context\":\"https:\/\/schema.org\",\"@graph\":[{\"@type\":\"WebPage\",\"@id\":\"https:\/\/alivio.org\/about\/\",\"url\":\"https:\/\/alivio.org\/about\/\",\"name\":\"Acerca de Alivio &#8226; Centro M\u00e9dico Alivio\",\"isPartOf\":{\"@id\":\"https:\/\/alivio.org\/#website\"},\"primaryImageOfPage\":{\"@id\":\"https:\/\/alivio.org\/about\/#primaryimage\"},\"image\":{\"@id\":\"https:\/\/alivio.org\/about\/#primaryimage\"},\"thumbnailUrl\":\"https:\/\/alivio.imgix.net\/ALIVIO-3195.jpg?ixlib=php-3.3.1\",\"datePublished\":\"2022-08-22T17:43:17+00:00\",\"dateModified\":\"2025-05-02T21:48:40+00:00\",\"description\":\"El Centro M\u00e9dico Alivio abri\u00f3 sus puertas el 4 de Enero de 1989.\",\"breadcrumb\":{\"@id\":\"https:\/\/alivio.org\/about\/#breadcrumb\"},\"inLanguage\":\"es\",\"potentialAction\":[{\"@type\":\"ReadAction\",\"target\":[\"https:\/\/alivio.org\/about\/\"]}]},{\"@type\":\"ImageObject\",\"inLanguage\":\"es\",\"@id\":\"https:\/\/alivio.org\/about\/#primaryimage\",\"url\":\"https:\/\/alivio.imgix.net\/ALIVIO-3195.jpg?ixlib=php-3.3.1\",\"contentUrl\":\"https:\/\/alivio.imgix.net\/ALIVIO-3195.jpg?ixlib=php-3.3.1\",\"width\":1920,\"height\":1280},{\"@type\":\"BreadcrumbList\",\"@id\":\"https:\/\/alivio.org\/about\/#breadcrumb\",\"itemListElement\":[{\"@type\":\"ListItem\",\"position\":1,\"name\":\"Home\",\"item\":\"https:\/\/alivio.org\/\"},{\"@type\":\"ListItem\",\"position\":2,\"name\":\"About\"}]},{\"@type\":\"WebSite\",\"@id\":\"https:\/\/alivio.org\/#website\",\"url\":\"https:\/\/alivio.org\/\",\"name\":\"Centro M\u00e9dico Alivio\",\"description\":\"Una Presencia Activa para una Comunidad Fuerte\",\"publisher\":{\"@id\":\"https:\/\/alivio.org\/#organization\"},\"potentialAction\":[{\"@type\":\"SearchAction\",\"target\":{\"@type\":\"EntryPoint\",\"urlTemplate\":\"https:\/\/alivio.org\/?s={search_term_string}\"},\"query-input\":{\"@type\":\"PropertyValueSpecification\",\"valueRequired\":true,\"valueName\":\"search_term_string\"}}],\"inLanguage\":\"es\"},{\"@type\":\"Organization\",\"@id\":\"https:\/\/alivio.org\/#organization\",\"name\":\"Centro M\u00e9dico Alivio\",\"url\":\"https:\/\/alivio.org\/\",\"logo\":{\"@type\":\"ImageObject\",\"inLanguage\":\"es\",\"@id\":\"https:\/\/alivio.org\/#\/schema\/logo\/image\/\",\"url\":\"https:\/\/alivio.imgix.net\/logo_full.png?ixlib=php-3.3.1\",\"contentUrl\":\"https:\/\/alivio.imgix.net\/logo_full.png?ixlib=php-3.3.1\",\"width\":354,\"height\":78,\"caption\":\"Centro M\u00e9dico Alivio\"},\"image\":{\"@id\":\"https:\/\/alivio.org\/#\/schema\/logo\/image\/\"},\"sameAs\":[\"https:\/\/www.facebook.com\/AlivioChicago\/\",\"https:\/\/www.linkedin.com\/company\/alivio-medical-center-inc-\"]}]}<\/script>","yoast_head_json":{"title":"Acerca de Alivio &#8226; Centro M\u00e9dico Alivio","robots":{"index":"index","follow":"follow","max-snippet":"max-snippet:-1","max-image-preview":"max-image-preview:large","max-video-preview":"max-video-preview:-1"},"canonical":"https:\/\/alivio.org\/about\/","og_locale":"es_ES","og_type":"article","og_title":"Acerca de Alivio &#8226; Centro M\u00e9dico Alivio","og_url":"https:\/\/alivio.org\/about\/","og_site_name":"Centro M\u00e9dico Alivio","article_publisher":"https:\/\/www.facebook.com\/AlivioChicago\/","article_modified_time":"2025-05-02T21:48:40+00:00","og_image":[{"width":1920,"height":1280,"url":"https:\/\/alivio.imgix.net\/ALIVIO-3195.jpg?ixlib=php-3.3.1","type":"image\/jpeg"}],"twitter_card":"summary_large_image","schema":{"@context":"https:\/\/schema.org","@graph":[{"@type":"WebPage","@id":"https:\/\/alivio.org\/about\/","url":"https:\/\/alivio.org\/about\/","name":"Acerca de Alivio &#8226; Centro M\u00e9dico Alivio","isPartOf":{"@id":"https:\/\/alivio.org\/#website"},"primaryImageOfPage":{"@id":"https:\/\/alivio.org\/about\/#primaryimage"},"image":{"@id":"https:\/\/alivio.org\/about\/#primaryimage"},"thumbnailUrl":"https:\/\/alivio.imgix.net\/ALIVIO-3195.jpg?ixlib=php-3.3.1","datePublished":"2022-08-22T17:43:17+00:00","dateModified":"2025-05-02T21:48:40+00:00","description":"El Centro M\u00e9dico Alivio abri\u00f3 sus puertas el 4 de Enero de 1989.","breadcrumb":{"@id":"https:\/\/alivio.org\/about\/#breadcrumb"},"inLanguage":"es","potentialAction":[{"@type":"ReadAction","target":["https:\/\/alivio.org\/about\/"]}]},{"@type":"ImageObject","inLanguage":"es","@id":"https:\/\/alivio.org\/about\/#primaryimage","url":"https:\/\/alivio.imgix.net\/ALIVIO-3195.jpg?ixlib=php-3.3.1","contentUrl":"https:\/\/alivio.imgix.net\/ALIVIO-3195.jpg?ixlib=php-3.3.1","width":1920,"height":1280},{"@type":"BreadcrumbList","@id":"https:\/\/alivio.org\/about\/#breadcrumb","itemListElement":[{"@type":"ListItem","position":1,"name":"Home","item":"https:\/\/alivio.org\/"},{"@type":"ListItem","position":2,"name":"About"}]},{"@type":"WebSite","@id":"https:\/\/alivio.org\/#website","url":"https:\/\/alivio.org\/","name":"Centro M\u00e9dico Alivio","description":"Una Presencia Activa para una Comunidad Fuerte","publisher":{"@id":"https:\/\/alivio.org\/#organization"},"potentialAction":[{"@type":"SearchAction","target":{"@type":"EntryPoint","urlTemplate":"https:\/\/alivio.org\/?s={search_term_string}"},"query-input":{"@type":"PropertyValueSpecification","valueRequired":true,"valueName":"search_term_string"}}],"inLanguage":"es"},{"@type":"Organization","@id":"https:\/\/alivio.org\/#organization","name":"Centro M\u00e9dico Alivio","url":"https:\/\/alivio.org\/","logo":{"@type":"ImageObject","inLanguage":"es","@id":"https:\/\/alivio.org\/#\/schema\/logo\/image\/","url":"https:\/\/alivio.imgix.net\/logo_full.png?ixlib=php-3.3.1","contentUrl":"https:\/\/alivio.imgix.net\/logo_full.png?ixlib=php-3.3.1","width":354,"height":78,"caption":"Centro M\u00e9dico Alivio"},"image":{"@id":"https:\/\/alivio.org\/#\/schema\/logo\/image\/"},"sameAs":["https:\/\/www.facebook.com\/AlivioChicago\/","https:\/\/www.linkedin.com\/company\/alivio-medical-center-inc-"]}]}},"jetpack_sharing_enabled":true,"publishpress_future_workflow_manual_trigger":{"enabledWorkflows":[]},"_links":{"self":[{"href":"https:\/\/alivio.org\/es\/wp-json\/wp\/v2\/pages\/92","targetHints":{"allow":["GET"]}}],"collection":[{"href":"https:\/\/alivio.org\/es\/wp-json\/wp\/v2\/pages"}],"about":[{"href":"https:\/\/alivio.org\/es\/wp-json\/wp\/v2\/types\/page"}],"author":[{"embeddable":true,"href":"https:\/\/alivio.org\/es\/wp-json\/wp\/v2\/users\/1"}],"replies":[{"embeddable":true,"href":"https:\/\/alivio.org\/es\/wp-json\/wp\/v2\/comments?post=92"}],"version-history":[{"count":22,"href":"https:\/\/alivio.org\/es\/wp-json\/wp\/v2\/pages\/92\/revisions"}],"predecessor-version":[{"id":6426,"href":"https:\/\/alivio.org\/es\/wp-json\/wp\/v2\/pages\/92\/revisions\/6426"}],"wp:featuredmedia":[{"embeddable":true,"href":"https:\/\/alivio.org\/es\/wp-json\/wp\/v2\/media\/1661"}],"wp:attachment":[{"href":"https:\/\/alivio.org\/es\/wp-json\/wp\/v2\/media?parent=92"}],"wp:term":[{"taxonomy":"category","embeddable":true,"href":"https:\/\/alivio.org\/es\/wp-json\/wp\/v2\/categories?post=92"}],"curies":[{"name":"wp","href":"https:\/\/api.w.org\/{rel}","templated":true}]}}