{"id":94,"date":"2022-08-22T17:43:17","date_gmt":"2022-08-22T17:43:17","guid":{"rendered":"https:\/\/alivio.dev\/programs\/"},"modified":"2024-07-09T11:58:12","modified_gmt":"2024-07-09T16:58:12","slug":"programs","status":"publish","type":"page","link":"https:\/\/alivio.org\/es\/programas\/","title":{"rendered":"Programas"},"content":{"rendered":"\n<h2 class=\"wp-block-heading\">En la Comunidad<\/h2>\n\n\n\n<p>El compromiso de Alivio con la comunidad se extiende mucho m\u00e1s all\u00e1 de proporcionar atenci\u00f3n m\u00e9dica. Estamos involucrados constantemente&nbsp; en numerosos programas en la comunidad, y nos comprometemos con nuestros pacientes y sus familias para ofrecerles informaci\u00f3n y educaci\u00f3n sobre: el cuidado de su salud, sobre&nbsp;<a href=\"https:\/\/www.aliviomedicalcenter.org\/es\/programas\/aca\">la Ley de Atenci\u00f3n Accesible (Obamacare)<\/a>, y con la aplicaci\u00f3n y elegibilidad de Medicare.<\/p>\n\n\n\n<p>Nuestros programas est\u00e1n abiertos a todos, nos enfocamos en la salud y bienestar de las mujeres, beb\u00e9s y ni\u00f1os.&nbsp;<a href=\"https:\/\/www.aliviomedicalcenter.org\/es\/programas\/casa-maravilla\">Casa Maravilla<\/a>&nbsp;es un edificio de viviendas para personas mayores en el vecindario de Pilsen en Chicago.<\/p>\n\n\n\n<p>Nuestro programa \u201c<a href=\"https:\/\/www.aliviomedicalcenter.org\/es\/programas\/manejadores-casos-familiares\">Case Management<\/a>\u201d Trabajadoras Sociales ayuda a las personas a trav\u00e9s de la educaci\u00f3n y consejer\u00eda como: donde obtener el GED, encontrar asistencia sobre en asuntos de&nbsp; inmigraci\u00f3n, demostraciones de cocina y clases de lactancia materna.<\/p>\n\n\n\n<p>Nuestra Compa\u00f1eros en Salud (Promotores de Salud), proporcionan informaci\u00f3n y educaci\u00f3n para ayudar a &nbsp;mantener la salud de nuestros pacientes.<\/p>\n\n\n\n<p>El Periodico \u00ab<a href=\"http:\/\/www.lawndalenews.com\/2012\/08\/alivio-gives-peer-support\/\" target=\"_blank\" rel=\"noreferrer noopener\">Lawndale News<\/a>\u00bb escribi\u00f3 acerca de nuestro programa de Apoyo y educaci\u00f3n para el Control de la Diabetes de los Compa\u00f1eros en Salud.<\/p>\n","protected":false},"excerpt":{"rendered":"<p>El compromiso de Alivio con la comunidad se extiende mucho m\u00e1s all\u00e1 de proporcionar atenci\u00f3n m\u00e9dica.<\/p>\n","protected":false},"author":1,"featured_media":1686,"parent":0,"menu_order":7,"comment_status":"closed","ping_status":"closed","template":"","meta":{"_relevanssi_hide_post":"","_relevanssi_hide_content":"","_relevanssi_pin_for_all":"","_relevanssi_pin_keywords":"","_relevanssi_unpin_keywords":"","_relevanssi_related_keywords":"","_relevanssi_related_include_ids":"","_relevanssi_related_exclude_ids":"","_relevanssi_related_no_append":"","_relevanssi_related_not_related":"","_relevanssi_related_posts":"688,696,771,735,743,681","_relevanssi_noindex_reason":"","footnotes":""},"categories":[],"class_list":["post-94","page","type-page","status-publish","has-post-thumbnail","hentry"],"translation":{"provider":"WPGlobus","version":"3.0.2","language":"es","enabled_languages":["en","es","zh"],"languages":{"en":{"title":true,"content":true,"excerpt":true},"es":{"title":true,"content":true,"excerpt":true},"zh":{"title":true,"content":true,"excerpt":false}}},"acf":[],"yoast_head":"<title>Programas &#8226; Centro M\u00e9dico Alivio<\/title>\n<meta name=\"robots\" content=\"index, follow, max-snippet:-1, max-image-preview:large, max-video-preview:-1\" \/>\n<link rel=\"canonical\" href=\"https:\/\/alivio.org\/programs\/\" \/>\n<meta property=\"og:locale\" content=\"es_ES\" \/>\n<meta property=\"og:type\" content=\"article\" \/>\n<meta property=\"og:title\" content=\"Programas &#8226; Centro M\u00e9dico Alivio\" \/>\n<meta property=\"og:url\" content=\"https:\/\/alivio.org\/programs\/\" \/>\n<meta property=\"og:site_name\" content=\"Centro M\u00e9dico Alivio\" \/>\n<meta property=\"article:publisher\" content=\"https:\/\/www.facebook.com\/AlivioChicago\/\" \/>\n<meta property=\"article:modified_time\" content=\"2024-07-09T16:58:12+00:00\" \/>\n<meta property=\"og:image\" content=\"https:\/\/alivio.imgix.net\/ALIVIO-3130.jpg?fit=scale&h=853&ixlib=php-3.3.1&w=1280&wpsize=large\" \/>\n\t<meta property=\"og:image:width\" content=\"1280\" \/>\n\t<meta property=\"og:image:height\" content=\"853\" \/>\n\t<meta property=\"og:image:type\" content=\"image\/jpeg\" \/>\n<meta name=\"twitter:card\" content=\"summary_large_image\" \/>\n<script type=\"application\/ld+json\" class=\"yoast-schema-graph\">{\"@context\":\"https:\/\/schema.org\",\"@graph\":[{\"@type\":\"WebPage\",\"@id\":\"https:\/\/alivio.org\/programs\/\",\"url\":\"https:\/\/alivio.org\/programs\/\",\"name\":\"Programas &#8226; Centro M\u00e9dico Alivio\",\"isPartOf\":{\"@id\":\"https:\/\/alivio.org\/#website\"},\"primaryImageOfPage\":{\"@id\":\"https:\/\/alivio.org\/programs\/#primaryimage\"},\"image\":{\"@id\":\"https:\/\/alivio.org\/programs\/#primaryimage\"},\"thumbnailUrl\":\"https:\/\/alivio.imgix.net\/ALIVIO-3130.jpg?ixlib=php-3.3.1\",\"datePublished\":\"2022-08-22T17:43:17+00:00\",\"dateModified\":\"2024-07-09T16:58:12+00:00\",\"description\":\"El compromiso de Alivio con la comunidad se extiende mucho m\u00e1s all\u00e1 de proporcionar atenci\u00f3n m\u00e9dica.\",\"breadcrumb\":{\"@id\":\"https:\/\/alivio.org\/programs\/#breadcrumb\"},\"inLanguage\":\"es\",\"potentialAction\":[{\"@type\":\"ReadAction\",\"target\":[\"https:\/\/alivio.org\/programs\/\"]}]},{\"@type\":\"ImageObject\",\"inLanguage\":\"es\",\"@id\":\"https:\/\/alivio.org\/programs\/#primaryimage\",\"url\":\"https:\/\/alivio.imgix.net\/ALIVIO-3130.jpg?ixlib=php-3.3.1\",\"contentUrl\":\"https:\/\/alivio.imgix.net\/ALIVIO-3130.jpg?ixlib=php-3.3.1\",\"width\":1920,\"height\":1280},{\"@type\":\"BreadcrumbList\",\"@id\":\"https:\/\/alivio.org\/programs\/#breadcrumb\",\"itemListElement\":[{\"@type\":\"ListItem\",\"position\":1,\"name\":\"Home\",\"item\":\"https:\/\/alivio.org\/\"},{\"@type\":\"ListItem\",\"position\":2,\"name\":\"Programs\"}]},{\"@type\":\"WebSite\",\"@id\":\"https:\/\/alivio.org\/#website\",\"url\":\"https:\/\/alivio.org\/\",\"name\":\"Centro M\u00e9dico Alivio\",\"description\":\"Una Presencia Activa para una Comunidad Fuerte\",\"publisher\":{\"@id\":\"https:\/\/alivio.org\/#organization\"},\"potentialAction\":[{\"@type\":\"SearchAction\",\"target\":{\"@type\":\"EntryPoint\",\"urlTemplate\":\"https:\/\/alivio.org\/?s={search_term_string}\"},\"query-input\":{\"@type\":\"PropertyValueSpecification\",\"valueRequired\":true,\"valueName\":\"search_term_string\"}}],\"inLanguage\":\"es\"},{\"@type\":\"Organization\",\"@id\":\"https:\/\/alivio.org\/#organization\",\"name\":\"Centro M\u00e9dico Alivio\",\"url\":\"https:\/\/alivio.org\/\",\"logo\":{\"@type\":\"ImageObject\",\"inLanguage\":\"es\",\"@id\":\"https:\/\/alivio.org\/#\/schema\/logo\/image\/\",\"url\":\"https:\/\/alivio.imgix.net\/logo_full.png?ixlib=php-3.3.1\",\"contentUrl\":\"https:\/\/alivio.imgix.net\/logo_full.png?ixlib=php-3.3.1\",\"width\":354,\"height\":78,\"caption\":\"Centro M\u00e9dico Alivio\"},\"image\":{\"@id\":\"https:\/\/alivio.org\/#\/schema\/logo\/image\/\"},\"sameAs\":[\"https:\/\/www.facebook.com\/AlivioChicago\/\",\"https:\/\/www.linkedin.com\/company\/alivio-medical-center-inc-\"]}]}<\/script>","yoast_head_json":{"title":"Programas &#8226; Centro M\u00e9dico Alivio","robots":{"index":"index","follow":"follow","max-snippet":"max-snippet:-1","max-image-preview":"max-image-preview:large","max-video-preview":"max-video-preview:-1"},"canonical":"https:\/\/alivio.org\/programs\/","og_locale":"es_ES","og_type":"article","og_title":"Programas &#8226; Centro M\u00e9dico Alivio","og_url":"https:\/\/alivio.org\/programs\/","og_site_name":"Centro M\u00e9dico Alivio","article_publisher":"https:\/\/www.facebook.com\/AlivioChicago\/","article_modified_time":"2024-07-09T16:58:12+00:00","og_image":[{"width":1280,"height":853,"url":"https:\/\/alivio.imgix.net\/ALIVIO-3130.jpg?fit=scale&h=853&ixlib=php-3.3.1&w=1280&wpsize=large","type":"image\/jpeg"}],"twitter_card":"summary_large_image","schema":{"@context":"https:\/\/schema.org","@graph":[{"@type":"WebPage","@id":"https:\/\/alivio.org\/programs\/","url":"https:\/\/alivio.org\/programs\/","name":"Programas &#8226; Centro M\u00e9dico Alivio","isPartOf":{"@id":"https:\/\/alivio.org\/#website"},"primaryImageOfPage":{"@id":"https:\/\/alivio.org\/programs\/#primaryimage"},"image":{"@id":"https:\/\/alivio.org\/programs\/#primaryimage"},"thumbnailUrl":"https:\/\/alivio.imgix.net\/ALIVIO-3130.jpg?ixlib=php-3.3.1","datePublished":"2022-08-22T17:43:17+00:00","dateModified":"2024-07-09T16:58:12+00:00","description":"El compromiso de Alivio con la comunidad se extiende mucho m\u00e1s all\u00e1 de proporcionar atenci\u00f3n m\u00e9dica.","breadcrumb":{"@id":"https:\/\/alivio.org\/programs\/#breadcrumb"},"inLanguage":"es","potentialAction":[{"@type":"ReadAction","target":["https:\/\/alivio.org\/programs\/"]}]},{"@type":"ImageObject","inLanguage":"es","@id":"https:\/\/alivio.org\/programs\/#primaryimage","url":"https:\/\/alivio.imgix.net\/ALIVIO-3130.jpg?ixlib=php-3.3.1","contentUrl":"https:\/\/alivio.imgix.net\/ALIVIO-3130.jpg?ixlib=php-3.3.1","width":1920,"height":1280},{"@type":"BreadcrumbList","@id":"https:\/\/alivio.org\/programs\/#breadcrumb","itemListElement":[{"@type":"ListItem","position":1,"name":"Home","item":"https:\/\/alivio.org\/"},{"@type":"ListItem","position":2,"name":"Programs"}]},{"@type":"WebSite","@id":"https:\/\/alivio.org\/#website","url":"https:\/\/alivio.org\/","name":"Centro M\u00e9dico Alivio","description":"Una Presencia Activa para una Comunidad Fuerte","publisher":{"@id":"https:\/\/alivio.org\/#organization"},"potentialAction":[{"@type":"SearchAction","target":{"@type":"EntryPoint","urlTemplate":"https:\/\/alivio.org\/?s={search_term_string}"},"query-input":{"@type":"PropertyValueSpecification","valueRequired":true,"valueName":"search_term_string"}}],"inLanguage":"es"},{"@type":"Organization","@id":"https:\/\/alivio.org\/#organization","name":"Centro M\u00e9dico Alivio","url":"https:\/\/alivio.org\/","logo":{"@type":"ImageObject","inLanguage":"es","@id":"https:\/\/alivio.org\/#\/schema\/logo\/image\/","url":"https:\/\/alivio.imgix.net\/logo_full.png?ixlib=php-3.3.1","contentUrl":"https:\/\/alivio.imgix.net\/logo_full.png?ixlib=php-3.3.1","width":354,"height":78,"caption":"Centro M\u00e9dico Alivio"},"image":{"@id":"https:\/\/alivio.org\/#\/schema\/logo\/image\/"},"sameAs":["https:\/\/www.facebook.com\/AlivioChicago\/","https:\/\/www.linkedin.com\/company\/alivio-medical-center-inc-"]}]}},"jetpack_sharing_enabled":true,"publishpress_future_workflow_manual_trigger":{"enabledWorkflows":[]},"_links":{"self":[{"href":"https:\/\/alivio.org\/es\/wp-json\/wp\/v2\/pages\/94","targetHints":{"allow":["GET"]}}],"collection":[{"href":"https:\/\/alivio.org\/es\/wp-json\/wp\/v2\/pages"}],"about":[{"href":"https:\/\/alivio.org\/es\/wp-json\/wp\/v2\/types\/page"}],"author":[{"embeddable":true,"href":"https:\/\/alivio.org\/es\/wp-json\/wp\/v2\/users\/1"}],"replies":[{"embeddable":true,"href":"https:\/\/alivio.org\/es\/wp-json\/wp\/v2\/comments?post=94"}],"version-history":[{"count":22,"href":"https:\/\/alivio.org\/es\/wp-json\/wp\/v2\/pages\/94\/revisions"}],"predecessor-version":[{"id":5645,"href":"https:\/\/alivio.org\/es\/wp-json\/wp\/v2\/pages\/94\/revisions\/5645"}],"wp:featuredmedia":[{"embeddable":true,"href":"https:\/\/alivio.org\/es\/wp-json\/wp\/v2\/media\/1686"}],"wp:attachment":[{"href":"https:\/\/alivio.org\/es\/wp-json\/wp\/v2\/media?parent=94"}],"wp:term":[{"taxonomy":"category","embeddable":true,"href":"https:\/\/alivio.org\/es\/wp-json\/wp\/v2\/categories?post=94"}],"curies":[{"name":"wp","href":"https:\/\/api.w.org\/{rel}","templated":true}]}}