{"id":96,"date":"2022-08-22T17:47:04","date_gmt":"2022-08-22T17:47:04","guid":{"rendered":"https:\/\/alivio.dev\/adult-family-medicine\/"},"modified":"2024-11-08T12:14:20","modified_gmt":"2024-11-08T18:14:20","slug":"adult","status":"publish","type":"page","link":"https:\/\/alivio.org\/es\/servicios\/adultos\/","title":{"rendered":"Medicina Familiar y de Adultos"},"content":{"rendered":"\n<h2 class=\"wp-block-heading\">Alivio, Un Hogar M\u00e9dico Centrado en el Paciente <\/h2>\n\n\n\n<p>Nuestro objetivo es crear un hogar m\u00e9dico centrado en el paciente para todas las personas a las que servimos. Alivio ofrece atenci\u00f3n primaria y especializada, con un equipo de m\u00e9dicos biling\u00fces dedicados. Nuestros m\u00e9dicos de medicina interna se especializan en la prevenci\u00f3n, el diagn\u00f3stico y el tratamiento de enfermedades de adultos, mientras que nuestros m\u00e9dicos de medicina familiar brindan atenci\u00f3n m\u00e9dica integral para individuos y familias.<\/p>\n\n\n\n<h3 class=\"wp-block-heading\">Nuestros servicios para adultos y familias incluyen:<\/h3>\n\n\n\n<ul class=\"wp-block-list array\">\n<li><a href=\"\/es\/services\/ob\"><strong>Pruebas<\/strong> de <strong>embarazo<\/strong> gratis<\/a><\/li>\n\n\n\n<li>Pruebas de <strong>c\u00e1ncer<\/strong> de <strong>c\u00e9rvix<\/strong> (Papanicolaou)<\/li>\n\n\n\n<li>Ex\u00e1menes <strong>f\u00edsicos anuales<\/strong><\/li>\n\n\n\n<li>Manejo de <strong>enfermedades Cr\u00f3nicas<\/strong>: Diabetes, Hipertensi\u00f3n, Pruebas de Colesterol<\/li>\n\n\n\n<li>Ex\u00e1menes y tratamiento de <strong>Enfermedades<\/strong> de <strong>Transmisi\u00f3n Sexual<\/strong><\/li>\n\n\n\n<li><strong>Vacunas<\/strong><\/li>\n\n\n\n<li><strong>Evaluaci\u00f3n<\/strong> de <strong>bienestar<\/strong> de toda la persona<\/li>\n<\/ul>\n","protected":false},"excerpt":{"rendered":"<p>El objetivo de Alivio es proporcionar un hogar m\u00e9dico centrado en el paciente a todos nuestros pacientes.<\/p>\n","protected":false},"author":1,"featured_media":1663,"parent":90,"menu_order":0,"comment_status":"closed","ping_status":"closed","template":"","meta":{"_relevanssi_hide_post":"","_relevanssi_hide_content":"","_relevanssi_pin_for_all":"","_relevanssi_pin_keywords":"","_relevanssi_unpin_keywords":"","_relevanssi_related_keywords":"","_relevanssi_related_include_ids":"","_relevanssi_related_exclude_ids":"","_relevanssi_related_no_append":"","_relevanssi_related_not_related":"","_relevanssi_related_posts":"669,672,651,654,688,635","_relevanssi_noindex_reason":"","footnotes":""},"categories":[35,34],"class_list":["post-96","page","type-page","status-publish","has-post-thumbnail","hentry","category-adults","category-family"],"translation":{"provider":"WPGlobus","version":"3.0.2","language":"es","enabled_languages":["en","es","zh"],"languages":{"en":{"title":true,"content":true,"excerpt":true},"es":{"title":true,"content":true,"excerpt":true},"zh":{"title":true,"content":true,"excerpt":false}}},"acf":[],"yoast_head":"<title>Medicina Familiar y de Adultos &#8226; Centro M\u00e9dico Alivio<\/title>\n<meta name=\"robots\" content=\"index, follow, max-snippet:-1, max-image-preview:large, max-video-preview:-1\" \/>\n<link rel=\"canonical\" href=\"https:\/\/alivio.org\/services\/adult\/\" \/>\n<meta property=\"og:locale\" content=\"es_ES\" \/>\n<meta property=\"og:type\" content=\"article\" \/>\n<meta property=\"og:title\" content=\"Medicina Familiar y de Adultos &#8226; Centro M\u00e9dico Alivio\" \/>\n<meta property=\"og:url\" content=\"https:\/\/alivio.org\/services\/adult\/\" \/>\n<meta property=\"og:site_name\" content=\"Centro M\u00e9dico Alivio\" \/>\n<meta property=\"article:publisher\" content=\"https:\/\/www.facebook.com\/AlivioChicago\/\" \/>\n<meta property=\"article:modified_time\" content=\"2024-11-08T18:14:20+00:00\" \/>\n<meta property=\"og:image\" content=\"https:\/\/alivio.imgix.net\/ALIVIO-3179.jpg?ixlib=php-3.3.1\" \/>\n\t<meta property=\"og:image:width\" content=\"1920\" \/>\n\t<meta property=\"og:image:height\" content=\"1280\" \/>\n\t<meta property=\"og:image:type\" content=\"image\/jpeg\" \/>\n<meta name=\"twitter:card\" content=\"summary_large_image\" \/>\n<script type=\"application\/ld+json\" class=\"yoast-schema-graph\">{\"@context\":\"https:\/\/schema.org\",\"@graph\":[{\"@type\":\"WebPage\",\"@id\":\"https:\/\/alivio.org\/services\/adult\/\",\"url\":\"https:\/\/alivio.org\/services\/adult\/\",\"name\":\"Medicina Familiar y de Adultos &#8226; Centro M\u00e9dico Alivio\",\"isPartOf\":{\"@id\":\"https:\/\/alivio.org\/#website\"},\"primaryImageOfPage\":{\"@id\":\"https:\/\/alivio.org\/services\/adult\/#primaryimage\"},\"image\":{\"@id\":\"https:\/\/alivio.org\/services\/adult\/#primaryimage\"},\"thumbnailUrl\":\"https:\/\/alivio.imgix.net\/ALIVIO-3179.jpg?ixlib=php-3.3.1\",\"datePublished\":\"2022-08-22T17:47:04+00:00\",\"dateModified\":\"2024-11-08T18:14:20+00:00\",\"description\":\"El objetivo de Alivio es proporcionar un hogar m\u00e9dico centrado en el paciente a todos nuestros pacientes.\",\"breadcrumb\":{\"@id\":\"https:\/\/alivio.org\/services\/adult\/#breadcrumb\"},\"inLanguage\":\"es\",\"potentialAction\":[{\"@type\":\"ReadAction\",\"target\":[\"https:\/\/alivio.org\/services\/adult\/\"]}]},{\"@type\":\"ImageObject\",\"inLanguage\":\"es\",\"@id\":\"https:\/\/alivio.org\/services\/adult\/#primaryimage\",\"url\":\"https:\/\/alivio.imgix.net\/ALIVIO-3179.jpg?ixlib=php-3.3.1\",\"contentUrl\":\"https:\/\/alivio.imgix.net\/ALIVIO-3179.jpg?ixlib=php-3.3.1\",\"width\":1920,\"height\":1280},{\"@type\":\"BreadcrumbList\",\"@id\":\"https:\/\/alivio.org\/services\/adult\/#breadcrumb\",\"itemListElement\":[{\"@type\":\"ListItem\",\"position\":1,\"name\":\"Home\",\"item\":\"https:\/\/alivio.org\/\"},{\"@type\":\"ListItem\",\"position\":2,\"name\":\"Services\",\"item\":\"https:\/\/alivio.org\/services\/\"},{\"@type\":\"ListItem\",\"position\":3,\"name\":\"Adult &amp; Family Medicine\"}]},{\"@type\":\"WebSite\",\"@id\":\"https:\/\/alivio.org\/#website\",\"url\":\"https:\/\/alivio.org\/\",\"name\":\"Centro M\u00e9dico Alivio\",\"description\":\"Una Presencia Activa para una Comunidad Fuerte\",\"publisher\":{\"@id\":\"https:\/\/alivio.org\/#organization\"},\"potentialAction\":[{\"@type\":\"SearchAction\",\"target\":{\"@type\":\"EntryPoint\",\"urlTemplate\":\"https:\/\/alivio.org\/?s={search_term_string}\"},\"query-input\":{\"@type\":\"PropertyValueSpecification\",\"valueRequired\":true,\"valueName\":\"search_term_string\"}}],\"inLanguage\":\"es\"},{\"@type\":\"Organization\",\"@id\":\"https:\/\/alivio.org\/#organization\",\"name\":\"Centro M\u00e9dico Alivio\",\"url\":\"https:\/\/alivio.org\/\",\"logo\":{\"@type\":\"ImageObject\",\"inLanguage\":\"es\",\"@id\":\"https:\/\/alivio.org\/#\/schema\/logo\/image\/\",\"url\":\"https:\/\/alivio.imgix.net\/logo_full.png?ixlib=php-3.3.1\",\"contentUrl\":\"https:\/\/alivio.imgix.net\/logo_full.png?ixlib=php-3.3.1\",\"width\":354,\"height\":78,\"caption\":\"Centro M\u00e9dico Alivio\"},\"image\":{\"@id\":\"https:\/\/alivio.org\/#\/schema\/logo\/image\/\"},\"sameAs\":[\"https:\/\/www.facebook.com\/AlivioChicago\/\",\"https:\/\/www.linkedin.com\/company\/alivio-medical-center-inc-\"]}]}<\/script>","yoast_head_json":{"title":"Medicina Familiar y de Adultos &#8226; Centro M\u00e9dico Alivio","robots":{"index":"index","follow":"follow","max-snippet":"max-snippet:-1","max-image-preview":"max-image-preview:large","max-video-preview":"max-video-preview:-1"},"canonical":"https:\/\/alivio.org\/services\/adult\/","og_locale":"es_ES","og_type":"article","og_title":"Medicina Familiar y de Adultos &#8226; Centro M\u00e9dico Alivio","og_url":"https:\/\/alivio.org\/services\/adult\/","og_site_name":"Centro M\u00e9dico Alivio","article_publisher":"https:\/\/www.facebook.com\/AlivioChicago\/","article_modified_time":"2024-11-08T18:14:20+00:00","og_image":[{"width":1920,"height":1280,"url":"https:\/\/alivio.imgix.net\/ALIVIO-3179.jpg?ixlib=php-3.3.1","type":"image\/jpeg"}],"twitter_card":"summary_large_image","schema":{"@context":"https:\/\/schema.org","@graph":[{"@type":"WebPage","@id":"https:\/\/alivio.org\/services\/adult\/","url":"https:\/\/alivio.org\/services\/adult\/","name":"Medicina Familiar y de Adultos &#8226; Centro M\u00e9dico Alivio","isPartOf":{"@id":"https:\/\/alivio.org\/#website"},"primaryImageOfPage":{"@id":"https:\/\/alivio.org\/services\/adult\/#primaryimage"},"image":{"@id":"https:\/\/alivio.org\/services\/adult\/#primaryimage"},"thumbnailUrl":"https:\/\/alivio.imgix.net\/ALIVIO-3179.jpg?ixlib=php-3.3.1","datePublished":"2022-08-22T17:47:04+00:00","dateModified":"2024-11-08T18:14:20+00:00","description":"El objetivo de Alivio es proporcionar un hogar m\u00e9dico centrado en el paciente a todos nuestros pacientes.","breadcrumb":{"@id":"https:\/\/alivio.org\/services\/adult\/#breadcrumb"},"inLanguage":"es","potentialAction":[{"@type":"ReadAction","target":["https:\/\/alivio.org\/services\/adult\/"]}]},{"@type":"ImageObject","inLanguage":"es","@id":"https:\/\/alivio.org\/services\/adult\/#primaryimage","url":"https:\/\/alivio.imgix.net\/ALIVIO-3179.jpg?ixlib=php-3.3.1","contentUrl":"https:\/\/alivio.imgix.net\/ALIVIO-3179.jpg?ixlib=php-3.3.1","width":1920,"height":1280},{"@type":"BreadcrumbList","@id":"https:\/\/alivio.org\/services\/adult\/#breadcrumb","itemListElement":[{"@type":"ListItem","position":1,"name":"Home","item":"https:\/\/alivio.org\/"},{"@type":"ListItem","position":2,"name":"Services","item":"https:\/\/alivio.org\/services\/"},{"@type":"ListItem","position":3,"name":"Adult &amp; Family Medicine"}]},{"@type":"WebSite","@id":"https:\/\/alivio.org\/#website","url":"https:\/\/alivio.org\/","name":"Centro M\u00e9dico Alivio","description":"Una Presencia Activa para una Comunidad Fuerte","publisher":{"@id":"https:\/\/alivio.org\/#organization"},"potentialAction":[{"@type":"SearchAction","target":{"@type":"EntryPoint","urlTemplate":"https:\/\/alivio.org\/?s={search_term_string}"},"query-input":{"@type":"PropertyValueSpecification","valueRequired":true,"valueName":"search_term_string"}}],"inLanguage":"es"},{"@type":"Organization","@id":"https:\/\/alivio.org\/#organization","name":"Centro M\u00e9dico Alivio","url":"https:\/\/alivio.org\/","logo":{"@type":"ImageObject","inLanguage":"es","@id":"https:\/\/alivio.org\/#\/schema\/logo\/image\/","url":"https:\/\/alivio.imgix.net\/logo_full.png?ixlib=php-3.3.1","contentUrl":"https:\/\/alivio.imgix.net\/logo_full.png?ixlib=php-3.3.1","width":354,"height":78,"caption":"Centro M\u00e9dico Alivio"},"image":{"@id":"https:\/\/alivio.org\/#\/schema\/logo\/image\/"},"sameAs":["https:\/\/www.facebook.com\/AlivioChicago\/","https:\/\/www.linkedin.com\/company\/alivio-medical-center-inc-"]}]}},"jetpack_sharing_enabled":true,"publishpress_future_workflow_manual_trigger":{"enabledWorkflows":[]},"_links":{"self":[{"href":"https:\/\/alivio.org\/es\/wp-json\/wp\/v2\/pages\/96","targetHints":{"allow":["GET"]}}],"collection":[{"href":"https:\/\/alivio.org\/es\/wp-json\/wp\/v2\/pages"}],"about":[{"href":"https:\/\/alivio.org\/es\/wp-json\/wp\/v2\/types\/page"}],"author":[{"embeddable":true,"href":"https:\/\/alivio.org\/es\/wp-json\/wp\/v2\/users\/1"}],"replies":[{"embeddable":true,"href":"https:\/\/alivio.org\/es\/wp-json\/wp\/v2\/comments?post=96"}],"version-history":[{"count":37,"href":"https:\/\/alivio.org\/es\/wp-json\/wp\/v2\/pages\/96\/revisions"}],"predecessor-version":[{"id":6036,"href":"https:\/\/alivio.org\/es\/wp-json\/wp\/v2\/pages\/96\/revisions\/6036"}],"up":[{"embeddable":true,"href":"https:\/\/alivio.org\/es\/wp-json\/wp\/v2\/pages\/90"}],"wp:featuredmedia":[{"embeddable":true,"href":"https:\/\/alivio.org\/es\/wp-json\/wp\/v2\/media\/1663"}],"wp:attachment":[{"href":"https:\/\/alivio.org\/es\/wp-json\/wp\/v2\/media?parent=96"}],"wp:term":[{"taxonomy":"category","embeddable":true,"href":"https:\/\/alivio.org\/es\/wp-json\/wp\/v2\/categories?post=96"}],"curies":[{"name":"wp","href":"https:\/\/api.w.org\/{rel}","templated":true}]}}