{"id":98,"date":"2022-08-22T17:47:04","date_gmt":"2022-08-22T17:47:04","guid":{"rendered":"https:\/\/alivio.dev\/behavioral-mental-health\/"},"modified":"2024-07-09T16:13:52","modified_gmt":"2024-07-09T21:13:52","slug":"mental","status":"publish","type":"page","link":"https:\/\/alivio.org\/es\/servicios\/mental\/","title":{"rendered":"Psiquiatr\u00eda Y Salud Emocional Y Mental"},"content":{"rendered":"\n<h2 class=\"wp-block-heading\">Sanar La Mente Y El Cuerpo<\/h2>\n\n\n\n<p>Los servicios de asesoramiento est\u00e1n disponibles para ni\u00f1os, adolescentes, adultos, parejas y familias con problemas como depresi\u00f3n, ansiedad, violencia dom\u00e9stica, problemas de aprendizaje, problemas de conducta, comportamiento agresivo y muchas otras dificultades emocionales y de comportamiento.<\/p>\n\n\n\n<p>Nuestro equipo de especialistas en psiquiatr\u00eda utiliza atenci\u00f3n integral para tratar trastornos psiqui\u00e1tricos importantes y promover el bienestar mental y puede recetar medicamentos para ayudar a controlar los trastornos y afecciones como parte de la terapia.<\/p>\n\n\n\n<p>Las derivaciones a los equipos de psiquiatr\u00eda y salud conductual las realiza el proveedor de atenci\u00f3n primaria del paciente. Los pacientes tambi\u00e9n pueden solicitar una evaluaci\u00f3n\/valoraci\u00f3n.<\/p>\n\n\n\n<p>Las citas est\u00e1n disponibles tanto en persona como a trav\u00e9s de telesalud.<\/p>\n\n\n\n<h3 class=\"wp-block-heading\">Nuestros Servicios De Salud Mental Y Emocional Incluyen:<\/h3>\n\n\n\n<ul class=\"array wp-block-list\">\n<li><strong>Asesoramiento\/terapia individual <\/strong>para ni\u00f1os, adolescentes, adultos y personas mayores.<\/li>\n\n\n\n<li><strong>Consejer\u00eda\/terapia <\/strong>familiar<\/li>\n\n\n\n<li><strong>Consejer\u00eda de <\/strong>parejas<\/li>\n\n\n\n<li><strong>Consejer\u00eda <\/strong>de grupos escolares.<\/li>\n\n\n\n<li><strong>Terapia de grupo<\/strong> (los temas y la disponibilidad var\u00edan)<\/li>\n\n\n\n<li><strong>Talleres de comunicaci\u00f3n para padres <\/strong>(el horario var\u00eda)<\/li>\n\n\n\n<li>Consejer\u00edasobre <strong>violencia dom\u00e9stica<\/strong><\/li>\n<\/ul>\n\n\n\n<p>Los servicios de psiquiatr\u00eda continuos pueden incluir un plan de tratamiento con administraci\u00f3n de medicamentos para las siguientes condiciones de salud:<\/p>\n\n\n\n<ul class=\"array wp-block-list\">\n<li><strong>Ansiedad<\/strong><\/li>\n\n\n\n<li>Trastorno <strong>bipolar<\/strong><\/li>\n\n\n\n<li><strong>Depresi\u00f3n<\/strong><\/li>\n\n\n\n<li>Trastorno de <strong>Ansiedad Generalizada<\/strong> (GAD)<\/li>\n\n\n\n<li>Trastorno <strong>Obsesivo Compulsivo<\/strong> (OCD)<\/li>\n\n\n\n<li>Ataques de <strong>p\u00e1nico<\/strong> (trastorno de p\u00e1nico)<\/li>\n\n\n\n<li>Trastorno de <strong>estr\u00e9s postraum\u00e1tico<\/strong> (PTSD)<\/li>\n\n\n\n<li>Depresi\u00f3n <strong>posparto<\/strong><\/li>\n\n\n\n<li>Trastorno de <strong>Ansiedad Social<\/strong><\/li>\n<\/ul>\n","protected":false},"excerpt":{"rendered":"<p>Contamos con personal compasivo, experimentado y capacitado profesionalmente que se enfoca en satisfacer las necesidades de los pacientes.<\/p>\n","protected":false},"author":1,"featured_media":1370,"parent":90,"menu_order":4,"comment_status":"closed","ping_status":"closed","template":"","meta":{"_relevanssi_hide_post":"","_relevanssi_hide_content":"","_relevanssi_pin_for_all":"","_relevanssi_pin_keywords":"","_relevanssi_unpin_keywords":"","_relevanssi_related_keywords":"","_relevanssi_related_include_ids":"","_relevanssi_related_exclude_ids":"","_relevanssi_related_no_append":"","_relevanssi_related_not_related":"","_relevanssi_related_posts":"672,684,696,628,651,669","_relevanssi_noindex_reason":"","footnotes":""},"categories":[41],"class_list":["post-98","page","type-page","status-publish","has-post-thumbnail","hentry","category-behavioral"],"translation":{"provider":"WPGlobus","version":"3.0.2","language":"es","enabled_languages":["en","es","zh"],"languages":{"en":{"title":true,"content":true,"excerpt":true},"es":{"title":true,"content":true,"excerpt":true},"zh":{"title":true,"content":true,"excerpt":false}}},"acf":[],"yoast_head":"<title>Psiquiatr\u00eda Y Salud Emocional Y Mental &#8226; Centro M\u00e9dico Alivio<\/title>\n<meta name=\"robots\" content=\"index, follow, max-snippet:-1, max-image-preview:large, max-video-preview:-1\" \/>\n<link rel=\"canonical\" href=\"https:\/\/alivio.org\/services\/mental\/\" \/>\n<meta property=\"og:locale\" content=\"es_ES\" \/>\n<meta property=\"og:type\" content=\"article\" \/>\n<meta property=\"og:title\" content=\"Psiquiatr\u00eda Y Salud Emocional Y Mental &#8226; Centro M\u00e9dico Alivio\" \/>\n<meta property=\"og:url\" content=\"https:\/\/alivio.org\/services\/mental\/\" \/>\n<meta property=\"og:site_name\" content=\"Centro M\u00e9dico Alivio\" \/>\n<meta property=\"article:publisher\" content=\"https:\/\/www.facebook.com\/AlivioChicago\/\" \/>\n<meta property=\"article:modified_time\" content=\"2024-07-09T21:13:52+00:00\" \/>\n<meta property=\"og:image\" content=\"https:\/\/alivio.imgix.net\/alivio_6615.jpg?ixlib=php-3.3.1\" \/>\n\t<meta property=\"og:image:width\" content=\"1920\" \/>\n\t<meta property=\"og:image:height\" content=\"1280\" \/>\n\t<meta property=\"og:image:type\" content=\"image\/jpeg\" \/>\n<meta name=\"twitter:card\" content=\"summary_large_image\" \/>\n<script type=\"application\/ld+json\" class=\"yoast-schema-graph\">{\"@context\":\"https:\/\/schema.org\",\"@graph\":[{\"@type\":\"WebPage\",\"@id\":\"https:\/\/alivio.org\/services\/mental\/\",\"url\":\"https:\/\/alivio.org\/services\/mental\/\",\"name\":\"Psiquiatr\u00eda Y Salud Emocional Y Mental &#8226; Centro M\u00e9dico Alivio\",\"isPartOf\":{\"@id\":\"https:\/\/alivio.org\/#website\"},\"primaryImageOfPage\":{\"@id\":\"https:\/\/alivio.org\/services\/mental\/#primaryimage\"},\"image\":{\"@id\":\"https:\/\/alivio.org\/services\/mental\/#primaryimage\"},\"thumbnailUrl\":\"https:\/\/alivio.imgix.net\/alivio_6615.jpg?ixlib=php-3.3.1\",\"datePublished\":\"2022-08-22T17:47:04+00:00\",\"dateModified\":\"2024-07-09T21:13:52+00:00\",\"description\":\"Contamos con personal compasivo, experimentado y capacitado profesionalmente que se enfoca en satisfacer las necesidades de los pacientes.\",\"breadcrumb\":{\"@id\":\"https:\/\/alivio.org\/services\/mental\/#breadcrumb\"},\"inLanguage\":\"es\",\"potentialAction\":[{\"@type\":\"ReadAction\",\"target\":[\"https:\/\/alivio.org\/services\/mental\/\"]}]},{\"@type\":\"ImageObject\",\"inLanguage\":\"es\",\"@id\":\"https:\/\/alivio.org\/services\/mental\/#primaryimage\",\"url\":\"https:\/\/alivio.imgix.net\/alivio_6615.jpg?ixlib=php-3.3.1\",\"contentUrl\":\"https:\/\/alivio.imgix.net\/alivio_6615.jpg?ixlib=php-3.3.1\",\"width\":1920,\"height\":1280},{\"@type\":\"BreadcrumbList\",\"@id\":\"https:\/\/alivio.org\/services\/mental\/#breadcrumb\",\"itemListElement\":[{\"@type\":\"ListItem\",\"position\":1,\"name\":\"Home\",\"item\":\"https:\/\/alivio.org\/\"},{\"@type\":\"ListItem\",\"position\":2,\"name\":\"Services\",\"item\":\"https:\/\/alivio.org\/services\/\"},{\"@type\":\"ListItem\",\"position\":3,\"name\":\"Behavioral &#038; Mental Health\"}]},{\"@type\":\"WebSite\",\"@id\":\"https:\/\/alivio.org\/#website\",\"url\":\"https:\/\/alivio.org\/\",\"name\":\"Centro M\u00e9dico Alivio\",\"description\":\"Una Presencia Activa para una Comunidad Fuerte\",\"publisher\":{\"@id\":\"https:\/\/alivio.org\/#organization\"},\"potentialAction\":[{\"@type\":\"SearchAction\",\"target\":{\"@type\":\"EntryPoint\",\"urlTemplate\":\"https:\/\/alivio.org\/?s={search_term_string}\"},\"query-input\":{\"@type\":\"PropertyValueSpecification\",\"valueRequired\":true,\"valueName\":\"search_term_string\"}}],\"inLanguage\":\"es\"},{\"@type\":\"Organization\",\"@id\":\"https:\/\/alivio.org\/#organization\",\"name\":\"Centro M\u00e9dico Alivio\",\"url\":\"https:\/\/alivio.org\/\",\"logo\":{\"@type\":\"ImageObject\",\"inLanguage\":\"es\",\"@id\":\"https:\/\/alivio.org\/#\/schema\/logo\/image\/\",\"url\":\"https:\/\/alivio.imgix.net\/logo_full.png?ixlib=php-3.3.1\",\"contentUrl\":\"https:\/\/alivio.imgix.net\/logo_full.png?ixlib=php-3.3.1\",\"width\":354,\"height\":78,\"caption\":\"Centro M\u00e9dico Alivio\"},\"image\":{\"@id\":\"https:\/\/alivio.org\/#\/schema\/logo\/image\/\"},\"sameAs\":[\"https:\/\/www.facebook.com\/AlivioChicago\/\",\"https:\/\/www.linkedin.com\/company\/alivio-medical-center-inc-\"]}]}<\/script>","yoast_head_json":{"title":"Psiquiatr\u00eda Y Salud Emocional Y Mental &#8226; Centro M\u00e9dico Alivio","robots":{"index":"index","follow":"follow","max-snippet":"max-snippet:-1","max-image-preview":"max-image-preview:large","max-video-preview":"max-video-preview:-1"},"canonical":"https:\/\/alivio.org\/services\/mental\/","og_locale":"es_ES","og_type":"article","og_title":"Psiquiatr\u00eda Y Salud Emocional Y Mental &#8226; Centro M\u00e9dico Alivio","og_url":"https:\/\/alivio.org\/services\/mental\/","og_site_name":"Centro M\u00e9dico Alivio","article_publisher":"https:\/\/www.facebook.com\/AlivioChicago\/","article_modified_time":"2024-07-09T21:13:52+00:00","og_image":[{"width":1920,"height":1280,"url":"https:\/\/alivio.imgix.net\/alivio_6615.jpg?ixlib=php-3.3.1","type":"image\/jpeg"}],"twitter_card":"summary_large_image","schema":{"@context":"https:\/\/schema.org","@graph":[{"@type":"WebPage","@id":"https:\/\/alivio.org\/services\/mental\/","url":"https:\/\/alivio.org\/services\/mental\/","name":"Psiquiatr\u00eda Y Salud Emocional Y Mental &#8226; Centro M\u00e9dico Alivio","isPartOf":{"@id":"https:\/\/alivio.org\/#website"},"primaryImageOfPage":{"@id":"https:\/\/alivio.org\/services\/mental\/#primaryimage"},"image":{"@id":"https:\/\/alivio.org\/services\/mental\/#primaryimage"},"thumbnailUrl":"https:\/\/alivio.imgix.net\/alivio_6615.jpg?ixlib=php-3.3.1","datePublished":"2022-08-22T17:47:04+00:00","dateModified":"2024-07-09T21:13:52+00:00","description":"Contamos con personal compasivo, experimentado y capacitado profesionalmente que se enfoca en satisfacer las necesidades de los pacientes.","breadcrumb":{"@id":"https:\/\/alivio.org\/services\/mental\/#breadcrumb"},"inLanguage":"es","potentialAction":[{"@type":"ReadAction","target":["https:\/\/alivio.org\/services\/mental\/"]}]},{"@type":"ImageObject","inLanguage":"es","@id":"https:\/\/alivio.org\/services\/mental\/#primaryimage","url":"https:\/\/alivio.imgix.net\/alivio_6615.jpg?ixlib=php-3.3.1","contentUrl":"https:\/\/alivio.imgix.net\/alivio_6615.jpg?ixlib=php-3.3.1","width":1920,"height":1280},{"@type":"BreadcrumbList","@id":"https:\/\/alivio.org\/services\/mental\/#breadcrumb","itemListElement":[{"@type":"ListItem","position":1,"name":"Home","item":"https:\/\/alivio.org\/"},{"@type":"ListItem","position":2,"name":"Services","item":"https:\/\/alivio.org\/services\/"},{"@type":"ListItem","position":3,"name":"Behavioral &#038; Mental Health"}]},{"@type":"WebSite","@id":"https:\/\/alivio.org\/#website","url":"https:\/\/alivio.org\/","name":"Centro M\u00e9dico Alivio","description":"Una Presencia Activa para una Comunidad Fuerte","publisher":{"@id":"https:\/\/alivio.org\/#organization"},"potentialAction":[{"@type":"SearchAction","target":{"@type":"EntryPoint","urlTemplate":"https:\/\/alivio.org\/?s={search_term_string}"},"query-input":{"@type":"PropertyValueSpecification","valueRequired":true,"valueName":"search_term_string"}}],"inLanguage":"es"},{"@type":"Organization","@id":"https:\/\/alivio.org\/#organization","name":"Centro M\u00e9dico Alivio","url":"https:\/\/alivio.org\/","logo":{"@type":"ImageObject","inLanguage":"es","@id":"https:\/\/alivio.org\/#\/schema\/logo\/image\/","url":"https:\/\/alivio.imgix.net\/logo_full.png?ixlib=php-3.3.1","contentUrl":"https:\/\/alivio.imgix.net\/logo_full.png?ixlib=php-3.3.1","width":354,"height":78,"caption":"Centro M\u00e9dico Alivio"},"image":{"@id":"https:\/\/alivio.org\/#\/schema\/logo\/image\/"},"sameAs":["https:\/\/www.facebook.com\/AlivioChicago\/","https:\/\/www.linkedin.com\/company\/alivio-medical-center-inc-"]}]}},"jetpack_sharing_enabled":true,"publishpress_future_workflow_manual_trigger":{"enabledWorkflows":[]},"_links":{"self":[{"href":"https:\/\/alivio.org\/es\/wp-json\/wp\/v2\/pages\/98","targetHints":{"allow":["GET"]}}],"collection":[{"href":"https:\/\/alivio.org\/es\/wp-json\/wp\/v2\/pages"}],"about":[{"href":"https:\/\/alivio.org\/es\/wp-json\/wp\/v2\/types\/page"}],"author":[{"embeddable":true,"href":"https:\/\/alivio.org\/es\/wp-json\/wp\/v2\/users\/1"}],"replies":[{"embeddable":true,"href":"https:\/\/alivio.org\/es\/wp-json\/wp\/v2\/comments?post=98"}],"version-history":[{"count":29,"href":"https:\/\/alivio.org\/es\/wp-json\/wp\/v2\/pages\/98\/revisions"}],"predecessor-version":[{"id":5661,"href":"https:\/\/alivio.org\/es\/wp-json\/wp\/v2\/pages\/98\/revisions\/5661"}],"up":[{"embeddable":true,"href":"https:\/\/alivio.org\/es\/wp-json\/wp\/v2\/pages\/90"}],"wp:featuredmedia":[{"embeddable":true,"href":"https:\/\/alivio.org\/es\/wp-json\/wp\/v2\/media\/1370"}],"wp:attachment":[{"href":"https:\/\/alivio.org\/es\/wp-json\/wp\/v2\/media?parent=98"}],"wp:term":[{"taxonomy":"category","embeddable":true,"href":"https:\/\/alivio.org\/es\/wp-json\/wp\/v2\/categories?post=98"}],"curies":[{"name":"wp","href":"https:\/\/api.w.org\/{rel}","templated":true}]}}